{"id":13093,"date":"2021-01-04T06:37:40","date_gmt":"2021-01-04T06:37:40","guid":{"rendered":"http:\/\/bekleidungscenter.com\/?product=damen-unterwaesche-maedchen-panty-slip"},"modified":"2023-04-10T22:51:55","modified_gmt":"2023-04-10T22:51:55","slug":"damen-unterwaesche-maedchen-panty-slip","status":"publish","type":"product","link":"https:\/\/bekleidungscenter.com\/?product=damen-unterwaesche-maedchen-panty-slip","title":{"rendered":"Damen Unterw\u00e4sche, M\u00e4dchen, Panty, Slip"},"content":{"rendered":"<p><!-- show up to 2 reviews by default --> <\/p>\n<p>Diese Shorts von fringoo haben ein Raum Over Print. Der Slip einen angenehmen weichen Griff, ideal f\u00fcr praktische, den Routine. Elastischer Staatenbund mit gef\u00fctterter Zwickel. Short briefs sind niedrig, jetzt geschnittenen Beinen bietet hohem Staatenbund. Eine lustige und spielerische Flair, um Ihre t\u00e4glichen Essentials mit diesen bedruckten Shorts. <\/p>\n<p>Eine lustige und spielerische Vibe auf Ihre t\u00e4glichen Essentials mit diesen bedruckten Shorts.<br \/>\nUniversit\u00e4t Strick-Jersey mit 5% Elasthan f\u00fcr eine gute Erholung<br \/>\nVerschluss: Elastischer Staatenbund<br \/>\n70% Baumwolle, 30% Elasthan<br \/>\nAbgemergelt im Gegensatz dazu trotzdem l\u00e4ssige Passform, perfekt f\u00fcr jeden Tag<br \/>\nShorts Slips haben einen niedrigen, jetzt geschnittenen Beinen bietet gro\u00dfartige hinab Deckung.<br \/>\nElastic Staatenbund mit geb\u00fcrsteter Innenseite<br \/>\n<div class=\"main-cross-sell\" data-asin=\"B018KT0IVI\">\n\n\t<div class=\"WooZone-cross-sell-loader\">\n\t\t<div>\n\t\t\t<div id=\"floatingBarsG\">\n\t\t\t\t<div class=\"blockG\" id=\"rotateG_01\"><\/div>\n\t\t\t\t<div class=\"blockG\" id=\"rotateG_02\"><\/div>\n\t\t\t\t<div class=\"blockG\" id=\"rotateG_03\"><\/div>\n\t\t\t\t<div class=\"blockG\" id=\"rotateG_04\"><\/div>\n\t\t\t\t<div class=\"blockG\" id=\"rotateG_05\"><\/div>\n\t\t\t\t<div class=\"blockG\" id=\"rotateG_06\"><\/div>\n\t\t\t\t<div class=\"blockG\" id=\"rotateG_07\"><\/div>\n\t\t\t\t<div class=\"blockG\" id=\"rotateG_08\"><\/div>\n\t\t\t<\/div>\n\t\t\t<div class=\"WooZone-cross-sell-loader-text\"><\/div>\n\t\t<\/div>\n\t<\/div>\n\n\t\t\n<\/div>\n<div style=\"clear:both;\"><\/div><\/p>\n","protected":false},"excerpt":{"rendered":"<p>Eine lustige und spielerische Vibe auf Ihre t\u00e4glichen Essentials mit diesen bedruckten Shorts.<br \/>\nUni Strick-Jersey mit 5% Elasthan f\u00fcr eine gute Erholung<br \/>\nVerschluss: Elastischer Bund<\/p>\n","protected":false},"featured_media":13095,"comment_status":"open","ping_status":"closed","template":"","meta":[],"product_cat":[1084,132],"product_tag":[],"yoast_head":"<!-- This site is optimized with the Yoast SEO plugin v20.6 - https:\/\/yoast.com\/wordpress\/plugins\/seo\/ -->\n<title>Damen Unterw\u00e4sche, M\u00e4dchen, Panty, Slip - FamilienMode<\/title>\n<meta name=\"robots\" content=\"index, follow, max-snippet:-1, max-image-preview:large, max-video-preview:-1\" \/>\n<link rel=\"canonical\" href=\"https:\/\/bekleidungscenter.com\/?product=damen-unterwaesche-maedchen-panty-slip\" \/>\n<meta property=\"og:locale\" content=\"de_DE\" \/>\n<meta property=\"og:type\" content=\"article\" \/>\n<meta property=\"og:title\" content=\"Damen Unterw\u00e4sche, M\u00e4dchen, Panty, Slip - FamilienMode\" \/>\n<meta property=\"og:description\" content=\"Eine lustige und spielerische Vibe auf Ihre t\u00e4glichen Essentials mit diesen bedruckten Shorts. Uni Strick-Jersey mit 5% Elasthan f\u00fcr eine gute Erholung Verschluss: Elastischer Bund\" \/>\n<meta property=\"og:url\" content=\"https:\/\/bekleidungscenter.com\/?product=damen-unterwaesche-maedchen-panty-slip\" \/>\n<meta property=\"og:site_name\" content=\"FamilienMode\" \/>\n<meta property=\"article:modified_time\" content=\"2023-04-10T22:51:55+00:00\" \/>\n<meta property=\"og:image\" content=\"https:\/\/images-na.ssl-images-amazon.com\/images\/I\/41NPao9W3bL.jpg\" \/>\n\t<meta property=\"og:image:width\" content=\"500\" \/>\n\t<meta property=\"og:image:height\" content=\"500\" \/>\n\t<meta property=\"og:image:type\" content=\"image\/jpeg\" \/>\n<meta name=\"twitter:card\" content=\"summary_large_image\" \/>\n<meta name=\"twitter:label1\" content=\"Gesch\u00e4tzte Lesezeit\" \/>\n\t<meta name=\"twitter:data1\" content=\"1\u00a0Minute\" \/>\n<script type=\"application\/ld+json\" class=\"yoast-schema-graph\">{\"@context\":\"https:\/\/schema.org\",\"@graph\":[{\"@type\":\"WebPage\",\"@id\":\"https:\/\/bekleidungscenter.com\/?product=damen-unterwaesche-maedchen-panty-slip\",\"url\":\"https:\/\/bekleidungscenter.com\/?product=damen-unterwaesche-maedchen-panty-slip\",\"name\":\"Damen Unterw\u00e4sche, M\u00e4dchen, Panty, Slip - FamilienMode\",\"isPartOf\":{\"@id\":\"https:\/\/bekleidungscenter.com\/#website\"},\"datePublished\":\"2021-01-04T06:37:40+00:00\",\"dateModified\":\"2023-04-10T22:51:55+00:00\",\"breadcrumb\":{\"@id\":\"https:\/\/bekleidungscenter.com\/?product=damen-unterwaesche-maedchen-panty-slip#breadcrumb\"},\"inLanguage\":\"de\",\"potentialAction\":[{\"@type\":\"ReadAction\",\"target\":[\"https:\/\/bekleidungscenter.com\/?product=damen-unterwaesche-maedchen-panty-slip\"]}]},{\"@type\":\"BreadcrumbList\",\"@id\":\"https:\/\/bekleidungscenter.com\/?product=damen-unterwaesche-maedchen-panty-slip#breadcrumb\",\"itemListElement\":[{\"@type\":\"ListItem\",\"position\":1,\"name\":\"Home\",\"item\":\"https:\/\/bekleidungscenter.com\/\"},{\"@type\":\"ListItem\",\"position\":2,\"name\":\"Shop\",\"item\":\"https:\/\/bekleidungscenter.com\/?page_id=7\"},{\"@type\":\"ListItem\",\"position\":3,\"name\":\"Damen Unterw\u00e4sche, M\u00e4dchen, Panty, Slip\"}]},{\"@type\":\"WebSite\",\"@id\":\"https:\/\/bekleidungscenter.com\/#website\",\"url\":\"https:\/\/bekleidungscenter.com\/\",\"name\":\"FamilienMode\",\"description\":\"Alles f\u00fcr die ganze Familie\",\"potentialAction\":[{\"@type\":\"SearchAction\",\"target\":{\"@type\":\"EntryPoint\",\"urlTemplate\":\"https:\/\/bekleidungscenter.com\/?s={search_term_string}\"},\"query-input\":\"required name=search_term_string\"}],\"inLanguage\":\"de\"}]}<\/script>\n<!-- \/ Yoast SEO plugin. -->","yoast_head_json":{"title":"Damen Unterw\u00e4sche, M\u00e4dchen, Panty, Slip - FamilienMode","robots":{"index":"index","follow":"follow","max-snippet":"max-snippet:-1","max-image-preview":"max-image-preview:large","max-video-preview":"max-video-preview:-1"},"canonical":"https:\/\/bekleidungscenter.com\/?product=damen-unterwaesche-maedchen-panty-slip","og_locale":"de_DE","og_type":"article","og_title":"Damen Unterw\u00e4sche, M\u00e4dchen, Panty, Slip - FamilienMode","og_description":"Eine lustige und spielerische Vibe auf Ihre t\u00e4glichen Essentials mit diesen bedruckten Shorts. Uni Strick-Jersey mit 5% Elasthan f\u00fcr eine gute Erholung Verschluss: Elastischer Bund","og_url":"https:\/\/bekleidungscenter.com\/?product=damen-unterwaesche-maedchen-panty-slip","og_site_name":"FamilienMode","article_modified_time":"2023-04-10T22:51:55+00:00","og_image":[{"width":500,"height":500,"url":"https:\/\/images-na.ssl-images-amazon.com\/images\/I\/41NPao9W3bL.jpg","type":"image\/jpeg"}],"twitter_card":"summary_large_image","twitter_misc":{"Gesch\u00e4tzte Lesezeit":"1\u00a0Minute"},"schema":{"@context":"https:\/\/schema.org","@graph":[{"@type":"WebPage","@id":"https:\/\/bekleidungscenter.com\/?product=damen-unterwaesche-maedchen-panty-slip","url":"https:\/\/bekleidungscenter.com\/?product=damen-unterwaesche-maedchen-panty-slip","name":"Damen Unterw\u00e4sche, M\u00e4dchen, Panty, Slip - FamilienMode","isPartOf":{"@id":"https:\/\/bekleidungscenter.com\/#website"},"datePublished":"2021-01-04T06:37:40+00:00","dateModified":"2023-04-10T22:51:55+00:00","breadcrumb":{"@id":"https:\/\/bekleidungscenter.com\/?product=damen-unterwaesche-maedchen-panty-slip#breadcrumb"},"inLanguage":"de","potentialAction":[{"@type":"ReadAction","target":["https:\/\/bekleidungscenter.com\/?product=damen-unterwaesche-maedchen-panty-slip"]}]},{"@type":"BreadcrumbList","@id":"https:\/\/bekleidungscenter.com\/?product=damen-unterwaesche-maedchen-panty-slip#breadcrumb","itemListElement":[{"@type":"ListItem","position":1,"name":"Home","item":"https:\/\/bekleidungscenter.com\/"},{"@type":"ListItem","position":2,"name":"Shop","item":"https:\/\/bekleidungscenter.com\/?page_id=7"},{"@type":"ListItem","position":3,"name":"Damen Unterw\u00e4sche, M\u00e4dchen, Panty, Slip"}]},{"@type":"WebSite","@id":"https:\/\/bekleidungscenter.com\/#website","url":"https:\/\/bekleidungscenter.com\/","name":"FamilienMode","description":"Alles f\u00fcr die ganze Familie","potentialAction":[{"@type":"SearchAction","target":{"@type":"EntryPoint","urlTemplate":"https:\/\/bekleidungscenter.com\/?s={search_term_string}"},"query-input":"required name=search_term_string"}],"inLanguage":"de"}]}},"_links":{"self":[{"href":"https:\/\/bekleidungscenter.com\/index.php?rest_route=\/wp\/v2\/product\/13093"}],"collection":[{"href":"https:\/\/bekleidungscenter.com\/index.php?rest_route=\/wp\/v2\/product"}],"about":[{"href":"https:\/\/bekleidungscenter.com\/index.php?rest_route=\/wp\/v2\/types\/product"}],"replies":[{"embeddable":true,"href":"https:\/\/bekleidungscenter.com\/index.php?rest_route=%2Fwp%2Fv2%2Fcomments&post=13093"}],"wp:featuredmedia":[{"embeddable":true,"href":"https:\/\/bekleidungscenter.com\/index.php?rest_route=\/wp\/v2\/media\/13095"}],"wp:attachment":[{"href":"https:\/\/bekleidungscenter.com\/index.php?rest_route=%2Fwp%2Fv2%2Fmedia&parent=13093"}],"wp:term":[{"taxonomy":"product_cat","embeddable":true,"href":"https:\/\/bekleidungscenter.com\/index.php?rest_route=%2Fwp%2Fv2%2Fproduct_cat&post=13093"},{"taxonomy":"product_tag","embeddable":true,"href":"https:\/\/bekleidungscenter.com\/index.php?rest_route=%2Fwp%2Fv2%2Fproduct_tag&post=13093"}],"curies":[{"name":"wp","href":"https:\/\/api.w.org\/{rel}","templated":true}]}}