{"id":13138,"date":"2021-01-04T06:45:41","date_gmt":"2021-01-04T06:45:41","guid":{"rendered":"http:\/\/bekleidungscenter.com\/?product=schiesser-jungen-rat-henry-shorts-unterwaesche"},"modified":"2023-04-10T22:51:56","modified_gmt":"2023-04-10T22:51:56","slug":"schiesser-jungen-rat-henry-shorts-unterwaesche","status":"publish","type":"product","link":"https:\/\/bekleidungscenter.com\/?product=schiesser-jungen-rat-henry-shorts-unterwaesche","title":{"rendered":"Schiesser Jungen Rat Henry Shorts Unterw\u00e4sche"},"content":{"rendered":"<p><!-- show up to 2 reviews by default --> <\/p>\n<p>F\u00fcr aus kleinen Ringel-Fans: Diese l\u00e4ssigen Jungenshorts begeistern mit jeglicher Absolutbetrag SCHIESSER-Qualit\u00e4t! Im h\u00fcbschen Dunkelblau mit einem strahlend gelben Ringel-Muster wird die Tagw\u00e4sche zum echten Hingucker. Der softe Bund ist herrlich bequem und gibt mit tollem Sternen-Print den Ton an. Das Material allesamt bestem Unverheirateter Jersey f\u00fchlt sich prima auf der Haut an und sorgt f\u00fcr ein wunderbares Tragegef\u00fchl. Ohne Kneifen und Verrutschen, daf\u00fcr mit leer \u00fcppig Wohlf\u00fchlgarantie! <\/p>\n<p>dunkelblaue Shorts f\u00fcr Jungen allesamt der SCHIESSER-Aufstellung &#8222;Rat Henry&#8220; mit Ringel-Muster in frischem Gelb bequemer Softbund mit coolem Sternen-Print isoliert komfortable Beinausschnitte kleines SCHIESSER-Label am Bund in komfortabler, elastischer Unverheirateter-Jersey-Qualit\u00e4t<br \/>\nin komfortabler, elastischer Unverheirateter-Jersey-Qualit\u00e4t<br \/>\nVerschluss: Ohne Verschluss<br \/>\n95% Baumwolle, 5% Elasthan<br \/>\nkeine Gehabe<br \/>\nPflegehinweis: Maschinenw\u00e4sche<br \/>\nModellnummer: 171308<br \/>\n<div class=\"main-cross-sell\" data-asin=\"B082WVYK43\">\n\n\t<div class=\"WooZone-cross-sell-loader\">\n\t\t<div>\n\t\t\t<div id=\"floatingBarsG\">\n\t\t\t\t<div class=\"blockG\" id=\"rotateG_01\"><\/div>\n\t\t\t\t<div class=\"blockG\" id=\"rotateG_02\"><\/div>\n\t\t\t\t<div class=\"blockG\" id=\"rotateG_03\"><\/div>\n\t\t\t\t<div class=\"blockG\" id=\"rotateG_04\"><\/div>\n\t\t\t\t<div class=\"blockG\" id=\"rotateG_05\"><\/div>\n\t\t\t\t<div class=\"blockG\" id=\"rotateG_06\"><\/div>\n\t\t\t\t<div class=\"blockG\" id=\"rotateG_07\"><\/div>\n\t\t\t\t<div class=\"blockG\" id=\"rotateG_08\"><\/div>\n\t\t\t<\/div>\n\t\t\t<div class=\"WooZone-cross-sell-loader-text\"><\/div>\n\t\t<\/div>\n\t<\/div>\n\n\t\t\n<\/div>\n<div style=\"clear:both;\"><\/div><\/p>\n","protected":false},"excerpt":{"rendered":"<p>dunkelblaue Shorts f\u00fcr Jungen aus der SCHIESSER-Serie &#8222;Rat Henry&#8220; mit Ringel-Muster in frischem Gelb bequemer Softbund mit coolem Sternen-Print extra komfortable Beinausschnitte kleines SCHIESSER-Label am Bund in komfortabler, elastischer Single-Jersey-Qualit\u00e4t<br \/>\nin komfortabler, elastischer Single-Jersey-Qualit\u00e4t<br \/>\nVerschluss: Ohne Verschluss<\/p>\n","protected":false},"featured_media":13139,"comment_status":"open","ping_status":"closed","template":"","meta":[],"product_cat":[1083,132],"product_tag":[],"yoast_head":"<!-- This site is optimized with the Yoast SEO plugin v20.6 - https:\/\/yoast.com\/wordpress\/plugins\/seo\/ -->\n<title>Schiesser Jungen Rat Henry Shorts Unterw\u00e4sche - FamilienMode<\/title>\n<meta name=\"robots\" content=\"index, follow, max-snippet:-1, max-image-preview:large, max-video-preview:-1\" \/>\n<link rel=\"canonical\" href=\"https:\/\/bekleidungscenter.com\/?product=schiesser-jungen-rat-henry-shorts-unterwaesche\" \/>\n<meta property=\"og:locale\" content=\"de_DE\" \/>\n<meta property=\"og:type\" content=\"article\" \/>\n<meta property=\"og:title\" content=\"Schiesser Jungen Rat Henry Shorts Unterw\u00e4sche - FamilienMode\" \/>\n<meta property=\"og:description\" content=\"dunkelblaue Shorts f\u00fcr Jungen aus der SCHIESSER-Serie &quot;Rat Henry&quot; mit Ringel-Muster in frischem Gelb bequemer Softbund mit coolem Sternen-Print extra komfortable Beinausschnitte kleines SCHIESSER-Label am Bund in komfortabler, elastischer Single-Jersey-Qualit\u00e4t in komfortabler, elastischer Single-Jersey-Qualit\u00e4t Verschluss: Ohne Verschluss\" \/>\n<meta property=\"og:url\" content=\"https:\/\/bekleidungscenter.com\/?product=schiesser-jungen-rat-henry-shorts-unterwaesche\" \/>\n<meta property=\"og:site_name\" content=\"FamilienMode\" \/>\n<meta property=\"article:modified_time\" content=\"2023-04-10T22:51:56+00:00\" \/>\n<meta property=\"og:image\" content=\"https:\/\/images-na.ssl-images-amazon.com\/images\/I\/41A-03LH7zL.jpg\" \/>\n\t<meta property=\"og:image:width\" content=\"500\" \/>\n\t<meta property=\"og:image:height\" content=\"500\" \/>\n\t<meta property=\"og:image:type\" content=\"image\/jpeg\" \/>\n<meta name=\"twitter:card\" content=\"summary_large_image\" \/>\n<meta name=\"twitter:label1\" content=\"Gesch\u00e4tzte Lesezeit\" \/>\n\t<meta name=\"twitter:data1\" content=\"1\u00a0Minute\" \/>\n<script type=\"application\/ld+json\" class=\"yoast-schema-graph\">{\"@context\":\"https:\/\/schema.org\",\"@graph\":[{\"@type\":\"WebPage\",\"@id\":\"https:\/\/bekleidungscenter.com\/?product=schiesser-jungen-rat-henry-shorts-unterwaesche\",\"url\":\"https:\/\/bekleidungscenter.com\/?product=schiesser-jungen-rat-henry-shorts-unterwaesche\",\"name\":\"Schiesser Jungen Rat Henry Shorts Unterw\u00e4sche - FamilienMode\",\"isPartOf\":{\"@id\":\"https:\/\/bekleidungscenter.com\/#website\"},\"datePublished\":\"2021-01-04T06:45:41+00:00\",\"dateModified\":\"2023-04-10T22:51:56+00:00\",\"breadcrumb\":{\"@id\":\"https:\/\/bekleidungscenter.com\/?product=schiesser-jungen-rat-henry-shorts-unterwaesche#breadcrumb\"},\"inLanguage\":\"de\",\"potentialAction\":[{\"@type\":\"ReadAction\",\"target\":[\"https:\/\/bekleidungscenter.com\/?product=schiesser-jungen-rat-henry-shorts-unterwaesche\"]}]},{\"@type\":\"BreadcrumbList\",\"@id\":\"https:\/\/bekleidungscenter.com\/?product=schiesser-jungen-rat-henry-shorts-unterwaesche#breadcrumb\",\"itemListElement\":[{\"@type\":\"ListItem\",\"position\":1,\"name\":\"Home\",\"item\":\"https:\/\/bekleidungscenter.com\/\"},{\"@type\":\"ListItem\",\"position\":2,\"name\":\"Shop\",\"item\":\"https:\/\/bekleidungscenter.com\/?page_id=7\"},{\"@type\":\"ListItem\",\"position\":3,\"name\":\"Schiesser Jungen Rat Henry Shorts Unterw\u00e4sche\"}]},{\"@type\":\"WebSite\",\"@id\":\"https:\/\/bekleidungscenter.com\/#website\",\"url\":\"https:\/\/bekleidungscenter.com\/\",\"name\":\"FamilienMode\",\"description\":\"Alles f\u00fcr die ganze Familie\",\"potentialAction\":[{\"@type\":\"SearchAction\",\"target\":{\"@type\":\"EntryPoint\",\"urlTemplate\":\"https:\/\/bekleidungscenter.com\/?s={search_term_string}\"},\"query-input\":\"required name=search_term_string\"}],\"inLanguage\":\"de\"}]}<\/script>\n<!-- \/ Yoast SEO plugin. -->","yoast_head_json":{"title":"Schiesser Jungen Rat Henry Shorts Unterw\u00e4sche - FamilienMode","robots":{"index":"index","follow":"follow","max-snippet":"max-snippet:-1","max-image-preview":"max-image-preview:large","max-video-preview":"max-video-preview:-1"},"canonical":"https:\/\/bekleidungscenter.com\/?product=schiesser-jungen-rat-henry-shorts-unterwaesche","og_locale":"de_DE","og_type":"article","og_title":"Schiesser Jungen Rat Henry Shorts Unterw\u00e4sche - FamilienMode","og_description":"dunkelblaue Shorts f\u00fcr Jungen aus der SCHIESSER-Serie \"Rat Henry\" mit Ringel-Muster in frischem Gelb bequemer Softbund mit coolem Sternen-Print extra komfortable Beinausschnitte kleines SCHIESSER-Label am Bund in komfortabler, elastischer Single-Jersey-Qualit\u00e4t in komfortabler, elastischer Single-Jersey-Qualit\u00e4t Verschluss: Ohne Verschluss","og_url":"https:\/\/bekleidungscenter.com\/?product=schiesser-jungen-rat-henry-shorts-unterwaesche","og_site_name":"FamilienMode","article_modified_time":"2023-04-10T22:51:56+00:00","og_image":[{"width":500,"height":500,"url":"https:\/\/images-na.ssl-images-amazon.com\/images\/I\/41A-03LH7zL.jpg","type":"image\/jpeg"}],"twitter_card":"summary_large_image","twitter_misc":{"Gesch\u00e4tzte Lesezeit":"1\u00a0Minute"},"schema":{"@context":"https:\/\/schema.org","@graph":[{"@type":"WebPage","@id":"https:\/\/bekleidungscenter.com\/?product=schiesser-jungen-rat-henry-shorts-unterwaesche","url":"https:\/\/bekleidungscenter.com\/?product=schiesser-jungen-rat-henry-shorts-unterwaesche","name":"Schiesser Jungen Rat Henry Shorts Unterw\u00e4sche - FamilienMode","isPartOf":{"@id":"https:\/\/bekleidungscenter.com\/#website"},"datePublished":"2021-01-04T06:45:41+00:00","dateModified":"2023-04-10T22:51:56+00:00","breadcrumb":{"@id":"https:\/\/bekleidungscenter.com\/?product=schiesser-jungen-rat-henry-shorts-unterwaesche#breadcrumb"},"inLanguage":"de","potentialAction":[{"@type":"ReadAction","target":["https:\/\/bekleidungscenter.com\/?product=schiesser-jungen-rat-henry-shorts-unterwaesche"]}]},{"@type":"BreadcrumbList","@id":"https:\/\/bekleidungscenter.com\/?product=schiesser-jungen-rat-henry-shorts-unterwaesche#breadcrumb","itemListElement":[{"@type":"ListItem","position":1,"name":"Home","item":"https:\/\/bekleidungscenter.com\/"},{"@type":"ListItem","position":2,"name":"Shop","item":"https:\/\/bekleidungscenter.com\/?page_id=7"},{"@type":"ListItem","position":3,"name":"Schiesser Jungen Rat Henry Shorts Unterw\u00e4sche"}]},{"@type":"WebSite","@id":"https:\/\/bekleidungscenter.com\/#website","url":"https:\/\/bekleidungscenter.com\/","name":"FamilienMode","description":"Alles f\u00fcr die ganze Familie","potentialAction":[{"@type":"SearchAction","target":{"@type":"EntryPoint","urlTemplate":"https:\/\/bekleidungscenter.com\/?s={search_term_string}"},"query-input":"required name=search_term_string"}],"inLanguage":"de"}]}},"_links":{"self":[{"href":"https:\/\/bekleidungscenter.com\/index.php?rest_route=\/wp\/v2\/product\/13138"}],"collection":[{"href":"https:\/\/bekleidungscenter.com\/index.php?rest_route=\/wp\/v2\/product"}],"about":[{"href":"https:\/\/bekleidungscenter.com\/index.php?rest_route=\/wp\/v2\/types\/product"}],"replies":[{"embeddable":true,"href":"https:\/\/bekleidungscenter.com\/index.php?rest_route=%2Fwp%2Fv2%2Fcomments&post=13138"}],"wp:featuredmedia":[{"embeddable":true,"href":"https:\/\/bekleidungscenter.com\/index.php?rest_route=\/wp\/v2\/media\/13139"}],"wp:attachment":[{"href":"https:\/\/bekleidungscenter.com\/index.php?rest_route=%2Fwp%2Fv2%2Fmedia&parent=13138"}],"wp:term":[{"taxonomy":"product_cat","embeddable":true,"href":"https:\/\/bekleidungscenter.com\/index.php?rest_route=%2Fwp%2Fv2%2Fproduct_cat&post=13138"},{"taxonomy":"product_tag","embeddable":true,"href":"https:\/\/bekleidungscenter.com\/index.php?rest_route=%2Fwp%2Fv2%2Fproduct_tag&post=13138"}],"curies":[{"name":"wp","href":"https:\/\/api.w.org\/{rel}","templated":true}]}}