{"id":13185,"date":"2021-01-04T06:46:16","date_gmt":"2021-01-04T06:46:16","guid":{"rendered":"http:\/\/bekleidungscenter.com\/?product=schiesser-2er-pack-jungen-shorts-boxershorts-fotoprint-140-176-xs-l-anthrazit"},"modified":"2023-04-10T22:51:57","modified_gmt":"2023-04-10T22:51:57","slug":"schiesser-2er-pack-jungen-shorts-boxershorts-fotoprint-140-176-xs-l-anthrazit","status":"publish","type":"product","link":"https:\/\/bekleidungscenter.com\/?product=schiesser-2er-pack-jungen-shorts-boxershorts-fotoprint-140-176-xs-l-anthrazit","title":{"rendered":"Schiesser Jungen Boxershorts (2er Pack)"},"content":{"rendered":"<p><!-- show up to 2 reviews by default --> <\/p>\n<p>Diese beiden Jungenshorts einspeisen was auch immer, was sich coole Boys von ihrer Unterw\u00e4sche brauchen. In dunklem Grau und mit der trendigen City-Fotoprint-Modifikation sind sie optisch die Gesamtheit weit oben, elastischer Jersey macht sie superbequem und der moderne, cleane Wegbummibund sorgt f\u00fcr einen optimalen Sitz. Fehlt allerdings noch beste SCHIESSER-Qualit\u00e4t und jeglicher simplen Shorts wird ein topaktueller W\u00e4sche-Doppelpack, der rundherum \u00fcberzeugt! <\/p>\n<p>Schiesser Shorts 2er Gesindel<br \/>\ntolle Jungenshorts in bester Schiesser Qualit\u00e4t<br \/>\nVerschluss: elastischem gummibund<br \/>\n95% Baumwolle, 5% Elasthan<br \/>\nkeine Gehabe<br \/>\nPflegehinweis: Maschinenw\u00e4sche warm (40\u00b0 +)<br \/>\nModellnummer: 158881<br \/>\n2 verschiedene Farben<br \/>\n1x Fotoprint, 1x Alma Mater<br \/>\nFarbe: Anthrazit<br \/>\n<div class=\"main-cross-sell\" data-asin=\"B072DXNX78\">\n\n\t<div class=\"WooZone-cross-sell-loader\">\n\t\t<div>\n\t\t\t<div id=\"floatingBarsG\">\n\t\t\t\t<div class=\"blockG\" id=\"rotateG_01\"><\/div>\n\t\t\t\t<div class=\"blockG\" id=\"rotateG_02\"><\/div>\n\t\t\t\t<div class=\"blockG\" id=\"rotateG_03\"><\/div>\n\t\t\t\t<div class=\"blockG\" id=\"rotateG_04\"><\/div>\n\t\t\t\t<div class=\"blockG\" id=\"rotateG_05\"><\/div>\n\t\t\t\t<div class=\"blockG\" id=\"rotateG_06\"><\/div>\n\t\t\t\t<div class=\"blockG\" id=\"rotateG_07\"><\/div>\n\t\t\t\t<div class=\"blockG\" id=\"rotateG_08\"><\/div>\n\t\t\t<\/div>\n\t\t\t<div class=\"WooZone-cross-sell-loader-text\"><\/div>\n\t\t<\/div>\n\t<\/div>\n\n\t\t\n<\/div>\n<div style=\"clear:both;\"><\/div><\/p>\n","protected":false},"excerpt":{"rendered":"<p>Schiesser Shorts 2er Pack<br \/>\ntolle Jungenshorts in bester Schiesser Qualit\u00e4t<br \/>\nVerschluss: elastischem gummibund<\/p>\n","protected":false},"featured_media":13186,"comment_status":"open","ping_status":"closed","template":"","meta":[],"product_cat":[1083,132],"product_tag":[],"yoast_head":"<!-- This site is optimized with the Yoast SEO plugin v20.6 - https:\/\/yoast.com\/wordpress\/plugins\/seo\/ -->\n<title>Schiesser Jungen Boxershorts (2er Pack) - FamilienMode<\/title>\n<meta name=\"robots\" content=\"index, follow, max-snippet:-1, max-image-preview:large, max-video-preview:-1\" \/>\n<link rel=\"canonical\" href=\"https:\/\/bekleidungscenter.com\/?product=schiesser-2er-pack-jungen-shorts-boxershorts-fotoprint-140-176-xs-l-anthrazit\" \/>\n<meta property=\"og:locale\" content=\"de_DE\" \/>\n<meta property=\"og:type\" content=\"article\" \/>\n<meta property=\"og:title\" content=\"Schiesser Jungen Boxershorts (2er Pack) - FamilienMode\" \/>\n<meta property=\"og:description\" content=\"Schiesser Shorts 2er Pack tolle Jungenshorts in bester Schiesser Qualit\u00e4t Verschluss: elastischem gummibund\" \/>\n<meta property=\"og:url\" content=\"https:\/\/bekleidungscenter.com\/?product=schiesser-2er-pack-jungen-shorts-boxershorts-fotoprint-140-176-xs-l-anthrazit\" \/>\n<meta property=\"og:site_name\" content=\"FamilienMode\" \/>\n<meta property=\"article:modified_time\" content=\"2023-04-10T22:51:57+00:00\" \/>\n<meta property=\"og:image\" content=\"https:\/\/images-na.ssl-images-amazon.com\/images\/I\/51JgTPXd3KL.jpg\" \/>\n\t<meta property=\"og:image:width\" content=\"500\" \/>\n\t<meta property=\"og:image:height\" content=\"500\" \/>\n\t<meta property=\"og:image:type\" content=\"image\/jpeg\" \/>\n<meta name=\"twitter:card\" content=\"summary_large_image\" \/>\n<meta name=\"twitter:label1\" content=\"Gesch\u00e4tzte Lesezeit\" \/>\n\t<meta name=\"twitter:data1\" content=\"1\u00a0Minute\" \/>\n<script type=\"application\/ld+json\" class=\"yoast-schema-graph\">{\"@context\":\"https:\/\/schema.org\",\"@graph\":[{\"@type\":\"WebPage\",\"@id\":\"https:\/\/bekleidungscenter.com\/?product=schiesser-2er-pack-jungen-shorts-boxershorts-fotoprint-140-176-xs-l-anthrazit\",\"url\":\"https:\/\/bekleidungscenter.com\/?product=schiesser-2er-pack-jungen-shorts-boxershorts-fotoprint-140-176-xs-l-anthrazit\",\"name\":\"Schiesser Jungen Boxershorts (2er Pack) - FamilienMode\",\"isPartOf\":{\"@id\":\"https:\/\/bekleidungscenter.com\/#website\"},\"datePublished\":\"2021-01-04T06:46:16+00:00\",\"dateModified\":\"2023-04-10T22:51:57+00:00\",\"breadcrumb\":{\"@id\":\"https:\/\/bekleidungscenter.com\/?product=schiesser-2er-pack-jungen-shorts-boxershorts-fotoprint-140-176-xs-l-anthrazit#breadcrumb\"},\"inLanguage\":\"de\",\"potentialAction\":[{\"@type\":\"ReadAction\",\"target\":[\"https:\/\/bekleidungscenter.com\/?product=schiesser-2er-pack-jungen-shorts-boxershorts-fotoprint-140-176-xs-l-anthrazit\"]}]},{\"@type\":\"BreadcrumbList\",\"@id\":\"https:\/\/bekleidungscenter.com\/?product=schiesser-2er-pack-jungen-shorts-boxershorts-fotoprint-140-176-xs-l-anthrazit#breadcrumb\",\"itemListElement\":[{\"@type\":\"ListItem\",\"position\":1,\"name\":\"Home\",\"item\":\"https:\/\/bekleidungscenter.com\/\"},{\"@type\":\"ListItem\",\"position\":2,\"name\":\"Shop\",\"item\":\"https:\/\/bekleidungscenter.com\/?page_id=7\"},{\"@type\":\"ListItem\",\"position\":3,\"name\":\"Schiesser Jungen Boxershorts (2er Pack)\"}]},{\"@type\":\"WebSite\",\"@id\":\"https:\/\/bekleidungscenter.com\/#website\",\"url\":\"https:\/\/bekleidungscenter.com\/\",\"name\":\"FamilienMode\",\"description\":\"Alles f\u00fcr die ganze Familie\",\"potentialAction\":[{\"@type\":\"SearchAction\",\"target\":{\"@type\":\"EntryPoint\",\"urlTemplate\":\"https:\/\/bekleidungscenter.com\/?s={search_term_string}\"},\"query-input\":\"required name=search_term_string\"}],\"inLanguage\":\"de\"}]}<\/script>\n<!-- \/ Yoast SEO plugin. -->","yoast_head_json":{"title":"Schiesser Jungen Boxershorts (2er Pack) - FamilienMode","robots":{"index":"index","follow":"follow","max-snippet":"max-snippet:-1","max-image-preview":"max-image-preview:large","max-video-preview":"max-video-preview:-1"},"canonical":"https:\/\/bekleidungscenter.com\/?product=schiesser-2er-pack-jungen-shorts-boxershorts-fotoprint-140-176-xs-l-anthrazit","og_locale":"de_DE","og_type":"article","og_title":"Schiesser Jungen Boxershorts (2er Pack) - FamilienMode","og_description":"Schiesser Shorts 2er Pack tolle Jungenshorts in bester Schiesser Qualit\u00e4t Verschluss: elastischem gummibund","og_url":"https:\/\/bekleidungscenter.com\/?product=schiesser-2er-pack-jungen-shorts-boxershorts-fotoprint-140-176-xs-l-anthrazit","og_site_name":"FamilienMode","article_modified_time":"2023-04-10T22:51:57+00:00","og_image":[{"width":500,"height":500,"url":"https:\/\/images-na.ssl-images-amazon.com\/images\/I\/51JgTPXd3KL.jpg","type":"image\/jpeg"}],"twitter_card":"summary_large_image","twitter_misc":{"Gesch\u00e4tzte Lesezeit":"1\u00a0Minute"},"schema":{"@context":"https:\/\/schema.org","@graph":[{"@type":"WebPage","@id":"https:\/\/bekleidungscenter.com\/?product=schiesser-2er-pack-jungen-shorts-boxershorts-fotoprint-140-176-xs-l-anthrazit","url":"https:\/\/bekleidungscenter.com\/?product=schiesser-2er-pack-jungen-shorts-boxershorts-fotoprint-140-176-xs-l-anthrazit","name":"Schiesser Jungen Boxershorts (2er Pack) - FamilienMode","isPartOf":{"@id":"https:\/\/bekleidungscenter.com\/#website"},"datePublished":"2021-01-04T06:46:16+00:00","dateModified":"2023-04-10T22:51:57+00:00","breadcrumb":{"@id":"https:\/\/bekleidungscenter.com\/?product=schiesser-2er-pack-jungen-shorts-boxershorts-fotoprint-140-176-xs-l-anthrazit#breadcrumb"},"inLanguage":"de","potentialAction":[{"@type":"ReadAction","target":["https:\/\/bekleidungscenter.com\/?product=schiesser-2er-pack-jungen-shorts-boxershorts-fotoprint-140-176-xs-l-anthrazit"]}]},{"@type":"BreadcrumbList","@id":"https:\/\/bekleidungscenter.com\/?product=schiesser-2er-pack-jungen-shorts-boxershorts-fotoprint-140-176-xs-l-anthrazit#breadcrumb","itemListElement":[{"@type":"ListItem","position":1,"name":"Home","item":"https:\/\/bekleidungscenter.com\/"},{"@type":"ListItem","position":2,"name":"Shop","item":"https:\/\/bekleidungscenter.com\/?page_id=7"},{"@type":"ListItem","position":3,"name":"Schiesser Jungen Boxershorts (2er Pack)"}]},{"@type":"WebSite","@id":"https:\/\/bekleidungscenter.com\/#website","url":"https:\/\/bekleidungscenter.com\/","name":"FamilienMode","description":"Alles f\u00fcr die ganze Familie","potentialAction":[{"@type":"SearchAction","target":{"@type":"EntryPoint","urlTemplate":"https:\/\/bekleidungscenter.com\/?s={search_term_string}"},"query-input":"required name=search_term_string"}],"inLanguage":"de"}]}},"_links":{"self":[{"href":"https:\/\/bekleidungscenter.com\/index.php?rest_route=\/wp\/v2\/product\/13185"}],"collection":[{"href":"https:\/\/bekleidungscenter.com\/index.php?rest_route=\/wp\/v2\/product"}],"about":[{"href":"https:\/\/bekleidungscenter.com\/index.php?rest_route=\/wp\/v2\/types\/product"}],"replies":[{"embeddable":true,"href":"https:\/\/bekleidungscenter.com\/index.php?rest_route=%2Fwp%2Fv2%2Fcomments&post=13185"}],"wp:featuredmedia":[{"embeddable":true,"href":"https:\/\/bekleidungscenter.com\/index.php?rest_route=\/wp\/v2\/media\/13186"}],"wp:attachment":[{"href":"https:\/\/bekleidungscenter.com\/index.php?rest_route=%2Fwp%2Fv2%2Fmedia&parent=13185"}],"wp:term":[{"taxonomy":"product_cat","embeddable":true,"href":"https:\/\/bekleidungscenter.com\/index.php?rest_route=%2Fwp%2Fv2%2Fproduct_cat&post=13185"},{"taxonomy":"product_tag","embeddable":true,"href":"https:\/\/bekleidungscenter.com\/index.php?rest_route=%2Fwp%2Fv2%2Fproduct_tag&post=13185"}],"curies":[{"name":"wp","href":"https:\/\/api.w.org\/{rel}","templated":true}]}}