{"id":13214,"date":"2021-01-04T06:46:31","date_gmt":"2021-01-04T06:46:31","guid":{"rendered":"http:\/\/bekleidungscenter.com\/?product=hermko-2900-4er-pack-jungen-pants-reine-bio-baumwolle"},"modified":"2023-04-10T22:51:57","modified_gmt":"2023-04-10T22:51:57","slug":"hermko-2900-4er-pack-jungen-pants-reine-bio-baumwolle","status":"publish","type":"product","link":"https:\/\/bekleidungscenter.com\/?product=hermko-2900-4er-pack-jungen-pants-reine-bio-baumwolle","title":{"rendered":"HERMKO 2900 3er Pack Jungen Pants &#8211; Reine Bio-Baumwolle"},"content":{"rendered":"<p><!-- show up to 2 reviews by default --> <\/p>\n<p>Jungen Pant <br \/>von HERMKO<\/p>\n<p>2900 4 x Jungen Pant allesamt reiner Baumwolle exclusive by HERMKO, Knaben Boxershorts<br \/>mit Dehnbund<br \/>4 St\u00fcck<\/p>\n<p>100% Feinripp-Bio-Baumwolle<br \/>Pflegehinweise<br \/>Maschinenw\u00e4sche: wei\u00df 95\u00b0C (kochfest), farbig 60\u00b0C<br \/>trocknergeeignet<br \/>Produktinformationen<br \/>Der Stoff des Artikels besteht zu 100% allesamt kontrolliert biologisch angebauter (=kbA) Baumwolle und demzufolge allesamt reiner Naturfaser. <br \/>Baumwolle ist besonders strapazierf\u00e4hig, rei\u00dffest, langlebig und hat eine gute Saugf\u00e4higkeit.<\/p>\n<p>Die W\u00e4sche ist au\u00dferordentlich hautvertr\u00e4glich, da bei dem kontrolliert biologischen Bestellung (= kbA) der Baumwolle<br \/>o keine Pestizide, Insektizide, Fungizide<br \/>o keine Kunstd\u00fcnger<br \/>o keine Entlaubungsmittel<br \/>eingesetzt werden.<\/p>\n<p>Weiteres wird beim Bestellung unserer kbA-Baumwolle der Nachhaltigkeit an Stelle Wasser, Vegetation, Fauna und B\u00f6den Sorge getragen. Die an dieser Stelle verwendete Baumwolle wird nicht in Monokultur, zugunsten nach biologisch-organischen Richtlinien in Fruchtfolge angebaut.<br \/>Gestrickt, gef\u00e4rbt und gebleicht werden unsere Stoffe in Deutschland. Hierdurch k\u00f6nnen wir einer guten Hautvertr\u00e4glichkeit und hohen Qualit\u00e4tsanspr\u00fcchen gen\u00fcge katalysieren.<br \/>Unterw\u00e4sche direkt vom Hersteller am Fu\u00dfe der Schw\u00e4bischen Alb<br \/>Qualit\u00e4t seit \u00fcber 60 Jahren<br \/>* * * HERMKO &#8211; W\u00e4sche zum Verlieben * * * <\/p>\n<p>bequemer Jungen Pant ohne Anlage von Elastan &#8211; allesamt reiner Naturfaser (Bio-Baumwolle) &#8211; kochfest<br \/>\nWei\u00dfe Baumwoll-W\u00e4sche kann bei bis zu 95 \u00b0 C gewaschen werden<br \/>\ngew\u00f6hnlich<br \/>\n100% Gek\u00e4mmte Bio<br \/>\nBekleidung<br \/>\nPflegehinweis: 60\u00b0C waschbar, trocknergeeignet<br \/>\nModellnummer: 2900<br \/>\nFamilienbetrieb mit eigener Produktion seit \u00fcber 60 Jahren. Hautvertr\u00e4gliche W\u00e4sche nach \u00d6KO-Tex Standard 100 zertifiziert<br \/>\nEingetroffen in dieser Saison: Tolle Farben und sch\u00f6nes weiches Material<br \/>\nEine hohe Farbintensivit\u00e4t wird durch das hochwertige F\u00e4rben des Stoffs in Deutschland erreicht<br \/>\n<div class=\"main-cross-sell\" data-asin=\"B00ODML41U\">\n\n\t<div class=\"WooZone-cross-sell-loader\">\n\t\t<div>\n\t\t\t<div id=\"floatingBarsG\">\n\t\t\t\t<div class=\"blockG\" id=\"rotateG_01\"><\/div>\n\t\t\t\t<div class=\"blockG\" id=\"rotateG_02\"><\/div>\n\t\t\t\t<div class=\"blockG\" id=\"rotateG_03\"><\/div>\n\t\t\t\t<div class=\"blockG\" id=\"rotateG_04\"><\/div>\n\t\t\t\t<div class=\"blockG\" id=\"rotateG_05\"><\/div>\n\t\t\t\t<div class=\"blockG\" id=\"rotateG_06\"><\/div>\n\t\t\t\t<div class=\"blockG\" id=\"rotateG_07\"><\/div>\n\t\t\t\t<div class=\"blockG\" id=\"rotateG_08\"><\/div>\n\t\t\t<\/div>\n\t\t\t<div class=\"WooZone-cross-sell-loader-text\"><\/div>\n\t\t<\/div>\n\t<\/div>\n\n\t\t\n<\/div>\n<div style=\"clear:both;\"><\/div><\/p>\n","protected":false},"excerpt":{"rendered":"<p>bequemer Jungen Pant ohne Zusatz von Elastan &#8211; aus reiner Naturfaser (Bio-Baumwolle) &#8211; kochfest<br \/>\nWei\u00dfe Baumwoll-W\u00e4sche kann bei bis zu 95 \u00b0 C gewaschen werden<br \/>\nnormal<\/p>\n","protected":false},"featured_media":13218,"comment_status":"open","ping_status":"closed","template":"","meta":[],"product_cat":[1083,132],"product_tag":[],"yoast_head":"<!-- This site is optimized with the Yoast SEO plugin v20.6 - https:\/\/yoast.com\/wordpress\/plugins\/seo\/ -->\n<title>HERMKO 2900 3er Pack Jungen Pants - Reine Bio-Baumwolle - FamilienMode<\/title>\n<meta name=\"robots\" content=\"index, follow, max-snippet:-1, max-image-preview:large, max-video-preview:-1\" \/>\n<link rel=\"canonical\" href=\"https:\/\/bekleidungscenter.com\/?product=hermko-2900-4er-pack-jungen-pants-reine-bio-baumwolle\" \/>\n<meta property=\"og:locale\" content=\"de_DE\" \/>\n<meta property=\"og:type\" content=\"article\" \/>\n<meta property=\"og:title\" content=\"HERMKO 2900 3er Pack Jungen Pants - Reine Bio-Baumwolle - FamilienMode\" \/>\n<meta property=\"og:description\" content=\"bequemer Jungen Pant ohne Zusatz von Elastan - aus reiner Naturfaser (Bio-Baumwolle) - kochfest Wei\u00dfe Baumwoll-W\u00e4sche kann bei bis zu 95 \u00b0 C gewaschen werden normal\" \/>\n<meta property=\"og:url\" content=\"https:\/\/bekleidungscenter.com\/?product=hermko-2900-4er-pack-jungen-pants-reine-bio-baumwolle\" \/>\n<meta property=\"og:site_name\" content=\"FamilienMode\" \/>\n<meta property=\"article:modified_time\" content=\"2023-04-10T22:51:57+00:00\" \/>\n<meta property=\"og:image\" content=\"https:\/\/images-na.ssl-images-amazon.com\/images\/I\/519HcbZcZkL.jpg\" \/>\n\t<meta property=\"og:image:width\" content=\"500\" \/>\n\t<meta property=\"og:image:height\" content=\"500\" \/>\n\t<meta property=\"og:image:type\" content=\"image\/jpeg\" \/>\n<meta name=\"twitter:card\" content=\"summary_large_image\" \/>\n<meta name=\"twitter:label1\" content=\"Gesch\u00e4tzte Lesezeit\" \/>\n\t<meta name=\"twitter:data1\" content=\"1\u00a0Minute\" \/>\n<script type=\"application\/ld+json\" class=\"yoast-schema-graph\">{\"@context\":\"https:\/\/schema.org\",\"@graph\":[{\"@type\":\"WebPage\",\"@id\":\"https:\/\/bekleidungscenter.com\/?product=hermko-2900-4er-pack-jungen-pants-reine-bio-baumwolle\",\"url\":\"https:\/\/bekleidungscenter.com\/?product=hermko-2900-4er-pack-jungen-pants-reine-bio-baumwolle\",\"name\":\"HERMKO 2900 3er Pack Jungen Pants - Reine Bio-Baumwolle - FamilienMode\",\"isPartOf\":{\"@id\":\"https:\/\/bekleidungscenter.com\/#website\"},\"datePublished\":\"2021-01-04T06:46:31+00:00\",\"dateModified\":\"2023-04-10T22:51:57+00:00\",\"breadcrumb\":{\"@id\":\"https:\/\/bekleidungscenter.com\/?product=hermko-2900-4er-pack-jungen-pants-reine-bio-baumwolle#breadcrumb\"},\"inLanguage\":\"de\",\"potentialAction\":[{\"@type\":\"ReadAction\",\"target\":[\"https:\/\/bekleidungscenter.com\/?product=hermko-2900-4er-pack-jungen-pants-reine-bio-baumwolle\"]}]},{\"@type\":\"BreadcrumbList\",\"@id\":\"https:\/\/bekleidungscenter.com\/?product=hermko-2900-4er-pack-jungen-pants-reine-bio-baumwolle#breadcrumb\",\"itemListElement\":[{\"@type\":\"ListItem\",\"position\":1,\"name\":\"Home\",\"item\":\"https:\/\/bekleidungscenter.com\/\"},{\"@type\":\"ListItem\",\"position\":2,\"name\":\"Shop\",\"item\":\"https:\/\/bekleidungscenter.com\/?page_id=7\"},{\"@type\":\"ListItem\",\"position\":3,\"name\":\"HERMKO 2900 3er Pack Jungen Pants &#8211; Reine Bio-Baumwolle\"}]},{\"@type\":\"WebSite\",\"@id\":\"https:\/\/bekleidungscenter.com\/#website\",\"url\":\"https:\/\/bekleidungscenter.com\/\",\"name\":\"FamilienMode\",\"description\":\"Alles f\u00fcr die ganze Familie\",\"potentialAction\":[{\"@type\":\"SearchAction\",\"target\":{\"@type\":\"EntryPoint\",\"urlTemplate\":\"https:\/\/bekleidungscenter.com\/?s={search_term_string}\"},\"query-input\":\"required name=search_term_string\"}],\"inLanguage\":\"de\"}]}<\/script>\n<!-- \/ Yoast SEO plugin. -->","yoast_head_json":{"title":"HERMKO 2900 3er Pack Jungen Pants - Reine Bio-Baumwolle - FamilienMode","robots":{"index":"index","follow":"follow","max-snippet":"max-snippet:-1","max-image-preview":"max-image-preview:large","max-video-preview":"max-video-preview:-1"},"canonical":"https:\/\/bekleidungscenter.com\/?product=hermko-2900-4er-pack-jungen-pants-reine-bio-baumwolle","og_locale":"de_DE","og_type":"article","og_title":"HERMKO 2900 3er Pack Jungen Pants - Reine Bio-Baumwolle - FamilienMode","og_description":"bequemer Jungen Pant ohne Zusatz von Elastan - aus reiner Naturfaser (Bio-Baumwolle) - kochfest Wei\u00dfe Baumwoll-W\u00e4sche kann bei bis zu 95 \u00b0 C gewaschen werden normal","og_url":"https:\/\/bekleidungscenter.com\/?product=hermko-2900-4er-pack-jungen-pants-reine-bio-baumwolle","og_site_name":"FamilienMode","article_modified_time":"2023-04-10T22:51:57+00:00","og_image":[{"width":500,"height":500,"url":"https:\/\/images-na.ssl-images-amazon.com\/images\/I\/519HcbZcZkL.jpg","type":"image\/jpeg"}],"twitter_card":"summary_large_image","twitter_misc":{"Gesch\u00e4tzte Lesezeit":"1\u00a0Minute"},"schema":{"@context":"https:\/\/schema.org","@graph":[{"@type":"WebPage","@id":"https:\/\/bekleidungscenter.com\/?product=hermko-2900-4er-pack-jungen-pants-reine-bio-baumwolle","url":"https:\/\/bekleidungscenter.com\/?product=hermko-2900-4er-pack-jungen-pants-reine-bio-baumwolle","name":"HERMKO 2900 3er Pack Jungen Pants - Reine Bio-Baumwolle - FamilienMode","isPartOf":{"@id":"https:\/\/bekleidungscenter.com\/#website"},"datePublished":"2021-01-04T06:46:31+00:00","dateModified":"2023-04-10T22:51:57+00:00","breadcrumb":{"@id":"https:\/\/bekleidungscenter.com\/?product=hermko-2900-4er-pack-jungen-pants-reine-bio-baumwolle#breadcrumb"},"inLanguage":"de","potentialAction":[{"@type":"ReadAction","target":["https:\/\/bekleidungscenter.com\/?product=hermko-2900-4er-pack-jungen-pants-reine-bio-baumwolle"]}]},{"@type":"BreadcrumbList","@id":"https:\/\/bekleidungscenter.com\/?product=hermko-2900-4er-pack-jungen-pants-reine-bio-baumwolle#breadcrumb","itemListElement":[{"@type":"ListItem","position":1,"name":"Home","item":"https:\/\/bekleidungscenter.com\/"},{"@type":"ListItem","position":2,"name":"Shop","item":"https:\/\/bekleidungscenter.com\/?page_id=7"},{"@type":"ListItem","position":3,"name":"HERMKO 2900 3er Pack Jungen Pants &#8211; Reine Bio-Baumwolle"}]},{"@type":"WebSite","@id":"https:\/\/bekleidungscenter.com\/#website","url":"https:\/\/bekleidungscenter.com\/","name":"FamilienMode","description":"Alles f\u00fcr die ganze Familie","potentialAction":[{"@type":"SearchAction","target":{"@type":"EntryPoint","urlTemplate":"https:\/\/bekleidungscenter.com\/?s={search_term_string}"},"query-input":"required name=search_term_string"}],"inLanguage":"de"}]}},"_links":{"self":[{"href":"https:\/\/bekleidungscenter.com\/index.php?rest_route=\/wp\/v2\/product\/13214"}],"collection":[{"href":"https:\/\/bekleidungscenter.com\/index.php?rest_route=\/wp\/v2\/product"}],"about":[{"href":"https:\/\/bekleidungscenter.com\/index.php?rest_route=\/wp\/v2\/types\/product"}],"replies":[{"embeddable":true,"href":"https:\/\/bekleidungscenter.com\/index.php?rest_route=%2Fwp%2Fv2%2Fcomments&post=13214"}],"wp:featuredmedia":[{"embeddable":true,"href":"https:\/\/bekleidungscenter.com\/index.php?rest_route=\/wp\/v2\/media\/13218"}],"wp:attachment":[{"href":"https:\/\/bekleidungscenter.com\/index.php?rest_route=%2Fwp%2Fv2%2Fmedia&parent=13214"}],"wp:term":[{"taxonomy":"product_cat","embeddable":true,"href":"https:\/\/bekleidungscenter.com\/index.php?rest_route=%2Fwp%2Fv2%2Fproduct_cat&post=13214"},{"taxonomy":"product_tag","embeddable":true,"href":"https:\/\/bekleidungscenter.com\/index.php?rest_route=%2Fwp%2Fv2%2Fproduct_tag&post=13214"}],"curies":[{"name":"wp","href":"https:\/\/api.w.org\/{rel}","templated":true}]}}