{"id":13221,"date":"2021-01-04T06:46:35","date_gmt":"2021-01-04T06:46:35","guid":{"rendered":"http:\/\/bekleidungscenter.com\/?product=schiesser-jungen-unterwaesche-2er-pack"},"modified":"2023-04-10T22:51:58","modified_gmt":"2023-04-10T22:51:58","slug":"schiesser-jungen-unterwaesche-2er-pack","status":"publish","type":"product","link":"https:\/\/bekleidungscenter.com\/?product=schiesser-jungen-unterwaesche-2er-pack","title":{"rendered":"Schiesser Jungen Unterw\u00e4sche (2er Pack)"},"content":{"rendered":"<p><!-- show up to 2 reviews by default --> <\/p>\n<p>Diese beiden Jungenslips im Doppelpack treffen einfach jeden Ton! Ob in Wei\u00df mit coolen Gitarren und &#8222;rock star&#8220;-Prints oder im klassischem Dunkelblau mit Rat Henry denn Drummer auf der Abseite &#8211; dieses Duo sorgt f\u00fcr mit Herz und Seele gute Laune. Toller Feinripp jedweder 100% weicher Baumwolle schmeichelt der empfindlichen Kinderhaut und macht die Tagw\u00e4sche herrlich bequem. Komplett denn ein kleiner &#8222;Rock Star&#8220; f\u00fchlen in nat\u00fcrlich bester SCHIESSER-Qualit\u00e4t! <\/p>\n<p>Slips f\u00fcr Jungen im praktischen Doppelpack jedweder der SCHIESSER-Hintereinanderstellung &#8222;Rat Henry&#8220; dunkelblaues Modell mit Rat Henry denn Drummer auf der Abseite wei\u00dfe Abart mit dunkelblauen Allover-Muster denn Gitarren und &#8222;rock star&#8220;-Prints alle beide Unterhosen mit tonalen bequemen Softbund &#8211; ohne Zwicken und Kneifen am Unterleib! kleines SCHIESSER-Label an der Seitennaht in herrlich bequemer Feinripp-Qualit\u00e4t<br \/>\nin herrlich bequemer Feinripp-Qualit\u00e4t<br \/>\nVerschluss: Ohne Verschluss<br \/>\n100% Baumwolle<br \/>\nkeine Affigkeit<br \/>\nPflegehinweis: Maschinenw\u00e4sche<br \/>\nModellnummer: 171304<br \/>\n<div class=\"main-cross-sell\" data-asin=\"B082WWL1WK\">\n\n\t<div class=\"WooZone-cross-sell-loader\">\n\t\t<div>\n\t\t\t<div id=\"floatingBarsG\">\n\t\t\t\t<div class=\"blockG\" id=\"rotateG_01\"><\/div>\n\t\t\t\t<div class=\"blockG\" id=\"rotateG_02\"><\/div>\n\t\t\t\t<div class=\"blockG\" id=\"rotateG_03\"><\/div>\n\t\t\t\t<div class=\"blockG\" id=\"rotateG_04\"><\/div>\n\t\t\t\t<div class=\"blockG\" id=\"rotateG_05\"><\/div>\n\t\t\t\t<div class=\"blockG\" id=\"rotateG_06\"><\/div>\n\t\t\t\t<div class=\"blockG\" id=\"rotateG_07\"><\/div>\n\t\t\t\t<div class=\"blockG\" id=\"rotateG_08\"><\/div>\n\t\t\t<\/div>\n\t\t\t<div class=\"WooZone-cross-sell-loader-text\"><\/div>\n\t\t<\/div>\n\t<\/div>\n\n\t\t\n<\/div>\n<div style=\"clear:both;\"><\/div><\/p>\n","protected":false},"excerpt":{"rendered":"<p>Slips f\u00fcr Jungen im praktischen Doppelpack aus der SCHIESSER-Serie &#8222;Rat Henry&#8220; dunkelblaues Modell mit Rat Henry als Drummer auf der R\u00fcckseite wei\u00dfe Variante mit dunkelblauen Allover-Muster als Gitarren und &#8222;rock star&#8220;-Prints beide Unterhosen mit tonalen bequemen Softbund &#8211; ohne Zwicken und Kneifen am Bauch! kleines SCHIESSER-Label an der Seitennaht in herrlich bequemer Feinripp-Qualit\u00e4t<br \/>\nin herrlich bequemer Feinripp-Qualit\u00e4t<br \/>\nVerschluss: Ohne Verschluss<\/p>\n","protected":false},"featured_media":13223,"comment_status":"open","ping_status":"closed","template":"","meta":[],"product_cat":[1083,132],"product_tag":[],"yoast_head":"<!-- This site is optimized with the Yoast SEO plugin v20.6 - https:\/\/yoast.com\/wordpress\/plugins\/seo\/ -->\n<title>Schiesser Jungen Unterw\u00e4sche (2er Pack) - FamilienMode<\/title>\n<meta name=\"robots\" content=\"index, follow, max-snippet:-1, max-image-preview:large, max-video-preview:-1\" \/>\n<link rel=\"canonical\" href=\"https:\/\/bekleidungscenter.com\/?product=schiesser-jungen-unterwaesche-2er-pack\" \/>\n<meta property=\"og:locale\" content=\"de_DE\" \/>\n<meta property=\"og:type\" content=\"article\" \/>\n<meta property=\"og:title\" content=\"Schiesser Jungen Unterw\u00e4sche (2er Pack) - FamilienMode\" \/>\n<meta property=\"og:description\" content=\"Slips f\u00fcr Jungen im praktischen Doppelpack aus der SCHIESSER-Serie &quot;Rat Henry&quot; dunkelblaues Modell mit Rat Henry als Drummer auf der R\u00fcckseite wei\u00dfe Variante mit dunkelblauen Allover-Muster als Gitarren und &quot;rock star&quot;-Prints beide Unterhosen mit tonalen bequemen Softbund - ohne Zwicken und Kneifen am Bauch! kleines SCHIESSER-Label an der Seitennaht in herrlich bequemer Feinripp-Qualit\u00e4t in herrlich bequemer Feinripp-Qualit\u00e4t Verschluss: Ohne Verschluss\" \/>\n<meta property=\"og:url\" content=\"https:\/\/bekleidungscenter.com\/?product=schiesser-jungen-unterwaesche-2er-pack\" \/>\n<meta property=\"og:site_name\" content=\"FamilienMode\" \/>\n<meta property=\"article:modified_time\" content=\"2023-04-10T22:51:58+00:00\" \/>\n<meta property=\"og:image\" content=\"https:\/\/images-na.ssl-images-amazon.com\/images\/I\/31AIBM8q9eL.jpg\" \/>\n\t<meta property=\"og:image:width\" content=\"500\" \/>\n\t<meta property=\"og:image:height\" content=\"500\" \/>\n\t<meta property=\"og:image:type\" content=\"image\/jpeg\" \/>\n<meta name=\"twitter:card\" content=\"summary_large_image\" \/>\n<meta name=\"twitter:label1\" content=\"Gesch\u00e4tzte Lesezeit\" \/>\n\t<meta name=\"twitter:data1\" content=\"1\u00a0Minute\" \/>\n<script type=\"application\/ld+json\" class=\"yoast-schema-graph\">{\"@context\":\"https:\/\/schema.org\",\"@graph\":[{\"@type\":\"WebPage\",\"@id\":\"https:\/\/bekleidungscenter.com\/?product=schiesser-jungen-unterwaesche-2er-pack\",\"url\":\"https:\/\/bekleidungscenter.com\/?product=schiesser-jungen-unterwaesche-2er-pack\",\"name\":\"Schiesser Jungen Unterw\u00e4sche (2er Pack) - FamilienMode\",\"isPartOf\":{\"@id\":\"https:\/\/bekleidungscenter.com\/#website\"},\"datePublished\":\"2021-01-04T06:46:35+00:00\",\"dateModified\":\"2023-04-10T22:51:58+00:00\",\"breadcrumb\":{\"@id\":\"https:\/\/bekleidungscenter.com\/?product=schiesser-jungen-unterwaesche-2er-pack#breadcrumb\"},\"inLanguage\":\"de\",\"potentialAction\":[{\"@type\":\"ReadAction\",\"target\":[\"https:\/\/bekleidungscenter.com\/?product=schiesser-jungen-unterwaesche-2er-pack\"]}]},{\"@type\":\"BreadcrumbList\",\"@id\":\"https:\/\/bekleidungscenter.com\/?product=schiesser-jungen-unterwaesche-2er-pack#breadcrumb\",\"itemListElement\":[{\"@type\":\"ListItem\",\"position\":1,\"name\":\"Home\",\"item\":\"https:\/\/bekleidungscenter.com\/\"},{\"@type\":\"ListItem\",\"position\":2,\"name\":\"Shop\",\"item\":\"https:\/\/bekleidungscenter.com\/?page_id=7\"},{\"@type\":\"ListItem\",\"position\":3,\"name\":\"Schiesser Jungen Unterw\u00e4sche (2er Pack)\"}]},{\"@type\":\"WebSite\",\"@id\":\"https:\/\/bekleidungscenter.com\/#website\",\"url\":\"https:\/\/bekleidungscenter.com\/\",\"name\":\"FamilienMode\",\"description\":\"Alles f\u00fcr die ganze Familie\",\"potentialAction\":[{\"@type\":\"SearchAction\",\"target\":{\"@type\":\"EntryPoint\",\"urlTemplate\":\"https:\/\/bekleidungscenter.com\/?s={search_term_string}\"},\"query-input\":\"required name=search_term_string\"}],\"inLanguage\":\"de\"}]}<\/script>\n<!-- \/ Yoast SEO plugin. -->","yoast_head_json":{"title":"Schiesser Jungen Unterw\u00e4sche (2er Pack) - FamilienMode","robots":{"index":"index","follow":"follow","max-snippet":"max-snippet:-1","max-image-preview":"max-image-preview:large","max-video-preview":"max-video-preview:-1"},"canonical":"https:\/\/bekleidungscenter.com\/?product=schiesser-jungen-unterwaesche-2er-pack","og_locale":"de_DE","og_type":"article","og_title":"Schiesser Jungen Unterw\u00e4sche (2er Pack) - FamilienMode","og_description":"Slips f\u00fcr Jungen im praktischen Doppelpack aus der SCHIESSER-Serie \"Rat Henry\" dunkelblaues Modell mit Rat Henry als Drummer auf der R\u00fcckseite wei\u00dfe Variante mit dunkelblauen Allover-Muster als Gitarren und \"rock star\"-Prints beide Unterhosen mit tonalen bequemen Softbund - ohne Zwicken und Kneifen am Bauch! kleines SCHIESSER-Label an der Seitennaht in herrlich bequemer Feinripp-Qualit\u00e4t in herrlich bequemer Feinripp-Qualit\u00e4t Verschluss: Ohne Verschluss","og_url":"https:\/\/bekleidungscenter.com\/?product=schiesser-jungen-unterwaesche-2er-pack","og_site_name":"FamilienMode","article_modified_time":"2023-04-10T22:51:58+00:00","og_image":[{"width":500,"height":500,"url":"https:\/\/images-na.ssl-images-amazon.com\/images\/I\/31AIBM8q9eL.jpg","type":"image\/jpeg"}],"twitter_card":"summary_large_image","twitter_misc":{"Gesch\u00e4tzte Lesezeit":"1\u00a0Minute"},"schema":{"@context":"https:\/\/schema.org","@graph":[{"@type":"WebPage","@id":"https:\/\/bekleidungscenter.com\/?product=schiesser-jungen-unterwaesche-2er-pack","url":"https:\/\/bekleidungscenter.com\/?product=schiesser-jungen-unterwaesche-2er-pack","name":"Schiesser Jungen Unterw\u00e4sche (2er Pack) - FamilienMode","isPartOf":{"@id":"https:\/\/bekleidungscenter.com\/#website"},"datePublished":"2021-01-04T06:46:35+00:00","dateModified":"2023-04-10T22:51:58+00:00","breadcrumb":{"@id":"https:\/\/bekleidungscenter.com\/?product=schiesser-jungen-unterwaesche-2er-pack#breadcrumb"},"inLanguage":"de","potentialAction":[{"@type":"ReadAction","target":["https:\/\/bekleidungscenter.com\/?product=schiesser-jungen-unterwaesche-2er-pack"]}]},{"@type":"BreadcrumbList","@id":"https:\/\/bekleidungscenter.com\/?product=schiesser-jungen-unterwaesche-2er-pack#breadcrumb","itemListElement":[{"@type":"ListItem","position":1,"name":"Home","item":"https:\/\/bekleidungscenter.com\/"},{"@type":"ListItem","position":2,"name":"Shop","item":"https:\/\/bekleidungscenter.com\/?page_id=7"},{"@type":"ListItem","position":3,"name":"Schiesser Jungen Unterw\u00e4sche (2er Pack)"}]},{"@type":"WebSite","@id":"https:\/\/bekleidungscenter.com\/#website","url":"https:\/\/bekleidungscenter.com\/","name":"FamilienMode","description":"Alles f\u00fcr die ganze Familie","potentialAction":[{"@type":"SearchAction","target":{"@type":"EntryPoint","urlTemplate":"https:\/\/bekleidungscenter.com\/?s={search_term_string}"},"query-input":"required name=search_term_string"}],"inLanguage":"de"}]}},"_links":{"self":[{"href":"https:\/\/bekleidungscenter.com\/index.php?rest_route=\/wp\/v2\/product\/13221"}],"collection":[{"href":"https:\/\/bekleidungscenter.com\/index.php?rest_route=\/wp\/v2\/product"}],"about":[{"href":"https:\/\/bekleidungscenter.com\/index.php?rest_route=\/wp\/v2\/types\/product"}],"replies":[{"embeddable":true,"href":"https:\/\/bekleidungscenter.com\/index.php?rest_route=%2Fwp%2Fv2%2Fcomments&post=13221"}],"wp:featuredmedia":[{"embeddable":true,"href":"https:\/\/bekleidungscenter.com\/index.php?rest_route=\/wp\/v2\/media\/13223"}],"wp:attachment":[{"href":"https:\/\/bekleidungscenter.com\/index.php?rest_route=%2Fwp%2Fv2%2Fmedia&parent=13221"}],"wp:term":[{"taxonomy":"product_cat","embeddable":true,"href":"https:\/\/bekleidungscenter.com\/index.php?rest_route=%2Fwp%2Fv2%2Fproduct_cat&post=13221"},{"taxonomy":"product_tag","embeddable":true,"href":"https:\/\/bekleidungscenter.com\/index.php?rest_route=%2Fwp%2Fv2%2Fproduct_tag&post=13221"}],"curies":[{"name":"wp","href":"https:\/\/api.w.org\/{rel}","templated":true}]}}