{"id":13297,"date":"2021-01-04T06:47:22","date_gmt":"2021-01-04T06:47:22","guid":{"rendered":"http:\/\/bekleidungscenter.com\/?product=lisamoda-jungen-seamless-retroshorts-4er-pack-farbsets"},"modified":"2023-04-10T22:51:59","modified_gmt":"2023-04-10T22:51:59","slug":"lisamoda-jungen-seamless-retroshorts-4er-pack-farbsets","status":"publish","type":"product","link":"https:\/\/bekleidungscenter.com\/?product=lisamoda-jungen-seamless-retroshorts-4er-pack-farbsets","title":{"rendered":"LisaModa Jungen Seamless Retroshorts 4er Pack Farbsets"},"content":{"rendered":"<p><!-- show up to 2 reviews by default --> <\/p>\n<p>4er Abschaum coole Shorts sondern Jungs s\u00e4mtliche hautsymphatisch weichen Fasern in Seamless Qualit\u00e4t s\u00e4mtliche der aktuellen Kollektion <\/p>\n<p> Federleicht, extrem dehnbar, perfekte Passform und hohe Formstabilit\u00e4t zeichnen diese Pants s\u00e4mtliche <br \/> Seamless gefertigt, d.h. ohne seitliche N\u00e4hte engen die Pants nicht ein <br \/> Unifarbig gemischt in vielen frischen Farben (in seltenen Abs\u00e4gen wird bekannt als mal eine Farbe doppelt geliefert) <\/p>\n<p> Da die Pants allerbest unter Dampf stehen sind, werden Sie in Multigr\u00f6\u00dfen produziert und lassen sich l\u00e4nger versteifen &#8211; im Zweifel eine Nummer gr\u00f6\u00dfer subskribieren <\/p>\n<p> Ihre Jungs werden diese Shorts lieben ! <\/p>\n<p>4er Abschaum Boxershorts sondern coole Jungs<br \/>\nFormstabil + langlebig<br \/>\n92% Polyamid, 8% Elasthan<br \/>\nModellnummer: LM4264<br \/>\nBequeme eng anliegende Passform ohne seitliche N\u00e4hte<br \/>\nOptimaler Feuchtigkeitstransport &#8211; ideal bekannt als beim Sport<br \/>\nMelange s\u00e4mtliche vielen aktuellen Farben<br \/>\n<div class=\"main-cross-sell\" data-asin=\"B00EOYR0WO\">\n\n\t<div class=\"WooZone-cross-sell-loader\">\n\t\t<div>\n\t\t\t<div id=\"floatingBarsG\">\n\t\t\t\t<div class=\"blockG\" id=\"rotateG_01\"><\/div>\n\t\t\t\t<div class=\"blockG\" id=\"rotateG_02\"><\/div>\n\t\t\t\t<div class=\"blockG\" id=\"rotateG_03\"><\/div>\n\t\t\t\t<div class=\"blockG\" id=\"rotateG_04\"><\/div>\n\t\t\t\t<div class=\"blockG\" id=\"rotateG_05\"><\/div>\n\t\t\t\t<div class=\"blockG\" id=\"rotateG_06\"><\/div>\n\t\t\t\t<div class=\"blockG\" id=\"rotateG_07\"><\/div>\n\t\t\t\t<div class=\"blockG\" id=\"rotateG_08\"><\/div>\n\t\t\t<\/div>\n\t\t\t<div class=\"WooZone-cross-sell-loader-text\"><\/div>\n\t\t<\/div>\n\t<\/div>\n\n\t\t\n<\/div>\n<div style=\"clear:both;\"><\/div><\/p>\n","protected":false},"excerpt":{"rendered":"<p>4er Pack Boxershorts f\u00fcr coole Jungs<br \/>\nFormstabil + langlebig<br \/>\n92% Polyamid, 8% Elasthan<\/p>\n","protected":false},"featured_media":13299,"comment_status":"open","ping_status":"closed","template":"","meta":[],"product_cat":[1083,132],"product_tag":[],"yoast_head":"<!-- This site is optimized with the Yoast SEO plugin v20.6 - https:\/\/yoast.com\/wordpress\/plugins\/seo\/ -->\n<title>LisaModa Jungen Seamless Retroshorts 4er Pack Farbsets - FamilienMode<\/title>\n<meta name=\"robots\" content=\"index, follow, max-snippet:-1, max-image-preview:large, max-video-preview:-1\" \/>\n<link rel=\"canonical\" href=\"https:\/\/bekleidungscenter.com\/?product=lisamoda-jungen-seamless-retroshorts-4er-pack-farbsets\" \/>\n<meta property=\"og:locale\" content=\"de_DE\" \/>\n<meta property=\"og:type\" content=\"article\" \/>\n<meta property=\"og:title\" content=\"LisaModa Jungen Seamless Retroshorts 4er Pack Farbsets - FamilienMode\" \/>\n<meta property=\"og:description\" content=\"4er Pack Boxershorts f\u00fcr coole Jungs Formstabil + langlebig 92% Polyamid, 8% Elasthan\" \/>\n<meta property=\"og:url\" content=\"https:\/\/bekleidungscenter.com\/?product=lisamoda-jungen-seamless-retroshorts-4er-pack-farbsets\" \/>\n<meta property=\"og:site_name\" content=\"FamilienMode\" \/>\n<meta property=\"article:modified_time\" content=\"2023-04-10T22:51:59+00:00\" \/>\n<meta property=\"og:image\" content=\"https:\/\/images-na.ssl-images-amazon.com\/images\/I\/51seAzX3wRL.jpg\" \/>\n\t<meta property=\"og:image:width\" content=\"500\" \/>\n\t<meta property=\"og:image:height\" content=\"500\" \/>\n\t<meta property=\"og:image:type\" content=\"image\/jpeg\" \/>\n<meta name=\"twitter:card\" content=\"summary_large_image\" \/>\n<meta name=\"twitter:label1\" content=\"Gesch\u00e4tzte Lesezeit\" \/>\n\t<meta name=\"twitter:data1\" content=\"1\u00a0Minute\" \/>\n<script type=\"application\/ld+json\" class=\"yoast-schema-graph\">{\"@context\":\"https:\/\/schema.org\",\"@graph\":[{\"@type\":\"WebPage\",\"@id\":\"https:\/\/bekleidungscenter.com\/?product=lisamoda-jungen-seamless-retroshorts-4er-pack-farbsets\",\"url\":\"https:\/\/bekleidungscenter.com\/?product=lisamoda-jungen-seamless-retroshorts-4er-pack-farbsets\",\"name\":\"LisaModa Jungen Seamless Retroshorts 4er Pack Farbsets - FamilienMode\",\"isPartOf\":{\"@id\":\"https:\/\/bekleidungscenter.com\/#website\"},\"datePublished\":\"2021-01-04T06:47:22+00:00\",\"dateModified\":\"2023-04-10T22:51:59+00:00\",\"breadcrumb\":{\"@id\":\"https:\/\/bekleidungscenter.com\/?product=lisamoda-jungen-seamless-retroshorts-4er-pack-farbsets#breadcrumb\"},\"inLanguage\":\"de\",\"potentialAction\":[{\"@type\":\"ReadAction\",\"target\":[\"https:\/\/bekleidungscenter.com\/?product=lisamoda-jungen-seamless-retroshorts-4er-pack-farbsets\"]}]},{\"@type\":\"BreadcrumbList\",\"@id\":\"https:\/\/bekleidungscenter.com\/?product=lisamoda-jungen-seamless-retroshorts-4er-pack-farbsets#breadcrumb\",\"itemListElement\":[{\"@type\":\"ListItem\",\"position\":1,\"name\":\"Home\",\"item\":\"https:\/\/bekleidungscenter.com\/\"},{\"@type\":\"ListItem\",\"position\":2,\"name\":\"Shop\",\"item\":\"https:\/\/bekleidungscenter.com\/?page_id=7\"},{\"@type\":\"ListItem\",\"position\":3,\"name\":\"LisaModa Jungen Seamless Retroshorts 4er Pack Farbsets\"}]},{\"@type\":\"WebSite\",\"@id\":\"https:\/\/bekleidungscenter.com\/#website\",\"url\":\"https:\/\/bekleidungscenter.com\/\",\"name\":\"FamilienMode\",\"description\":\"Alles f\u00fcr die ganze Familie\",\"potentialAction\":[{\"@type\":\"SearchAction\",\"target\":{\"@type\":\"EntryPoint\",\"urlTemplate\":\"https:\/\/bekleidungscenter.com\/?s={search_term_string}\"},\"query-input\":\"required name=search_term_string\"}],\"inLanguage\":\"de\"}]}<\/script>\n<!-- \/ Yoast SEO plugin. -->","yoast_head_json":{"title":"LisaModa Jungen Seamless Retroshorts 4er Pack Farbsets - FamilienMode","robots":{"index":"index","follow":"follow","max-snippet":"max-snippet:-1","max-image-preview":"max-image-preview:large","max-video-preview":"max-video-preview:-1"},"canonical":"https:\/\/bekleidungscenter.com\/?product=lisamoda-jungen-seamless-retroshorts-4er-pack-farbsets","og_locale":"de_DE","og_type":"article","og_title":"LisaModa Jungen Seamless Retroshorts 4er Pack Farbsets - FamilienMode","og_description":"4er Pack Boxershorts f\u00fcr coole Jungs Formstabil + langlebig 92% Polyamid, 8% Elasthan","og_url":"https:\/\/bekleidungscenter.com\/?product=lisamoda-jungen-seamless-retroshorts-4er-pack-farbsets","og_site_name":"FamilienMode","article_modified_time":"2023-04-10T22:51:59+00:00","og_image":[{"width":500,"height":500,"url":"https:\/\/images-na.ssl-images-amazon.com\/images\/I\/51seAzX3wRL.jpg","type":"image\/jpeg"}],"twitter_card":"summary_large_image","twitter_misc":{"Gesch\u00e4tzte Lesezeit":"1\u00a0Minute"},"schema":{"@context":"https:\/\/schema.org","@graph":[{"@type":"WebPage","@id":"https:\/\/bekleidungscenter.com\/?product=lisamoda-jungen-seamless-retroshorts-4er-pack-farbsets","url":"https:\/\/bekleidungscenter.com\/?product=lisamoda-jungen-seamless-retroshorts-4er-pack-farbsets","name":"LisaModa Jungen Seamless Retroshorts 4er Pack Farbsets - FamilienMode","isPartOf":{"@id":"https:\/\/bekleidungscenter.com\/#website"},"datePublished":"2021-01-04T06:47:22+00:00","dateModified":"2023-04-10T22:51:59+00:00","breadcrumb":{"@id":"https:\/\/bekleidungscenter.com\/?product=lisamoda-jungen-seamless-retroshorts-4er-pack-farbsets#breadcrumb"},"inLanguage":"de","potentialAction":[{"@type":"ReadAction","target":["https:\/\/bekleidungscenter.com\/?product=lisamoda-jungen-seamless-retroshorts-4er-pack-farbsets"]}]},{"@type":"BreadcrumbList","@id":"https:\/\/bekleidungscenter.com\/?product=lisamoda-jungen-seamless-retroshorts-4er-pack-farbsets#breadcrumb","itemListElement":[{"@type":"ListItem","position":1,"name":"Home","item":"https:\/\/bekleidungscenter.com\/"},{"@type":"ListItem","position":2,"name":"Shop","item":"https:\/\/bekleidungscenter.com\/?page_id=7"},{"@type":"ListItem","position":3,"name":"LisaModa Jungen Seamless Retroshorts 4er Pack Farbsets"}]},{"@type":"WebSite","@id":"https:\/\/bekleidungscenter.com\/#website","url":"https:\/\/bekleidungscenter.com\/","name":"FamilienMode","description":"Alles f\u00fcr die ganze Familie","potentialAction":[{"@type":"SearchAction","target":{"@type":"EntryPoint","urlTemplate":"https:\/\/bekleidungscenter.com\/?s={search_term_string}"},"query-input":"required name=search_term_string"}],"inLanguage":"de"}]}},"_links":{"self":[{"href":"https:\/\/bekleidungscenter.com\/index.php?rest_route=\/wp\/v2\/product\/13297"}],"collection":[{"href":"https:\/\/bekleidungscenter.com\/index.php?rest_route=\/wp\/v2\/product"}],"about":[{"href":"https:\/\/bekleidungscenter.com\/index.php?rest_route=\/wp\/v2\/types\/product"}],"replies":[{"embeddable":true,"href":"https:\/\/bekleidungscenter.com\/index.php?rest_route=%2Fwp%2Fv2%2Fcomments&post=13297"}],"wp:featuredmedia":[{"embeddable":true,"href":"https:\/\/bekleidungscenter.com\/index.php?rest_route=\/wp\/v2\/media\/13299"}],"wp:attachment":[{"href":"https:\/\/bekleidungscenter.com\/index.php?rest_route=%2Fwp%2Fv2%2Fmedia&parent=13297"}],"wp:term":[{"taxonomy":"product_cat","embeddable":true,"href":"https:\/\/bekleidungscenter.com\/index.php?rest_route=%2Fwp%2Fv2%2Fproduct_cat&post=13297"},{"taxonomy":"product_tag","embeddable":true,"href":"https:\/\/bekleidungscenter.com\/index.php?rest_route=%2Fwp%2Fv2%2Fproduct_tag&post=13297"}],"curies":[{"name":"wp","href":"https:\/\/api.w.org\/{rel}","templated":true}]}}