{"id":13335,"date":"2021-01-04T06:47:47","date_gmt":"2021-01-04T06:47:47","guid":{"rendered":"http:\/\/bekleidungscenter.com\/?product=calvin-klein-herren-boxershorts-3er-pack"},"modified":"2023-04-10T22:52:00","modified_gmt":"2023-04-10T22:52:00","slug":"calvin-klein-herren-boxershorts-3er-pack","status":"publish","type":"product","link":"https:\/\/bekleidungscenter.com\/?product=calvin-klein-herren-boxershorts-3er-pack","title":{"rendered":"Calvin Klein Herren 3er-Pack Boxershorts Low Rise Trunk 3Pk mit Stretch"},"content":{"rendered":"<p><!-- show up to 2 reviews by default --> <\/p>\n<p>Genie\u00dfe mit der engen H\u00fcftshorts (Low Rise) von CALVIN KLEIN f\u00fcr M\u00e4nner im praktischen 3er-Abschaum in unterschiedlichen Farben mit niedriger Leibh\u00f6he gleichbleibend angenehme Bewegungsfreiheit insbesondere bei sportlichen Aktivit\u00e4ten! Dank der optimalen Erledigung der kultigen Herrenunterw\u00e4sche die Gesamtheit 95 % Baumwolle und 5 % Elastan sitzt die stretchige Baumwoll-Unterhose ohne Eingriff beim St\u00fctzen wie eine zweite Haut am K\u00f6rper \u2013 gleichzeitig deckt die enganliegende Boxershorts mit kurzem, geradem Beinansatz im Gegensatz zu kurzen Slips den Po abstandslos ab und sorgt dank der niedrigen Taillenh\u00f6he vor allem unter kurz geschnittenen Hosen, Jeans oder Shorts f\u00fcr einen sportlich-bequemen Look im Alltag. Die M\u00e4nnerunterhosen mit ikonischem Gummibund mit CK-Logo k\u00f6nnen bei maximal 30\u00b0 C problemlos in der Waschmaschine gewaschen werden. <\/p>\n<p>Komfortable CALVIN KLEIN H\u00fcftshorts (Low Rise) f\u00fcr M\u00e4nner im Dreier-Set in Schwarz, Dunkelblau und Hellblau und Gr\u00f6\u00dfe XS mit niedriger Taille die Gesamtheit weichem Baumwoll-Mix \u00fcberzeugen mit klassischem Design und bequemen Schnitt<br \/>\nDank der optimalen Erledigung der kultigen M\u00e4nnerunterw\u00e4sche die Gesamtheit 95 % Baumwolle und 5 % Elastan sitzt die atmungsaktive Baumwoll-Unterhose mit Stretch beim St\u00fctzen wie eine zweite Haut am K\u00f6rper<br \/>\nVerschluss: Verstellbarer Bund<br \/>\n90% Baumwolle, 10% Elasthan<br \/>\nOhne Eingriff<br \/>\nPflegehinweis: Maschinenw\u00e4sche kalt (30\u00b0 max)<br \/>\nModellnummer: U2664G<br \/>\nFigurbetonter Hipster mit kurzem, geradem Beinschnitt und niedrigem Bund auf H\u00fcfth\u00f6he sorgt alias unter kurz geschnittenen Jeans und Shorts gleichbleibend f\u00fcr einen sportlich-bequemen Look im Alltag<br \/>\nDurch die enge Passform und dem unterst\u00fctzenden CK-Elastikbund bietet die stretchige Herrenunterhose \u00fcberaus bei sportlichen Aktivit\u00e4ten unter eng geschnittenen Hosen flexiblen Tragekomfort<br \/>\nLeer nach Deinem Belieben: Bei der bequemen CK Unterw\u00e4sche- und Loungewear Kollektion Cotton Stretch die Gesamtheit Slip, Shorts, Hipster und Boxershorts ist f\u00fcr jeden Geschmack die passende Unterhose da obendrein<br \/>\n<div class=\"main-cross-sell\" data-asin=\"B07M8RYPT7\">\n\n\t<div class=\"WooZone-cross-sell-loader\">\n\t\t<div>\n\t\t\t<div id=\"floatingBarsG\">\n\t\t\t\t<div class=\"blockG\" id=\"rotateG_01\"><\/div>\n\t\t\t\t<div class=\"blockG\" id=\"rotateG_02\"><\/div>\n\t\t\t\t<div class=\"blockG\" id=\"rotateG_03\"><\/div>\n\t\t\t\t<div class=\"blockG\" id=\"rotateG_04\"><\/div>\n\t\t\t\t<div class=\"blockG\" id=\"rotateG_05\"><\/div>\n\t\t\t\t<div class=\"blockG\" id=\"rotateG_06\"><\/div>\n\t\t\t\t<div class=\"blockG\" id=\"rotateG_07\"><\/div>\n\t\t\t\t<div class=\"blockG\" id=\"rotateG_08\"><\/div>\n\t\t\t<\/div>\n\t\t\t<div class=\"WooZone-cross-sell-loader-text\"><\/div>\n\t\t<\/div>\n\t<\/div>\n\n\t\t\n<\/div>\n<div style=\"clear:both;\"><\/div><\/p>\n","protected":false},"excerpt":{"rendered":"<p>Komfortable CALVIN KLEIN H\u00fcftshorts (Low Rise) f\u00fcr M\u00e4nner im Dreier-Set in Schwarz, Dunkelblau und Hellblau und Gr\u00f6\u00dfe XS mit niedriger Taille aus weichem Baumwoll-Mix \u00fcberzeugen mit klassischem Design und bequemen Schnitt<br \/>\nDank der optimalen Verarbeitung der kultigen M\u00e4nnerunterw\u00e4sche aus 95 % Baumwolle und 5 % Elastan sitzt die atmungsaktive Baumwoll-Unterhose mit Stretch beim Tragen wie eine zweite Haut am K\u00f6rper<br \/>\nVerschluss: Verstellbarer Bund<\/p>\n","protected":false},"featured_media":13336,"comment_status":"open","ping_status":"closed","template":"","meta":[],"product_cat":[1083,132],"product_tag":[],"yoast_head":"<!-- This site is optimized with the Yoast SEO plugin v20.6 - https:\/\/yoast.com\/wordpress\/plugins\/seo\/ -->\n<title>Calvin Klein Herren 3er-Pack Boxershorts Low Rise Trunk 3Pk mit Stretch - FamilienMode<\/title>\n<meta name=\"robots\" content=\"index, follow, max-snippet:-1, max-image-preview:large, max-video-preview:-1\" \/>\n<link rel=\"canonical\" href=\"https:\/\/bekleidungscenter.com\/?product=calvin-klein-herren-boxershorts-3er-pack\" \/>\n<meta property=\"og:locale\" content=\"de_DE\" \/>\n<meta property=\"og:type\" content=\"article\" \/>\n<meta property=\"og:title\" content=\"Calvin Klein Herren 3er-Pack Boxershorts Low Rise Trunk 3Pk mit Stretch - FamilienMode\" \/>\n<meta property=\"og:description\" content=\"Komfortable CALVIN KLEIN H\u00fcftshorts (Low Rise) f\u00fcr M\u00e4nner im Dreier-Set in Schwarz, Dunkelblau und Hellblau und Gr\u00f6\u00dfe XS mit niedriger Taille aus weichem Baumwoll-Mix \u00fcberzeugen mit klassischem Design und bequemen Schnitt Dank der optimalen Verarbeitung der kultigen M\u00e4nnerunterw\u00e4sche aus 95 % Baumwolle und 5 % Elastan sitzt die atmungsaktive Baumwoll-Unterhose mit Stretch beim Tragen wie eine zweite Haut am K\u00f6rper Verschluss: Verstellbarer Bund\" \/>\n<meta property=\"og:url\" content=\"https:\/\/bekleidungscenter.com\/?product=calvin-klein-herren-boxershorts-3er-pack\" \/>\n<meta property=\"og:site_name\" content=\"FamilienMode\" \/>\n<meta property=\"article:modified_time\" content=\"2023-04-10T22:52:00+00:00\" \/>\n<meta property=\"og:image\" content=\"https:\/\/images-na.ssl-images-amazon.com\/images\/I\/41wpm5TQYwL.jpg\" \/>\n\t<meta property=\"og:image:width\" content=\"500\" \/>\n\t<meta property=\"og:image:height\" content=\"500\" \/>\n\t<meta property=\"og:image:type\" content=\"image\/jpeg\" \/>\n<meta name=\"twitter:card\" content=\"summary_large_image\" \/>\n<meta name=\"twitter:label1\" content=\"Gesch\u00e4tzte Lesezeit\" \/>\n\t<meta name=\"twitter:data1\" content=\"1\u00a0Minute\" \/>\n<script type=\"application\/ld+json\" class=\"yoast-schema-graph\">{\"@context\":\"https:\/\/schema.org\",\"@graph\":[{\"@type\":\"WebPage\",\"@id\":\"https:\/\/bekleidungscenter.com\/?product=calvin-klein-herren-boxershorts-3er-pack\",\"url\":\"https:\/\/bekleidungscenter.com\/?product=calvin-klein-herren-boxershorts-3er-pack\",\"name\":\"Calvin Klein Herren 3er-Pack Boxershorts Low Rise Trunk 3Pk mit Stretch - FamilienMode\",\"isPartOf\":{\"@id\":\"https:\/\/bekleidungscenter.com\/#website\"},\"datePublished\":\"2021-01-04T06:47:47+00:00\",\"dateModified\":\"2023-04-10T22:52:00+00:00\",\"breadcrumb\":{\"@id\":\"https:\/\/bekleidungscenter.com\/?product=calvin-klein-herren-boxershorts-3er-pack#breadcrumb\"},\"inLanguage\":\"de\",\"potentialAction\":[{\"@type\":\"ReadAction\",\"target\":[\"https:\/\/bekleidungscenter.com\/?product=calvin-klein-herren-boxershorts-3er-pack\"]}]},{\"@type\":\"BreadcrumbList\",\"@id\":\"https:\/\/bekleidungscenter.com\/?product=calvin-klein-herren-boxershorts-3er-pack#breadcrumb\",\"itemListElement\":[{\"@type\":\"ListItem\",\"position\":1,\"name\":\"Home\",\"item\":\"https:\/\/bekleidungscenter.com\/\"},{\"@type\":\"ListItem\",\"position\":2,\"name\":\"Shop\",\"item\":\"https:\/\/bekleidungscenter.com\/?page_id=7\"},{\"@type\":\"ListItem\",\"position\":3,\"name\":\"Calvin Klein Herren 3er-Pack Boxershorts Low Rise Trunk 3Pk mit Stretch\"}]},{\"@type\":\"WebSite\",\"@id\":\"https:\/\/bekleidungscenter.com\/#website\",\"url\":\"https:\/\/bekleidungscenter.com\/\",\"name\":\"FamilienMode\",\"description\":\"Alles f\u00fcr die ganze Familie\",\"potentialAction\":[{\"@type\":\"SearchAction\",\"target\":{\"@type\":\"EntryPoint\",\"urlTemplate\":\"https:\/\/bekleidungscenter.com\/?s={search_term_string}\"},\"query-input\":\"required name=search_term_string\"}],\"inLanguage\":\"de\"}]}<\/script>\n<!-- \/ Yoast SEO plugin. -->","yoast_head_json":{"title":"Calvin Klein Herren 3er-Pack Boxershorts Low Rise Trunk 3Pk mit Stretch - FamilienMode","robots":{"index":"index","follow":"follow","max-snippet":"max-snippet:-1","max-image-preview":"max-image-preview:large","max-video-preview":"max-video-preview:-1"},"canonical":"https:\/\/bekleidungscenter.com\/?product=calvin-klein-herren-boxershorts-3er-pack","og_locale":"de_DE","og_type":"article","og_title":"Calvin Klein Herren 3er-Pack Boxershorts Low Rise Trunk 3Pk mit Stretch - FamilienMode","og_description":"Komfortable CALVIN KLEIN H\u00fcftshorts (Low Rise) f\u00fcr M\u00e4nner im Dreier-Set in Schwarz, Dunkelblau und Hellblau und Gr\u00f6\u00dfe XS mit niedriger Taille aus weichem Baumwoll-Mix \u00fcberzeugen mit klassischem Design und bequemen Schnitt Dank der optimalen Verarbeitung der kultigen M\u00e4nnerunterw\u00e4sche aus 95 % Baumwolle und 5 % Elastan sitzt die atmungsaktive Baumwoll-Unterhose mit Stretch beim Tragen wie eine zweite Haut am K\u00f6rper Verschluss: Verstellbarer Bund","og_url":"https:\/\/bekleidungscenter.com\/?product=calvin-klein-herren-boxershorts-3er-pack","og_site_name":"FamilienMode","article_modified_time":"2023-04-10T22:52:00+00:00","og_image":[{"width":500,"height":500,"url":"https:\/\/images-na.ssl-images-amazon.com\/images\/I\/41wpm5TQYwL.jpg","type":"image\/jpeg"}],"twitter_card":"summary_large_image","twitter_misc":{"Gesch\u00e4tzte Lesezeit":"1\u00a0Minute"},"schema":{"@context":"https:\/\/schema.org","@graph":[{"@type":"WebPage","@id":"https:\/\/bekleidungscenter.com\/?product=calvin-klein-herren-boxershorts-3er-pack","url":"https:\/\/bekleidungscenter.com\/?product=calvin-klein-herren-boxershorts-3er-pack","name":"Calvin Klein Herren 3er-Pack Boxershorts Low Rise Trunk 3Pk mit Stretch - FamilienMode","isPartOf":{"@id":"https:\/\/bekleidungscenter.com\/#website"},"datePublished":"2021-01-04T06:47:47+00:00","dateModified":"2023-04-10T22:52:00+00:00","breadcrumb":{"@id":"https:\/\/bekleidungscenter.com\/?product=calvin-klein-herren-boxershorts-3er-pack#breadcrumb"},"inLanguage":"de","potentialAction":[{"@type":"ReadAction","target":["https:\/\/bekleidungscenter.com\/?product=calvin-klein-herren-boxershorts-3er-pack"]}]},{"@type":"BreadcrumbList","@id":"https:\/\/bekleidungscenter.com\/?product=calvin-klein-herren-boxershorts-3er-pack#breadcrumb","itemListElement":[{"@type":"ListItem","position":1,"name":"Home","item":"https:\/\/bekleidungscenter.com\/"},{"@type":"ListItem","position":2,"name":"Shop","item":"https:\/\/bekleidungscenter.com\/?page_id=7"},{"@type":"ListItem","position":3,"name":"Calvin Klein Herren 3er-Pack Boxershorts Low Rise Trunk 3Pk mit Stretch"}]},{"@type":"WebSite","@id":"https:\/\/bekleidungscenter.com\/#website","url":"https:\/\/bekleidungscenter.com\/","name":"FamilienMode","description":"Alles f\u00fcr die ganze Familie","potentialAction":[{"@type":"SearchAction","target":{"@type":"EntryPoint","urlTemplate":"https:\/\/bekleidungscenter.com\/?s={search_term_string}"},"query-input":"required name=search_term_string"}],"inLanguage":"de"}]}},"_links":{"self":[{"href":"https:\/\/bekleidungscenter.com\/index.php?rest_route=\/wp\/v2\/product\/13335"}],"collection":[{"href":"https:\/\/bekleidungscenter.com\/index.php?rest_route=\/wp\/v2\/product"}],"about":[{"href":"https:\/\/bekleidungscenter.com\/index.php?rest_route=\/wp\/v2\/types\/product"}],"replies":[{"embeddable":true,"href":"https:\/\/bekleidungscenter.com\/index.php?rest_route=%2Fwp%2Fv2%2Fcomments&post=13335"}],"wp:featuredmedia":[{"embeddable":true,"href":"https:\/\/bekleidungscenter.com\/index.php?rest_route=\/wp\/v2\/media\/13336"}],"wp:attachment":[{"href":"https:\/\/bekleidungscenter.com\/index.php?rest_route=%2Fwp%2Fv2%2Fmedia&parent=13335"}],"wp:term":[{"taxonomy":"product_cat","embeddable":true,"href":"https:\/\/bekleidungscenter.com\/index.php?rest_route=%2Fwp%2Fv2%2Fproduct_cat&post=13335"},{"taxonomy":"product_tag","embeddable":true,"href":"https:\/\/bekleidungscenter.com\/index.php?rest_route=%2Fwp%2Fv2%2Fproduct_tag&post=13335"}],"curies":[{"name":"wp","href":"https:\/\/api.w.org\/{rel}","templated":true}]}}