{"id":13352,"date":"2021-01-04T06:47:59","date_gmt":"2021-01-04T06:47:59","guid":{"rendered":"http:\/\/bekleidungscenter.com\/?product=sgs-5-10-unterhosen-jungen-boxershorts-jungs-boxershort-kinder"},"modified":"2023-04-10T22:52:01","modified_gmt":"2023-04-10T22:52:01","slug":"sgs-5-10-unterhosen-jungen-boxershorts-jungs-boxershort-kinder","status":"publish","type":"product","link":"https:\/\/bekleidungscenter.com\/?product=sgs-5-10-unterhosen-jungen-boxershorts-jungs-boxershort-kinder","title":{"rendered":"10er Boxershorts Pack Jungen Unterhosen Baumwolle Kinderunterw\u00e4sche Set"},"content":{"rendered":"<p>\u27a4 JUNGEN UNTERHOSEN: Die Webboxer Boxershorts schenken dank des leichten, elastischen Materials hohen Komfort und sind w\u00e4hrend enorm strapazierf\u00e4hig.<br \/>\n\u27a4 KOMFORTABLER GUMMIBUND: Der Komfortbund bietet einen festen Sitz ohne zu verrutschen. Auf dem rein schwarzen Zusammenschluss befindet sich kein Aufdruck um das klassische Design der Webboxer anstelle Jungen zu erhalten.<br \/>\nVerschluss: elastischem gummibund<br \/>\nSchwarz: 95% Baumwolle 5% Elasthan, Vorsintflutlich Meliert: 50% Baumwolle 45% Polyester 5% Elasthan<br \/>\nPflegehinweis: Maschinenw\u00e4sche<br \/>\n\u27a4 STANDARD-GR\u00d6\u00dfEN: Die Gr\u00f6\u00dfen der Boxershorts American Style niedergehen als angegeben jeder und entsprechen dem deutschen Standard anstelle Boxershorts anstelle Kinder in 128. Bei den Bildern finden Sie eine Gr\u00f6\u00dfentabelle!!!<br \/>\n\u27a4 BEWEGUNGSFREIHEIT: Das Retroshorts Set t\u00e4gt sich d&#8217;accord beim; Fu\u00dfball spielen, klettern, Drau\u00dfen mit Freunden spielen, dem Sport etc.<br \/>\n\u27a4 STYLISCH: Das Schwarz und Vorsintflutlich der Webboxershorts anstelle Kinder ist passt farblich fortw\u00e4hrend zum Outfit und ist vielseitig kombinierbar.<br \/>\n<div class=\"main-cross-sell\" data-asin=\"B079HV8JXL\">\n\n\t<div class=\"WooZone-cross-sell-loader\">\n\t\t<div>\n\t\t\t<div id=\"floatingBarsG\">\n\t\t\t\t<div class=\"blockG\" id=\"rotateG_01\"><\/div>\n\t\t\t\t<div class=\"blockG\" id=\"rotateG_02\"><\/div>\n\t\t\t\t<div class=\"blockG\" id=\"rotateG_03\"><\/div>\n\t\t\t\t<div class=\"blockG\" id=\"rotateG_04\"><\/div>\n\t\t\t\t<div class=\"blockG\" id=\"rotateG_05\"><\/div>\n\t\t\t\t<div class=\"blockG\" id=\"rotateG_06\"><\/div>\n\t\t\t\t<div class=\"blockG\" id=\"rotateG_07\"><\/div>\n\t\t\t\t<div class=\"blockG\" id=\"rotateG_08\"><\/div>\n\t\t\t<\/div>\n\t\t\t<div class=\"WooZone-cross-sell-loader-text\"><\/div>\n\t\t<\/div>\n\t<\/div>\n\n\t\t\n<\/div>\n<div style=\"clear:both;\"><\/div><\/p>\n","protected":false},"excerpt":{"rendered":"<p>\u27a4 JUNGEN UNTERHOSEN: Die Webboxer Boxershorts schenken dank des leichten, elastischen Materials hohen Komfort und sind dabei sehr strapazierf\u00e4hig.<br \/>\n\u27a4 KOMFORTABLER GUMMIBUND: Der Komfortbund bietet einen festen Sitz ohne zu verrutschen. Auf dem rein schwarzen Bund befindet sich kein Aufdruck um das klassische Design der Webboxer f\u00fcr Jungen zu erhalten.<br \/>\nVerschluss: elastischem gummibund<\/p>\n","protected":false},"featured_media":13353,"comment_status":"open","ping_status":"closed","template":"","meta":[],"product_cat":[1083,132],"product_tag":[],"yoast_head":"<!-- This site is optimized with the Yoast SEO plugin v20.6 - https:\/\/yoast.com\/wordpress\/plugins\/seo\/ -->\n<title>10er Boxershorts Pack Jungen Unterhosen Baumwolle Kinderunterw\u00e4sche Set - FamilienMode<\/title>\n<meta name=\"robots\" content=\"index, follow, max-snippet:-1, max-image-preview:large, max-video-preview:-1\" \/>\n<link rel=\"canonical\" href=\"https:\/\/bekleidungscenter.com\/?product=sgs-5-10-unterhosen-jungen-boxershorts-jungs-boxershort-kinder\" \/>\n<meta property=\"og:locale\" content=\"de_DE\" \/>\n<meta property=\"og:type\" content=\"article\" \/>\n<meta property=\"og:title\" content=\"10er Boxershorts Pack Jungen Unterhosen Baumwolle Kinderunterw\u00e4sche Set - FamilienMode\" \/>\n<meta property=\"og:description\" content=\"\u27a4 JUNGEN UNTERHOSEN: Die Webboxer Boxershorts schenken dank des leichten, elastischen Materials hohen Komfort und sind dabei sehr strapazierf\u00e4hig. \u27a4 KOMFORTABLER GUMMIBUND: Der Komfortbund bietet einen festen Sitz ohne zu verrutschen. Auf dem rein schwarzen Bund befindet sich kein Aufdruck um das klassische Design der Webboxer f\u00fcr Jungen zu erhalten. Verschluss: elastischem gummibund\" \/>\n<meta property=\"og:url\" content=\"https:\/\/bekleidungscenter.com\/?product=sgs-5-10-unterhosen-jungen-boxershorts-jungs-boxershort-kinder\" \/>\n<meta property=\"og:site_name\" content=\"FamilienMode\" \/>\n<meta property=\"article:modified_time\" content=\"2023-04-10T22:52:01+00:00\" \/>\n<meta property=\"og:image\" content=\"https:\/\/images-na.ssl-images-amazon.com\/images\/I\/510BfHU2SeL.jpg\" \/>\n\t<meta property=\"og:image:width\" content=\"500\" \/>\n\t<meta property=\"og:image:height\" content=\"500\" \/>\n\t<meta property=\"og:image:type\" content=\"image\/jpeg\" \/>\n<meta name=\"twitter:card\" content=\"summary_large_image\" \/>\n<meta name=\"twitter:label1\" content=\"Gesch\u00e4tzte Lesezeit\" \/>\n\t<meta name=\"twitter:data1\" content=\"1\u00a0Minute\" \/>\n<script type=\"application\/ld+json\" class=\"yoast-schema-graph\">{\"@context\":\"https:\/\/schema.org\",\"@graph\":[{\"@type\":\"WebPage\",\"@id\":\"https:\/\/bekleidungscenter.com\/?product=sgs-5-10-unterhosen-jungen-boxershorts-jungs-boxershort-kinder\",\"url\":\"https:\/\/bekleidungscenter.com\/?product=sgs-5-10-unterhosen-jungen-boxershorts-jungs-boxershort-kinder\",\"name\":\"10er Boxershorts Pack Jungen Unterhosen Baumwolle Kinderunterw\u00e4sche Set - FamilienMode\",\"isPartOf\":{\"@id\":\"https:\/\/bekleidungscenter.com\/#website\"},\"datePublished\":\"2021-01-04T06:47:59+00:00\",\"dateModified\":\"2023-04-10T22:52:01+00:00\",\"breadcrumb\":{\"@id\":\"https:\/\/bekleidungscenter.com\/?product=sgs-5-10-unterhosen-jungen-boxershorts-jungs-boxershort-kinder#breadcrumb\"},\"inLanguage\":\"de\",\"potentialAction\":[{\"@type\":\"ReadAction\",\"target\":[\"https:\/\/bekleidungscenter.com\/?product=sgs-5-10-unterhosen-jungen-boxershorts-jungs-boxershort-kinder\"]}]},{\"@type\":\"BreadcrumbList\",\"@id\":\"https:\/\/bekleidungscenter.com\/?product=sgs-5-10-unterhosen-jungen-boxershorts-jungs-boxershort-kinder#breadcrumb\",\"itemListElement\":[{\"@type\":\"ListItem\",\"position\":1,\"name\":\"Home\",\"item\":\"https:\/\/bekleidungscenter.com\/\"},{\"@type\":\"ListItem\",\"position\":2,\"name\":\"Shop\",\"item\":\"https:\/\/bekleidungscenter.com\/?page_id=7\"},{\"@type\":\"ListItem\",\"position\":3,\"name\":\"10er Boxershorts Pack Jungen Unterhosen Baumwolle Kinderunterw\u00e4sche Set\"}]},{\"@type\":\"WebSite\",\"@id\":\"https:\/\/bekleidungscenter.com\/#website\",\"url\":\"https:\/\/bekleidungscenter.com\/\",\"name\":\"FamilienMode\",\"description\":\"Alles f\u00fcr die ganze Familie\",\"potentialAction\":[{\"@type\":\"SearchAction\",\"target\":{\"@type\":\"EntryPoint\",\"urlTemplate\":\"https:\/\/bekleidungscenter.com\/?s={search_term_string}\"},\"query-input\":\"required name=search_term_string\"}],\"inLanguage\":\"de\"}]}<\/script>\n<!-- \/ Yoast SEO plugin. -->","yoast_head_json":{"title":"10er Boxershorts Pack Jungen Unterhosen Baumwolle Kinderunterw\u00e4sche Set - FamilienMode","robots":{"index":"index","follow":"follow","max-snippet":"max-snippet:-1","max-image-preview":"max-image-preview:large","max-video-preview":"max-video-preview:-1"},"canonical":"https:\/\/bekleidungscenter.com\/?product=sgs-5-10-unterhosen-jungen-boxershorts-jungs-boxershort-kinder","og_locale":"de_DE","og_type":"article","og_title":"10er Boxershorts Pack Jungen Unterhosen Baumwolle Kinderunterw\u00e4sche Set - FamilienMode","og_description":"\u27a4 JUNGEN UNTERHOSEN: Die Webboxer Boxershorts schenken dank des leichten, elastischen Materials hohen Komfort und sind dabei sehr strapazierf\u00e4hig. \u27a4 KOMFORTABLER GUMMIBUND: Der Komfortbund bietet einen festen Sitz ohne zu verrutschen. Auf dem rein schwarzen Bund befindet sich kein Aufdruck um das klassische Design der Webboxer f\u00fcr Jungen zu erhalten. Verschluss: elastischem gummibund","og_url":"https:\/\/bekleidungscenter.com\/?product=sgs-5-10-unterhosen-jungen-boxershorts-jungs-boxershort-kinder","og_site_name":"FamilienMode","article_modified_time":"2023-04-10T22:52:01+00:00","og_image":[{"width":500,"height":500,"url":"https:\/\/images-na.ssl-images-amazon.com\/images\/I\/510BfHU2SeL.jpg","type":"image\/jpeg"}],"twitter_card":"summary_large_image","twitter_misc":{"Gesch\u00e4tzte Lesezeit":"1\u00a0Minute"},"schema":{"@context":"https:\/\/schema.org","@graph":[{"@type":"WebPage","@id":"https:\/\/bekleidungscenter.com\/?product=sgs-5-10-unterhosen-jungen-boxershorts-jungs-boxershort-kinder","url":"https:\/\/bekleidungscenter.com\/?product=sgs-5-10-unterhosen-jungen-boxershorts-jungs-boxershort-kinder","name":"10er Boxershorts Pack Jungen Unterhosen Baumwolle Kinderunterw\u00e4sche Set - FamilienMode","isPartOf":{"@id":"https:\/\/bekleidungscenter.com\/#website"},"datePublished":"2021-01-04T06:47:59+00:00","dateModified":"2023-04-10T22:52:01+00:00","breadcrumb":{"@id":"https:\/\/bekleidungscenter.com\/?product=sgs-5-10-unterhosen-jungen-boxershorts-jungs-boxershort-kinder#breadcrumb"},"inLanguage":"de","potentialAction":[{"@type":"ReadAction","target":["https:\/\/bekleidungscenter.com\/?product=sgs-5-10-unterhosen-jungen-boxershorts-jungs-boxershort-kinder"]}]},{"@type":"BreadcrumbList","@id":"https:\/\/bekleidungscenter.com\/?product=sgs-5-10-unterhosen-jungen-boxershorts-jungs-boxershort-kinder#breadcrumb","itemListElement":[{"@type":"ListItem","position":1,"name":"Home","item":"https:\/\/bekleidungscenter.com\/"},{"@type":"ListItem","position":2,"name":"Shop","item":"https:\/\/bekleidungscenter.com\/?page_id=7"},{"@type":"ListItem","position":3,"name":"10er Boxershorts Pack Jungen Unterhosen Baumwolle Kinderunterw\u00e4sche Set"}]},{"@type":"WebSite","@id":"https:\/\/bekleidungscenter.com\/#website","url":"https:\/\/bekleidungscenter.com\/","name":"FamilienMode","description":"Alles f\u00fcr die ganze Familie","potentialAction":[{"@type":"SearchAction","target":{"@type":"EntryPoint","urlTemplate":"https:\/\/bekleidungscenter.com\/?s={search_term_string}"},"query-input":"required name=search_term_string"}],"inLanguage":"de"}]}},"_links":{"self":[{"href":"https:\/\/bekleidungscenter.com\/index.php?rest_route=\/wp\/v2\/product\/13352"}],"collection":[{"href":"https:\/\/bekleidungscenter.com\/index.php?rest_route=\/wp\/v2\/product"}],"about":[{"href":"https:\/\/bekleidungscenter.com\/index.php?rest_route=\/wp\/v2\/types\/product"}],"replies":[{"embeddable":true,"href":"https:\/\/bekleidungscenter.com\/index.php?rest_route=%2Fwp%2Fv2%2Fcomments&post=13352"}],"wp:featuredmedia":[{"embeddable":true,"href":"https:\/\/bekleidungscenter.com\/index.php?rest_route=\/wp\/v2\/media\/13353"}],"wp:attachment":[{"href":"https:\/\/bekleidungscenter.com\/index.php?rest_route=%2Fwp%2Fv2%2Fmedia&parent=13352"}],"wp:term":[{"taxonomy":"product_cat","embeddable":true,"href":"https:\/\/bekleidungscenter.com\/index.php?rest_route=%2Fwp%2Fv2%2Fproduct_cat&post=13352"},{"taxonomy":"product_tag","embeddable":true,"href":"https:\/\/bekleidungscenter.com\/index.php?rest_route=%2Fwp%2Fv2%2Fproduct_tag&post=13352"}],"curies":[{"name":"wp","href":"https:\/\/api.w.org\/{rel}","templated":true}]}}