{"id":13393,"date":"2021-01-04T06:48:25","date_gmt":"2021-01-04T06:48:25","guid":{"rendered":"http:\/\/bekleidungscenter.com\/?product=puma-kinder-basic-boxer-short-3x2-shorts-6er-pack"},"modified":"2023-04-10T22:52:01","modified_gmt":"2023-04-10T22:52:01","slug":"puma-kinder-basic-boxer-short-3x2-shorts-6er-pack","status":"publish","type":"product","link":"https:\/\/bekleidungscenter.com\/?product=puma-kinder-basic-boxer-short-3x2-shorts-6er-pack","title":{"rendered":"PUMA Kinder Basic Boxer Short &#8211; 3&#215;2 Shorts (6er Pack)"},"content":{"rendered":"<p><!-- show up to 2 reviews by default --> <\/p>\n<p>Puma Bodywear Basic Kids <br \/>Jungenunterw\u00e4sche<br \/>95% Baumwolle, 5% Elasthan<br \/>Boxer<br \/>Die Boxer bietet einen angenehmen Tragekomfort Infolge Soft Anflug. Ein komfortabler und elastischer B\u00fcndnis erh\u00f6ht diesen Komfort noch.<br \/>Soft Touch<br \/>Angenehmer Tragekomfort<br \/>Elastischer Bund<\/p>\n<p>Gr\u00f6\u00dfentabelle<br \/>128 122-128 cm140134-140 cm152146-152 cm164158-164 cm<\/p>\n<p>PUMA revolutioniert seit Jahren den Absatzgebiet anstatt angesagte Sneaker und Sportbekleidung. Infolge die Fusion von Lifestyle und Sport setzt PUMA wieder und wieder Trends. Das Unternehmen unter Zuhilfenahme von der Wildkatze ist demgem\u00e4\u00df auf dem Sprung zur begehrtesten Sportlifestylemarke. Der weltweit t\u00e4tige deutsche Sportartikelhersteller l\u00e4sst seine Schuhkollektionen von Designern als Philip Starck, dem Japaner Mihara oder Jil Sander durchblicken lassen und ist exklusiver Ausstatter herausragender Sportler und Nationalteams. 2008 ernennt<br \/>\nUnderwear<br \/>\nVerschluss: Elastischer B\u00fcndnis<br \/>\n95% Baumwolle, 5% Elasthan<br \/>\nUnderwear<br \/>\nPflegehinweis: Maschinenw\u00e4sche<br \/>\nModellnummer: 525015001<br \/>\nM\u00e4nnlich<br \/>\nDurchl\u00e4ufer(NOS)<br \/>\n<div class=\"main-cross-sell\" data-asin=\"B06ZY1M8PK\">\n\n\t<div class=\"WooZone-cross-sell-loader\">\n\t\t<div>\n\t\t\t<div id=\"floatingBarsG\">\n\t\t\t\t<div class=\"blockG\" id=\"rotateG_01\"><\/div>\n\t\t\t\t<div class=\"blockG\" id=\"rotateG_02\"><\/div>\n\t\t\t\t<div class=\"blockG\" id=\"rotateG_03\"><\/div>\n\t\t\t\t<div class=\"blockG\" id=\"rotateG_04\"><\/div>\n\t\t\t\t<div class=\"blockG\" id=\"rotateG_05\"><\/div>\n\t\t\t\t<div class=\"blockG\" id=\"rotateG_06\"><\/div>\n\t\t\t\t<div class=\"blockG\" id=\"rotateG_07\"><\/div>\n\t\t\t\t<div class=\"blockG\" id=\"rotateG_08\"><\/div>\n\t\t\t<\/div>\n\t\t\t<div class=\"WooZone-cross-sell-loader-text\"><\/div>\n\t\t<\/div>\n\t<\/div>\n\n\t\t\n<\/div>\n<div style=\"clear:both;\"><\/div><\/p>\n","protected":false},"excerpt":{"rendered":"<p>PUMA revolutioniert seit Jahren den Markt f\u00fcr angesagte Sneaker und Sportbekleidung. Durch die Fusion von Lifestyle und Sport setzt PUMA immer wieder Trends. Das Unternehmen mit der Wildkatze ist damit auf dem Sprung zur begehrtesten Sportlifestylemarke. Der weltweit t\u00e4tige deutsche Sportartikelhersteller l\u00e4sst seine Schuhkollektionen von Designern wie Philip Starck, dem Japaner Mihara oder Jil Sander entwerfen und ist exklusiver Ausstatter herausragender Sportler und Nationalteams. 2008 ernennt<br \/>\nUnderwear<br \/>\nVerschluss: Elastischer Bund<\/p>\n","protected":false},"featured_media":13394,"comment_status":"open","ping_status":"closed","template":"","meta":[],"product_cat":[1083,132],"product_tag":[],"yoast_head":"<!-- This site is optimized with the Yoast SEO plugin v20.6 - https:\/\/yoast.com\/wordpress\/plugins\/seo\/ -->\n<title>PUMA Kinder Basic Boxer Short - 3x2 Shorts (6er Pack) - FamilienMode<\/title>\n<meta name=\"robots\" content=\"index, follow, max-snippet:-1, max-image-preview:large, max-video-preview:-1\" \/>\n<link rel=\"canonical\" href=\"https:\/\/bekleidungscenter.com\/?product=puma-kinder-basic-boxer-short-3x2-shorts-6er-pack\" \/>\n<meta property=\"og:locale\" content=\"de_DE\" \/>\n<meta property=\"og:type\" content=\"article\" \/>\n<meta property=\"og:title\" content=\"PUMA Kinder Basic Boxer Short - 3x2 Shorts (6er Pack) - FamilienMode\" \/>\n<meta property=\"og:description\" content=\"PUMA revolutioniert seit Jahren den Markt f\u00fcr angesagte Sneaker und Sportbekleidung. Durch die Fusion von Lifestyle und Sport setzt PUMA immer wieder Trends. Das Unternehmen mit der Wildkatze ist damit auf dem Sprung zur begehrtesten Sportlifestylemarke. Der weltweit t\u00e4tige deutsche Sportartikelhersteller l\u00e4sst seine Schuhkollektionen von Designern wie Philip Starck, dem Japaner Mihara oder Jil Sander entwerfen und ist exklusiver Ausstatter herausragender Sportler und Nationalteams. 2008 ernennt Underwear Verschluss: Elastischer Bund\" \/>\n<meta property=\"og:url\" content=\"https:\/\/bekleidungscenter.com\/?product=puma-kinder-basic-boxer-short-3x2-shorts-6er-pack\" \/>\n<meta property=\"og:site_name\" content=\"FamilienMode\" \/>\n<meta property=\"article:modified_time\" content=\"2023-04-10T22:52:01+00:00\" \/>\n<meta property=\"og:image\" content=\"https:\/\/images-na.ssl-images-amazon.com\/images\/I\/41DQeJg8dQL.jpg\" \/>\n\t<meta property=\"og:image:width\" content=\"500\" \/>\n\t<meta property=\"og:image:height\" content=\"500\" \/>\n\t<meta property=\"og:image:type\" content=\"image\/jpeg\" \/>\n<meta name=\"twitter:card\" content=\"summary_large_image\" \/>\n<meta name=\"twitter:label1\" content=\"Gesch\u00e4tzte Lesezeit\" \/>\n\t<meta name=\"twitter:data1\" content=\"1\u00a0Minute\" \/>\n<script type=\"application\/ld+json\" class=\"yoast-schema-graph\">{\"@context\":\"https:\/\/schema.org\",\"@graph\":[{\"@type\":\"WebPage\",\"@id\":\"https:\/\/bekleidungscenter.com\/?product=puma-kinder-basic-boxer-short-3x2-shorts-6er-pack\",\"url\":\"https:\/\/bekleidungscenter.com\/?product=puma-kinder-basic-boxer-short-3x2-shorts-6er-pack\",\"name\":\"PUMA Kinder Basic Boxer Short - 3x2 Shorts (6er Pack) - FamilienMode\",\"isPartOf\":{\"@id\":\"https:\/\/bekleidungscenter.com\/#website\"},\"datePublished\":\"2021-01-04T06:48:25+00:00\",\"dateModified\":\"2023-04-10T22:52:01+00:00\",\"breadcrumb\":{\"@id\":\"https:\/\/bekleidungscenter.com\/?product=puma-kinder-basic-boxer-short-3x2-shorts-6er-pack#breadcrumb\"},\"inLanguage\":\"de\",\"potentialAction\":[{\"@type\":\"ReadAction\",\"target\":[\"https:\/\/bekleidungscenter.com\/?product=puma-kinder-basic-boxer-short-3x2-shorts-6er-pack\"]}]},{\"@type\":\"BreadcrumbList\",\"@id\":\"https:\/\/bekleidungscenter.com\/?product=puma-kinder-basic-boxer-short-3x2-shorts-6er-pack#breadcrumb\",\"itemListElement\":[{\"@type\":\"ListItem\",\"position\":1,\"name\":\"Home\",\"item\":\"https:\/\/bekleidungscenter.com\/\"},{\"@type\":\"ListItem\",\"position\":2,\"name\":\"Shop\",\"item\":\"https:\/\/bekleidungscenter.com\/?page_id=7\"},{\"@type\":\"ListItem\",\"position\":3,\"name\":\"PUMA Kinder Basic Boxer Short &#8211; 3&#215;2 Shorts (6er Pack)\"}]},{\"@type\":\"WebSite\",\"@id\":\"https:\/\/bekleidungscenter.com\/#website\",\"url\":\"https:\/\/bekleidungscenter.com\/\",\"name\":\"FamilienMode\",\"description\":\"Alles f\u00fcr die ganze Familie\",\"potentialAction\":[{\"@type\":\"SearchAction\",\"target\":{\"@type\":\"EntryPoint\",\"urlTemplate\":\"https:\/\/bekleidungscenter.com\/?s={search_term_string}\"},\"query-input\":\"required name=search_term_string\"}],\"inLanguage\":\"de\"}]}<\/script>\n<!-- \/ Yoast SEO plugin. -->","yoast_head_json":{"title":"PUMA Kinder Basic Boxer Short - 3x2 Shorts (6er Pack) - FamilienMode","robots":{"index":"index","follow":"follow","max-snippet":"max-snippet:-1","max-image-preview":"max-image-preview:large","max-video-preview":"max-video-preview:-1"},"canonical":"https:\/\/bekleidungscenter.com\/?product=puma-kinder-basic-boxer-short-3x2-shorts-6er-pack","og_locale":"de_DE","og_type":"article","og_title":"PUMA Kinder Basic Boxer Short - 3x2 Shorts (6er Pack) - FamilienMode","og_description":"PUMA revolutioniert seit Jahren den Markt f\u00fcr angesagte Sneaker und Sportbekleidung. Durch die Fusion von Lifestyle und Sport setzt PUMA immer wieder Trends. Das Unternehmen mit der Wildkatze ist damit auf dem Sprung zur begehrtesten Sportlifestylemarke. Der weltweit t\u00e4tige deutsche Sportartikelhersteller l\u00e4sst seine Schuhkollektionen von Designern wie Philip Starck, dem Japaner Mihara oder Jil Sander entwerfen und ist exklusiver Ausstatter herausragender Sportler und Nationalteams. 2008 ernennt Underwear Verschluss: Elastischer Bund","og_url":"https:\/\/bekleidungscenter.com\/?product=puma-kinder-basic-boxer-short-3x2-shorts-6er-pack","og_site_name":"FamilienMode","article_modified_time":"2023-04-10T22:52:01+00:00","og_image":[{"width":500,"height":500,"url":"https:\/\/images-na.ssl-images-amazon.com\/images\/I\/41DQeJg8dQL.jpg","type":"image\/jpeg"}],"twitter_card":"summary_large_image","twitter_misc":{"Gesch\u00e4tzte Lesezeit":"1\u00a0Minute"},"schema":{"@context":"https:\/\/schema.org","@graph":[{"@type":"WebPage","@id":"https:\/\/bekleidungscenter.com\/?product=puma-kinder-basic-boxer-short-3x2-shorts-6er-pack","url":"https:\/\/bekleidungscenter.com\/?product=puma-kinder-basic-boxer-short-3x2-shorts-6er-pack","name":"PUMA Kinder Basic Boxer Short - 3x2 Shorts (6er Pack) - FamilienMode","isPartOf":{"@id":"https:\/\/bekleidungscenter.com\/#website"},"datePublished":"2021-01-04T06:48:25+00:00","dateModified":"2023-04-10T22:52:01+00:00","breadcrumb":{"@id":"https:\/\/bekleidungscenter.com\/?product=puma-kinder-basic-boxer-short-3x2-shorts-6er-pack#breadcrumb"},"inLanguage":"de","potentialAction":[{"@type":"ReadAction","target":["https:\/\/bekleidungscenter.com\/?product=puma-kinder-basic-boxer-short-3x2-shorts-6er-pack"]}]},{"@type":"BreadcrumbList","@id":"https:\/\/bekleidungscenter.com\/?product=puma-kinder-basic-boxer-short-3x2-shorts-6er-pack#breadcrumb","itemListElement":[{"@type":"ListItem","position":1,"name":"Home","item":"https:\/\/bekleidungscenter.com\/"},{"@type":"ListItem","position":2,"name":"Shop","item":"https:\/\/bekleidungscenter.com\/?page_id=7"},{"@type":"ListItem","position":3,"name":"PUMA Kinder Basic Boxer Short &#8211; 3&#215;2 Shorts (6er Pack)"}]},{"@type":"WebSite","@id":"https:\/\/bekleidungscenter.com\/#website","url":"https:\/\/bekleidungscenter.com\/","name":"FamilienMode","description":"Alles f\u00fcr die ganze Familie","potentialAction":[{"@type":"SearchAction","target":{"@type":"EntryPoint","urlTemplate":"https:\/\/bekleidungscenter.com\/?s={search_term_string}"},"query-input":"required name=search_term_string"}],"inLanguage":"de"}]}},"_links":{"self":[{"href":"https:\/\/bekleidungscenter.com\/index.php?rest_route=\/wp\/v2\/product\/13393"}],"collection":[{"href":"https:\/\/bekleidungscenter.com\/index.php?rest_route=\/wp\/v2\/product"}],"about":[{"href":"https:\/\/bekleidungscenter.com\/index.php?rest_route=\/wp\/v2\/types\/product"}],"replies":[{"embeddable":true,"href":"https:\/\/bekleidungscenter.com\/index.php?rest_route=%2Fwp%2Fv2%2Fcomments&post=13393"}],"wp:featuredmedia":[{"embeddable":true,"href":"https:\/\/bekleidungscenter.com\/index.php?rest_route=\/wp\/v2\/media\/13394"}],"wp:attachment":[{"href":"https:\/\/bekleidungscenter.com\/index.php?rest_route=%2Fwp%2Fv2%2Fmedia&parent=13393"}],"wp:term":[{"taxonomy":"product_cat","embeddable":true,"href":"https:\/\/bekleidungscenter.com\/index.php?rest_route=%2Fwp%2Fv2%2Fproduct_cat&post=13393"},{"taxonomy":"product_tag","embeddable":true,"href":"https:\/\/bekleidungscenter.com\/index.php?rest_route=%2Fwp%2Fv2%2Fproduct_tag&post=13393"}],"curies":[{"name":"wp","href":"https:\/\/api.w.org\/{rel}","templated":true}]}}