{"id":13489,"date":"2021-01-04T07:04:54","date_gmt":"2021-01-04T07:04:54","guid":{"rendered":"http:\/\/bekleidungscenter.com\/?product=burton-jungen-exile-cargo-snowboardhose"},"modified":"2023-04-09T22:51:30","modified_gmt":"2023-04-09T22:51:30","slug":"burton-jungen-exile-cargo-snowboardhose","status":"publish","type":"product","link":"https:\/\/bekleidungscenter.com\/?product=burton-jungen-exile-cargo-snowboardhose","title":{"rendered":"Burton Jungen Exile Cargo Snowboard Hose"},"content":{"rendered":"<p><!-- show up to 2 reviews by default --> <\/p>\n<p>Die vielverkaufte Burton Exile Cargohose f\u00fcr Jungen eignet sich f\u00fcr team-rider und Anf\u00e4nger gleicherma\u00dfen und gewinnt Mit ihrem klassischen Stil, vielseitigen, mittelschweren W\u00e4rme Eigenschaften und einzig wasserfestem, atmungsaktivem und zweilagigem DRYRIDE Material. Die flache Thermoisolierung h\u00e4lt dich den ganzen Tag lang (und aka die ganze Nacht) warm, w\u00e4hrenddessen die mit Netzstoff gef\u00fctterten L\u00fcftungs\u00f6ffnungen an den Schenkeln dem \u00fcberhitzen verhindern. Die lange Liste an Funktionalit\u00e4ten beinhaltet aka eine integrierte bund-verstellung, hochziehbare Beinabschl\u00fcsse als Abschirmung vor Verschmutzung und unz\u00e4hlige Taschen, Damit die Kleinen f\u00fcr alles ger\u00fcstet sind. <\/p>\n<p>Regular Fit sitzt akribisch allgemeing\u00fcltig: nicht zu eng und nicht zu weit; ergonomisch vorgeformte Knie; abstandslos versiegelte S\u00e4ume f\u00fcr ultimativen Wetterschutz<br \/>\nBesonders atmungsaktives, wasserdichtes und schnell trocknendes DRYRIDE Material (10.000 Mm\/5.000 G); PFC-freie DWR-Beschichtung<br \/>\nThermoisolierung [60 g] f\u00fcr fokussierte W\u00e4rme und verbesserte Atmungsaktivit\u00e4t; Taftfutter; verst\u00e4rkte Abschl\u00fcsse mit Klettverschluss zum hochziehen; wasserfeste bootgamasche<br \/>\nDas room-to-grow-system verl\u00e4ngert die L\u00e4nge der Beine um 1, 5 Steuer, um mit Wachstumssch\u00fcben Stufe zu halten.; Mesh-gef\u00fctterte no-snag-oberschenkel-bel\u00fcftungsschlitze<br \/>\nBund au\u00dfen mit Klettverschluss verstellbar; ticket-o-ring an der G\u00fcrtelschlaufe; Oberschenkeltasche mit Rei\u00dfverschluss, Handw\u00e4rmetaschen mit Klettverschluss und Cargo-Taschen mit Klettverschluss<br \/>\n<div class=\"main-cross-sell\" data-asin=\"B08CLKMCK8\">\n\n\t<div class=\"WooZone-cross-sell-loader\">\n\t\t<div>\n\t\t\t<div id=\"floatingBarsG\">\n\t\t\t\t<div class=\"blockG\" id=\"rotateG_01\"><\/div>\n\t\t\t\t<div class=\"blockG\" id=\"rotateG_02\"><\/div>\n\t\t\t\t<div class=\"blockG\" id=\"rotateG_03\"><\/div>\n\t\t\t\t<div class=\"blockG\" id=\"rotateG_04\"><\/div>\n\t\t\t\t<div class=\"blockG\" id=\"rotateG_05\"><\/div>\n\t\t\t\t<div class=\"blockG\" id=\"rotateG_06\"><\/div>\n\t\t\t\t<div class=\"blockG\" id=\"rotateG_07\"><\/div>\n\t\t\t\t<div class=\"blockG\" id=\"rotateG_08\"><\/div>\n\t\t\t<\/div>\n\t\t\t<div class=\"WooZone-cross-sell-loader-text\"><\/div>\n\t\t<\/div>\n\t<\/div>\n\n\t\t\n<\/div>\n<div style=\"clear:both;\"><\/div><\/p>\n","protected":false},"excerpt":{"rendered":"<p>Regular Fit sitzt genau richtig: nicht zu eng und nicht zu weit; ergonomisch vorgeformte Knie; vollst\u00e4ndig versiegelte S\u00e4ume f\u00fcr ultimativen Wetterschutz<br \/>\nBesonders atmungsaktives, wasserdichtes und schnell trocknendes DRYRIDE Material (10.000 Mm\/5.000 G); PFC-freie DWR-Beschichtung<br \/>\nThermoisolierung [60 g] f\u00fcr fokussierte W\u00e4rme und verbesserte Atmungsaktivit\u00e4t; Taftfutter; verst\u00e4rkte Abschl\u00fcsse mit Klettverschluss zum hochziehen; wasserfeste bootgamasche<\/p>\n","protected":false},"featured_media":13491,"comment_status":"open","ping_status":"closed","template":"","meta":[],"product_cat":[1081,132],"product_tag":[],"yoast_head":"<!-- This site is optimized with the Yoast SEO plugin v20.6 - https:\/\/yoast.com\/wordpress\/plugins\/seo\/ -->\n<title>Burton Jungen Exile Cargo Snowboard Hose - FamilienMode<\/title>\n<meta name=\"robots\" content=\"index, follow, max-snippet:-1, max-image-preview:large, max-video-preview:-1\" \/>\n<link rel=\"canonical\" href=\"https:\/\/bekleidungscenter.com\/?product=burton-jungen-exile-cargo-snowboardhose\" \/>\n<meta property=\"og:locale\" content=\"de_DE\" \/>\n<meta property=\"og:type\" content=\"article\" \/>\n<meta property=\"og:title\" content=\"Burton Jungen Exile Cargo Snowboard Hose - FamilienMode\" \/>\n<meta property=\"og:description\" content=\"Regular Fit sitzt genau richtig: nicht zu eng und nicht zu weit; ergonomisch vorgeformte Knie; vollst\u00e4ndig versiegelte S\u00e4ume f\u00fcr ultimativen Wetterschutz Besonders atmungsaktives, wasserdichtes und schnell trocknendes DRYRIDE Material (10.000 Mm\/5.000 G); PFC-freie DWR-Beschichtung Thermoisolierung [60 g] f\u00fcr fokussierte W\u00e4rme und verbesserte Atmungsaktivit\u00e4t; Taftfutter; verst\u00e4rkte Abschl\u00fcsse mit Klettverschluss zum hochziehen; wasserfeste bootgamasche\" \/>\n<meta property=\"og:url\" content=\"https:\/\/bekleidungscenter.com\/?product=burton-jungen-exile-cargo-snowboardhose\" \/>\n<meta property=\"og:site_name\" content=\"FamilienMode\" \/>\n<meta property=\"article:modified_time\" content=\"2023-04-09T22:51:30+00:00\" \/>\n<meta property=\"og:image\" content=\"https:\/\/images-na.ssl-images-amazon.com\/images\/I\/31eOgQFwjrL.jpg\" \/>\n\t<meta property=\"og:image:width\" content=\"500\" \/>\n\t<meta property=\"og:image:height\" content=\"500\" \/>\n\t<meta property=\"og:image:type\" content=\"image\/jpeg\" \/>\n<meta name=\"twitter:card\" content=\"summary_large_image\" \/>\n<meta name=\"twitter:label1\" content=\"Gesch\u00e4tzte Lesezeit\" \/>\n\t<meta name=\"twitter:data1\" content=\"1\u00a0Minute\" \/>\n<script type=\"application\/ld+json\" class=\"yoast-schema-graph\">{\"@context\":\"https:\/\/schema.org\",\"@graph\":[{\"@type\":\"WebPage\",\"@id\":\"https:\/\/bekleidungscenter.com\/?product=burton-jungen-exile-cargo-snowboardhose\",\"url\":\"https:\/\/bekleidungscenter.com\/?product=burton-jungen-exile-cargo-snowboardhose\",\"name\":\"Burton Jungen Exile Cargo Snowboard Hose - FamilienMode\",\"isPartOf\":{\"@id\":\"https:\/\/bekleidungscenter.com\/#website\"},\"datePublished\":\"2021-01-04T07:04:54+00:00\",\"dateModified\":\"2023-04-09T22:51:30+00:00\",\"breadcrumb\":{\"@id\":\"https:\/\/bekleidungscenter.com\/?product=burton-jungen-exile-cargo-snowboardhose#breadcrumb\"},\"inLanguage\":\"de\",\"potentialAction\":[{\"@type\":\"ReadAction\",\"target\":[\"https:\/\/bekleidungscenter.com\/?product=burton-jungen-exile-cargo-snowboardhose\"]}]},{\"@type\":\"BreadcrumbList\",\"@id\":\"https:\/\/bekleidungscenter.com\/?product=burton-jungen-exile-cargo-snowboardhose#breadcrumb\",\"itemListElement\":[{\"@type\":\"ListItem\",\"position\":1,\"name\":\"Home\",\"item\":\"https:\/\/bekleidungscenter.com\/\"},{\"@type\":\"ListItem\",\"position\":2,\"name\":\"Shop\",\"item\":\"https:\/\/bekleidungscenter.com\/?page_id=7\"},{\"@type\":\"ListItem\",\"position\":3,\"name\":\"Burton Jungen Exile Cargo Snowboard Hose\"}]},{\"@type\":\"WebSite\",\"@id\":\"https:\/\/bekleidungscenter.com\/#website\",\"url\":\"https:\/\/bekleidungscenter.com\/\",\"name\":\"FamilienMode\",\"description\":\"Alles f\u00fcr die ganze Familie\",\"potentialAction\":[{\"@type\":\"SearchAction\",\"target\":{\"@type\":\"EntryPoint\",\"urlTemplate\":\"https:\/\/bekleidungscenter.com\/?s={search_term_string}\"},\"query-input\":\"required name=search_term_string\"}],\"inLanguage\":\"de\"}]}<\/script>\n<!-- \/ Yoast SEO plugin. -->","yoast_head_json":{"title":"Burton Jungen Exile Cargo Snowboard Hose - FamilienMode","robots":{"index":"index","follow":"follow","max-snippet":"max-snippet:-1","max-image-preview":"max-image-preview:large","max-video-preview":"max-video-preview:-1"},"canonical":"https:\/\/bekleidungscenter.com\/?product=burton-jungen-exile-cargo-snowboardhose","og_locale":"de_DE","og_type":"article","og_title":"Burton Jungen Exile Cargo Snowboard Hose - FamilienMode","og_description":"Regular Fit sitzt genau richtig: nicht zu eng und nicht zu weit; ergonomisch vorgeformte Knie; vollst\u00e4ndig versiegelte S\u00e4ume f\u00fcr ultimativen Wetterschutz Besonders atmungsaktives, wasserdichtes und schnell trocknendes DRYRIDE Material (10.000 Mm\/5.000 G); PFC-freie DWR-Beschichtung Thermoisolierung [60 g] f\u00fcr fokussierte W\u00e4rme und verbesserte Atmungsaktivit\u00e4t; Taftfutter; verst\u00e4rkte Abschl\u00fcsse mit Klettverschluss zum hochziehen; wasserfeste bootgamasche","og_url":"https:\/\/bekleidungscenter.com\/?product=burton-jungen-exile-cargo-snowboardhose","og_site_name":"FamilienMode","article_modified_time":"2023-04-09T22:51:30+00:00","og_image":[{"width":500,"height":500,"url":"https:\/\/images-na.ssl-images-amazon.com\/images\/I\/31eOgQFwjrL.jpg","type":"image\/jpeg"}],"twitter_card":"summary_large_image","twitter_misc":{"Gesch\u00e4tzte Lesezeit":"1\u00a0Minute"},"schema":{"@context":"https:\/\/schema.org","@graph":[{"@type":"WebPage","@id":"https:\/\/bekleidungscenter.com\/?product=burton-jungen-exile-cargo-snowboardhose","url":"https:\/\/bekleidungscenter.com\/?product=burton-jungen-exile-cargo-snowboardhose","name":"Burton Jungen Exile Cargo Snowboard Hose - FamilienMode","isPartOf":{"@id":"https:\/\/bekleidungscenter.com\/#website"},"datePublished":"2021-01-04T07:04:54+00:00","dateModified":"2023-04-09T22:51:30+00:00","breadcrumb":{"@id":"https:\/\/bekleidungscenter.com\/?product=burton-jungen-exile-cargo-snowboardhose#breadcrumb"},"inLanguage":"de","potentialAction":[{"@type":"ReadAction","target":["https:\/\/bekleidungscenter.com\/?product=burton-jungen-exile-cargo-snowboardhose"]}]},{"@type":"BreadcrumbList","@id":"https:\/\/bekleidungscenter.com\/?product=burton-jungen-exile-cargo-snowboardhose#breadcrumb","itemListElement":[{"@type":"ListItem","position":1,"name":"Home","item":"https:\/\/bekleidungscenter.com\/"},{"@type":"ListItem","position":2,"name":"Shop","item":"https:\/\/bekleidungscenter.com\/?page_id=7"},{"@type":"ListItem","position":3,"name":"Burton Jungen Exile Cargo Snowboard Hose"}]},{"@type":"WebSite","@id":"https:\/\/bekleidungscenter.com\/#website","url":"https:\/\/bekleidungscenter.com\/","name":"FamilienMode","description":"Alles f\u00fcr die ganze Familie","potentialAction":[{"@type":"SearchAction","target":{"@type":"EntryPoint","urlTemplate":"https:\/\/bekleidungscenter.com\/?s={search_term_string}"},"query-input":"required name=search_term_string"}],"inLanguage":"de"}]}},"_links":{"self":[{"href":"https:\/\/bekleidungscenter.com\/index.php?rest_route=\/wp\/v2\/product\/13489"}],"collection":[{"href":"https:\/\/bekleidungscenter.com\/index.php?rest_route=\/wp\/v2\/product"}],"about":[{"href":"https:\/\/bekleidungscenter.com\/index.php?rest_route=\/wp\/v2\/types\/product"}],"replies":[{"embeddable":true,"href":"https:\/\/bekleidungscenter.com\/index.php?rest_route=%2Fwp%2Fv2%2Fcomments&post=13489"}],"wp:featuredmedia":[{"embeddable":true,"href":"https:\/\/bekleidungscenter.com\/index.php?rest_route=\/wp\/v2\/media\/13491"}],"wp:attachment":[{"href":"https:\/\/bekleidungscenter.com\/index.php?rest_route=%2Fwp%2Fv2%2Fmedia&parent=13489"}],"wp:term":[{"taxonomy":"product_cat","embeddable":true,"href":"https:\/\/bekleidungscenter.com\/index.php?rest_route=%2Fwp%2Fv2%2Fproduct_cat&post=13489"},{"taxonomy":"product_tag","embeddable":true,"href":"https:\/\/bekleidungscenter.com\/index.php?rest_route=%2Fwp%2Fv2%2Fproduct_tag&post=13489"}],"curies":[{"name":"wp","href":"https:\/\/api.w.org\/{rel}","templated":true}]}}