{"id":13509,"date":"2021-01-04T07:05:04","date_gmt":"2021-01-04T07:05:04","guid":{"rendered":"http:\/\/bekleidungscenter.com\/?product=name-it-child-sweathose-einfarbige"},"modified":"2023-04-09T22:51:30","modified_gmt":"2023-04-09T22:51:30","slug":"name-it-child-sweathose-einfarbige","status":"publish","type":"product","link":"https:\/\/bekleidungscenter.com\/?product=name-it-child-sweathose-einfarbige","title":{"rendered":"NAME IT Boy Sweathose Einfarbige"},"content":{"rendered":"<p><!-- show up to 2 reviews by default --> <\/p>\n<p>Einen kompletten Nachmittag, einen ganzen Tag, am liebsten eine ganze Woche oder gar stattdessen ewig m\u00f6chte man diese erfreulich-weiche Sweathose von NAME IT anbehalten. Angesichts elastische B\u00fcndchen ferner einen Kordelzug h\u00e4lt sie hinaus der H\u00fcfte. Vulgo die aufgen\u00e4hte hintere Tasche ferner die Rei\u00dfverschl\u00fcsse an den Taschen sehen nach einen coolen Look. <\/p>\n<p>Verstellbarer Konf\u00f6deration<br \/>\nRei\u00dfverschlusstaschen an den Seiten<br \/>\nVerschluss: Elastischer Konf\u00f6deration<br \/>\n95% Baumwolle, 5% Elasthan<br \/>\nModellnummer: 13147424<br \/>\nMithilfe einem Band zum Zubinden<br \/>\nMaterialzusammensetzung: 95% Baumwolle, 5% Elasthan<br \/>\n<div class=\"main-cross-sell\" data-asin=\"B071KVNJN4\">\n\n\t<div class=\"WooZone-cross-sell-loader\">\n\t\t<div>\n\t\t\t<div id=\"floatingBarsG\">\n\t\t\t\t<div class=\"blockG\" id=\"rotateG_01\"><\/div>\n\t\t\t\t<div class=\"blockG\" id=\"rotateG_02\"><\/div>\n\t\t\t\t<div class=\"blockG\" id=\"rotateG_03\"><\/div>\n\t\t\t\t<div class=\"blockG\" id=\"rotateG_04\"><\/div>\n\t\t\t\t<div class=\"blockG\" id=\"rotateG_05\"><\/div>\n\t\t\t\t<div class=\"blockG\" id=\"rotateG_06\"><\/div>\n\t\t\t\t<div class=\"blockG\" id=\"rotateG_07\"><\/div>\n\t\t\t\t<div class=\"blockG\" id=\"rotateG_08\"><\/div>\n\t\t\t<\/div>\n\t\t\t<div class=\"WooZone-cross-sell-loader-text\"><\/div>\n\t\t<\/div>\n\t<\/div>\n\n\t\t\n<\/div>\n<div style=\"clear:both;\"><\/div><\/p>\n","protected":false},"excerpt":{"rendered":"<p>Verstellbarer Bund<br \/>\nRei\u00dfverschlusstaschen an den Seiten<br \/>\nVerschluss: Elastischer Bund<\/p>\n","protected":false},"featured_media":13510,"comment_status":"open","ping_status":"closed","template":"","meta":[],"product_cat":[1081,132],"product_tag":[],"yoast_head":"<!-- This site is optimized with the Yoast SEO plugin v20.6 - https:\/\/yoast.com\/wordpress\/plugins\/seo\/ -->\n<title>NAME IT Boy Sweathose Einfarbige - FamilienMode<\/title>\n<meta name=\"robots\" content=\"index, follow, max-snippet:-1, max-image-preview:large, max-video-preview:-1\" \/>\n<link rel=\"canonical\" href=\"https:\/\/bekleidungscenter.com\/?product=name-it-child-sweathose-einfarbige\" \/>\n<meta property=\"og:locale\" content=\"de_DE\" \/>\n<meta property=\"og:type\" content=\"article\" \/>\n<meta property=\"og:title\" content=\"NAME IT Boy Sweathose Einfarbige - FamilienMode\" \/>\n<meta property=\"og:description\" content=\"Verstellbarer Bund Rei\u00dfverschlusstaschen an den Seiten Verschluss: Elastischer Bund\" \/>\n<meta property=\"og:url\" content=\"https:\/\/bekleidungscenter.com\/?product=name-it-child-sweathose-einfarbige\" \/>\n<meta property=\"og:site_name\" content=\"FamilienMode\" \/>\n<meta property=\"article:modified_time\" content=\"2023-04-09T22:51:30+00:00\" \/>\n<meta property=\"og:image\" content=\"https:\/\/images-na.ssl-images-amazon.com\/images\/I\/31h23SOCWHL.jpg\" \/>\n\t<meta property=\"og:image:width\" content=\"500\" \/>\n\t<meta property=\"og:image:height\" content=\"500\" \/>\n\t<meta property=\"og:image:type\" content=\"image\/jpeg\" \/>\n<meta name=\"twitter:card\" content=\"summary_large_image\" \/>\n<script type=\"application\/ld+json\" class=\"yoast-schema-graph\">{\"@context\":\"https:\/\/schema.org\",\"@graph\":[{\"@type\":\"WebPage\",\"@id\":\"https:\/\/bekleidungscenter.com\/?product=name-it-child-sweathose-einfarbige\",\"url\":\"https:\/\/bekleidungscenter.com\/?product=name-it-child-sweathose-einfarbige\",\"name\":\"NAME IT Boy Sweathose Einfarbige - FamilienMode\",\"isPartOf\":{\"@id\":\"https:\/\/bekleidungscenter.com\/#website\"},\"datePublished\":\"2021-01-04T07:05:04+00:00\",\"dateModified\":\"2023-04-09T22:51:30+00:00\",\"breadcrumb\":{\"@id\":\"https:\/\/bekleidungscenter.com\/?product=name-it-child-sweathose-einfarbige#breadcrumb\"},\"inLanguage\":\"de\",\"potentialAction\":[{\"@type\":\"ReadAction\",\"target\":[\"https:\/\/bekleidungscenter.com\/?product=name-it-child-sweathose-einfarbige\"]}]},{\"@type\":\"BreadcrumbList\",\"@id\":\"https:\/\/bekleidungscenter.com\/?product=name-it-child-sweathose-einfarbige#breadcrumb\",\"itemListElement\":[{\"@type\":\"ListItem\",\"position\":1,\"name\":\"Home\",\"item\":\"https:\/\/bekleidungscenter.com\/\"},{\"@type\":\"ListItem\",\"position\":2,\"name\":\"Shop\",\"item\":\"https:\/\/bekleidungscenter.com\/?page_id=7\"},{\"@type\":\"ListItem\",\"position\":3,\"name\":\"NAME IT Boy Sweathose Einfarbige\"}]},{\"@type\":\"WebSite\",\"@id\":\"https:\/\/bekleidungscenter.com\/#website\",\"url\":\"https:\/\/bekleidungscenter.com\/\",\"name\":\"FamilienMode\",\"description\":\"Alles f\u00fcr die ganze Familie\",\"potentialAction\":[{\"@type\":\"SearchAction\",\"target\":{\"@type\":\"EntryPoint\",\"urlTemplate\":\"https:\/\/bekleidungscenter.com\/?s={search_term_string}\"},\"query-input\":\"required name=search_term_string\"}],\"inLanguage\":\"de\"}]}<\/script>\n<!-- \/ Yoast SEO plugin. -->","yoast_head_json":{"title":"NAME IT Boy Sweathose Einfarbige - FamilienMode","robots":{"index":"index","follow":"follow","max-snippet":"max-snippet:-1","max-image-preview":"max-image-preview:large","max-video-preview":"max-video-preview:-1"},"canonical":"https:\/\/bekleidungscenter.com\/?product=name-it-child-sweathose-einfarbige","og_locale":"de_DE","og_type":"article","og_title":"NAME IT Boy Sweathose Einfarbige - FamilienMode","og_description":"Verstellbarer Bund Rei\u00dfverschlusstaschen an den Seiten Verschluss: Elastischer Bund","og_url":"https:\/\/bekleidungscenter.com\/?product=name-it-child-sweathose-einfarbige","og_site_name":"FamilienMode","article_modified_time":"2023-04-09T22:51:30+00:00","og_image":[{"width":500,"height":500,"url":"https:\/\/images-na.ssl-images-amazon.com\/images\/I\/31h23SOCWHL.jpg","type":"image\/jpeg"}],"twitter_card":"summary_large_image","schema":{"@context":"https:\/\/schema.org","@graph":[{"@type":"WebPage","@id":"https:\/\/bekleidungscenter.com\/?product=name-it-child-sweathose-einfarbige","url":"https:\/\/bekleidungscenter.com\/?product=name-it-child-sweathose-einfarbige","name":"NAME IT Boy Sweathose Einfarbige - FamilienMode","isPartOf":{"@id":"https:\/\/bekleidungscenter.com\/#website"},"datePublished":"2021-01-04T07:05:04+00:00","dateModified":"2023-04-09T22:51:30+00:00","breadcrumb":{"@id":"https:\/\/bekleidungscenter.com\/?product=name-it-child-sweathose-einfarbige#breadcrumb"},"inLanguage":"de","potentialAction":[{"@type":"ReadAction","target":["https:\/\/bekleidungscenter.com\/?product=name-it-child-sweathose-einfarbige"]}]},{"@type":"BreadcrumbList","@id":"https:\/\/bekleidungscenter.com\/?product=name-it-child-sweathose-einfarbige#breadcrumb","itemListElement":[{"@type":"ListItem","position":1,"name":"Home","item":"https:\/\/bekleidungscenter.com\/"},{"@type":"ListItem","position":2,"name":"Shop","item":"https:\/\/bekleidungscenter.com\/?page_id=7"},{"@type":"ListItem","position":3,"name":"NAME IT Boy Sweathose Einfarbige"}]},{"@type":"WebSite","@id":"https:\/\/bekleidungscenter.com\/#website","url":"https:\/\/bekleidungscenter.com\/","name":"FamilienMode","description":"Alles f\u00fcr die ganze Familie","potentialAction":[{"@type":"SearchAction","target":{"@type":"EntryPoint","urlTemplate":"https:\/\/bekleidungscenter.com\/?s={search_term_string}"},"query-input":"required name=search_term_string"}],"inLanguage":"de"}]}},"_links":{"self":[{"href":"https:\/\/bekleidungscenter.com\/index.php?rest_route=\/wp\/v2\/product\/13509"}],"collection":[{"href":"https:\/\/bekleidungscenter.com\/index.php?rest_route=\/wp\/v2\/product"}],"about":[{"href":"https:\/\/bekleidungscenter.com\/index.php?rest_route=\/wp\/v2\/types\/product"}],"replies":[{"embeddable":true,"href":"https:\/\/bekleidungscenter.com\/index.php?rest_route=%2Fwp%2Fv2%2Fcomments&post=13509"}],"wp:featuredmedia":[{"embeddable":true,"href":"https:\/\/bekleidungscenter.com\/index.php?rest_route=\/wp\/v2\/media\/13510"}],"wp:attachment":[{"href":"https:\/\/bekleidungscenter.com\/index.php?rest_route=%2Fwp%2Fv2%2Fmedia&parent=13509"}],"wp:term":[{"taxonomy":"product_cat","embeddable":true,"href":"https:\/\/bekleidungscenter.com\/index.php?rest_route=%2Fwp%2Fv2%2Fproduct_cat&post=13509"},{"taxonomy":"product_tag","embeddable":true,"href":"https:\/\/bekleidungscenter.com\/index.php?rest_route=%2Fwp%2Fv2%2Fproduct_tag&post=13509"}],"curies":[{"name":"wp","href":"https:\/\/api.w.org\/{rel}","templated":true}]}}