{"id":13547,"date":"2021-01-04T07:05:27","date_gmt":"2021-01-04T07:05:27","guid":{"rendered":"http:\/\/bekleidungscenter.com\/?product=name-it-boy-slim-fit-jeans-nittax"},"modified":"2023-04-09T22:51:31","modified_gmt":"2023-04-09T22:51:31","slug":"name-it-boy-slim-fit-jeans-nittax","status":"publish","type":"product","link":"https:\/\/bekleidungscenter.com\/?product=name-it-boy-slim-fit-jeans-nittax","title":{"rendered":"NAME IT Boy Slim Fit Jeans"},"content":{"rendered":"<p><!-- show up to 2 reviews by default --> <\/p>\n<p>Diese eng geschnittene R\u00f6hrenjeans von NAME IT KIDS wird innerhalb k\u00fcrzester Zeit ein Lieblingsmodell Ihrer Tochter werden. Leer gefestigt! <\/p>\n<p>Name it Jungen Jeans Hose Coole Jungen-Jeans in dunkelblau von Name it. Der Taillenbund und die Hosenbeine sind schmal geschnitten. Zugunsten die Umstellung der Bundweite ist ein Gummizug mit Kn\u00f6pfen im Inneren des Bundes eingearbeitet. Die Hose wird am F\u00f6deration ab Gr\u00f6\u00dfe 104 mit einem Schiebeknopf und einem Rei\u00dfverschlusss versperrt. Nahe den kleineren Gro\u00dfe wird die Jeans mit einem Druckknopf versperrt. Am Taillenbund sind G\u00fcrtelschlaufen. Abgrundtief sitzende, gro\u00dfe Po-Taschen setzen einen tollen Zungenschlag<br \/>\n. Eine Five-Pocket-Jeans mit cooler Waschung und Tragefalten von name it.<br \/>\nNormaler F\u00f6deration<br \/>\nVerschluss: Knopf und Rei\u00dfverschluss<br \/>\n72% Baumwolle, 26% Polyester, 2% Elasthan<br \/>\nModellnummer: 13142285<br \/>\nPassform kultig slim &#8211; schmal geschnittene H\u00fcftweite<br \/>\nleg slim &#8211; schmal geschnittene Hosenbeine<br \/>\nModell Nittax<br \/>\n<div class=\"main-cross-sell\" data-asin=\"B06XGTZLSJ\">\n\n\t<div class=\"WooZone-cross-sell-loader\">\n\t\t<div>\n\t\t\t<div id=\"floatingBarsG\">\n\t\t\t\t<div class=\"blockG\" id=\"rotateG_01\"><\/div>\n\t\t\t\t<div class=\"blockG\" id=\"rotateG_02\"><\/div>\n\t\t\t\t<div class=\"blockG\" id=\"rotateG_03\"><\/div>\n\t\t\t\t<div class=\"blockG\" id=\"rotateG_04\"><\/div>\n\t\t\t\t<div class=\"blockG\" id=\"rotateG_05\"><\/div>\n\t\t\t\t<div class=\"blockG\" id=\"rotateG_06\"><\/div>\n\t\t\t\t<div class=\"blockG\" id=\"rotateG_07\"><\/div>\n\t\t\t\t<div class=\"blockG\" id=\"rotateG_08\"><\/div>\n\t\t\t<\/div>\n\t\t\t<div class=\"WooZone-cross-sell-loader-text\"><\/div>\n\t\t<\/div>\n\t<\/div>\n\n\t\t\n<\/div>\n<div style=\"clear:both;\"><\/div><\/p>\n","protected":false},"excerpt":{"rendered":"<p>Name it Jungen Jeans Hose Coole Jungen-Jeans in dunkelblau von Name it. Der Taillenbund und die Hosenbeine sind schmal geschnitten. F\u00fcr die Regulierung der Bundweite ist ein Gummizug mit Kn\u00f6pfen im Inneren des Bundes eingearbeitet. Die Hose wird am Bund ab Gr\u00f6\u00dfe 104 mit einem Schiebeknopf und einem Rei\u00dfverschlusss verschlossen. Bei den kleineren Gro\u00dfe wird die Jeans mit einem Druckknopf verschlossen. Am Taillenbund sind G\u00fcrtelschlaufen. Tief sitzende, gro\u00dfe Po-Taschen setzen einen tollen Akzent<br \/>\n. Eine Five-Pocket-Jeans mit cooler Waschung und Tragefalten von name it.<br \/>\nNormaler Bund<\/p>\n","protected":false},"featured_media":13548,"comment_status":"open","ping_status":"closed","template":"","meta":[],"product_cat":[1081,132],"product_tag":[],"yoast_head":"<!-- This site is optimized with the Yoast SEO plugin v20.6 - https:\/\/yoast.com\/wordpress\/plugins\/seo\/ -->\n<title>NAME IT Boy Slim Fit Jeans - FamilienMode<\/title>\n<meta name=\"robots\" content=\"index, follow, max-snippet:-1, max-image-preview:large, max-video-preview:-1\" \/>\n<link rel=\"canonical\" href=\"https:\/\/bekleidungscenter.com\/?product=name-it-boy-slim-fit-jeans-nittax\" \/>\n<meta property=\"og:locale\" content=\"de_DE\" \/>\n<meta property=\"og:type\" content=\"article\" \/>\n<meta property=\"og:title\" content=\"NAME IT Boy Slim Fit Jeans - FamilienMode\" \/>\n<meta property=\"og:description\" content=\"Name it Jungen Jeans Hose Coole Jungen-Jeans in dunkelblau von Name it. Der Taillenbund und die Hosenbeine sind schmal geschnitten. F\u00fcr die Regulierung der Bundweite ist ein Gummizug mit Kn\u00f6pfen im Inneren des Bundes eingearbeitet. Die Hose wird am Bund ab Gr\u00f6\u00dfe 104 mit einem Schiebeknopf und einem Rei\u00dfverschlusss verschlossen. Bei den kleineren Gro\u00dfe wird die Jeans mit einem Druckknopf verschlossen. Am Taillenbund sind G\u00fcrtelschlaufen. Tief sitzende, gro\u00dfe Po-Taschen setzen einen tollen Akzent . Eine Five-Pocket-Jeans mit cooler Waschung und Tragefalten von name it. Normaler Bund\" \/>\n<meta property=\"og:url\" content=\"https:\/\/bekleidungscenter.com\/?product=name-it-boy-slim-fit-jeans-nittax\" \/>\n<meta property=\"og:site_name\" content=\"FamilienMode\" \/>\n<meta property=\"article:modified_time\" content=\"2023-04-09T22:51:31+00:00\" \/>\n<meta property=\"og:image\" content=\"https:\/\/images-na.ssl-images-amazon.com\/images\/I\/31V7F%2BCrYiL.jpg\" \/>\n\t<meta property=\"og:image:width\" content=\"500\" \/>\n\t<meta property=\"og:image:height\" content=\"500\" \/>\n\t<meta property=\"og:image:type\" content=\"image\/jpeg\" \/>\n<meta name=\"twitter:card\" content=\"summary_large_image\" \/>\n<meta name=\"twitter:label1\" content=\"Gesch\u00e4tzte Lesezeit\" \/>\n\t<meta name=\"twitter:data1\" content=\"1\u00a0Minute\" \/>\n<script type=\"application\/ld+json\" class=\"yoast-schema-graph\">{\"@context\":\"https:\/\/schema.org\",\"@graph\":[{\"@type\":\"WebPage\",\"@id\":\"https:\/\/bekleidungscenter.com\/?product=name-it-boy-slim-fit-jeans-nittax\",\"url\":\"https:\/\/bekleidungscenter.com\/?product=name-it-boy-slim-fit-jeans-nittax\",\"name\":\"NAME IT Boy Slim Fit Jeans - FamilienMode\",\"isPartOf\":{\"@id\":\"https:\/\/bekleidungscenter.com\/#website\"},\"datePublished\":\"2021-01-04T07:05:27+00:00\",\"dateModified\":\"2023-04-09T22:51:31+00:00\",\"breadcrumb\":{\"@id\":\"https:\/\/bekleidungscenter.com\/?product=name-it-boy-slim-fit-jeans-nittax#breadcrumb\"},\"inLanguage\":\"de\",\"potentialAction\":[{\"@type\":\"ReadAction\",\"target\":[\"https:\/\/bekleidungscenter.com\/?product=name-it-boy-slim-fit-jeans-nittax\"]}]},{\"@type\":\"BreadcrumbList\",\"@id\":\"https:\/\/bekleidungscenter.com\/?product=name-it-boy-slim-fit-jeans-nittax#breadcrumb\",\"itemListElement\":[{\"@type\":\"ListItem\",\"position\":1,\"name\":\"Home\",\"item\":\"https:\/\/bekleidungscenter.com\/\"},{\"@type\":\"ListItem\",\"position\":2,\"name\":\"Shop\",\"item\":\"https:\/\/bekleidungscenter.com\/?page_id=7\"},{\"@type\":\"ListItem\",\"position\":3,\"name\":\"NAME IT Boy Slim Fit Jeans\"}]},{\"@type\":\"WebSite\",\"@id\":\"https:\/\/bekleidungscenter.com\/#website\",\"url\":\"https:\/\/bekleidungscenter.com\/\",\"name\":\"FamilienMode\",\"description\":\"Alles f\u00fcr die ganze Familie\",\"potentialAction\":[{\"@type\":\"SearchAction\",\"target\":{\"@type\":\"EntryPoint\",\"urlTemplate\":\"https:\/\/bekleidungscenter.com\/?s={search_term_string}\"},\"query-input\":\"required name=search_term_string\"}],\"inLanguage\":\"de\"}]}<\/script>\n<!-- \/ Yoast SEO plugin. -->","yoast_head_json":{"title":"NAME IT Boy Slim Fit Jeans - FamilienMode","robots":{"index":"index","follow":"follow","max-snippet":"max-snippet:-1","max-image-preview":"max-image-preview:large","max-video-preview":"max-video-preview:-1"},"canonical":"https:\/\/bekleidungscenter.com\/?product=name-it-boy-slim-fit-jeans-nittax","og_locale":"de_DE","og_type":"article","og_title":"NAME IT Boy Slim Fit Jeans - FamilienMode","og_description":"Name it Jungen Jeans Hose Coole Jungen-Jeans in dunkelblau von Name it. Der Taillenbund und die Hosenbeine sind schmal geschnitten. F\u00fcr die Regulierung der Bundweite ist ein Gummizug mit Kn\u00f6pfen im Inneren des Bundes eingearbeitet. Die Hose wird am Bund ab Gr\u00f6\u00dfe 104 mit einem Schiebeknopf und einem Rei\u00dfverschlusss verschlossen. Bei den kleineren Gro\u00dfe wird die Jeans mit einem Druckknopf verschlossen. Am Taillenbund sind G\u00fcrtelschlaufen. Tief sitzende, gro\u00dfe Po-Taschen setzen einen tollen Akzent . Eine Five-Pocket-Jeans mit cooler Waschung und Tragefalten von name it. Normaler Bund","og_url":"https:\/\/bekleidungscenter.com\/?product=name-it-boy-slim-fit-jeans-nittax","og_site_name":"FamilienMode","article_modified_time":"2023-04-09T22:51:31+00:00","og_image":[{"width":500,"height":500,"url":"https:\/\/images-na.ssl-images-amazon.com\/images\/I\/31V7F%2BCrYiL.jpg","type":"image\/jpeg"}],"twitter_card":"summary_large_image","twitter_misc":{"Gesch\u00e4tzte Lesezeit":"1\u00a0Minute"},"schema":{"@context":"https:\/\/schema.org","@graph":[{"@type":"WebPage","@id":"https:\/\/bekleidungscenter.com\/?product=name-it-boy-slim-fit-jeans-nittax","url":"https:\/\/bekleidungscenter.com\/?product=name-it-boy-slim-fit-jeans-nittax","name":"NAME IT Boy Slim Fit Jeans - FamilienMode","isPartOf":{"@id":"https:\/\/bekleidungscenter.com\/#website"},"datePublished":"2021-01-04T07:05:27+00:00","dateModified":"2023-04-09T22:51:31+00:00","breadcrumb":{"@id":"https:\/\/bekleidungscenter.com\/?product=name-it-boy-slim-fit-jeans-nittax#breadcrumb"},"inLanguage":"de","potentialAction":[{"@type":"ReadAction","target":["https:\/\/bekleidungscenter.com\/?product=name-it-boy-slim-fit-jeans-nittax"]}]},{"@type":"BreadcrumbList","@id":"https:\/\/bekleidungscenter.com\/?product=name-it-boy-slim-fit-jeans-nittax#breadcrumb","itemListElement":[{"@type":"ListItem","position":1,"name":"Home","item":"https:\/\/bekleidungscenter.com\/"},{"@type":"ListItem","position":2,"name":"Shop","item":"https:\/\/bekleidungscenter.com\/?page_id=7"},{"@type":"ListItem","position":3,"name":"NAME IT Boy Slim Fit Jeans"}]},{"@type":"WebSite","@id":"https:\/\/bekleidungscenter.com\/#website","url":"https:\/\/bekleidungscenter.com\/","name":"FamilienMode","description":"Alles f\u00fcr die ganze Familie","potentialAction":[{"@type":"SearchAction","target":{"@type":"EntryPoint","urlTemplate":"https:\/\/bekleidungscenter.com\/?s={search_term_string}"},"query-input":"required name=search_term_string"}],"inLanguage":"de"}]}},"_links":{"self":[{"href":"https:\/\/bekleidungscenter.com\/index.php?rest_route=\/wp\/v2\/product\/13547"}],"collection":[{"href":"https:\/\/bekleidungscenter.com\/index.php?rest_route=\/wp\/v2\/product"}],"about":[{"href":"https:\/\/bekleidungscenter.com\/index.php?rest_route=\/wp\/v2\/types\/product"}],"replies":[{"embeddable":true,"href":"https:\/\/bekleidungscenter.com\/index.php?rest_route=%2Fwp%2Fv2%2Fcomments&post=13547"}],"wp:featuredmedia":[{"embeddable":true,"href":"https:\/\/bekleidungscenter.com\/index.php?rest_route=\/wp\/v2\/media\/13548"}],"wp:attachment":[{"href":"https:\/\/bekleidungscenter.com\/index.php?rest_route=%2Fwp%2Fv2%2Fmedia&parent=13547"}],"wp:term":[{"taxonomy":"product_cat","embeddable":true,"href":"https:\/\/bekleidungscenter.com\/index.php?rest_route=%2Fwp%2Fv2%2Fproduct_cat&post=13547"},{"taxonomy":"product_tag","embeddable":true,"href":"https:\/\/bekleidungscenter.com\/index.php?rest_route=%2Fwp%2Fv2%2Fproduct_tag&post=13547"}],"curies":[{"name":"wp","href":"https:\/\/api.w.org\/{rel}","templated":true}]}}