{"id":13596,"date":"2021-01-04T07:09:08","date_gmt":"2021-01-04T07:09:08","guid":{"rendered":"http:\/\/bekleidungscenter.com\/?product=name-it-herren-x-slim-fit-jeans-super-stretch"},"modified":"2023-04-09T22:51:31","modified_gmt":"2023-04-09T22:51:31","slug":"name-it-herren-x-slim-fit-jeans-super-stretch","status":"publish","type":"product","link":"https:\/\/bekleidungscenter.com\/?product=name-it-herren-x-slim-fit-jeans-super-stretch","title":{"rendered":"NAME IT Jungen Jeans NKMTHEO DNMCLAS 2082 PANT NOOS"},"content":{"rendered":"<p><!-- show up to 2 reviews by default --> <\/p>\n<p>Cool! Abgrund dar\u00fcber hinaus \u00fcbergro\u00dfe Ges\u00e4\u00dftaschen, als an dieser Stelle zu sehen angrenzend der Jeans von NAME IT, sind ziemlich so dahin gesagt dar\u00fcber hinaus Mithin hacke derzeitig. Mithin die Hose sich dem K\u00f6rper anpasst, ist ein Stretchanteil enthalten. <\/p>\n<p>THEO JEANS<br \/>\nVerstellbare Taillenweite<br \/>\n41% Viskose, 31% Baumwolle, 25% Polyester, 3% Elasthan<br \/>\nModellnummer: 13155165<br \/>\nSuper-Stretch-Denim<br \/>\nMaterialzusammensetzung: 41% Viskose, 31% Baumwolle, 25% Polyester, 3% Elasthan<br \/>\n<div class=\"main-cross-sell\" data-asin=\"B07CTM5MGD\">\n\n\t<div class=\"WooZone-cross-sell-loader\">\n\t\t<div>\n\t\t\t<div id=\"floatingBarsG\">\n\t\t\t\t<div class=\"blockG\" id=\"rotateG_01\"><\/div>\n\t\t\t\t<div class=\"blockG\" id=\"rotateG_02\"><\/div>\n\t\t\t\t<div class=\"blockG\" id=\"rotateG_03\"><\/div>\n\t\t\t\t<div class=\"blockG\" id=\"rotateG_04\"><\/div>\n\t\t\t\t<div class=\"blockG\" id=\"rotateG_05\"><\/div>\n\t\t\t\t<div class=\"blockG\" id=\"rotateG_06\"><\/div>\n\t\t\t\t<div class=\"blockG\" id=\"rotateG_07\"><\/div>\n\t\t\t\t<div class=\"blockG\" id=\"rotateG_08\"><\/div>\n\t\t\t<\/div>\n\t\t\t<div class=\"WooZone-cross-sell-loader-text\"><\/div>\n\t\t<\/div>\n\t<\/div>\n\n\t\t\n<\/div>\n<div style=\"clear:both;\"><\/div><\/p>\n","protected":false},"excerpt":{"rendered":"<p>THEO JEANS<br \/>\nVerstellbare Taillenweite<br \/>\n41% Viskose, 31% Baumwolle, 25% Polyester, 3% Elasthan<\/p>\n","protected":false},"featured_media":13597,"comment_status":"open","ping_status":"closed","template":"","meta":[],"product_cat":[1081,132],"product_tag":[],"yoast_head":"<!-- This site is optimized with the Yoast SEO plugin v20.6 - https:\/\/yoast.com\/wordpress\/plugins\/seo\/ -->\n<title>NAME IT Jungen Jeans NKMTHEO DNMCLAS 2082 PANT NOOS - FamilienMode<\/title>\n<meta name=\"robots\" content=\"index, follow, max-snippet:-1, max-image-preview:large, max-video-preview:-1\" \/>\n<link rel=\"canonical\" href=\"https:\/\/bekleidungscenter.com\/?product=name-it-herren-x-slim-fit-jeans-super-stretch\" \/>\n<meta property=\"og:locale\" content=\"de_DE\" \/>\n<meta property=\"og:type\" content=\"article\" \/>\n<meta property=\"og:title\" content=\"NAME IT Jungen Jeans NKMTHEO DNMCLAS 2082 PANT NOOS - FamilienMode\" \/>\n<meta property=\"og:description\" content=\"THEO JEANS Verstellbare Taillenweite 41% Viskose, 31% Baumwolle, 25% Polyester, 3% Elasthan\" \/>\n<meta property=\"og:url\" content=\"https:\/\/bekleidungscenter.com\/?product=name-it-herren-x-slim-fit-jeans-super-stretch\" \/>\n<meta property=\"og:site_name\" content=\"FamilienMode\" \/>\n<meta property=\"article:modified_time\" content=\"2023-04-09T22:51:31+00:00\" \/>\n<meta property=\"og:image\" content=\"https:\/\/images-na.ssl-images-amazon.com\/images\/I\/41%2B8jqlNmkL.jpg\" \/>\n\t<meta property=\"og:image:width\" content=\"500\" \/>\n\t<meta property=\"og:image:height\" content=\"500\" \/>\n\t<meta property=\"og:image:type\" content=\"image\/jpeg\" \/>\n<meta name=\"twitter:card\" content=\"summary_large_image\" \/>\n<script type=\"application\/ld+json\" class=\"yoast-schema-graph\">{\"@context\":\"https:\/\/schema.org\",\"@graph\":[{\"@type\":\"WebPage\",\"@id\":\"https:\/\/bekleidungscenter.com\/?product=name-it-herren-x-slim-fit-jeans-super-stretch\",\"url\":\"https:\/\/bekleidungscenter.com\/?product=name-it-herren-x-slim-fit-jeans-super-stretch\",\"name\":\"NAME IT Jungen Jeans NKMTHEO DNMCLAS 2082 PANT NOOS - FamilienMode\",\"isPartOf\":{\"@id\":\"https:\/\/bekleidungscenter.com\/#website\"},\"datePublished\":\"2021-01-04T07:09:08+00:00\",\"dateModified\":\"2023-04-09T22:51:31+00:00\",\"breadcrumb\":{\"@id\":\"https:\/\/bekleidungscenter.com\/?product=name-it-herren-x-slim-fit-jeans-super-stretch#breadcrumb\"},\"inLanguage\":\"de\",\"potentialAction\":[{\"@type\":\"ReadAction\",\"target\":[\"https:\/\/bekleidungscenter.com\/?product=name-it-herren-x-slim-fit-jeans-super-stretch\"]}]},{\"@type\":\"BreadcrumbList\",\"@id\":\"https:\/\/bekleidungscenter.com\/?product=name-it-herren-x-slim-fit-jeans-super-stretch#breadcrumb\",\"itemListElement\":[{\"@type\":\"ListItem\",\"position\":1,\"name\":\"Home\",\"item\":\"https:\/\/bekleidungscenter.com\/\"},{\"@type\":\"ListItem\",\"position\":2,\"name\":\"Shop\",\"item\":\"https:\/\/bekleidungscenter.com\/?page_id=7\"},{\"@type\":\"ListItem\",\"position\":3,\"name\":\"NAME IT Jungen Jeans NKMTHEO DNMCLAS 2082 PANT NOOS\"}]},{\"@type\":\"WebSite\",\"@id\":\"https:\/\/bekleidungscenter.com\/#website\",\"url\":\"https:\/\/bekleidungscenter.com\/\",\"name\":\"FamilienMode\",\"description\":\"Alles f\u00fcr die ganze Familie\",\"potentialAction\":[{\"@type\":\"SearchAction\",\"target\":{\"@type\":\"EntryPoint\",\"urlTemplate\":\"https:\/\/bekleidungscenter.com\/?s={search_term_string}\"},\"query-input\":\"required name=search_term_string\"}],\"inLanguage\":\"de\"}]}<\/script>\n<!-- \/ Yoast SEO plugin. -->","yoast_head_json":{"title":"NAME IT Jungen Jeans NKMTHEO DNMCLAS 2082 PANT NOOS - FamilienMode","robots":{"index":"index","follow":"follow","max-snippet":"max-snippet:-1","max-image-preview":"max-image-preview:large","max-video-preview":"max-video-preview:-1"},"canonical":"https:\/\/bekleidungscenter.com\/?product=name-it-herren-x-slim-fit-jeans-super-stretch","og_locale":"de_DE","og_type":"article","og_title":"NAME IT Jungen Jeans NKMTHEO DNMCLAS 2082 PANT NOOS - FamilienMode","og_description":"THEO JEANS Verstellbare Taillenweite 41% Viskose, 31% Baumwolle, 25% Polyester, 3% Elasthan","og_url":"https:\/\/bekleidungscenter.com\/?product=name-it-herren-x-slim-fit-jeans-super-stretch","og_site_name":"FamilienMode","article_modified_time":"2023-04-09T22:51:31+00:00","og_image":[{"width":500,"height":500,"url":"https:\/\/images-na.ssl-images-amazon.com\/images\/I\/41%2B8jqlNmkL.jpg","type":"image\/jpeg"}],"twitter_card":"summary_large_image","schema":{"@context":"https:\/\/schema.org","@graph":[{"@type":"WebPage","@id":"https:\/\/bekleidungscenter.com\/?product=name-it-herren-x-slim-fit-jeans-super-stretch","url":"https:\/\/bekleidungscenter.com\/?product=name-it-herren-x-slim-fit-jeans-super-stretch","name":"NAME IT Jungen Jeans NKMTHEO DNMCLAS 2082 PANT NOOS - FamilienMode","isPartOf":{"@id":"https:\/\/bekleidungscenter.com\/#website"},"datePublished":"2021-01-04T07:09:08+00:00","dateModified":"2023-04-09T22:51:31+00:00","breadcrumb":{"@id":"https:\/\/bekleidungscenter.com\/?product=name-it-herren-x-slim-fit-jeans-super-stretch#breadcrumb"},"inLanguage":"de","potentialAction":[{"@type":"ReadAction","target":["https:\/\/bekleidungscenter.com\/?product=name-it-herren-x-slim-fit-jeans-super-stretch"]}]},{"@type":"BreadcrumbList","@id":"https:\/\/bekleidungscenter.com\/?product=name-it-herren-x-slim-fit-jeans-super-stretch#breadcrumb","itemListElement":[{"@type":"ListItem","position":1,"name":"Home","item":"https:\/\/bekleidungscenter.com\/"},{"@type":"ListItem","position":2,"name":"Shop","item":"https:\/\/bekleidungscenter.com\/?page_id=7"},{"@type":"ListItem","position":3,"name":"NAME IT Jungen Jeans NKMTHEO DNMCLAS 2082 PANT NOOS"}]},{"@type":"WebSite","@id":"https:\/\/bekleidungscenter.com\/#website","url":"https:\/\/bekleidungscenter.com\/","name":"FamilienMode","description":"Alles f\u00fcr die ganze Familie","potentialAction":[{"@type":"SearchAction","target":{"@type":"EntryPoint","urlTemplate":"https:\/\/bekleidungscenter.com\/?s={search_term_string}"},"query-input":"required name=search_term_string"}],"inLanguage":"de"}]}},"_links":{"self":[{"href":"https:\/\/bekleidungscenter.com\/index.php?rest_route=\/wp\/v2\/product\/13596"}],"collection":[{"href":"https:\/\/bekleidungscenter.com\/index.php?rest_route=\/wp\/v2\/product"}],"about":[{"href":"https:\/\/bekleidungscenter.com\/index.php?rest_route=\/wp\/v2\/types\/product"}],"replies":[{"embeddable":true,"href":"https:\/\/bekleidungscenter.com\/index.php?rest_route=%2Fwp%2Fv2%2Fcomments&post=13596"}],"wp:featuredmedia":[{"embeddable":true,"href":"https:\/\/bekleidungscenter.com\/index.php?rest_route=\/wp\/v2\/media\/13597"}],"wp:attachment":[{"href":"https:\/\/bekleidungscenter.com\/index.php?rest_route=%2Fwp%2Fv2%2Fmedia&parent=13596"}],"wp:term":[{"taxonomy":"product_cat","embeddable":true,"href":"https:\/\/bekleidungscenter.com\/index.php?rest_route=%2Fwp%2Fv2%2Fproduct_cat&post=13596"},{"taxonomy":"product_tag","embeddable":true,"href":"https:\/\/bekleidungscenter.com\/index.php?rest_route=%2Fwp%2Fv2%2Fproduct_tag&post=13596"}],"curies":[{"name":"wp","href":"https:\/\/api.w.org\/{rel}","templated":true}]}}