{"id":13660,"date":"2021-01-04T07:09:42","date_gmt":"2021-01-04T07:09:42","guid":{"rendered":"http:\/\/bekleidungscenter.com\/?product=blue-effect-jungen-jeans-hose-skinny-slim-fit-schmal-geschnitten"},"modified":"2023-04-09T22:51:32","modified_gmt":"2023-04-09T22:51:32","slug":"blue-effect-jungen-jeans-hose-skinny-slim-fit-schmal-geschnitten","status":"publish","type":"product","link":"https:\/\/bekleidungscenter.com\/?product=blue-effect-jungen-jeans-hose-skinny-slim-fit-schmal-geschnitten","title":{"rendered":"Blue Effect Jungen Jeans Hose Skinny Slim fit schmal geschnitten"},"content":{"rendered":"<p><!-- show up to 2 reviews by default --> <\/p>\n<p>Jungen Jeans Hose slim von Blue Effect <br \/>Diese schmale Kinderjjeans passt schlanken Jungs. Die Kinderhose hat eine alleinig schmale Bundweite. Der Staatenbund hat bis Ausma\u00df 146 einen Schiebeknopf, ab Gr. 152 einen normalen Knopf au\u00dferdem G\u00fcrtelschlaufen. Im Staatenbund befindet sich ein mit Hilfe von Kn\u00f6pfen verstellbarer Gummizug zur Einstellen der Umfang. Die Taschen sind im Five-Pocket-Style angeordnet au\u00dferdem mit Hilfe von Nieten bef\u00fcllen. Das Material der Hose ist allesamt einem strapazierf\u00e4higen Denim. Passform slimslim leg Material 100 % Baumwolle F\u00e4rbemittel blue denim clean <\/p>\n<p>Jungen Jeans Hose slim von Blue Effect Diese schmale Kinderjjeans passt schlanken Jungs. Die Kinderhose hat eine alleinig schmale Bundweite. Der Staatenbund hat bis Ausma\u00df 146 einen Schiebeknopf, ab Gr. 152 einen normalen Knopf au\u00dferdem G\u00fcrtelschlaufen. Im Staatenbund befindet sich ein mit Hilfe von Kn\u00f6pfen verstellbarer Gummizug zur Einstellen der Umfang. Die Taschen sind im Five-Pocket-Style angeordnet au\u00dferdem mit Hilfe von Nieten bef\u00fcllen. Das Material der Hose ist allesamt einem strapazierf\u00e4higen Denim.<br \/>\nPassform slim<br \/>\nVerschluss: Elastischer Staatenbund<br \/>\n100% Baumwolle<br \/>\nSlim<br \/>\nslim leg<br \/>\nMaterial 100 % Baumwolle<br \/>\nF\u00e4rbemittel blue denim clean<br \/>\n<div class=\"main-cross-sell\" data-asin=\"B01CIJNQA6\">\n\n\t<div class=\"WooZone-cross-sell-loader\">\n\t\t<div>\n\t\t\t<div id=\"floatingBarsG\">\n\t\t\t\t<div class=\"blockG\" id=\"rotateG_01\"><\/div>\n\t\t\t\t<div class=\"blockG\" id=\"rotateG_02\"><\/div>\n\t\t\t\t<div class=\"blockG\" id=\"rotateG_03\"><\/div>\n\t\t\t\t<div class=\"blockG\" id=\"rotateG_04\"><\/div>\n\t\t\t\t<div class=\"blockG\" id=\"rotateG_05\"><\/div>\n\t\t\t\t<div class=\"blockG\" id=\"rotateG_06\"><\/div>\n\t\t\t\t<div class=\"blockG\" id=\"rotateG_07\"><\/div>\n\t\t\t\t<div class=\"blockG\" id=\"rotateG_08\"><\/div>\n\t\t\t<\/div>\n\t\t\t<div class=\"WooZone-cross-sell-loader-text\"><\/div>\n\t\t<\/div>\n\t<\/div>\n\n\t\t\n<\/div>\n<div style=\"clear:both;\"><\/div><\/p>\n","protected":false},"excerpt":{"rendered":"<p>Jungen Jeans Hose slim von Blue Effect Diese schmale Kinderjjeans passt schlanken Jungs. Die Kinderhose hat eine extra schmale Bundweite. Der Bund hat bis Gr\u00f6\u00dfe 146 einen Schiebeknopf, ab Gr. 152 einen normalen Knopf und G\u00fcrtelschlaufen. Im Bund befindet sich ein mit Kn\u00f6pfen verstellbarer Gummizug zur Regulierung der Weite. Die Taschen sind im Five-Pocket-Style angeordnet und mit Nieten versehen. Das Material der Hose ist aus einem strapazierf\u00e4higen Denim.<br \/>\nPassform slim<br \/>\nVerschluss: Elastischer Bund<\/p>\n","protected":false},"featured_media":13662,"comment_status":"open","ping_status":"closed","template":"","meta":[],"product_cat":[1081,132],"product_tag":[],"yoast_head":"<!-- This site is optimized with the Yoast SEO plugin v20.6 - https:\/\/yoast.com\/wordpress\/plugins\/seo\/ -->\n<title>Blue Effect Jungen Jeans Hose Skinny Slim fit schmal geschnitten - FamilienMode<\/title>\n<meta name=\"robots\" content=\"index, follow, max-snippet:-1, max-image-preview:large, max-video-preview:-1\" \/>\n<link rel=\"canonical\" href=\"https:\/\/bekleidungscenter.com\/?product=blue-effect-jungen-jeans-hose-skinny-slim-fit-schmal-geschnitten\" \/>\n<meta property=\"og:locale\" content=\"de_DE\" \/>\n<meta property=\"og:type\" content=\"article\" \/>\n<meta property=\"og:title\" content=\"Blue Effect Jungen Jeans Hose Skinny Slim fit schmal geschnitten - FamilienMode\" \/>\n<meta property=\"og:description\" content=\"Jungen Jeans Hose slim von Blue Effect Diese schmale Kinderjjeans passt schlanken Jungs. Die Kinderhose hat eine extra schmale Bundweite. Der Bund hat bis Gr\u00f6\u00dfe 146 einen Schiebeknopf, ab Gr. 152 einen normalen Knopf und G\u00fcrtelschlaufen. Im Bund befindet sich ein mit Kn\u00f6pfen verstellbarer Gummizug zur Regulierung der Weite. Die Taschen sind im Five-Pocket-Style angeordnet und mit Nieten versehen. Das Material der Hose ist aus einem strapazierf\u00e4higen Denim. Passform slim Verschluss: Elastischer Bund\" \/>\n<meta property=\"og:url\" content=\"https:\/\/bekleidungscenter.com\/?product=blue-effect-jungen-jeans-hose-skinny-slim-fit-schmal-geschnitten\" \/>\n<meta property=\"og:site_name\" content=\"FamilienMode\" \/>\n<meta property=\"article:modified_time\" content=\"2023-04-09T22:51:32+00:00\" \/>\n<meta property=\"og:image\" content=\"https:\/\/images-na.ssl-images-amazon.com\/images\/I\/31vvIf0AJ4L.jpg\" \/>\n\t<meta property=\"og:image:width\" content=\"500\" \/>\n\t<meta property=\"og:image:height\" content=\"500\" \/>\n\t<meta property=\"og:image:type\" content=\"image\/jpeg\" \/>\n<meta name=\"twitter:card\" content=\"summary_large_image\" \/>\n<meta name=\"twitter:label1\" content=\"Gesch\u00e4tzte Lesezeit\" \/>\n\t<meta name=\"twitter:data1\" content=\"1\u00a0Minute\" \/>\n<script type=\"application\/ld+json\" class=\"yoast-schema-graph\">{\"@context\":\"https:\/\/schema.org\",\"@graph\":[{\"@type\":\"WebPage\",\"@id\":\"https:\/\/bekleidungscenter.com\/?product=blue-effect-jungen-jeans-hose-skinny-slim-fit-schmal-geschnitten\",\"url\":\"https:\/\/bekleidungscenter.com\/?product=blue-effect-jungen-jeans-hose-skinny-slim-fit-schmal-geschnitten\",\"name\":\"Blue Effect Jungen Jeans Hose Skinny Slim fit schmal geschnitten - FamilienMode\",\"isPartOf\":{\"@id\":\"https:\/\/bekleidungscenter.com\/#website\"},\"datePublished\":\"2021-01-04T07:09:42+00:00\",\"dateModified\":\"2023-04-09T22:51:32+00:00\",\"breadcrumb\":{\"@id\":\"https:\/\/bekleidungscenter.com\/?product=blue-effect-jungen-jeans-hose-skinny-slim-fit-schmal-geschnitten#breadcrumb\"},\"inLanguage\":\"de\",\"potentialAction\":[{\"@type\":\"ReadAction\",\"target\":[\"https:\/\/bekleidungscenter.com\/?product=blue-effect-jungen-jeans-hose-skinny-slim-fit-schmal-geschnitten\"]}]},{\"@type\":\"BreadcrumbList\",\"@id\":\"https:\/\/bekleidungscenter.com\/?product=blue-effect-jungen-jeans-hose-skinny-slim-fit-schmal-geschnitten#breadcrumb\",\"itemListElement\":[{\"@type\":\"ListItem\",\"position\":1,\"name\":\"Home\",\"item\":\"https:\/\/bekleidungscenter.com\/\"},{\"@type\":\"ListItem\",\"position\":2,\"name\":\"Shop\",\"item\":\"https:\/\/bekleidungscenter.com\/?page_id=7\"},{\"@type\":\"ListItem\",\"position\":3,\"name\":\"Blue Effect Jungen Jeans Hose Skinny Slim fit schmal geschnitten\"}]},{\"@type\":\"WebSite\",\"@id\":\"https:\/\/bekleidungscenter.com\/#website\",\"url\":\"https:\/\/bekleidungscenter.com\/\",\"name\":\"FamilienMode\",\"description\":\"Alles f\u00fcr die ganze Familie\",\"potentialAction\":[{\"@type\":\"SearchAction\",\"target\":{\"@type\":\"EntryPoint\",\"urlTemplate\":\"https:\/\/bekleidungscenter.com\/?s={search_term_string}\"},\"query-input\":\"required name=search_term_string\"}],\"inLanguage\":\"de\"}]}<\/script>\n<!-- \/ Yoast SEO plugin. -->","yoast_head_json":{"title":"Blue Effect Jungen Jeans Hose Skinny Slim fit schmal geschnitten - FamilienMode","robots":{"index":"index","follow":"follow","max-snippet":"max-snippet:-1","max-image-preview":"max-image-preview:large","max-video-preview":"max-video-preview:-1"},"canonical":"https:\/\/bekleidungscenter.com\/?product=blue-effect-jungen-jeans-hose-skinny-slim-fit-schmal-geschnitten","og_locale":"de_DE","og_type":"article","og_title":"Blue Effect Jungen Jeans Hose Skinny Slim fit schmal geschnitten - FamilienMode","og_description":"Jungen Jeans Hose slim von Blue Effect Diese schmale Kinderjjeans passt schlanken Jungs. Die Kinderhose hat eine extra schmale Bundweite. Der Bund hat bis Gr\u00f6\u00dfe 146 einen Schiebeknopf, ab Gr. 152 einen normalen Knopf und G\u00fcrtelschlaufen. Im Bund befindet sich ein mit Kn\u00f6pfen verstellbarer Gummizug zur Regulierung der Weite. Die Taschen sind im Five-Pocket-Style angeordnet und mit Nieten versehen. Das Material der Hose ist aus einem strapazierf\u00e4higen Denim. Passform slim Verschluss: Elastischer Bund","og_url":"https:\/\/bekleidungscenter.com\/?product=blue-effect-jungen-jeans-hose-skinny-slim-fit-schmal-geschnitten","og_site_name":"FamilienMode","article_modified_time":"2023-04-09T22:51:32+00:00","og_image":[{"width":500,"height":500,"url":"https:\/\/images-na.ssl-images-amazon.com\/images\/I\/31vvIf0AJ4L.jpg","type":"image\/jpeg"}],"twitter_card":"summary_large_image","twitter_misc":{"Gesch\u00e4tzte Lesezeit":"1\u00a0Minute"},"schema":{"@context":"https:\/\/schema.org","@graph":[{"@type":"WebPage","@id":"https:\/\/bekleidungscenter.com\/?product=blue-effect-jungen-jeans-hose-skinny-slim-fit-schmal-geschnitten","url":"https:\/\/bekleidungscenter.com\/?product=blue-effect-jungen-jeans-hose-skinny-slim-fit-schmal-geschnitten","name":"Blue Effect Jungen Jeans Hose Skinny Slim fit schmal geschnitten - FamilienMode","isPartOf":{"@id":"https:\/\/bekleidungscenter.com\/#website"},"datePublished":"2021-01-04T07:09:42+00:00","dateModified":"2023-04-09T22:51:32+00:00","breadcrumb":{"@id":"https:\/\/bekleidungscenter.com\/?product=blue-effect-jungen-jeans-hose-skinny-slim-fit-schmal-geschnitten#breadcrumb"},"inLanguage":"de","potentialAction":[{"@type":"ReadAction","target":["https:\/\/bekleidungscenter.com\/?product=blue-effect-jungen-jeans-hose-skinny-slim-fit-schmal-geschnitten"]}]},{"@type":"BreadcrumbList","@id":"https:\/\/bekleidungscenter.com\/?product=blue-effect-jungen-jeans-hose-skinny-slim-fit-schmal-geschnitten#breadcrumb","itemListElement":[{"@type":"ListItem","position":1,"name":"Home","item":"https:\/\/bekleidungscenter.com\/"},{"@type":"ListItem","position":2,"name":"Shop","item":"https:\/\/bekleidungscenter.com\/?page_id=7"},{"@type":"ListItem","position":3,"name":"Blue Effect Jungen Jeans Hose Skinny Slim fit schmal geschnitten"}]},{"@type":"WebSite","@id":"https:\/\/bekleidungscenter.com\/#website","url":"https:\/\/bekleidungscenter.com\/","name":"FamilienMode","description":"Alles f\u00fcr die ganze Familie","potentialAction":[{"@type":"SearchAction","target":{"@type":"EntryPoint","urlTemplate":"https:\/\/bekleidungscenter.com\/?s={search_term_string}"},"query-input":"required name=search_term_string"}],"inLanguage":"de"}]}},"_links":{"self":[{"href":"https:\/\/bekleidungscenter.com\/index.php?rest_route=\/wp\/v2\/product\/13660"}],"collection":[{"href":"https:\/\/bekleidungscenter.com\/index.php?rest_route=\/wp\/v2\/product"}],"about":[{"href":"https:\/\/bekleidungscenter.com\/index.php?rest_route=\/wp\/v2\/types\/product"}],"replies":[{"embeddable":true,"href":"https:\/\/bekleidungscenter.com\/index.php?rest_route=%2Fwp%2Fv2%2Fcomments&post=13660"}],"wp:featuredmedia":[{"embeddable":true,"href":"https:\/\/bekleidungscenter.com\/index.php?rest_route=\/wp\/v2\/media\/13662"}],"wp:attachment":[{"href":"https:\/\/bekleidungscenter.com\/index.php?rest_route=%2Fwp%2Fv2%2Fmedia&parent=13660"}],"wp:term":[{"taxonomy":"product_cat","embeddable":true,"href":"https:\/\/bekleidungscenter.com\/index.php?rest_route=%2Fwp%2Fv2%2Fproduct_cat&post=13660"},{"taxonomy":"product_tag","embeddable":true,"href":"https:\/\/bekleidungscenter.com\/index.php?rest_route=%2Fwp%2Fv2%2Fproduct_tag&post=13660"}],"curies":[{"name":"wp","href":"https:\/\/api.w.org\/{rel}","templated":true}]}}