{"id":13698,"date":"2021-01-04T07:10:08","date_gmt":"2021-01-04T07:10:08","guid":{"rendered":"http:\/\/bekleidungscenter.com\/?product=name-it-herren-jeans-x-slim-fit"},"modified":"2023-04-09T22:51:33","modified_gmt":"2023-04-09T22:51:33","slug":"name-it-herren-jeans-x-slim-fit","status":"publish","type":"product","link":"https:\/\/bekleidungscenter.com\/?product=name-it-herren-jeans-x-slim-fit","title":{"rendered":"NAME IT Jungen Jeans"},"content":{"rendered":"<p><!-- show up to 2 reviews by default --> <\/p>\n<p>Nicht aufgebraucht so k\u00f6rperbetont denn Skinny Fit, Gewiss fortw\u00e4hrend noch extrem schmal geschnitten. Diese Jeans von Name it besteht s\u00e4mtliche weichen, dehnbaren Stoffen au\u00dferdem erm\u00f6glicht so eine gro\u00dfartige Passform, Komfort au\u00dferdem Bewegungsfreiheit anstelle jeglicher K\u00f6rperformen. <\/p>\n<p>Jeans mittels verstellbarem Taillenbund<br \/>\nPower-stretch<br \/>\n77% Baumwolle, 22% Polyester, 1% Elasthan<br \/>\nModellnummer: 13172289<br \/>\n<div class=\"main-cross-sell\" data-asin=\"B07Z5HDVVP\">\n\n\t<div class=\"WooZone-cross-sell-loader\">\n\t\t<div>\n\t\t\t<div id=\"floatingBarsG\">\n\t\t\t\t<div class=\"blockG\" id=\"rotateG_01\"><\/div>\n\t\t\t\t<div class=\"blockG\" id=\"rotateG_02\"><\/div>\n\t\t\t\t<div class=\"blockG\" id=\"rotateG_03\"><\/div>\n\t\t\t\t<div class=\"blockG\" id=\"rotateG_04\"><\/div>\n\t\t\t\t<div class=\"blockG\" id=\"rotateG_05\"><\/div>\n\t\t\t\t<div class=\"blockG\" id=\"rotateG_06\"><\/div>\n\t\t\t\t<div class=\"blockG\" id=\"rotateG_07\"><\/div>\n\t\t\t\t<div class=\"blockG\" id=\"rotateG_08\"><\/div>\n\t\t\t<\/div>\n\t\t\t<div class=\"WooZone-cross-sell-loader-text\"><\/div>\n\t\t<\/div>\n\t<\/div>\n\n\t\t\n<\/div>\n<div style=\"clear:both;\"><\/div><\/p>\n","protected":false},"excerpt":{"rendered":"<p>Jeans mit verstellbarem Taillenbund<br \/>\nPower-stretch<br \/>\n77% Baumwolle, 22% Polyester, 1% Elasthan<\/p>\n","protected":false},"featured_media":13699,"comment_status":"open","ping_status":"closed","template":"","meta":[],"product_cat":[1081,132],"product_tag":[],"yoast_head":"<!-- This site is optimized with the Yoast SEO plugin v20.6 - https:\/\/yoast.com\/wordpress\/plugins\/seo\/ -->\n<title>NAME IT Jungen Jeans - FamilienMode<\/title>\n<meta name=\"robots\" content=\"index, follow, max-snippet:-1, max-image-preview:large, max-video-preview:-1\" \/>\n<link rel=\"canonical\" href=\"https:\/\/bekleidungscenter.com\/?product=name-it-herren-jeans-x-slim-fit\" \/>\n<meta property=\"og:locale\" content=\"de_DE\" \/>\n<meta property=\"og:type\" content=\"article\" \/>\n<meta property=\"og:title\" content=\"NAME IT Jungen Jeans - FamilienMode\" \/>\n<meta property=\"og:description\" content=\"Jeans mit verstellbarem Taillenbund Power-stretch 77% Baumwolle, 22% Polyester, 1% Elasthan\" \/>\n<meta property=\"og:url\" content=\"https:\/\/bekleidungscenter.com\/?product=name-it-herren-jeans-x-slim-fit\" \/>\n<meta property=\"og:site_name\" content=\"FamilienMode\" \/>\n<meta property=\"article:modified_time\" content=\"2023-04-09T22:51:33+00:00\" \/>\n<meta property=\"og:image\" content=\"https:\/\/images-na.ssl-images-amazon.com\/images\/I\/41fqKr5rNpL.jpg\" \/>\n\t<meta property=\"og:image:width\" content=\"500\" \/>\n\t<meta property=\"og:image:height\" content=\"500\" \/>\n\t<meta property=\"og:image:type\" content=\"image\/jpeg\" \/>\n<meta name=\"twitter:card\" content=\"summary_large_image\" \/>\n<script type=\"application\/ld+json\" class=\"yoast-schema-graph\">{\"@context\":\"https:\/\/schema.org\",\"@graph\":[{\"@type\":\"WebPage\",\"@id\":\"https:\/\/bekleidungscenter.com\/?product=name-it-herren-jeans-x-slim-fit\",\"url\":\"https:\/\/bekleidungscenter.com\/?product=name-it-herren-jeans-x-slim-fit\",\"name\":\"NAME IT Jungen Jeans - FamilienMode\",\"isPartOf\":{\"@id\":\"https:\/\/bekleidungscenter.com\/#website\"},\"datePublished\":\"2021-01-04T07:10:08+00:00\",\"dateModified\":\"2023-04-09T22:51:33+00:00\",\"breadcrumb\":{\"@id\":\"https:\/\/bekleidungscenter.com\/?product=name-it-herren-jeans-x-slim-fit#breadcrumb\"},\"inLanguage\":\"de\",\"potentialAction\":[{\"@type\":\"ReadAction\",\"target\":[\"https:\/\/bekleidungscenter.com\/?product=name-it-herren-jeans-x-slim-fit\"]}]},{\"@type\":\"BreadcrumbList\",\"@id\":\"https:\/\/bekleidungscenter.com\/?product=name-it-herren-jeans-x-slim-fit#breadcrumb\",\"itemListElement\":[{\"@type\":\"ListItem\",\"position\":1,\"name\":\"Home\",\"item\":\"https:\/\/bekleidungscenter.com\/\"},{\"@type\":\"ListItem\",\"position\":2,\"name\":\"Shop\",\"item\":\"https:\/\/bekleidungscenter.com\/?page_id=7\"},{\"@type\":\"ListItem\",\"position\":3,\"name\":\"NAME IT Jungen Jeans\"}]},{\"@type\":\"WebSite\",\"@id\":\"https:\/\/bekleidungscenter.com\/#website\",\"url\":\"https:\/\/bekleidungscenter.com\/\",\"name\":\"FamilienMode\",\"description\":\"Alles f\u00fcr die ganze Familie\",\"potentialAction\":[{\"@type\":\"SearchAction\",\"target\":{\"@type\":\"EntryPoint\",\"urlTemplate\":\"https:\/\/bekleidungscenter.com\/?s={search_term_string}\"},\"query-input\":\"required name=search_term_string\"}],\"inLanguage\":\"de\"}]}<\/script>\n<!-- \/ Yoast SEO plugin. -->","yoast_head_json":{"title":"NAME IT Jungen Jeans - FamilienMode","robots":{"index":"index","follow":"follow","max-snippet":"max-snippet:-1","max-image-preview":"max-image-preview:large","max-video-preview":"max-video-preview:-1"},"canonical":"https:\/\/bekleidungscenter.com\/?product=name-it-herren-jeans-x-slim-fit","og_locale":"de_DE","og_type":"article","og_title":"NAME IT Jungen Jeans - FamilienMode","og_description":"Jeans mit verstellbarem Taillenbund Power-stretch 77% Baumwolle, 22% Polyester, 1% Elasthan","og_url":"https:\/\/bekleidungscenter.com\/?product=name-it-herren-jeans-x-slim-fit","og_site_name":"FamilienMode","article_modified_time":"2023-04-09T22:51:33+00:00","og_image":[{"width":500,"height":500,"url":"https:\/\/images-na.ssl-images-amazon.com\/images\/I\/41fqKr5rNpL.jpg","type":"image\/jpeg"}],"twitter_card":"summary_large_image","schema":{"@context":"https:\/\/schema.org","@graph":[{"@type":"WebPage","@id":"https:\/\/bekleidungscenter.com\/?product=name-it-herren-jeans-x-slim-fit","url":"https:\/\/bekleidungscenter.com\/?product=name-it-herren-jeans-x-slim-fit","name":"NAME IT Jungen Jeans - FamilienMode","isPartOf":{"@id":"https:\/\/bekleidungscenter.com\/#website"},"datePublished":"2021-01-04T07:10:08+00:00","dateModified":"2023-04-09T22:51:33+00:00","breadcrumb":{"@id":"https:\/\/bekleidungscenter.com\/?product=name-it-herren-jeans-x-slim-fit#breadcrumb"},"inLanguage":"de","potentialAction":[{"@type":"ReadAction","target":["https:\/\/bekleidungscenter.com\/?product=name-it-herren-jeans-x-slim-fit"]}]},{"@type":"BreadcrumbList","@id":"https:\/\/bekleidungscenter.com\/?product=name-it-herren-jeans-x-slim-fit#breadcrumb","itemListElement":[{"@type":"ListItem","position":1,"name":"Home","item":"https:\/\/bekleidungscenter.com\/"},{"@type":"ListItem","position":2,"name":"Shop","item":"https:\/\/bekleidungscenter.com\/?page_id=7"},{"@type":"ListItem","position":3,"name":"NAME IT Jungen Jeans"}]},{"@type":"WebSite","@id":"https:\/\/bekleidungscenter.com\/#website","url":"https:\/\/bekleidungscenter.com\/","name":"FamilienMode","description":"Alles f\u00fcr die ganze Familie","potentialAction":[{"@type":"SearchAction","target":{"@type":"EntryPoint","urlTemplate":"https:\/\/bekleidungscenter.com\/?s={search_term_string}"},"query-input":"required name=search_term_string"}],"inLanguage":"de"}]}},"_links":{"self":[{"href":"https:\/\/bekleidungscenter.com\/index.php?rest_route=\/wp\/v2\/product\/13698"}],"collection":[{"href":"https:\/\/bekleidungscenter.com\/index.php?rest_route=\/wp\/v2\/product"}],"about":[{"href":"https:\/\/bekleidungscenter.com\/index.php?rest_route=\/wp\/v2\/types\/product"}],"replies":[{"embeddable":true,"href":"https:\/\/bekleidungscenter.com\/index.php?rest_route=%2Fwp%2Fv2%2Fcomments&post=13698"}],"wp:featuredmedia":[{"embeddable":true,"href":"https:\/\/bekleidungscenter.com\/index.php?rest_route=\/wp\/v2\/media\/13699"}],"wp:attachment":[{"href":"https:\/\/bekleidungscenter.com\/index.php?rest_route=%2Fwp%2Fv2%2Fmedia&parent=13698"}],"wp:term":[{"taxonomy":"product_cat","embeddable":true,"href":"https:\/\/bekleidungscenter.com\/index.php?rest_route=%2Fwp%2Fv2%2Fproduct_cat&post=13698"},{"taxonomy":"product_tag","embeddable":true,"href":"https:\/\/bekleidungscenter.com\/index.php?rest_route=%2Fwp%2Fv2%2Fproduct_tag&post=13698"}],"curies":[{"name":"wp","href":"https:\/\/api.w.org\/{rel}","templated":true}]}}