{"id":13712,"date":"2021-01-04T07:10:18","date_gmt":"2021-01-04T07:10:18","guid":{"rendered":"http:\/\/bekleidungscenter.com\/?product=name-it-jungen-hose-nkmtheo-dnmzac-3174-pant-noos"},"modified":"2023-04-09T22:51:33","modified_gmt":"2023-04-09T22:51:33","slug":"name-it-jungen-hose-nkmtheo-dnmzac-3174-pant-noos","status":"publish","type":"product","link":"https:\/\/bekleidungscenter.com\/?product=name-it-jungen-hose-nkmtheo-dnmzac-3174-pant-noos","title":{"rendered":"NAME IT Jungen Hose NKMTHEO DNMZAC 3174 Pant NOOS"},"content":{"rendered":"<p><!-- show up to 2 reviews by default --> <\/p>\n<p>Jeanshose von Name IT an Stelle Jungs s\u00e4mtliche weicher und bequemer Stretch-Qualit\u00e4t.<br \/>Extra Slim Fit Passform anhand enorm schmalem Beinverlauf. Verdeckter Rei\u00dfverschlu\u00df, Hakenknopf und verstellbarem Pakt.<br \/>Diese Kinder Hose anhand toller Passform ist anhand einer dehnbarer Qualit\u00e4t verarbeitet.<\/p>\n<p>&#8211; Model: Jungen Jeans nkmTheo Denim<br \/>&#8211; Abhandlung-Nr.: 13163963<br \/>&#8211; Farbe: Breit (Dark Blue)<br \/>&#8211; Passform: X-Slim Fit am Pakt, X-Slim Fit Beinverlauf<br \/>&#8211; Material: 77% Baumwolle, 22% Polyester, 1% Elasthan <\/p>\n<p>Jeanshose von Name IT an Stelle Jungs s\u00e4mtliche weicher und bequemer Stretch-Qualit\u00e4t.<br \/>\nAlleinig Slim Fit Passform anhand enorm schmalem Beinverlauf. Verdeckter Rei\u00dfverschlu\u00df, Hakenknopf und verstellbarem Pakt.<br \/>\nVerschluss: Haken- und \u00d6senverschluss<br \/>\n77% Baumwolle, 22% Polyester, 1% Elasthan<br \/>\nPflegehinweis: Maschinenw\u00e4sche anliegend max. 40 \u00b0C im Feinwaschprogramm, Nicht bleichen, Trockner nicht verwenden, Auf mittlerer Ausschnitt b\u00fcgeln, Nicht chemisch reinigen.<br \/>\nModellnummer: 13163963<br \/>\nDiese Kinder Hose anhand toller Passform ist anhand einer dehnbarer Qualit\u00e4t verarbeitet.<br \/>\nModel: Jungen Jeans nkmTheo Denim &#8211; Abhandlung-Nr.: 13163963 &#8211; Farbe: Breit (Dark Blue)<br \/>\nPassform: X-Slim Fit am Pakt, X-Slim Fit Beinverlauf. Material: 77% Baumwolle, 22% Polyester, 1% Elasthan<br \/>\n<div class=\"main-cross-sell\" data-asin=\"B07GC5FTHC\">\n\n\t<div class=\"WooZone-cross-sell-loader\">\n\t\t<div>\n\t\t\t<div id=\"floatingBarsG\">\n\t\t\t\t<div class=\"blockG\" id=\"rotateG_01\"><\/div>\n\t\t\t\t<div class=\"blockG\" id=\"rotateG_02\"><\/div>\n\t\t\t\t<div class=\"blockG\" id=\"rotateG_03\"><\/div>\n\t\t\t\t<div class=\"blockG\" id=\"rotateG_04\"><\/div>\n\t\t\t\t<div class=\"blockG\" id=\"rotateG_05\"><\/div>\n\t\t\t\t<div class=\"blockG\" id=\"rotateG_06\"><\/div>\n\t\t\t\t<div class=\"blockG\" id=\"rotateG_07\"><\/div>\n\t\t\t\t<div class=\"blockG\" id=\"rotateG_08\"><\/div>\n\t\t\t<\/div>\n\t\t\t<div class=\"WooZone-cross-sell-loader-text\"><\/div>\n\t\t<\/div>\n\t<\/div>\n\n\t\t\n<\/div>\n<div style=\"clear:both;\"><\/div><\/p>\n","protected":false},"excerpt":{"rendered":"<p>Jeanshose von Name IT f\u00fcr Jungs aus weicher und bequemer Stretch-Qualit\u00e4t.<br \/>\nExtra Slim Fit Passform mit sehr schmalem Beinverlauf. Verdeckter Rei\u00dfverschlu\u00df, Hakenknopf und verstellbarem Bund.<br \/>\nVerschluss: Haken- und \u00d6senverschluss<\/p>\n","protected":false},"featured_media":13713,"comment_status":"open","ping_status":"closed","template":"","meta":[],"product_cat":[1081,132],"product_tag":[],"yoast_head":"<!-- This site is optimized with the Yoast SEO plugin v20.6 - https:\/\/yoast.com\/wordpress\/plugins\/seo\/ -->\n<title>NAME IT Jungen Hose NKMTHEO DNMZAC 3174 Pant NOOS - FamilienMode<\/title>\n<meta name=\"robots\" content=\"index, follow, max-snippet:-1, max-image-preview:large, max-video-preview:-1\" \/>\n<link rel=\"canonical\" href=\"https:\/\/bekleidungscenter.com\/?product=name-it-jungen-hose-nkmtheo-dnmzac-3174-pant-noos\" \/>\n<meta property=\"og:locale\" content=\"de_DE\" \/>\n<meta property=\"og:type\" content=\"article\" \/>\n<meta property=\"og:title\" content=\"NAME IT Jungen Hose NKMTHEO DNMZAC 3174 Pant NOOS - FamilienMode\" \/>\n<meta property=\"og:description\" content=\"Jeanshose von Name IT f\u00fcr Jungs aus weicher und bequemer Stretch-Qualit\u00e4t. Extra Slim Fit Passform mit sehr schmalem Beinverlauf. Verdeckter Rei\u00dfverschlu\u00df, Hakenknopf und verstellbarem Bund. Verschluss: Haken- und \u00d6senverschluss\" \/>\n<meta property=\"og:url\" content=\"https:\/\/bekleidungscenter.com\/?product=name-it-jungen-hose-nkmtheo-dnmzac-3174-pant-noos\" \/>\n<meta property=\"og:site_name\" content=\"FamilienMode\" \/>\n<meta property=\"article:modified_time\" content=\"2023-04-09T22:51:33+00:00\" \/>\n<meta property=\"og:image\" content=\"https:\/\/images-na.ssl-images-amazon.com\/images\/I\/31aPDpG80UL.jpg\" \/>\n\t<meta property=\"og:image:width\" content=\"500\" \/>\n\t<meta property=\"og:image:height\" content=\"500\" \/>\n\t<meta property=\"og:image:type\" content=\"image\/jpeg\" \/>\n<meta name=\"twitter:card\" content=\"summary_large_image\" \/>\n<meta name=\"twitter:label1\" content=\"Gesch\u00e4tzte Lesezeit\" \/>\n\t<meta name=\"twitter:data1\" content=\"1\u00a0Minute\" \/>\n<script type=\"application\/ld+json\" class=\"yoast-schema-graph\">{\"@context\":\"https:\/\/schema.org\",\"@graph\":[{\"@type\":\"WebPage\",\"@id\":\"https:\/\/bekleidungscenter.com\/?product=name-it-jungen-hose-nkmtheo-dnmzac-3174-pant-noos\",\"url\":\"https:\/\/bekleidungscenter.com\/?product=name-it-jungen-hose-nkmtheo-dnmzac-3174-pant-noos\",\"name\":\"NAME IT Jungen Hose NKMTHEO DNMZAC 3174 Pant NOOS - FamilienMode\",\"isPartOf\":{\"@id\":\"https:\/\/bekleidungscenter.com\/#website\"},\"datePublished\":\"2021-01-04T07:10:18+00:00\",\"dateModified\":\"2023-04-09T22:51:33+00:00\",\"breadcrumb\":{\"@id\":\"https:\/\/bekleidungscenter.com\/?product=name-it-jungen-hose-nkmtheo-dnmzac-3174-pant-noos#breadcrumb\"},\"inLanguage\":\"de\",\"potentialAction\":[{\"@type\":\"ReadAction\",\"target\":[\"https:\/\/bekleidungscenter.com\/?product=name-it-jungen-hose-nkmtheo-dnmzac-3174-pant-noos\"]}]},{\"@type\":\"BreadcrumbList\",\"@id\":\"https:\/\/bekleidungscenter.com\/?product=name-it-jungen-hose-nkmtheo-dnmzac-3174-pant-noos#breadcrumb\",\"itemListElement\":[{\"@type\":\"ListItem\",\"position\":1,\"name\":\"Home\",\"item\":\"https:\/\/bekleidungscenter.com\/\"},{\"@type\":\"ListItem\",\"position\":2,\"name\":\"Shop\",\"item\":\"https:\/\/bekleidungscenter.com\/?page_id=7\"},{\"@type\":\"ListItem\",\"position\":3,\"name\":\"NAME IT Jungen Hose NKMTHEO DNMZAC 3174 Pant NOOS\"}]},{\"@type\":\"WebSite\",\"@id\":\"https:\/\/bekleidungscenter.com\/#website\",\"url\":\"https:\/\/bekleidungscenter.com\/\",\"name\":\"FamilienMode\",\"description\":\"Alles f\u00fcr die ganze Familie\",\"potentialAction\":[{\"@type\":\"SearchAction\",\"target\":{\"@type\":\"EntryPoint\",\"urlTemplate\":\"https:\/\/bekleidungscenter.com\/?s={search_term_string}\"},\"query-input\":\"required name=search_term_string\"}],\"inLanguage\":\"de\"}]}<\/script>\n<!-- \/ Yoast SEO plugin. -->","yoast_head_json":{"title":"NAME IT Jungen Hose NKMTHEO DNMZAC 3174 Pant NOOS - FamilienMode","robots":{"index":"index","follow":"follow","max-snippet":"max-snippet:-1","max-image-preview":"max-image-preview:large","max-video-preview":"max-video-preview:-1"},"canonical":"https:\/\/bekleidungscenter.com\/?product=name-it-jungen-hose-nkmtheo-dnmzac-3174-pant-noos","og_locale":"de_DE","og_type":"article","og_title":"NAME IT Jungen Hose NKMTHEO DNMZAC 3174 Pant NOOS - FamilienMode","og_description":"Jeanshose von Name IT f\u00fcr Jungs aus weicher und bequemer Stretch-Qualit\u00e4t. Extra Slim Fit Passform mit sehr schmalem Beinverlauf. Verdeckter Rei\u00dfverschlu\u00df, Hakenknopf und verstellbarem Bund. Verschluss: Haken- und \u00d6senverschluss","og_url":"https:\/\/bekleidungscenter.com\/?product=name-it-jungen-hose-nkmtheo-dnmzac-3174-pant-noos","og_site_name":"FamilienMode","article_modified_time":"2023-04-09T22:51:33+00:00","og_image":[{"width":500,"height":500,"url":"https:\/\/images-na.ssl-images-amazon.com\/images\/I\/31aPDpG80UL.jpg","type":"image\/jpeg"}],"twitter_card":"summary_large_image","twitter_misc":{"Gesch\u00e4tzte Lesezeit":"1\u00a0Minute"},"schema":{"@context":"https:\/\/schema.org","@graph":[{"@type":"WebPage","@id":"https:\/\/bekleidungscenter.com\/?product=name-it-jungen-hose-nkmtheo-dnmzac-3174-pant-noos","url":"https:\/\/bekleidungscenter.com\/?product=name-it-jungen-hose-nkmtheo-dnmzac-3174-pant-noos","name":"NAME IT Jungen Hose NKMTHEO DNMZAC 3174 Pant NOOS - FamilienMode","isPartOf":{"@id":"https:\/\/bekleidungscenter.com\/#website"},"datePublished":"2021-01-04T07:10:18+00:00","dateModified":"2023-04-09T22:51:33+00:00","breadcrumb":{"@id":"https:\/\/bekleidungscenter.com\/?product=name-it-jungen-hose-nkmtheo-dnmzac-3174-pant-noos#breadcrumb"},"inLanguage":"de","potentialAction":[{"@type":"ReadAction","target":["https:\/\/bekleidungscenter.com\/?product=name-it-jungen-hose-nkmtheo-dnmzac-3174-pant-noos"]}]},{"@type":"BreadcrumbList","@id":"https:\/\/bekleidungscenter.com\/?product=name-it-jungen-hose-nkmtheo-dnmzac-3174-pant-noos#breadcrumb","itemListElement":[{"@type":"ListItem","position":1,"name":"Home","item":"https:\/\/bekleidungscenter.com\/"},{"@type":"ListItem","position":2,"name":"Shop","item":"https:\/\/bekleidungscenter.com\/?page_id=7"},{"@type":"ListItem","position":3,"name":"NAME IT Jungen Hose NKMTHEO DNMZAC 3174 Pant NOOS"}]},{"@type":"WebSite","@id":"https:\/\/bekleidungscenter.com\/#website","url":"https:\/\/bekleidungscenter.com\/","name":"FamilienMode","description":"Alles f\u00fcr die ganze Familie","potentialAction":[{"@type":"SearchAction","target":{"@type":"EntryPoint","urlTemplate":"https:\/\/bekleidungscenter.com\/?s={search_term_string}"},"query-input":"required name=search_term_string"}],"inLanguage":"de"}]}},"_links":{"self":[{"href":"https:\/\/bekleidungscenter.com\/index.php?rest_route=\/wp\/v2\/product\/13712"}],"collection":[{"href":"https:\/\/bekleidungscenter.com\/index.php?rest_route=\/wp\/v2\/product"}],"about":[{"href":"https:\/\/bekleidungscenter.com\/index.php?rest_route=\/wp\/v2\/types\/product"}],"replies":[{"embeddable":true,"href":"https:\/\/bekleidungscenter.com\/index.php?rest_route=%2Fwp%2Fv2%2Fcomments&post=13712"}],"wp:featuredmedia":[{"embeddable":true,"href":"https:\/\/bekleidungscenter.com\/index.php?rest_route=\/wp\/v2\/media\/13713"}],"wp:attachment":[{"href":"https:\/\/bekleidungscenter.com\/index.php?rest_route=%2Fwp%2Fv2%2Fmedia&parent=13712"}],"wp:term":[{"taxonomy":"product_cat","embeddable":true,"href":"https:\/\/bekleidungscenter.com\/index.php?rest_route=%2Fwp%2Fv2%2Fproduct_cat&post=13712"},{"taxonomy":"product_tag","embeddable":true,"href":"https:\/\/bekleidungscenter.com\/index.php?rest_route=%2Fwp%2Fv2%2Fproduct_tag&post=13712"}],"curies":[{"name":"wp","href":"https:\/\/api.w.org\/{rel}","templated":true}]}}