{"id":13871,"date":"2021-01-04T07:20:43","date_gmt":"2021-01-04T07:20:43","guid":{"rendered":"http:\/\/bekleidungscenter.com\/?product=amazon-essentials-jungen-pullover-hoodie-sweatshirt"},"modified":"2023-04-09T22:51:36","modified_gmt":"2023-04-09T22:51:36","slug":"amazon-essentials-jungen-pullover-hoodie-sweatshirt","status":"publish","type":"product","link":"https:\/\/bekleidungscenter.com\/?product=amazon-essentials-jungen-pullover-hoodie-sweatshirt","title":{"rendered":"Amazon Essentials Jungen Fleece-Kapuzenpulli"},"content":{"rendered":"<p><!-- show up to 2 reviews by default --> <\/p>\n<p>Amazon Essentials hat das, was Sie brauchen, um Ihre Kleinen in erschwinglicher, hochwertiger und langlebiger Alltagskleidung auszukleiden. Unsere Linie von Kinder-Must-Haves umfasst gem\u00fctliche Fleece-Stoffe und massiv warme Pufferjacken, um sie gesammelt zu halten, wenn die Temperaturen vereinsamen, sowie Hosen und Polohemden. Die konsistente Gr\u00f6\u00dfe nimmt das R\u00e4tselraten beim Einkaufen leer und jedes Phase wird auf die Probe gestellt, um Eltern-zugelassene Standards in Herausbildung und Komfort zu halten. <\/p>\n<p>Ein Must-Have Zugunsten den unverwechselbaren Stil, dieser Pullover Mit Hilfe von Kapuze ist eine lustige Konvergenz Zugunsten den Routine.<br \/>\nMit Hilfe von K\u00e4ngurutasche, elastischer Ripp an \u00c4rmelb\u00fcndchen und Saum<br \/>\nVerschluss: No Closure<br \/>\n60% Baumwolle, 40% Polyester<br \/>\nPullover Hoodie Sweatshirt<br \/>\nPflegehinweis: Maschinenw\u00e4sche<br \/>\nModellnummer: AE2017518<br \/>\nZugunsten einen sch\u00f6neren Routine: Wir optimieren jedes Detail, um Herausbildung, Passform und Komfort zu gew\u00e4hrleisten.<br \/>\nSchauen Sie sich mehr von Amazon Essentials an, indem Sie amazon.com\/amazonessentials besuchen.<br \/>\n<div class=\"main-cross-sell\" data-asin=\"B085SCMCP6\">\n\n\t<div class=\"WooZone-cross-sell-loader\">\n\t\t<div>\n\t\t\t<div id=\"floatingBarsG\">\n\t\t\t\t<div class=\"blockG\" id=\"rotateG_01\"><\/div>\n\t\t\t\t<div class=\"blockG\" id=\"rotateG_02\"><\/div>\n\t\t\t\t<div class=\"blockG\" id=\"rotateG_03\"><\/div>\n\t\t\t\t<div class=\"blockG\" id=\"rotateG_04\"><\/div>\n\t\t\t\t<div class=\"blockG\" id=\"rotateG_05\"><\/div>\n\t\t\t\t<div class=\"blockG\" id=\"rotateG_06\"><\/div>\n\t\t\t\t<div class=\"blockG\" id=\"rotateG_07\"><\/div>\n\t\t\t\t<div class=\"blockG\" id=\"rotateG_08\"><\/div>\n\t\t\t<\/div>\n\t\t\t<div class=\"WooZone-cross-sell-loader-text\"><\/div>\n\t\t<\/div>\n\t<\/div>\n\n\t\t\n<\/div>\n<div style=\"clear:both;\"><\/div><\/p>\n","protected":false},"excerpt":{"rendered":"<p>Ein Must-Have f\u00fcr den unverwechselbaren Stil, dieser Pullover mit Kapuze ist eine lustige Wahl f\u00fcr den Alltag.<br \/>\nMit K\u00e4ngurutasche, elastischer Ripp an \u00c4rmelb\u00fcndchen und Saum<br \/>\nVerschluss: No Closure<\/p>\n","protected":false},"featured_media":13873,"comment_status":"open","ping_status":"closed","template":"","meta":[],"product_cat":[1079,132],"product_tag":[],"yoast_head":"<!-- This site is optimized with the Yoast SEO plugin v20.6 - https:\/\/yoast.com\/wordpress\/plugins\/seo\/ -->\n<title>Amazon Essentials Jungen Fleece-Kapuzenpulli - FamilienMode<\/title>\n<meta name=\"robots\" content=\"index, follow, max-snippet:-1, max-image-preview:large, max-video-preview:-1\" \/>\n<link rel=\"canonical\" href=\"https:\/\/bekleidungscenter.com\/?product=amazon-essentials-jungen-pullover-hoodie-sweatshirt\" \/>\n<meta property=\"og:locale\" content=\"de_DE\" \/>\n<meta property=\"og:type\" content=\"article\" \/>\n<meta property=\"og:title\" content=\"Amazon Essentials Jungen Fleece-Kapuzenpulli - FamilienMode\" \/>\n<meta property=\"og:description\" content=\"Ein Must-Have f\u00fcr den unverwechselbaren Stil, dieser Pullover mit Kapuze ist eine lustige Wahl f\u00fcr den Alltag. Mit K\u00e4ngurutasche, elastischer Ripp an \u00c4rmelb\u00fcndchen und Saum Verschluss: No Closure\" \/>\n<meta property=\"og:url\" content=\"https:\/\/bekleidungscenter.com\/?product=amazon-essentials-jungen-pullover-hoodie-sweatshirt\" \/>\n<meta property=\"og:site_name\" content=\"FamilienMode\" \/>\n<meta property=\"article:modified_time\" content=\"2023-04-09T22:51:36+00:00\" \/>\n<meta property=\"og:image\" content=\"https:\/\/images-na.ssl-images-amazon.com\/images\/I\/41xkfs5KJNL.jpg\" \/>\n\t<meta property=\"og:image:width\" content=\"500\" \/>\n\t<meta property=\"og:image:height\" content=\"500\" \/>\n\t<meta property=\"og:image:type\" content=\"image\/jpeg\" \/>\n<meta name=\"twitter:card\" content=\"summary_large_image\" \/>\n<meta name=\"twitter:label1\" content=\"Gesch\u00e4tzte Lesezeit\" \/>\n\t<meta name=\"twitter:data1\" content=\"1\u00a0Minute\" \/>\n<script type=\"application\/ld+json\" class=\"yoast-schema-graph\">{\"@context\":\"https:\/\/schema.org\",\"@graph\":[{\"@type\":\"WebPage\",\"@id\":\"https:\/\/bekleidungscenter.com\/?product=amazon-essentials-jungen-pullover-hoodie-sweatshirt\",\"url\":\"https:\/\/bekleidungscenter.com\/?product=amazon-essentials-jungen-pullover-hoodie-sweatshirt\",\"name\":\"Amazon Essentials Jungen Fleece-Kapuzenpulli - FamilienMode\",\"isPartOf\":{\"@id\":\"https:\/\/bekleidungscenter.com\/#website\"},\"datePublished\":\"2021-01-04T07:20:43+00:00\",\"dateModified\":\"2023-04-09T22:51:36+00:00\",\"breadcrumb\":{\"@id\":\"https:\/\/bekleidungscenter.com\/?product=amazon-essentials-jungen-pullover-hoodie-sweatshirt#breadcrumb\"},\"inLanguage\":\"de\",\"potentialAction\":[{\"@type\":\"ReadAction\",\"target\":[\"https:\/\/bekleidungscenter.com\/?product=amazon-essentials-jungen-pullover-hoodie-sweatshirt\"]}]},{\"@type\":\"BreadcrumbList\",\"@id\":\"https:\/\/bekleidungscenter.com\/?product=amazon-essentials-jungen-pullover-hoodie-sweatshirt#breadcrumb\",\"itemListElement\":[{\"@type\":\"ListItem\",\"position\":1,\"name\":\"Home\",\"item\":\"https:\/\/bekleidungscenter.com\/\"},{\"@type\":\"ListItem\",\"position\":2,\"name\":\"Shop\",\"item\":\"https:\/\/bekleidungscenter.com\/?page_id=7\"},{\"@type\":\"ListItem\",\"position\":3,\"name\":\"Amazon Essentials Jungen Fleece-Kapuzenpulli\"}]},{\"@type\":\"WebSite\",\"@id\":\"https:\/\/bekleidungscenter.com\/#website\",\"url\":\"https:\/\/bekleidungscenter.com\/\",\"name\":\"FamilienMode\",\"description\":\"Alles f\u00fcr die ganze Familie\",\"potentialAction\":[{\"@type\":\"SearchAction\",\"target\":{\"@type\":\"EntryPoint\",\"urlTemplate\":\"https:\/\/bekleidungscenter.com\/?s={search_term_string}\"},\"query-input\":\"required name=search_term_string\"}],\"inLanguage\":\"de\"}]}<\/script>\n<!-- \/ Yoast SEO plugin. -->","yoast_head_json":{"title":"Amazon Essentials Jungen Fleece-Kapuzenpulli - FamilienMode","robots":{"index":"index","follow":"follow","max-snippet":"max-snippet:-1","max-image-preview":"max-image-preview:large","max-video-preview":"max-video-preview:-1"},"canonical":"https:\/\/bekleidungscenter.com\/?product=amazon-essentials-jungen-pullover-hoodie-sweatshirt","og_locale":"de_DE","og_type":"article","og_title":"Amazon Essentials Jungen Fleece-Kapuzenpulli - FamilienMode","og_description":"Ein Must-Have f\u00fcr den unverwechselbaren Stil, dieser Pullover mit Kapuze ist eine lustige Wahl f\u00fcr den Alltag. Mit K\u00e4ngurutasche, elastischer Ripp an \u00c4rmelb\u00fcndchen und Saum Verschluss: No Closure","og_url":"https:\/\/bekleidungscenter.com\/?product=amazon-essentials-jungen-pullover-hoodie-sweatshirt","og_site_name":"FamilienMode","article_modified_time":"2023-04-09T22:51:36+00:00","og_image":[{"width":500,"height":500,"url":"https:\/\/images-na.ssl-images-amazon.com\/images\/I\/41xkfs5KJNL.jpg","type":"image\/jpeg"}],"twitter_card":"summary_large_image","twitter_misc":{"Gesch\u00e4tzte Lesezeit":"1\u00a0Minute"},"schema":{"@context":"https:\/\/schema.org","@graph":[{"@type":"WebPage","@id":"https:\/\/bekleidungscenter.com\/?product=amazon-essentials-jungen-pullover-hoodie-sweatshirt","url":"https:\/\/bekleidungscenter.com\/?product=amazon-essentials-jungen-pullover-hoodie-sweatshirt","name":"Amazon Essentials Jungen Fleece-Kapuzenpulli - FamilienMode","isPartOf":{"@id":"https:\/\/bekleidungscenter.com\/#website"},"datePublished":"2021-01-04T07:20:43+00:00","dateModified":"2023-04-09T22:51:36+00:00","breadcrumb":{"@id":"https:\/\/bekleidungscenter.com\/?product=amazon-essentials-jungen-pullover-hoodie-sweatshirt#breadcrumb"},"inLanguage":"de","potentialAction":[{"@type":"ReadAction","target":["https:\/\/bekleidungscenter.com\/?product=amazon-essentials-jungen-pullover-hoodie-sweatshirt"]}]},{"@type":"BreadcrumbList","@id":"https:\/\/bekleidungscenter.com\/?product=amazon-essentials-jungen-pullover-hoodie-sweatshirt#breadcrumb","itemListElement":[{"@type":"ListItem","position":1,"name":"Home","item":"https:\/\/bekleidungscenter.com\/"},{"@type":"ListItem","position":2,"name":"Shop","item":"https:\/\/bekleidungscenter.com\/?page_id=7"},{"@type":"ListItem","position":3,"name":"Amazon Essentials Jungen Fleece-Kapuzenpulli"}]},{"@type":"WebSite","@id":"https:\/\/bekleidungscenter.com\/#website","url":"https:\/\/bekleidungscenter.com\/","name":"FamilienMode","description":"Alles f\u00fcr die ganze Familie","potentialAction":[{"@type":"SearchAction","target":{"@type":"EntryPoint","urlTemplate":"https:\/\/bekleidungscenter.com\/?s={search_term_string}"},"query-input":"required name=search_term_string"}],"inLanguage":"de"}]}},"_links":{"self":[{"href":"https:\/\/bekleidungscenter.com\/index.php?rest_route=\/wp\/v2\/product\/13871"}],"collection":[{"href":"https:\/\/bekleidungscenter.com\/index.php?rest_route=\/wp\/v2\/product"}],"about":[{"href":"https:\/\/bekleidungscenter.com\/index.php?rest_route=\/wp\/v2\/types\/product"}],"replies":[{"embeddable":true,"href":"https:\/\/bekleidungscenter.com\/index.php?rest_route=%2Fwp%2Fv2%2Fcomments&post=13871"}],"wp:featuredmedia":[{"embeddable":true,"href":"https:\/\/bekleidungscenter.com\/index.php?rest_route=\/wp\/v2\/media\/13873"}],"wp:attachment":[{"href":"https:\/\/bekleidungscenter.com\/index.php?rest_route=%2Fwp%2Fv2%2Fmedia&parent=13871"}],"wp:term":[{"taxonomy":"product_cat","embeddable":true,"href":"https:\/\/bekleidungscenter.com\/index.php?rest_route=%2Fwp%2Fv2%2Fproduct_cat&post=13871"},{"taxonomy":"product_tag","embeddable":true,"href":"https:\/\/bekleidungscenter.com\/index.php?rest_route=%2Fwp%2Fv2%2Fproduct_tag&post=13871"}],"curies":[{"name":"wp","href":"https:\/\/api.w.org\/{rel}","templated":true}]}}