{"id":14207,"date":"2021-01-04T08:00:49","date_gmt":"2021-01-04T08:00:49","guid":{"rendered":"http:\/\/bekleidungscenter.com\/?product=playshoes-unisex-baby-pumphose-interlock-ringel-jogginghose"},"modified":"2023-04-08T22:32:31","modified_gmt":"2023-04-08T22:32:31","slug":"playshoes-unisex-baby-pumphose-interlock-ringel-jogginghose","status":"publish","type":"product","link":"https:\/\/bekleidungscenter.com\/?product=playshoes-unisex-baby-pumphose-interlock-ringel-jogginghose","title":{"rendered":"Playshoes Unisex Kinder Baby-Pumphose Interlock Ringel"},"content":{"rendered":"<p><!-- show up to 2 reviews by default --> <\/p>\n<p><strong>Produkteigenschaften:<\/strong><\/p>\n<ul>\n<li>\n<p>Die bequeme Schlupfhose mit elastischem und breitem Komfortbund ist die Gesamtheit 100 Prozent Baumwolle.<\/p>\n<\/li>\n<li>\n<p>Das angenehme Material der Kinder-Hose bietet den Kleinen ein gem\u00fctliches Tragegef\u00fchl, die elastischen Fu\u00df-B\u00fcndchen Acht geben einen tollen Komfort.<\/p>\n<\/li>\n<li>\n<p>M\u00fchelos bei 40\u00b0 C in der Waschmaschine waschbar<\/p>\n<\/li>\n<li>\n<p>Textiles Vertrauen &#8211; Oeko-Tex-Standard 100 Klasse 1 vom Institut Hohenstein auf Schadstoffe gepr\u00fcft (Pr\u00fcf-Nr. 11.0.86164).<\/p>\n<\/li>\n<\/ul>\n<p><strong>Schnizler \ua7f7 kindgerechte Wohlf\u00fchlmode mit Liebe zum Detail<\/strong><\/p>\n<p>Die Firma Schnizler steht seit fast 100 Jahren f\u00fcr hochwertige und modische Kinderkleidung mit einem hohen Qualit\u00e4tsanspruch. Wie im Jahr 1923 Eugen Schnizler mit seinem Gesch\u00e4ftspartner Jakob Weber das Unternehmen gr\u00fcndetet wurde einsam Baby-W\u00e4sche produziert. Heute ist das Sortiment abundant umfangreicher und wurde aber und abermal durch neue Paper erweitert. Dank konsequenter Qualit\u00e4t, Produktentwicklung und Kundenn\u00e4he hat sich Schnizler zu einer bekannten Marke entwickelt, die die Kleinsten von der Ursprung bis hin zum Kleinkindalter begleitet. <\/p>\n<p>Im Juni 2015 erfolgte die Akquisition der erfolgreichen Schnizler-Kollektion sowie die Markenrechte durch Playshoes. Diese beiden Marken abwandeln sich wunderbar und k\u00f6nnen seitdem ihre Erfolgsgeschichte gemeinsam weiterschreiben.<\/p>\n<\/p>\n<p>Praktische Baby Pumphose in Interlock Qualit\u00e4t mit elastischen Fu\u00dfb\u00fcndchen<br \/>\nBequeme Schlupfhose mit elastischem und breitem Komfortbund die Gesamtheit 100 % Baumwolle<br \/>\n100% Baumwolle<br \/>\nHose<br \/>\nPflegehinweis: Maschinenw\u00e4sche<br \/>\nModellnummer: 800911_17_44<br \/>\nDas angenehme Material der Kinder-Hose bietet den Kleinen ein gem\u00fctliches Tragegef\u00fchl<br \/>\nTextiles Vertrauen &#8211; Oeko-Tex-Standard 100 Klasse 1 vom Institut Hohenstein auf Schadstoffe gepr\u00fcft (Pr\u00fcf-Nr. : 11.0.86164)<br \/>\n<div class=\"main-cross-sell\" data-asin=\"B015O1BYOK\">\n\n\t<div class=\"WooZone-cross-sell-loader\">\n\t\t<div>\n\t\t\t<div id=\"floatingBarsG\">\n\t\t\t\t<div class=\"blockG\" id=\"rotateG_01\"><\/div>\n\t\t\t\t<div class=\"blockG\" id=\"rotateG_02\"><\/div>\n\t\t\t\t<div class=\"blockG\" id=\"rotateG_03\"><\/div>\n\t\t\t\t<div class=\"blockG\" id=\"rotateG_04\"><\/div>\n\t\t\t\t<div class=\"blockG\" id=\"rotateG_05\"><\/div>\n\t\t\t\t<div class=\"blockG\" id=\"rotateG_06\"><\/div>\n\t\t\t\t<div class=\"blockG\" id=\"rotateG_07\"><\/div>\n\t\t\t\t<div class=\"blockG\" id=\"rotateG_08\"><\/div>\n\t\t\t<\/div>\n\t\t\t<div class=\"WooZone-cross-sell-loader-text\"><\/div>\n\t\t<\/div>\n\t<\/div>\n\n\t\t\n<\/div>\n<div style=\"clear:both;\"><\/div><\/p>\n","protected":false},"excerpt":{"rendered":"<p>Praktische Baby Pumphose in Interlock Qualit\u00e4t mit elastischen Fu\u00dfb\u00fcndchen<br \/>\nBequeme Schlupfhose mit elastischem und breitem Komfortbund aus 100 % Baumwolle<br \/>\n100% Baumwolle<\/p>\n","protected":false},"featured_media":14210,"comment_status":"open","ping_status":"closed","template":"","meta":[],"product_cat":[124],"product_tag":[],"yoast_head":"<!-- This site is optimized with the Yoast SEO plugin v20.6 - https:\/\/yoast.com\/wordpress\/plugins\/seo\/ -->\n<title>Playshoes Unisex Kinder Baby-Pumphose Interlock Ringel - FamilienMode<\/title>\n<meta name=\"robots\" content=\"index, follow, max-snippet:-1, max-image-preview:large, max-video-preview:-1\" \/>\n<link rel=\"canonical\" href=\"https:\/\/bekleidungscenter.com\/?product=playshoes-unisex-baby-pumphose-interlock-ringel-jogginghose\" \/>\n<meta property=\"og:locale\" content=\"de_DE\" \/>\n<meta property=\"og:type\" content=\"article\" \/>\n<meta property=\"og:title\" content=\"Playshoes Unisex Kinder Baby-Pumphose Interlock Ringel - FamilienMode\" \/>\n<meta property=\"og:description\" content=\"Praktische Baby Pumphose in Interlock Qualit\u00e4t mit elastischen Fu\u00dfb\u00fcndchen Bequeme Schlupfhose mit elastischem und breitem Komfortbund aus 100 % Baumwolle 100% Baumwolle\" \/>\n<meta property=\"og:url\" content=\"https:\/\/bekleidungscenter.com\/?product=playshoes-unisex-baby-pumphose-interlock-ringel-jogginghose\" \/>\n<meta property=\"og:site_name\" content=\"FamilienMode\" \/>\n<meta property=\"article:modified_time\" content=\"2023-04-08T22:32:31+00:00\" \/>\n<meta property=\"og:image\" content=\"https:\/\/images-na.ssl-images-amazon.com\/images\/I\/41hvNHZFgbL.jpg\" \/>\n\t<meta property=\"og:image:width\" content=\"500\" \/>\n\t<meta property=\"og:image:height\" content=\"500\" \/>\n\t<meta property=\"og:image:type\" content=\"image\/jpeg\" \/>\n<meta name=\"twitter:card\" content=\"summary_large_image\" \/>\n<meta name=\"twitter:label1\" content=\"Gesch\u00e4tzte Lesezeit\" \/>\n\t<meta name=\"twitter:data1\" content=\"1\u00a0Minute\" \/>\n<script type=\"application\/ld+json\" class=\"yoast-schema-graph\">{\"@context\":\"https:\/\/schema.org\",\"@graph\":[{\"@type\":\"WebPage\",\"@id\":\"https:\/\/bekleidungscenter.com\/?product=playshoes-unisex-baby-pumphose-interlock-ringel-jogginghose\",\"url\":\"https:\/\/bekleidungscenter.com\/?product=playshoes-unisex-baby-pumphose-interlock-ringel-jogginghose\",\"name\":\"Playshoes Unisex Kinder Baby-Pumphose Interlock Ringel - FamilienMode\",\"isPartOf\":{\"@id\":\"https:\/\/bekleidungscenter.com\/#website\"},\"datePublished\":\"2021-01-04T08:00:49+00:00\",\"dateModified\":\"2023-04-08T22:32:31+00:00\",\"breadcrumb\":{\"@id\":\"https:\/\/bekleidungscenter.com\/?product=playshoes-unisex-baby-pumphose-interlock-ringel-jogginghose#breadcrumb\"},\"inLanguage\":\"de\",\"potentialAction\":[{\"@type\":\"ReadAction\",\"target\":[\"https:\/\/bekleidungscenter.com\/?product=playshoes-unisex-baby-pumphose-interlock-ringel-jogginghose\"]}]},{\"@type\":\"BreadcrumbList\",\"@id\":\"https:\/\/bekleidungscenter.com\/?product=playshoes-unisex-baby-pumphose-interlock-ringel-jogginghose#breadcrumb\",\"itemListElement\":[{\"@type\":\"ListItem\",\"position\":1,\"name\":\"Home\",\"item\":\"https:\/\/bekleidungscenter.com\/\"},{\"@type\":\"ListItem\",\"position\":2,\"name\":\"Shop\",\"item\":\"https:\/\/bekleidungscenter.com\/?page_id=7\"},{\"@type\":\"ListItem\",\"position\":3,\"name\":\"Playshoes Unisex Kinder Baby-Pumphose Interlock Ringel\"}]},{\"@type\":\"WebSite\",\"@id\":\"https:\/\/bekleidungscenter.com\/#website\",\"url\":\"https:\/\/bekleidungscenter.com\/\",\"name\":\"FamilienMode\",\"description\":\"Alles f\u00fcr die ganze Familie\",\"potentialAction\":[{\"@type\":\"SearchAction\",\"target\":{\"@type\":\"EntryPoint\",\"urlTemplate\":\"https:\/\/bekleidungscenter.com\/?s={search_term_string}\"},\"query-input\":\"required name=search_term_string\"}],\"inLanguage\":\"de\"}]}<\/script>\n<!-- \/ Yoast SEO plugin. -->","yoast_head_json":{"title":"Playshoes Unisex Kinder Baby-Pumphose Interlock Ringel - FamilienMode","robots":{"index":"index","follow":"follow","max-snippet":"max-snippet:-1","max-image-preview":"max-image-preview:large","max-video-preview":"max-video-preview:-1"},"canonical":"https:\/\/bekleidungscenter.com\/?product=playshoes-unisex-baby-pumphose-interlock-ringel-jogginghose","og_locale":"de_DE","og_type":"article","og_title":"Playshoes Unisex Kinder Baby-Pumphose Interlock Ringel - FamilienMode","og_description":"Praktische Baby Pumphose in Interlock Qualit\u00e4t mit elastischen Fu\u00dfb\u00fcndchen Bequeme Schlupfhose mit elastischem und breitem Komfortbund aus 100 % Baumwolle 100% Baumwolle","og_url":"https:\/\/bekleidungscenter.com\/?product=playshoes-unisex-baby-pumphose-interlock-ringel-jogginghose","og_site_name":"FamilienMode","article_modified_time":"2023-04-08T22:32:31+00:00","og_image":[{"width":500,"height":500,"url":"https:\/\/images-na.ssl-images-amazon.com\/images\/I\/41hvNHZFgbL.jpg","type":"image\/jpeg"}],"twitter_card":"summary_large_image","twitter_misc":{"Gesch\u00e4tzte Lesezeit":"1\u00a0Minute"},"schema":{"@context":"https:\/\/schema.org","@graph":[{"@type":"WebPage","@id":"https:\/\/bekleidungscenter.com\/?product=playshoes-unisex-baby-pumphose-interlock-ringel-jogginghose","url":"https:\/\/bekleidungscenter.com\/?product=playshoes-unisex-baby-pumphose-interlock-ringel-jogginghose","name":"Playshoes Unisex Kinder Baby-Pumphose Interlock Ringel - FamilienMode","isPartOf":{"@id":"https:\/\/bekleidungscenter.com\/#website"},"datePublished":"2021-01-04T08:00:49+00:00","dateModified":"2023-04-08T22:32:31+00:00","breadcrumb":{"@id":"https:\/\/bekleidungscenter.com\/?product=playshoes-unisex-baby-pumphose-interlock-ringel-jogginghose#breadcrumb"},"inLanguage":"de","potentialAction":[{"@type":"ReadAction","target":["https:\/\/bekleidungscenter.com\/?product=playshoes-unisex-baby-pumphose-interlock-ringel-jogginghose"]}]},{"@type":"BreadcrumbList","@id":"https:\/\/bekleidungscenter.com\/?product=playshoes-unisex-baby-pumphose-interlock-ringel-jogginghose#breadcrumb","itemListElement":[{"@type":"ListItem","position":1,"name":"Home","item":"https:\/\/bekleidungscenter.com\/"},{"@type":"ListItem","position":2,"name":"Shop","item":"https:\/\/bekleidungscenter.com\/?page_id=7"},{"@type":"ListItem","position":3,"name":"Playshoes Unisex Kinder Baby-Pumphose Interlock Ringel"}]},{"@type":"WebSite","@id":"https:\/\/bekleidungscenter.com\/#website","url":"https:\/\/bekleidungscenter.com\/","name":"FamilienMode","description":"Alles f\u00fcr die ganze Familie","potentialAction":[{"@type":"SearchAction","target":{"@type":"EntryPoint","urlTemplate":"https:\/\/bekleidungscenter.com\/?s={search_term_string}"},"query-input":"required name=search_term_string"}],"inLanguage":"de"}]}},"_links":{"self":[{"href":"https:\/\/bekleidungscenter.com\/index.php?rest_route=\/wp\/v2\/product\/14207"}],"collection":[{"href":"https:\/\/bekleidungscenter.com\/index.php?rest_route=\/wp\/v2\/product"}],"about":[{"href":"https:\/\/bekleidungscenter.com\/index.php?rest_route=\/wp\/v2\/types\/product"}],"replies":[{"embeddable":true,"href":"https:\/\/bekleidungscenter.com\/index.php?rest_route=%2Fwp%2Fv2%2Fcomments&post=14207"}],"wp:featuredmedia":[{"embeddable":true,"href":"https:\/\/bekleidungscenter.com\/index.php?rest_route=\/wp\/v2\/media\/14210"}],"wp:attachment":[{"href":"https:\/\/bekleidungscenter.com\/index.php?rest_route=%2Fwp%2Fv2%2Fmedia&parent=14207"}],"wp:term":[{"taxonomy":"product_cat","embeddable":true,"href":"https:\/\/bekleidungscenter.com\/index.php?rest_route=%2Fwp%2Fv2%2Fproduct_cat&post=14207"},{"taxonomy":"product_tag","embeddable":true,"href":"https:\/\/bekleidungscenter.com\/index.php?rest_route=%2Fwp%2Fv2%2Fproduct_tag&post=14207"}],"curies":[{"name":"wp","href":"https:\/\/api.w.org\/{rel}","templated":true}]}}