{"id":14252,"date":"2021-01-04T08:01:14","date_gmt":"2021-01-04T08:01:14","guid":{"rendered":"http:\/\/bekleidungscenter.com\/?product=name-it-maedchen-jeans"},"modified":"2023-04-08T22:32:32","modified_gmt":"2023-04-08T22:32:32","slug":"name-it-maedchen-jeans","status":"publish","type":"product","link":"https:\/\/bekleidungscenter.com\/?product=name-it-maedchen-jeans","title":{"rendered":"NAME IT M\u00e4dchen Skinny Fit Stretch Jeans in Denim grau"},"content":{"rendered":"<p><!-- show up to 2 reviews by default --> <\/p>\n<p>Die Jeans von NAME IT ist ein wahrer Klassiker statt dessen den M\u00e4dchenkleiderschrank. Die Five-Pocket-Jeans kommt in einer schmalen Passform freilich unter anderem \u00fcberzeugt mittels einer klassischen Waschung. Begleitend verspricht das softe, dehnbare Material mittels Bio Baumolle eine hohe Latit\u00fcde. Ob mittels einer s\u00fc\u00dfen Bluse oder einem sportlichen Kapuzenpulli, die Jeans von NAME IT ist andauernd ein toller Kombipartner. <\/p>\n<p>Skinny Jeanshose<br \/>\nVerstellbarer F\u00f6deration<br \/>\nVerstopfung: No Closure<br \/>\n77% Baumwolle, 22% Polyester, 1% Elasthan<br \/>\nPants<br \/>\nPflegehinweis: Keine Aufhebens<br \/>\nModellnummer: 13177807<br \/>\n<div class=\"main-cross-sell\" data-asin=\"B084H8N8LX\">\n\n\t<div class=\"WooZone-cross-sell-loader\">\n\t\t<div>\n\t\t\t<div id=\"floatingBarsG\">\n\t\t\t\t<div class=\"blockG\" id=\"rotateG_01\"><\/div>\n\t\t\t\t<div class=\"blockG\" id=\"rotateG_02\"><\/div>\n\t\t\t\t<div class=\"blockG\" id=\"rotateG_03\"><\/div>\n\t\t\t\t<div class=\"blockG\" id=\"rotateG_04\"><\/div>\n\t\t\t\t<div class=\"blockG\" id=\"rotateG_05\"><\/div>\n\t\t\t\t<div class=\"blockG\" id=\"rotateG_06\"><\/div>\n\t\t\t\t<div class=\"blockG\" id=\"rotateG_07\"><\/div>\n\t\t\t\t<div class=\"blockG\" id=\"rotateG_08\"><\/div>\n\t\t\t<\/div>\n\t\t\t<div class=\"WooZone-cross-sell-loader-text\"><\/div>\n\t\t<\/div>\n\t<\/div>\n\n\t\t\n<\/div>\n<div style=\"clear:both;\"><\/div><\/p>\n","protected":false},"excerpt":{"rendered":"<p>Skinny Jeanshose<br \/>\nVerstellbarer Bund<br \/>\nVerschluss: No Closure<\/p>\n","protected":false},"featured_media":14254,"comment_status":"open","ping_status":"closed","template":"","meta":[],"product_cat":[124],"product_tag":[],"yoast_head":"<!-- This site is optimized with the Yoast SEO plugin v20.6 - https:\/\/yoast.com\/wordpress\/plugins\/seo\/ -->\n<title>NAME IT M\u00e4dchen Skinny Fit Stretch Jeans in Denim grau - FamilienMode<\/title>\n<meta name=\"robots\" content=\"index, follow, max-snippet:-1, max-image-preview:large, max-video-preview:-1\" \/>\n<link rel=\"canonical\" href=\"https:\/\/bekleidungscenter.com\/?product=name-it-maedchen-jeans\" \/>\n<meta property=\"og:locale\" content=\"de_DE\" \/>\n<meta property=\"og:type\" content=\"article\" \/>\n<meta property=\"og:title\" content=\"NAME IT M\u00e4dchen Skinny Fit Stretch Jeans in Denim grau - FamilienMode\" \/>\n<meta property=\"og:description\" content=\"Skinny Jeanshose Verstellbarer Bund Verschluss: No Closure\" \/>\n<meta property=\"og:url\" content=\"https:\/\/bekleidungscenter.com\/?product=name-it-maedchen-jeans\" \/>\n<meta property=\"og:site_name\" content=\"FamilienMode\" \/>\n<meta property=\"article:modified_time\" content=\"2023-04-08T22:32:32+00:00\" \/>\n<meta property=\"og:image\" content=\"https:\/\/images-na.ssl-images-amazon.com\/images\/I\/31ewA3YeFaL.jpg\" \/>\n\t<meta property=\"og:image:width\" content=\"500\" \/>\n\t<meta property=\"og:image:height\" content=\"500\" \/>\n\t<meta property=\"og:image:type\" content=\"image\/jpeg\" \/>\n<meta name=\"twitter:card\" content=\"summary_large_image\" \/>\n<script type=\"application\/ld+json\" class=\"yoast-schema-graph\">{\"@context\":\"https:\/\/schema.org\",\"@graph\":[{\"@type\":\"WebPage\",\"@id\":\"https:\/\/bekleidungscenter.com\/?product=name-it-maedchen-jeans\",\"url\":\"https:\/\/bekleidungscenter.com\/?product=name-it-maedchen-jeans\",\"name\":\"NAME IT M\u00e4dchen Skinny Fit Stretch Jeans in Denim grau - FamilienMode\",\"isPartOf\":{\"@id\":\"https:\/\/bekleidungscenter.com\/#website\"},\"datePublished\":\"2021-01-04T08:01:14+00:00\",\"dateModified\":\"2023-04-08T22:32:32+00:00\",\"breadcrumb\":{\"@id\":\"https:\/\/bekleidungscenter.com\/?product=name-it-maedchen-jeans#breadcrumb\"},\"inLanguage\":\"de\",\"potentialAction\":[{\"@type\":\"ReadAction\",\"target\":[\"https:\/\/bekleidungscenter.com\/?product=name-it-maedchen-jeans\"]}]},{\"@type\":\"BreadcrumbList\",\"@id\":\"https:\/\/bekleidungscenter.com\/?product=name-it-maedchen-jeans#breadcrumb\",\"itemListElement\":[{\"@type\":\"ListItem\",\"position\":1,\"name\":\"Home\",\"item\":\"https:\/\/bekleidungscenter.com\/\"},{\"@type\":\"ListItem\",\"position\":2,\"name\":\"Shop\",\"item\":\"https:\/\/bekleidungscenter.com\/?page_id=7\"},{\"@type\":\"ListItem\",\"position\":3,\"name\":\"NAME IT M\u00e4dchen Skinny Fit Stretch Jeans in Denim grau\"}]},{\"@type\":\"WebSite\",\"@id\":\"https:\/\/bekleidungscenter.com\/#website\",\"url\":\"https:\/\/bekleidungscenter.com\/\",\"name\":\"FamilienMode\",\"description\":\"Alles f\u00fcr die ganze Familie\",\"potentialAction\":[{\"@type\":\"SearchAction\",\"target\":{\"@type\":\"EntryPoint\",\"urlTemplate\":\"https:\/\/bekleidungscenter.com\/?s={search_term_string}\"},\"query-input\":\"required name=search_term_string\"}],\"inLanguage\":\"de\"}]}<\/script>\n<!-- \/ Yoast SEO plugin. -->","yoast_head_json":{"title":"NAME IT M\u00e4dchen Skinny Fit Stretch Jeans in Denim grau - FamilienMode","robots":{"index":"index","follow":"follow","max-snippet":"max-snippet:-1","max-image-preview":"max-image-preview:large","max-video-preview":"max-video-preview:-1"},"canonical":"https:\/\/bekleidungscenter.com\/?product=name-it-maedchen-jeans","og_locale":"de_DE","og_type":"article","og_title":"NAME IT M\u00e4dchen Skinny Fit Stretch Jeans in Denim grau - FamilienMode","og_description":"Skinny Jeanshose Verstellbarer Bund Verschluss: No Closure","og_url":"https:\/\/bekleidungscenter.com\/?product=name-it-maedchen-jeans","og_site_name":"FamilienMode","article_modified_time":"2023-04-08T22:32:32+00:00","og_image":[{"width":500,"height":500,"url":"https:\/\/images-na.ssl-images-amazon.com\/images\/I\/31ewA3YeFaL.jpg","type":"image\/jpeg"}],"twitter_card":"summary_large_image","schema":{"@context":"https:\/\/schema.org","@graph":[{"@type":"WebPage","@id":"https:\/\/bekleidungscenter.com\/?product=name-it-maedchen-jeans","url":"https:\/\/bekleidungscenter.com\/?product=name-it-maedchen-jeans","name":"NAME IT M\u00e4dchen Skinny Fit Stretch Jeans in Denim grau - FamilienMode","isPartOf":{"@id":"https:\/\/bekleidungscenter.com\/#website"},"datePublished":"2021-01-04T08:01:14+00:00","dateModified":"2023-04-08T22:32:32+00:00","breadcrumb":{"@id":"https:\/\/bekleidungscenter.com\/?product=name-it-maedchen-jeans#breadcrumb"},"inLanguage":"de","potentialAction":[{"@type":"ReadAction","target":["https:\/\/bekleidungscenter.com\/?product=name-it-maedchen-jeans"]}]},{"@type":"BreadcrumbList","@id":"https:\/\/bekleidungscenter.com\/?product=name-it-maedchen-jeans#breadcrumb","itemListElement":[{"@type":"ListItem","position":1,"name":"Home","item":"https:\/\/bekleidungscenter.com\/"},{"@type":"ListItem","position":2,"name":"Shop","item":"https:\/\/bekleidungscenter.com\/?page_id=7"},{"@type":"ListItem","position":3,"name":"NAME IT M\u00e4dchen Skinny Fit Stretch Jeans in Denim grau"}]},{"@type":"WebSite","@id":"https:\/\/bekleidungscenter.com\/#website","url":"https:\/\/bekleidungscenter.com\/","name":"FamilienMode","description":"Alles f\u00fcr die ganze Familie","potentialAction":[{"@type":"SearchAction","target":{"@type":"EntryPoint","urlTemplate":"https:\/\/bekleidungscenter.com\/?s={search_term_string}"},"query-input":"required name=search_term_string"}],"inLanguage":"de"}]}},"_links":{"self":[{"href":"https:\/\/bekleidungscenter.com\/index.php?rest_route=\/wp\/v2\/product\/14252"}],"collection":[{"href":"https:\/\/bekleidungscenter.com\/index.php?rest_route=\/wp\/v2\/product"}],"about":[{"href":"https:\/\/bekleidungscenter.com\/index.php?rest_route=\/wp\/v2\/types\/product"}],"replies":[{"embeddable":true,"href":"https:\/\/bekleidungscenter.com\/index.php?rest_route=%2Fwp%2Fv2%2Fcomments&post=14252"}],"wp:featuredmedia":[{"embeddable":true,"href":"https:\/\/bekleidungscenter.com\/index.php?rest_route=\/wp\/v2\/media\/14254"}],"wp:attachment":[{"href":"https:\/\/bekleidungscenter.com\/index.php?rest_route=%2Fwp%2Fv2%2Fmedia&parent=14252"}],"wp:term":[{"taxonomy":"product_cat","embeddable":true,"href":"https:\/\/bekleidungscenter.com\/index.php?rest_route=%2Fwp%2Fv2%2Fproduct_cat&post=14252"},{"taxonomy":"product_tag","embeddable":true,"href":"https:\/\/bekleidungscenter.com\/index.php?rest_route=%2Fwp%2Fv2%2Fproduct_tag&post=14252"}],"curies":[{"name":"wp","href":"https:\/\/api.w.org\/{rel}","templated":true}]}}