{"id":14263,"date":"2021-01-04T08:01:22","date_gmt":"2021-01-04T08:01:22","guid":{"rendered":"http:\/\/bekleidungscenter.com\/?product=pippi-halstuch-dreieckstuch-ronne"},"modified":"2023-04-08T22:32:32","modified_gmt":"2023-04-08T22:32:32","slug":"pippi-halstuch-dreieckstuch-ronne","status":"publish","type":"product","link":"https:\/\/bekleidungscenter.com\/?product=pippi-halstuch-dreieckstuch-ronne","title":{"rendered":"Pippi Halstuch Dreieckstuch Baby L\u00e4tzchen Halst\u00fccher 1402"},"content":{"rendered":"<p><!-- show up to 2 reviews by default --> <\/p>\n<p>Pippi Organic Baby Halst\u00fccher &#8211; s\u00fc\u00dfe Babymode ganz D\u00e4nemark . Pippi Halst\u00fccher sind saugf\u00e4hig, weich, bequem und durch den besonderen Schnitt mit Faltenlegung h\u00e4ngen die T\u00fcchlein nicht demgegen\u00fcber einfach so nach runter, sondern haben vulgo eine tolle Optik. Dank ihrer Dicke nehmen sie vulgo im \u00dcberfluss Fl\u00fcssigkeit auf, und durch die eingearbeitete Zwischenlage im inneren sickert Fl\u00fcssigkeit nicht so schnell durch als bei einfachen einlagigen L\u00e4tzchen. So bleiben Oberteile l\u00e4nger trocken und sauber. Ein sch\u00f6nes Dreieckstuch f\u00fcr die Kleinen. Das Tuch ist au\u00dfergew\u00f6hnlich saugstark und duch die 2 Druckkn\u00f6pfe flexibel. Material: 65% Baumwolle, 35% Polyester waschbar bei 40 feiner Unterschied Maschinenw\u00e4sche <\/p>\n<p>Pippi Halstuch Dreieckstuch Organic 1402 (steingrau)<br \/>\nschadstoffgepr\u00fcfte Organic Baumwolle<br \/>\n65% Baumwolle, 35% Polyester<br \/>\nPippi Halstuch, s\u00fc\u00dfe Babymode ganz D\u00e4nemark<br \/>\nMaterial: 65% Baumwolle, 35% Polyester &#8211; mit innenliegender Membran, ergo nichts duchweicht<br \/>\n<div class=\"main-cross-sell\" data-asin=\"B078QY9KRG\">\n\n\t<div class=\"WooZone-cross-sell-loader\">\n\t\t<div>\n\t\t\t<div id=\"floatingBarsG\">\n\t\t\t\t<div class=\"blockG\" id=\"rotateG_01\"><\/div>\n\t\t\t\t<div class=\"blockG\" id=\"rotateG_02\"><\/div>\n\t\t\t\t<div class=\"blockG\" id=\"rotateG_03\"><\/div>\n\t\t\t\t<div class=\"blockG\" id=\"rotateG_04\"><\/div>\n\t\t\t\t<div class=\"blockG\" id=\"rotateG_05\"><\/div>\n\t\t\t\t<div class=\"blockG\" id=\"rotateG_06\"><\/div>\n\t\t\t\t<div class=\"blockG\" id=\"rotateG_07\"><\/div>\n\t\t\t\t<div class=\"blockG\" id=\"rotateG_08\"><\/div>\n\t\t\t<\/div>\n\t\t\t<div class=\"WooZone-cross-sell-loader-text\"><\/div>\n\t\t<\/div>\n\t<\/div>\n\n\t\t\n<\/div>\n<div style=\"clear:both;\"><\/div><\/p>\n","protected":false},"excerpt":{"rendered":"<p>Pippi Halstuch Dreieckstuch Organic 1402 (steingrau)<br \/>\nschadstoffgepr\u00fcfte Organic Baumwolle<br \/>\n65% Baumwolle, 35% Polyester<\/p>\n","protected":false},"featured_media":14264,"comment_status":"open","ping_status":"closed","template":"","meta":[],"product_cat":[124],"product_tag":[],"yoast_head":"<!-- This site is optimized with the Yoast SEO plugin v20.6 - https:\/\/yoast.com\/wordpress\/plugins\/seo\/ -->\n<title>Pippi Halstuch Dreieckstuch Baby L\u00e4tzchen Halst\u00fccher 1402 - FamilienMode<\/title>\n<meta name=\"robots\" content=\"index, follow, max-snippet:-1, max-image-preview:large, max-video-preview:-1\" \/>\n<link rel=\"canonical\" href=\"https:\/\/bekleidungscenter.com\/?product=pippi-halstuch-dreieckstuch-ronne\" \/>\n<meta property=\"og:locale\" content=\"de_DE\" \/>\n<meta property=\"og:type\" content=\"article\" \/>\n<meta property=\"og:title\" content=\"Pippi Halstuch Dreieckstuch Baby L\u00e4tzchen Halst\u00fccher 1402 - FamilienMode\" \/>\n<meta property=\"og:description\" content=\"Pippi Halstuch Dreieckstuch Organic 1402 (steingrau) schadstoffgepr\u00fcfte Organic Baumwolle 65% Baumwolle, 35% Polyester\" \/>\n<meta property=\"og:url\" content=\"https:\/\/bekleidungscenter.com\/?product=pippi-halstuch-dreieckstuch-ronne\" \/>\n<meta property=\"og:site_name\" content=\"FamilienMode\" \/>\n<meta property=\"article:modified_time\" content=\"2023-04-08T22:32:32+00:00\" \/>\n<meta property=\"og:image\" content=\"https:\/\/images-na.ssl-images-amazon.com\/images\/I\/41QNfr7ACxL.jpg\" \/>\n\t<meta property=\"og:image:width\" content=\"500\" \/>\n\t<meta property=\"og:image:height\" content=\"500\" \/>\n\t<meta property=\"og:image:type\" content=\"image\/jpeg\" \/>\n<meta name=\"twitter:card\" content=\"summary_large_image\" \/>\n<meta name=\"twitter:label1\" content=\"Gesch\u00e4tzte Lesezeit\" \/>\n\t<meta name=\"twitter:data1\" content=\"1\u00a0Minute\" \/>\n<script type=\"application\/ld+json\" class=\"yoast-schema-graph\">{\"@context\":\"https:\/\/schema.org\",\"@graph\":[{\"@type\":\"WebPage\",\"@id\":\"https:\/\/bekleidungscenter.com\/?product=pippi-halstuch-dreieckstuch-ronne\",\"url\":\"https:\/\/bekleidungscenter.com\/?product=pippi-halstuch-dreieckstuch-ronne\",\"name\":\"Pippi Halstuch Dreieckstuch Baby L\u00e4tzchen Halst\u00fccher 1402 - FamilienMode\",\"isPartOf\":{\"@id\":\"https:\/\/bekleidungscenter.com\/#website\"},\"datePublished\":\"2021-01-04T08:01:22+00:00\",\"dateModified\":\"2023-04-08T22:32:32+00:00\",\"breadcrumb\":{\"@id\":\"https:\/\/bekleidungscenter.com\/?product=pippi-halstuch-dreieckstuch-ronne#breadcrumb\"},\"inLanguage\":\"de\",\"potentialAction\":[{\"@type\":\"ReadAction\",\"target\":[\"https:\/\/bekleidungscenter.com\/?product=pippi-halstuch-dreieckstuch-ronne\"]}]},{\"@type\":\"BreadcrumbList\",\"@id\":\"https:\/\/bekleidungscenter.com\/?product=pippi-halstuch-dreieckstuch-ronne#breadcrumb\",\"itemListElement\":[{\"@type\":\"ListItem\",\"position\":1,\"name\":\"Home\",\"item\":\"https:\/\/bekleidungscenter.com\/\"},{\"@type\":\"ListItem\",\"position\":2,\"name\":\"Shop\",\"item\":\"https:\/\/bekleidungscenter.com\/?page_id=7\"},{\"@type\":\"ListItem\",\"position\":3,\"name\":\"Pippi Halstuch Dreieckstuch Baby L\u00e4tzchen Halst\u00fccher 1402\"}]},{\"@type\":\"WebSite\",\"@id\":\"https:\/\/bekleidungscenter.com\/#website\",\"url\":\"https:\/\/bekleidungscenter.com\/\",\"name\":\"FamilienMode\",\"description\":\"Alles f\u00fcr die ganze Familie\",\"potentialAction\":[{\"@type\":\"SearchAction\",\"target\":{\"@type\":\"EntryPoint\",\"urlTemplate\":\"https:\/\/bekleidungscenter.com\/?s={search_term_string}\"},\"query-input\":\"required name=search_term_string\"}],\"inLanguage\":\"de\"}]}<\/script>\n<!-- \/ Yoast SEO plugin. -->","yoast_head_json":{"title":"Pippi Halstuch Dreieckstuch Baby L\u00e4tzchen Halst\u00fccher 1402 - FamilienMode","robots":{"index":"index","follow":"follow","max-snippet":"max-snippet:-1","max-image-preview":"max-image-preview:large","max-video-preview":"max-video-preview:-1"},"canonical":"https:\/\/bekleidungscenter.com\/?product=pippi-halstuch-dreieckstuch-ronne","og_locale":"de_DE","og_type":"article","og_title":"Pippi Halstuch Dreieckstuch Baby L\u00e4tzchen Halst\u00fccher 1402 - FamilienMode","og_description":"Pippi Halstuch Dreieckstuch Organic 1402 (steingrau) schadstoffgepr\u00fcfte Organic Baumwolle 65% Baumwolle, 35% Polyester","og_url":"https:\/\/bekleidungscenter.com\/?product=pippi-halstuch-dreieckstuch-ronne","og_site_name":"FamilienMode","article_modified_time":"2023-04-08T22:32:32+00:00","og_image":[{"width":500,"height":500,"url":"https:\/\/images-na.ssl-images-amazon.com\/images\/I\/41QNfr7ACxL.jpg","type":"image\/jpeg"}],"twitter_card":"summary_large_image","twitter_misc":{"Gesch\u00e4tzte Lesezeit":"1\u00a0Minute"},"schema":{"@context":"https:\/\/schema.org","@graph":[{"@type":"WebPage","@id":"https:\/\/bekleidungscenter.com\/?product=pippi-halstuch-dreieckstuch-ronne","url":"https:\/\/bekleidungscenter.com\/?product=pippi-halstuch-dreieckstuch-ronne","name":"Pippi Halstuch Dreieckstuch Baby L\u00e4tzchen Halst\u00fccher 1402 - FamilienMode","isPartOf":{"@id":"https:\/\/bekleidungscenter.com\/#website"},"datePublished":"2021-01-04T08:01:22+00:00","dateModified":"2023-04-08T22:32:32+00:00","breadcrumb":{"@id":"https:\/\/bekleidungscenter.com\/?product=pippi-halstuch-dreieckstuch-ronne#breadcrumb"},"inLanguage":"de","potentialAction":[{"@type":"ReadAction","target":["https:\/\/bekleidungscenter.com\/?product=pippi-halstuch-dreieckstuch-ronne"]}]},{"@type":"BreadcrumbList","@id":"https:\/\/bekleidungscenter.com\/?product=pippi-halstuch-dreieckstuch-ronne#breadcrumb","itemListElement":[{"@type":"ListItem","position":1,"name":"Home","item":"https:\/\/bekleidungscenter.com\/"},{"@type":"ListItem","position":2,"name":"Shop","item":"https:\/\/bekleidungscenter.com\/?page_id=7"},{"@type":"ListItem","position":3,"name":"Pippi Halstuch Dreieckstuch Baby L\u00e4tzchen Halst\u00fccher 1402"}]},{"@type":"WebSite","@id":"https:\/\/bekleidungscenter.com\/#website","url":"https:\/\/bekleidungscenter.com\/","name":"FamilienMode","description":"Alles f\u00fcr die ganze Familie","potentialAction":[{"@type":"SearchAction","target":{"@type":"EntryPoint","urlTemplate":"https:\/\/bekleidungscenter.com\/?s={search_term_string}"},"query-input":"required name=search_term_string"}],"inLanguage":"de"}]}},"_links":{"self":[{"href":"https:\/\/bekleidungscenter.com\/index.php?rest_route=\/wp\/v2\/product\/14263"}],"collection":[{"href":"https:\/\/bekleidungscenter.com\/index.php?rest_route=\/wp\/v2\/product"}],"about":[{"href":"https:\/\/bekleidungscenter.com\/index.php?rest_route=\/wp\/v2\/types\/product"}],"replies":[{"embeddable":true,"href":"https:\/\/bekleidungscenter.com\/index.php?rest_route=%2Fwp%2Fv2%2Fcomments&post=14263"}],"wp:featuredmedia":[{"embeddable":true,"href":"https:\/\/bekleidungscenter.com\/index.php?rest_route=\/wp\/v2\/media\/14264"}],"wp:attachment":[{"href":"https:\/\/bekleidungscenter.com\/index.php?rest_route=%2Fwp%2Fv2%2Fmedia&parent=14263"}],"wp:term":[{"taxonomy":"product_cat","embeddable":true,"href":"https:\/\/bekleidungscenter.com\/index.php?rest_route=%2Fwp%2Fv2%2Fproduct_cat&post=14263"},{"taxonomy":"product_tag","embeddable":true,"href":"https:\/\/bekleidungscenter.com\/index.php?rest_route=%2Fwp%2Fv2%2Fproduct_tag&post=14263"}],"curies":[{"name":"wp","href":"https:\/\/api.w.org\/{rel}","templated":true}]}}