{"id":14275,"date":"2021-01-04T08:19:02","date_gmt":"2021-01-04T08:19:02","guid":{"rendered":"http:\/\/bekleidungscenter.com\/?product=trocadero-winter-kleid-maedchen-langarm-in-pink-mit-pompons-handgemacht"},"modified":"2023-04-08T22:32:32","modified_gmt":"2023-04-08T22:32:32","slug":"trocadero-winter-kleid-maedchen-langarm-in-pink-mit-pompons-handgemacht","status":"publish","type":"product","link":"https:\/\/bekleidungscenter.com\/?product=trocadero-winter-kleid-maedchen-langarm-in-pink-mit-pompons-handgemacht","title":{"rendered":"Trocadero Winter Kleid M\u00e4dchen Langarm in Pink mit Pompons handgemacht"},"content":{"rendered":"<p><!-- show up to 2 reviews by default --> <\/p>\n<p>Herzlich Willkommen bei TROCADERO Kindermode !!! Wir sind ein kleines Familienunternehmen mitten im Herzen der Schw\u00e4bischen Alb. Seit 1992 entwerfen &amp; fertigen wir modische, qualitativ anspruchsvolle Kinderbekleidung an diesem Ort in Deutschland! Modisches, knielanges Strickkleid mit Rolli \u00e4hnlichem Halsausschnitt. Auf dem Vorderteil befinden sich unabh\u00e4ngig davon drei kleine Pompons in unterschiedlichen Farben. Dieses Kleidchen zeichnet sich massiv durch die anders farbigen Eins\u00e4tze an Halsausschnitt und an den \u00c4rmels\u00e4umen die Gesamtheit. Das kuschelig weiche Material ist massiv angenehm zu verstreben unabh\u00e4ngig davon noch pflegeleicht und wird von unseren kleinen und gro\u00dfen Kunden geliebt! Das Baumwoll-Elasthan Material ist dehnbar und verleiht dem Kleidchen eine optimale Passform, aka anstatt M\u00e4dchen mit etwas mehr K\u00f6rperform. <\/p>\n<p>100% made in Germany<br \/>\nSchon gut<br \/>\nLange \u00c4rmel<br \/>\n90% Baumwolle, 5% Elasthan, 5% Polyacryl<br \/>\nPflegehinweis: waschbar 30\u00b0C pflegeleicht<br \/>\nModellnummer: S-901-92<br \/>\ngerauhte Baumwolle kuschelig weich<br \/>\nhandgemacht<br \/>\nKindermode<br \/>\n<div class=\"main-cross-sell\" data-asin=\"B014BZ3GTQ\">\n\n\t<div class=\"WooZone-cross-sell-loader\">\n\t\t<div>\n\t\t\t<div id=\"floatingBarsG\">\n\t\t\t\t<div class=\"blockG\" id=\"rotateG_01\"><\/div>\n\t\t\t\t<div class=\"blockG\" id=\"rotateG_02\"><\/div>\n\t\t\t\t<div class=\"blockG\" id=\"rotateG_03\"><\/div>\n\t\t\t\t<div class=\"blockG\" id=\"rotateG_04\"><\/div>\n\t\t\t\t<div class=\"blockG\" id=\"rotateG_05\"><\/div>\n\t\t\t\t<div class=\"blockG\" id=\"rotateG_06\"><\/div>\n\t\t\t\t<div class=\"blockG\" id=\"rotateG_07\"><\/div>\n\t\t\t\t<div class=\"blockG\" id=\"rotateG_08\"><\/div>\n\t\t\t<\/div>\n\t\t\t<div class=\"WooZone-cross-sell-loader-text\"><\/div>\n\t\t<\/div>\n\t<\/div>\n\n\t\t\n<\/div>\n<div style=\"clear:both;\"><\/div><\/p>\n","protected":false},"excerpt":{"rendered":"<p>100% made in Germany<br \/>\nFair<br \/>\nLange \u00c4rmel<\/p>\n","protected":false},"featured_media":14276,"comment_status":"open","ping_status":"closed","template":"","meta":[],"product_cat":[124],"product_tag":[],"yoast_head":"<!-- This site is optimized with the Yoast SEO plugin v20.6 - https:\/\/yoast.com\/wordpress\/plugins\/seo\/ -->\n<title>Trocadero Winter Kleid M\u00e4dchen Langarm in Pink mit Pompons handgemacht - FamilienMode<\/title>\n<meta name=\"robots\" content=\"index, follow, max-snippet:-1, max-image-preview:large, max-video-preview:-1\" \/>\n<link rel=\"canonical\" href=\"https:\/\/bekleidungscenter.com\/?product=trocadero-winter-kleid-maedchen-langarm-in-pink-mit-pompons-handgemacht\" \/>\n<meta property=\"og:locale\" content=\"de_DE\" \/>\n<meta property=\"og:type\" content=\"article\" \/>\n<meta property=\"og:title\" content=\"Trocadero Winter Kleid M\u00e4dchen Langarm in Pink mit Pompons handgemacht - FamilienMode\" \/>\n<meta property=\"og:description\" content=\"100% made in Germany Fair Lange \u00c4rmel\" \/>\n<meta property=\"og:url\" content=\"https:\/\/bekleidungscenter.com\/?product=trocadero-winter-kleid-maedchen-langarm-in-pink-mit-pompons-handgemacht\" \/>\n<meta property=\"og:site_name\" content=\"FamilienMode\" \/>\n<meta property=\"article:modified_time\" content=\"2023-04-08T22:32:32+00:00\" \/>\n<meta property=\"og:image\" content=\"https:\/\/images-na.ssl-images-amazon.com\/images\/I\/41dH1uTH7OL.jpg\" \/>\n\t<meta property=\"og:image:width\" content=\"500\" \/>\n\t<meta property=\"og:image:height\" content=\"500\" \/>\n\t<meta property=\"og:image:type\" content=\"image\/jpeg\" \/>\n<meta name=\"twitter:card\" content=\"summary_large_image\" \/>\n<meta name=\"twitter:label1\" content=\"Gesch\u00e4tzte Lesezeit\" \/>\n\t<meta name=\"twitter:data1\" content=\"1\u00a0Minute\" \/>\n<script type=\"application\/ld+json\" class=\"yoast-schema-graph\">{\"@context\":\"https:\/\/schema.org\",\"@graph\":[{\"@type\":\"WebPage\",\"@id\":\"https:\/\/bekleidungscenter.com\/?product=trocadero-winter-kleid-maedchen-langarm-in-pink-mit-pompons-handgemacht\",\"url\":\"https:\/\/bekleidungscenter.com\/?product=trocadero-winter-kleid-maedchen-langarm-in-pink-mit-pompons-handgemacht\",\"name\":\"Trocadero Winter Kleid M\u00e4dchen Langarm in Pink mit Pompons handgemacht - FamilienMode\",\"isPartOf\":{\"@id\":\"https:\/\/bekleidungscenter.com\/#website\"},\"datePublished\":\"2021-01-04T08:19:02+00:00\",\"dateModified\":\"2023-04-08T22:32:32+00:00\",\"breadcrumb\":{\"@id\":\"https:\/\/bekleidungscenter.com\/?product=trocadero-winter-kleid-maedchen-langarm-in-pink-mit-pompons-handgemacht#breadcrumb\"},\"inLanguage\":\"de\",\"potentialAction\":[{\"@type\":\"ReadAction\",\"target\":[\"https:\/\/bekleidungscenter.com\/?product=trocadero-winter-kleid-maedchen-langarm-in-pink-mit-pompons-handgemacht\"]}]},{\"@type\":\"BreadcrumbList\",\"@id\":\"https:\/\/bekleidungscenter.com\/?product=trocadero-winter-kleid-maedchen-langarm-in-pink-mit-pompons-handgemacht#breadcrumb\",\"itemListElement\":[{\"@type\":\"ListItem\",\"position\":1,\"name\":\"Home\",\"item\":\"https:\/\/bekleidungscenter.com\/\"},{\"@type\":\"ListItem\",\"position\":2,\"name\":\"Shop\",\"item\":\"https:\/\/bekleidungscenter.com\/?page_id=7\"},{\"@type\":\"ListItem\",\"position\":3,\"name\":\"Trocadero Winter Kleid M\u00e4dchen Langarm in Pink mit Pompons handgemacht\"}]},{\"@type\":\"WebSite\",\"@id\":\"https:\/\/bekleidungscenter.com\/#website\",\"url\":\"https:\/\/bekleidungscenter.com\/\",\"name\":\"FamilienMode\",\"description\":\"Alles f\u00fcr die ganze Familie\",\"potentialAction\":[{\"@type\":\"SearchAction\",\"target\":{\"@type\":\"EntryPoint\",\"urlTemplate\":\"https:\/\/bekleidungscenter.com\/?s={search_term_string}\"},\"query-input\":\"required name=search_term_string\"}],\"inLanguage\":\"de\"}]}<\/script>\n<!-- \/ Yoast SEO plugin. -->","yoast_head_json":{"title":"Trocadero Winter Kleid M\u00e4dchen Langarm in Pink mit Pompons handgemacht - FamilienMode","robots":{"index":"index","follow":"follow","max-snippet":"max-snippet:-1","max-image-preview":"max-image-preview:large","max-video-preview":"max-video-preview:-1"},"canonical":"https:\/\/bekleidungscenter.com\/?product=trocadero-winter-kleid-maedchen-langarm-in-pink-mit-pompons-handgemacht","og_locale":"de_DE","og_type":"article","og_title":"Trocadero Winter Kleid M\u00e4dchen Langarm in Pink mit Pompons handgemacht - FamilienMode","og_description":"100% made in Germany Fair Lange \u00c4rmel","og_url":"https:\/\/bekleidungscenter.com\/?product=trocadero-winter-kleid-maedchen-langarm-in-pink-mit-pompons-handgemacht","og_site_name":"FamilienMode","article_modified_time":"2023-04-08T22:32:32+00:00","og_image":[{"width":500,"height":500,"url":"https:\/\/images-na.ssl-images-amazon.com\/images\/I\/41dH1uTH7OL.jpg","type":"image\/jpeg"}],"twitter_card":"summary_large_image","twitter_misc":{"Gesch\u00e4tzte Lesezeit":"1\u00a0Minute"},"schema":{"@context":"https:\/\/schema.org","@graph":[{"@type":"WebPage","@id":"https:\/\/bekleidungscenter.com\/?product=trocadero-winter-kleid-maedchen-langarm-in-pink-mit-pompons-handgemacht","url":"https:\/\/bekleidungscenter.com\/?product=trocadero-winter-kleid-maedchen-langarm-in-pink-mit-pompons-handgemacht","name":"Trocadero Winter Kleid M\u00e4dchen Langarm in Pink mit Pompons handgemacht - FamilienMode","isPartOf":{"@id":"https:\/\/bekleidungscenter.com\/#website"},"datePublished":"2021-01-04T08:19:02+00:00","dateModified":"2023-04-08T22:32:32+00:00","breadcrumb":{"@id":"https:\/\/bekleidungscenter.com\/?product=trocadero-winter-kleid-maedchen-langarm-in-pink-mit-pompons-handgemacht#breadcrumb"},"inLanguage":"de","potentialAction":[{"@type":"ReadAction","target":["https:\/\/bekleidungscenter.com\/?product=trocadero-winter-kleid-maedchen-langarm-in-pink-mit-pompons-handgemacht"]}]},{"@type":"BreadcrumbList","@id":"https:\/\/bekleidungscenter.com\/?product=trocadero-winter-kleid-maedchen-langarm-in-pink-mit-pompons-handgemacht#breadcrumb","itemListElement":[{"@type":"ListItem","position":1,"name":"Home","item":"https:\/\/bekleidungscenter.com\/"},{"@type":"ListItem","position":2,"name":"Shop","item":"https:\/\/bekleidungscenter.com\/?page_id=7"},{"@type":"ListItem","position":3,"name":"Trocadero Winter Kleid M\u00e4dchen Langarm in Pink mit Pompons handgemacht"}]},{"@type":"WebSite","@id":"https:\/\/bekleidungscenter.com\/#website","url":"https:\/\/bekleidungscenter.com\/","name":"FamilienMode","description":"Alles f\u00fcr die ganze Familie","potentialAction":[{"@type":"SearchAction","target":{"@type":"EntryPoint","urlTemplate":"https:\/\/bekleidungscenter.com\/?s={search_term_string}"},"query-input":"required name=search_term_string"}],"inLanguage":"de"}]}},"_links":{"self":[{"href":"https:\/\/bekleidungscenter.com\/index.php?rest_route=\/wp\/v2\/product\/14275"}],"collection":[{"href":"https:\/\/bekleidungscenter.com\/index.php?rest_route=\/wp\/v2\/product"}],"about":[{"href":"https:\/\/bekleidungscenter.com\/index.php?rest_route=\/wp\/v2\/types\/product"}],"replies":[{"embeddable":true,"href":"https:\/\/bekleidungscenter.com\/index.php?rest_route=%2Fwp%2Fv2%2Fcomments&post=14275"}],"wp:featuredmedia":[{"embeddable":true,"href":"https:\/\/bekleidungscenter.com\/index.php?rest_route=\/wp\/v2\/media\/14276"}],"wp:attachment":[{"href":"https:\/\/bekleidungscenter.com\/index.php?rest_route=%2Fwp%2Fv2%2Fmedia&parent=14275"}],"wp:term":[{"taxonomy":"product_cat","embeddable":true,"href":"https:\/\/bekleidungscenter.com\/index.php?rest_route=%2Fwp%2Fv2%2Fproduct_cat&post=14275"},{"taxonomy":"product_tag","embeddable":true,"href":"https:\/\/bekleidungscenter.com\/index.php?rest_route=%2Fwp%2Fv2%2Fproduct_tag&post=14275"}],"curies":[{"name":"wp","href":"https:\/\/api.w.org\/{rel}","templated":true}]}}