{"id":14305,"date":"2021-01-04T08:19:31","date_gmt":"2021-01-04T08:19:31","guid":{"rendered":"http:\/\/bekleidungscenter.com\/?product=sterntaler-krabbelstrumpfhose-katze-fuer-maedchen-abs-sohle"},"modified":"2023-04-08T22:32:33","modified_gmt":"2023-04-08T22:32:33","slug":"sterntaler-krabbelstrumpfhose-katze-fuer-maedchen-abs-sohle","status":"publish","type":"product","link":"https:\/\/bekleidungscenter.com\/?product=sterntaler-krabbelstrumpfhose-katze-fuer-maedchen-abs-sohle","title":{"rendered":"Sterntaler Baby &#8211; M\u00e4dchen Krabbelstrumpfhose Katze Strumpfhose"},"content":{"rendered":"<p><!-- show up to 2 reviews by default --> <\/p>\n<p>Nur das Beste zugunsten Ihren Knirps: Mit unseren hochwertigen und vielseitigen Produkten bereitstellen wir Babys was auch immer, was sie zugunsten eine gesunde Dynamik in einer liebevollen Umgebung ben\u00f6tigen, von Bekleidung \u00fcber Ausstattung bis hin zu Spielwaren. Mit den liebensw\u00fcrdigen Designs und der guten Qualit\u00e4t unserer Sterntaler-Produkte k\u00f6nnen Ihre Kleinen die als Kind optimal genie\u00dfen. <\/p>\n<p>rutschsichere Gummierung auf Sohle, Spann und am Knie<br \/>\nFreizeit Kindergarten<br \/>\n85% Baumwolle, 12% Polyamid, 3% Elasthan<br \/>\nStrumpfhose<br \/>\nPflegehinweis: Maschinenw\u00e4sche kalt (30\u00b0 max)<br \/>\nModellnummer: 8651951<br \/>\nPl\u00fcschpolsterungen im Antiblockiersystem-Segment<br \/>\nallerbest beweglich und angenehmer Tragekomfort<br \/>\nPunktemuster an den Beinen und am Po kleines K\u00e4tzchen<br \/>\n<div class=\"main-cross-sell\" data-asin=\"B07P7LVKFJ\">\n\n\t<div class=\"WooZone-cross-sell-loader\">\n\t\t<div>\n\t\t\t<div id=\"floatingBarsG\">\n\t\t\t\t<div class=\"blockG\" id=\"rotateG_01\"><\/div>\n\t\t\t\t<div class=\"blockG\" id=\"rotateG_02\"><\/div>\n\t\t\t\t<div class=\"blockG\" id=\"rotateG_03\"><\/div>\n\t\t\t\t<div class=\"blockG\" id=\"rotateG_04\"><\/div>\n\t\t\t\t<div class=\"blockG\" id=\"rotateG_05\"><\/div>\n\t\t\t\t<div class=\"blockG\" id=\"rotateG_06\"><\/div>\n\t\t\t\t<div class=\"blockG\" id=\"rotateG_07\"><\/div>\n\t\t\t\t<div class=\"blockG\" id=\"rotateG_08\"><\/div>\n\t\t\t<\/div>\n\t\t\t<div class=\"WooZone-cross-sell-loader-text\"><\/div>\n\t\t<\/div>\n\t<\/div>\n\n\t\t\n<\/div>\n<div style=\"clear:both;\"><\/div><\/p>\n","protected":false},"excerpt":{"rendered":"<p>rutschsichere Gummierung auf Sohle, Spann und am Knie<br \/>\nFreizeit Kindergarten<br \/>\n85% Baumwolle, 12% Polyamid, 3% Elasthan<\/p>\n","protected":false},"featured_media":14306,"comment_status":"open","ping_status":"closed","template":"","meta":[],"product_cat":[124],"product_tag":[],"yoast_head":"<!-- This site is optimized with the Yoast SEO plugin v20.6 - https:\/\/yoast.com\/wordpress\/plugins\/seo\/ -->\n<title>Sterntaler Baby - M\u00e4dchen Krabbelstrumpfhose Katze Strumpfhose - FamilienMode<\/title>\n<meta name=\"robots\" content=\"index, follow, max-snippet:-1, max-image-preview:large, max-video-preview:-1\" \/>\n<link rel=\"canonical\" href=\"https:\/\/bekleidungscenter.com\/?product=sterntaler-krabbelstrumpfhose-katze-fuer-maedchen-abs-sohle\" \/>\n<meta property=\"og:locale\" content=\"de_DE\" \/>\n<meta property=\"og:type\" content=\"article\" \/>\n<meta property=\"og:title\" content=\"Sterntaler Baby - M\u00e4dchen Krabbelstrumpfhose Katze Strumpfhose - FamilienMode\" \/>\n<meta property=\"og:description\" content=\"rutschsichere Gummierung auf Sohle, Spann und am Knie Freizeit Kindergarten 85% Baumwolle, 12% Polyamid, 3% Elasthan\" \/>\n<meta property=\"og:url\" content=\"https:\/\/bekleidungscenter.com\/?product=sterntaler-krabbelstrumpfhose-katze-fuer-maedchen-abs-sohle\" \/>\n<meta property=\"og:site_name\" content=\"FamilienMode\" \/>\n<meta property=\"article:modified_time\" content=\"2023-04-08T22:32:33+00:00\" \/>\n<meta property=\"og:image\" content=\"https:\/\/images-na.ssl-images-amazon.com\/images\/I\/314qkYcNqcL.jpg\" \/>\n\t<meta property=\"og:image:width\" content=\"500\" \/>\n\t<meta property=\"og:image:height\" content=\"500\" \/>\n\t<meta property=\"og:image:type\" content=\"image\/jpeg\" \/>\n<meta name=\"twitter:card\" content=\"summary_large_image\" \/>\n<meta name=\"twitter:label1\" content=\"Gesch\u00e4tzte Lesezeit\" \/>\n\t<meta name=\"twitter:data1\" content=\"1\u00a0Minute\" \/>\n<script type=\"application\/ld+json\" class=\"yoast-schema-graph\">{\"@context\":\"https:\/\/schema.org\",\"@graph\":[{\"@type\":\"WebPage\",\"@id\":\"https:\/\/bekleidungscenter.com\/?product=sterntaler-krabbelstrumpfhose-katze-fuer-maedchen-abs-sohle\",\"url\":\"https:\/\/bekleidungscenter.com\/?product=sterntaler-krabbelstrumpfhose-katze-fuer-maedchen-abs-sohle\",\"name\":\"Sterntaler Baby - M\u00e4dchen Krabbelstrumpfhose Katze Strumpfhose - FamilienMode\",\"isPartOf\":{\"@id\":\"https:\/\/bekleidungscenter.com\/#website\"},\"datePublished\":\"2021-01-04T08:19:31+00:00\",\"dateModified\":\"2023-04-08T22:32:33+00:00\",\"breadcrumb\":{\"@id\":\"https:\/\/bekleidungscenter.com\/?product=sterntaler-krabbelstrumpfhose-katze-fuer-maedchen-abs-sohle#breadcrumb\"},\"inLanguage\":\"de\",\"potentialAction\":[{\"@type\":\"ReadAction\",\"target\":[\"https:\/\/bekleidungscenter.com\/?product=sterntaler-krabbelstrumpfhose-katze-fuer-maedchen-abs-sohle\"]}]},{\"@type\":\"BreadcrumbList\",\"@id\":\"https:\/\/bekleidungscenter.com\/?product=sterntaler-krabbelstrumpfhose-katze-fuer-maedchen-abs-sohle#breadcrumb\",\"itemListElement\":[{\"@type\":\"ListItem\",\"position\":1,\"name\":\"Home\",\"item\":\"https:\/\/bekleidungscenter.com\/\"},{\"@type\":\"ListItem\",\"position\":2,\"name\":\"Shop\",\"item\":\"https:\/\/bekleidungscenter.com\/?page_id=7\"},{\"@type\":\"ListItem\",\"position\":3,\"name\":\"Sterntaler Baby &#8211; M\u00e4dchen Krabbelstrumpfhose Katze Strumpfhose\"}]},{\"@type\":\"WebSite\",\"@id\":\"https:\/\/bekleidungscenter.com\/#website\",\"url\":\"https:\/\/bekleidungscenter.com\/\",\"name\":\"FamilienMode\",\"description\":\"Alles f\u00fcr die ganze Familie\",\"potentialAction\":[{\"@type\":\"SearchAction\",\"target\":{\"@type\":\"EntryPoint\",\"urlTemplate\":\"https:\/\/bekleidungscenter.com\/?s={search_term_string}\"},\"query-input\":\"required name=search_term_string\"}],\"inLanguage\":\"de\"}]}<\/script>\n<!-- \/ Yoast SEO plugin. -->","yoast_head_json":{"title":"Sterntaler Baby - M\u00e4dchen Krabbelstrumpfhose Katze Strumpfhose - FamilienMode","robots":{"index":"index","follow":"follow","max-snippet":"max-snippet:-1","max-image-preview":"max-image-preview:large","max-video-preview":"max-video-preview:-1"},"canonical":"https:\/\/bekleidungscenter.com\/?product=sterntaler-krabbelstrumpfhose-katze-fuer-maedchen-abs-sohle","og_locale":"de_DE","og_type":"article","og_title":"Sterntaler Baby - M\u00e4dchen Krabbelstrumpfhose Katze Strumpfhose - FamilienMode","og_description":"rutschsichere Gummierung auf Sohle, Spann und am Knie Freizeit Kindergarten 85% Baumwolle, 12% Polyamid, 3% Elasthan","og_url":"https:\/\/bekleidungscenter.com\/?product=sterntaler-krabbelstrumpfhose-katze-fuer-maedchen-abs-sohle","og_site_name":"FamilienMode","article_modified_time":"2023-04-08T22:32:33+00:00","og_image":[{"width":500,"height":500,"url":"https:\/\/images-na.ssl-images-amazon.com\/images\/I\/314qkYcNqcL.jpg","type":"image\/jpeg"}],"twitter_card":"summary_large_image","twitter_misc":{"Gesch\u00e4tzte Lesezeit":"1\u00a0Minute"},"schema":{"@context":"https:\/\/schema.org","@graph":[{"@type":"WebPage","@id":"https:\/\/bekleidungscenter.com\/?product=sterntaler-krabbelstrumpfhose-katze-fuer-maedchen-abs-sohle","url":"https:\/\/bekleidungscenter.com\/?product=sterntaler-krabbelstrumpfhose-katze-fuer-maedchen-abs-sohle","name":"Sterntaler Baby - M\u00e4dchen Krabbelstrumpfhose Katze Strumpfhose - FamilienMode","isPartOf":{"@id":"https:\/\/bekleidungscenter.com\/#website"},"datePublished":"2021-01-04T08:19:31+00:00","dateModified":"2023-04-08T22:32:33+00:00","breadcrumb":{"@id":"https:\/\/bekleidungscenter.com\/?product=sterntaler-krabbelstrumpfhose-katze-fuer-maedchen-abs-sohle#breadcrumb"},"inLanguage":"de","potentialAction":[{"@type":"ReadAction","target":["https:\/\/bekleidungscenter.com\/?product=sterntaler-krabbelstrumpfhose-katze-fuer-maedchen-abs-sohle"]}]},{"@type":"BreadcrumbList","@id":"https:\/\/bekleidungscenter.com\/?product=sterntaler-krabbelstrumpfhose-katze-fuer-maedchen-abs-sohle#breadcrumb","itemListElement":[{"@type":"ListItem","position":1,"name":"Home","item":"https:\/\/bekleidungscenter.com\/"},{"@type":"ListItem","position":2,"name":"Shop","item":"https:\/\/bekleidungscenter.com\/?page_id=7"},{"@type":"ListItem","position":3,"name":"Sterntaler Baby &#8211; M\u00e4dchen Krabbelstrumpfhose Katze Strumpfhose"}]},{"@type":"WebSite","@id":"https:\/\/bekleidungscenter.com\/#website","url":"https:\/\/bekleidungscenter.com\/","name":"FamilienMode","description":"Alles f\u00fcr die ganze Familie","potentialAction":[{"@type":"SearchAction","target":{"@type":"EntryPoint","urlTemplate":"https:\/\/bekleidungscenter.com\/?s={search_term_string}"},"query-input":"required name=search_term_string"}],"inLanguage":"de"}]}},"_links":{"self":[{"href":"https:\/\/bekleidungscenter.com\/index.php?rest_route=\/wp\/v2\/product\/14305"}],"collection":[{"href":"https:\/\/bekleidungscenter.com\/index.php?rest_route=\/wp\/v2\/product"}],"about":[{"href":"https:\/\/bekleidungscenter.com\/index.php?rest_route=\/wp\/v2\/types\/product"}],"replies":[{"embeddable":true,"href":"https:\/\/bekleidungscenter.com\/index.php?rest_route=%2Fwp%2Fv2%2Fcomments&post=14305"}],"wp:featuredmedia":[{"embeddable":true,"href":"https:\/\/bekleidungscenter.com\/index.php?rest_route=\/wp\/v2\/media\/14306"}],"wp:attachment":[{"href":"https:\/\/bekleidungscenter.com\/index.php?rest_route=%2Fwp%2Fv2%2Fmedia&parent=14305"}],"wp:term":[{"taxonomy":"product_cat","embeddable":true,"href":"https:\/\/bekleidungscenter.com\/index.php?rest_route=%2Fwp%2Fv2%2Fproduct_cat&post=14305"},{"taxonomy":"product_tag","embeddable":true,"href":"https:\/\/bekleidungscenter.com\/index.php?rest_route=%2Fwp%2Fv2%2Fproduct_tag&post=14305"}],"curies":[{"name":"wp","href":"https:\/\/api.w.org\/{rel}","templated":true}]}}