{"id":14316,"date":"2021-01-04T08:19:43","date_gmt":"2021-01-04T08:19:43","guid":{"rendered":"http:\/\/bekleidungscenter.com\/?product=name-it-boy-hose-regular-fit-cord"},"modified":"2023-04-08T22:32:33","modified_gmt":"2023-04-08T22:32:33","slug":"name-it-boy-hose-regular-fit-cord","status":"publish","type":"product","link":"https:\/\/bekleidungscenter.com\/?product=name-it-boy-hose-regular-fit-cord","title":{"rendered":"NAME IT Baby-Jungen Nmmrobin Cordabac Pant Bt Jeans"},"content":{"rendered":"<p><!-- show up to 2 reviews by default --> <\/p>\n<p>Cordhosen erleben ihr Wiederauferstehung aka in der Mode sondern die Kleinen! Dasjenige weiche, gerippte Material der Hosen von NAME IT bietet einen idealen W\u00e4rmer\u00fcckhalt. Die regul\u00e4re Passform, Dasjenige elastische Material u. a. der Tunnelzug umfassen eine komfortable Kombination. Die Hosen von NAME IT ist sondern Jungs ein Ausgabe. <\/p>\n<p>Cordhose<br \/>\nVerstellbare Taillenweite<br \/>\nObstruktion: keine Affigkeit<br \/>\n98% Baumwolle, 2% Elasthan<br \/>\nKeine Affigkeit<br \/>\nPflegehinweis: keine Affigkeit<br \/>\nModellnummer: NMMROBIN CORDABAC PANT BT<br \/>\nH\u00fcfte: Regular Fit<br \/>\nMaterialzusammensetzung: 98% Baumwolle, 2% Elasthan<br \/>\n<div class=\"main-cross-sell\" data-asin=\"B081283XYP\">\n\n\t<div class=\"WooZone-cross-sell-loader\">\n\t\t<div>\n\t\t\t<div id=\"floatingBarsG\">\n\t\t\t\t<div class=\"blockG\" id=\"rotateG_01\"><\/div>\n\t\t\t\t<div class=\"blockG\" id=\"rotateG_02\"><\/div>\n\t\t\t\t<div class=\"blockG\" id=\"rotateG_03\"><\/div>\n\t\t\t\t<div class=\"blockG\" id=\"rotateG_04\"><\/div>\n\t\t\t\t<div class=\"blockG\" id=\"rotateG_05\"><\/div>\n\t\t\t\t<div class=\"blockG\" id=\"rotateG_06\"><\/div>\n\t\t\t\t<div class=\"blockG\" id=\"rotateG_07\"><\/div>\n\t\t\t\t<div class=\"blockG\" id=\"rotateG_08\"><\/div>\n\t\t\t<\/div>\n\t\t\t<div class=\"WooZone-cross-sell-loader-text\"><\/div>\n\t\t<\/div>\n\t<\/div>\n\n\t\t\n<\/div>\n<div style=\"clear:both;\"><\/div><\/p>\n","protected":false},"excerpt":{"rendered":"<p>Cordhose<br \/>\nVerstellbare Taillenweite<br \/>\nVerschluss: keine Angabe<\/p>\n","protected":false},"featured_media":14318,"comment_status":"open","ping_status":"closed","template":"","meta":[],"product_cat":[124],"product_tag":[],"yoast_head":"<!-- This site is optimized with the Yoast SEO plugin v20.6 - https:\/\/yoast.com\/wordpress\/plugins\/seo\/ -->\n<title>NAME IT Baby-Jungen Nmmrobin Cordabac Pant Bt Jeans - FamilienMode<\/title>\n<meta name=\"robots\" content=\"index, follow, max-snippet:-1, max-image-preview:large, max-video-preview:-1\" \/>\n<link rel=\"canonical\" href=\"https:\/\/bekleidungscenter.com\/?product=name-it-boy-hose-regular-fit-cord\" \/>\n<meta property=\"og:locale\" content=\"de_DE\" \/>\n<meta property=\"og:type\" content=\"article\" \/>\n<meta property=\"og:title\" content=\"NAME IT Baby-Jungen Nmmrobin Cordabac Pant Bt Jeans - FamilienMode\" \/>\n<meta property=\"og:description\" content=\"Cordhose Verstellbare Taillenweite Verschluss: keine Angabe\" \/>\n<meta property=\"og:url\" content=\"https:\/\/bekleidungscenter.com\/?product=name-it-boy-hose-regular-fit-cord\" \/>\n<meta property=\"og:site_name\" content=\"FamilienMode\" \/>\n<meta property=\"article:modified_time\" content=\"2023-04-08T22:32:33+00:00\" \/>\n<meta property=\"og:image\" content=\"https:\/\/images-na.ssl-images-amazon.com\/images\/I\/41pOOVObb4L.jpg\" \/>\n\t<meta property=\"og:image:width\" content=\"500\" \/>\n\t<meta property=\"og:image:height\" content=\"500\" \/>\n\t<meta property=\"og:image:type\" content=\"image\/jpeg\" \/>\n<meta name=\"twitter:card\" content=\"summary_large_image\" \/>\n<script type=\"application\/ld+json\" class=\"yoast-schema-graph\">{\"@context\":\"https:\/\/schema.org\",\"@graph\":[{\"@type\":\"WebPage\",\"@id\":\"https:\/\/bekleidungscenter.com\/?product=name-it-boy-hose-regular-fit-cord\",\"url\":\"https:\/\/bekleidungscenter.com\/?product=name-it-boy-hose-regular-fit-cord\",\"name\":\"NAME IT Baby-Jungen Nmmrobin Cordabac Pant Bt Jeans - FamilienMode\",\"isPartOf\":{\"@id\":\"https:\/\/bekleidungscenter.com\/#website\"},\"datePublished\":\"2021-01-04T08:19:43+00:00\",\"dateModified\":\"2023-04-08T22:32:33+00:00\",\"breadcrumb\":{\"@id\":\"https:\/\/bekleidungscenter.com\/?product=name-it-boy-hose-regular-fit-cord#breadcrumb\"},\"inLanguage\":\"de\",\"potentialAction\":[{\"@type\":\"ReadAction\",\"target\":[\"https:\/\/bekleidungscenter.com\/?product=name-it-boy-hose-regular-fit-cord\"]}]},{\"@type\":\"BreadcrumbList\",\"@id\":\"https:\/\/bekleidungscenter.com\/?product=name-it-boy-hose-regular-fit-cord#breadcrumb\",\"itemListElement\":[{\"@type\":\"ListItem\",\"position\":1,\"name\":\"Home\",\"item\":\"https:\/\/bekleidungscenter.com\/\"},{\"@type\":\"ListItem\",\"position\":2,\"name\":\"Shop\",\"item\":\"https:\/\/bekleidungscenter.com\/?page_id=7\"},{\"@type\":\"ListItem\",\"position\":3,\"name\":\"NAME IT Baby-Jungen Nmmrobin Cordabac Pant Bt Jeans\"}]},{\"@type\":\"WebSite\",\"@id\":\"https:\/\/bekleidungscenter.com\/#website\",\"url\":\"https:\/\/bekleidungscenter.com\/\",\"name\":\"FamilienMode\",\"description\":\"Alles f\u00fcr die ganze Familie\",\"potentialAction\":[{\"@type\":\"SearchAction\",\"target\":{\"@type\":\"EntryPoint\",\"urlTemplate\":\"https:\/\/bekleidungscenter.com\/?s={search_term_string}\"},\"query-input\":\"required name=search_term_string\"}],\"inLanguage\":\"de\"}]}<\/script>\n<!-- \/ Yoast SEO plugin. -->","yoast_head_json":{"title":"NAME IT Baby-Jungen Nmmrobin Cordabac Pant Bt Jeans - FamilienMode","robots":{"index":"index","follow":"follow","max-snippet":"max-snippet:-1","max-image-preview":"max-image-preview:large","max-video-preview":"max-video-preview:-1"},"canonical":"https:\/\/bekleidungscenter.com\/?product=name-it-boy-hose-regular-fit-cord","og_locale":"de_DE","og_type":"article","og_title":"NAME IT Baby-Jungen Nmmrobin Cordabac Pant Bt Jeans - FamilienMode","og_description":"Cordhose Verstellbare Taillenweite Verschluss: keine Angabe","og_url":"https:\/\/bekleidungscenter.com\/?product=name-it-boy-hose-regular-fit-cord","og_site_name":"FamilienMode","article_modified_time":"2023-04-08T22:32:33+00:00","og_image":[{"width":500,"height":500,"url":"https:\/\/images-na.ssl-images-amazon.com\/images\/I\/41pOOVObb4L.jpg","type":"image\/jpeg"}],"twitter_card":"summary_large_image","schema":{"@context":"https:\/\/schema.org","@graph":[{"@type":"WebPage","@id":"https:\/\/bekleidungscenter.com\/?product=name-it-boy-hose-regular-fit-cord","url":"https:\/\/bekleidungscenter.com\/?product=name-it-boy-hose-regular-fit-cord","name":"NAME IT Baby-Jungen Nmmrobin Cordabac Pant Bt Jeans - FamilienMode","isPartOf":{"@id":"https:\/\/bekleidungscenter.com\/#website"},"datePublished":"2021-01-04T08:19:43+00:00","dateModified":"2023-04-08T22:32:33+00:00","breadcrumb":{"@id":"https:\/\/bekleidungscenter.com\/?product=name-it-boy-hose-regular-fit-cord#breadcrumb"},"inLanguage":"de","potentialAction":[{"@type":"ReadAction","target":["https:\/\/bekleidungscenter.com\/?product=name-it-boy-hose-regular-fit-cord"]}]},{"@type":"BreadcrumbList","@id":"https:\/\/bekleidungscenter.com\/?product=name-it-boy-hose-regular-fit-cord#breadcrumb","itemListElement":[{"@type":"ListItem","position":1,"name":"Home","item":"https:\/\/bekleidungscenter.com\/"},{"@type":"ListItem","position":2,"name":"Shop","item":"https:\/\/bekleidungscenter.com\/?page_id=7"},{"@type":"ListItem","position":3,"name":"NAME IT Baby-Jungen Nmmrobin Cordabac Pant Bt Jeans"}]},{"@type":"WebSite","@id":"https:\/\/bekleidungscenter.com\/#website","url":"https:\/\/bekleidungscenter.com\/","name":"FamilienMode","description":"Alles f\u00fcr die ganze Familie","potentialAction":[{"@type":"SearchAction","target":{"@type":"EntryPoint","urlTemplate":"https:\/\/bekleidungscenter.com\/?s={search_term_string}"},"query-input":"required name=search_term_string"}],"inLanguage":"de"}]}},"_links":{"self":[{"href":"https:\/\/bekleidungscenter.com\/index.php?rest_route=\/wp\/v2\/product\/14316"}],"collection":[{"href":"https:\/\/bekleidungscenter.com\/index.php?rest_route=\/wp\/v2\/product"}],"about":[{"href":"https:\/\/bekleidungscenter.com\/index.php?rest_route=\/wp\/v2\/types\/product"}],"replies":[{"embeddable":true,"href":"https:\/\/bekleidungscenter.com\/index.php?rest_route=%2Fwp%2Fv2%2Fcomments&post=14316"}],"wp:featuredmedia":[{"embeddable":true,"href":"https:\/\/bekleidungscenter.com\/index.php?rest_route=\/wp\/v2\/media\/14318"}],"wp:attachment":[{"href":"https:\/\/bekleidungscenter.com\/index.php?rest_route=%2Fwp%2Fv2%2Fmedia&parent=14316"}],"wp:term":[{"taxonomy":"product_cat","embeddable":true,"href":"https:\/\/bekleidungscenter.com\/index.php?rest_route=%2Fwp%2Fv2%2Fproduct_cat&post=14316"},{"taxonomy":"product_tag","embeddable":true,"href":"https:\/\/bekleidungscenter.com\/index.php?rest_route=%2Fwp%2Fv2%2Fproduct_tag&post=14316"}],"curies":[{"name":"wp","href":"https:\/\/api.w.org\/{rel}","templated":true}]}}