{"id":14329,"date":"2021-01-04T08:42:13","date_gmt":"2021-01-04T08:42:13","guid":{"rendered":"http:\/\/bekleidungscenter.com\/?product=kamik-unisex-kinder-muddy-kinderhose"},"modified":"2023-04-08T22:32:34","modified_gmt":"2023-04-08T22:32:34","slug":"kamik-unisex-kinder-muddy-kinderhose","status":"publish","type":"product","link":"https:\/\/bekleidungscenter.com\/?product=kamik-unisex-kinder-muddy-kinderhose","title":{"rendered":"Kamik Unisex Kinder Kinderhose Muddy"},"content":{"rendered":"<p><!-- show up to 2 reviews by default --> <\/p>\n<p>Wasserdichte auch bequeme Nachwuchs-Regenhose, ungef\u00fcttert <\/p>\n<p>Wassers\u00e4ule 10.000 mm, PU-\u00dcberzug, verschwei\u00dfte N\u00e4hte<br \/>\nYKK-Marken-Rei\u00dfverschl\u00fcsse auch -Kn\u00f6pfe<br \/>\nAu\u00dfenmaterial: 100% Polyester; \u00dcberzug: 100% Polyurethan<br \/>\nMUDDY<br \/>\nModellnummer: VK8163<br \/>\neingen\u00e4htes Namensetikett<br \/>\nAufh\u00e4ngeschlaufe<br \/>\numfangreiche passive B\u00fcrgschaft im Zuge 3-M-Scotchlite Reflektorprints solange bis 350m reflektierend<br \/>\n<div class=\"main-cross-sell\" data-asin=\"B01K4IHPN2\">\n\n\t<div class=\"WooZone-cross-sell-loader\">\n\t\t<div>\n\t\t\t<div id=\"floatingBarsG\">\n\t\t\t\t<div class=\"blockG\" id=\"rotateG_01\"><\/div>\n\t\t\t\t<div class=\"blockG\" id=\"rotateG_02\"><\/div>\n\t\t\t\t<div class=\"blockG\" id=\"rotateG_03\"><\/div>\n\t\t\t\t<div class=\"blockG\" id=\"rotateG_04\"><\/div>\n\t\t\t\t<div class=\"blockG\" id=\"rotateG_05\"><\/div>\n\t\t\t\t<div class=\"blockG\" id=\"rotateG_06\"><\/div>\n\t\t\t\t<div class=\"blockG\" id=\"rotateG_07\"><\/div>\n\t\t\t\t<div class=\"blockG\" id=\"rotateG_08\"><\/div>\n\t\t\t<\/div>\n\t\t\t<div class=\"WooZone-cross-sell-loader-text\"><\/div>\n\t\t<\/div>\n\t<\/div>\n\n\t\t\n<\/div>\n<div style=\"clear:both;\"><\/div><\/p>\n","protected":false},"excerpt":{"rendered":"<p>Wassers\u00e4ule 10.000 mm, PU-Beschichtung, verschwei\u00dfte N\u00e4hte<br \/>\nYKK-Marken-Rei\u00dfverschl\u00fcsse und -Kn\u00f6pfe<br \/>\nAu\u00dfenmaterial: 100% Polyester; Beschichtung: 100% Polyurethan<\/p>\n","protected":false},"featured_media":14333,"comment_status":"open","ping_status":"closed","template":"","meta":[],"product_cat":[124],"product_tag":[],"yoast_head":"<!-- This site is optimized with the Yoast SEO plugin v20.6 - https:\/\/yoast.com\/wordpress\/plugins\/seo\/ -->\n<title>Kamik Unisex Kinder Kinderhose Muddy - FamilienMode<\/title>\n<meta name=\"robots\" content=\"index, follow, max-snippet:-1, max-image-preview:large, max-video-preview:-1\" \/>\n<link rel=\"canonical\" href=\"https:\/\/bekleidungscenter.com\/?product=kamik-unisex-kinder-muddy-kinderhose\" \/>\n<meta property=\"og:locale\" content=\"de_DE\" \/>\n<meta property=\"og:type\" content=\"article\" \/>\n<meta property=\"og:title\" content=\"Kamik Unisex Kinder Kinderhose Muddy - FamilienMode\" \/>\n<meta property=\"og:description\" content=\"Wassers\u00e4ule 10.000 mm, PU-Beschichtung, verschwei\u00dfte N\u00e4hte YKK-Marken-Rei\u00dfverschl\u00fcsse und -Kn\u00f6pfe Au\u00dfenmaterial: 100% Polyester; Beschichtung: 100% Polyurethan\" \/>\n<meta property=\"og:url\" content=\"https:\/\/bekleidungscenter.com\/?product=kamik-unisex-kinder-muddy-kinderhose\" \/>\n<meta property=\"og:site_name\" content=\"FamilienMode\" \/>\n<meta property=\"article:modified_time\" content=\"2023-04-08T22:32:34+00:00\" \/>\n<meta property=\"og:image\" content=\"https:\/\/images-na.ssl-images-amazon.com\/images\/I\/41PCXySe8lL.jpg\" \/>\n\t<meta property=\"og:image:width\" content=\"500\" \/>\n\t<meta property=\"og:image:height\" content=\"500\" \/>\n\t<meta property=\"og:image:type\" content=\"image\/jpeg\" \/>\n<meta name=\"twitter:card\" content=\"summary_large_image\" \/>\n<script type=\"application\/ld+json\" class=\"yoast-schema-graph\">{\"@context\":\"https:\/\/schema.org\",\"@graph\":[{\"@type\":\"WebPage\",\"@id\":\"https:\/\/bekleidungscenter.com\/?product=kamik-unisex-kinder-muddy-kinderhose\",\"url\":\"https:\/\/bekleidungscenter.com\/?product=kamik-unisex-kinder-muddy-kinderhose\",\"name\":\"Kamik Unisex Kinder Kinderhose Muddy - FamilienMode\",\"isPartOf\":{\"@id\":\"https:\/\/bekleidungscenter.com\/#website\"},\"datePublished\":\"2021-01-04T08:42:13+00:00\",\"dateModified\":\"2023-04-08T22:32:34+00:00\",\"breadcrumb\":{\"@id\":\"https:\/\/bekleidungscenter.com\/?product=kamik-unisex-kinder-muddy-kinderhose#breadcrumb\"},\"inLanguage\":\"de\",\"potentialAction\":[{\"@type\":\"ReadAction\",\"target\":[\"https:\/\/bekleidungscenter.com\/?product=kamik-unisex-kinder-muddy-kinderhose\"]}]},{\"@type\":\"BreadcrumbList\",\"@id\":\"https:\/\/bekleidungscenter.com\/?product=kamik-unisex-kinder-muddy-kinderhose#breadcrumb\",\"itemListElement\":[{\"@type\":\"ListItem\",\"position\":1,\"name\":\"Home\",\"item\":\"https:\/\/bekleidungscenter.com\/\"},{\"@type\":\"ListItem\",\"position\":2,\"name\":\"Shop\",\"item\":\"https:\/\/bekleidungscenter.com\/?page_id=7\"},{\"@type\":\"ListItem\",\"position\":3,\"name\":\"Kamik Unisex Kinder Kinderhose Muddy\"}]},{\"@type\":\"WebSite\",\"@id\":\"https:\/\/bekleidungscenter.com\/#website\",\"url\":\"https:\/\/bekleidungscenter.com\/\",\"name\":\"FamilienMode\",\"description\":\"Alles f\u00fcr die ganze Familie\",\"potentialAction\":[{\"@type\":\"SearchAction\",\"target\":{\"@type\":\"EntryPoint\",\"urlTemplate\":\"https:\/\/bekleidungscenter.com\/?s={search_term_string}\"},\"query-input\":\"required name=search_term_string\"}],\"inLanguage\":\"de\"}]}<\/script>\n<!-- \/ Yoast SEO plugin. -->","yoast_head_json":{"title":"Kamik Unisex Kinder Kinderhose Muddy - FamilienMode","robots":{"index":"index","follow":"follow","max-snippet":"max-snippet:-1","max-image-preview":"max-image-preview:large","max-video-preview":"max-video-preview:-1"},"canonical":"https:\/\/bekleidungscenter.com\/?product=kamik-unisex-kinder-muddy-kinderhose","og_locale":"de_DE","og_type":"article","og_title":"Kamik Unisex Kinder Kinderhose Muddy - FamilienMode","og_description":"Wassers\u00e4ule 10.000 mm, PU-Beschichtung, verschwei\u00dfte N\u00e4hte YKK-Marken-Rei\u00dfverschl\u00fcsse und -Kn\u00f6pfe Au\u00dfenmaterial: 100% Polyester; Beschichtung: 100% Polyurethan","og_url":"https:\/\/bekleidungscenter.com\/?product=kamik-unisex-kinder-muddy-kinderhose","og_site_name":"FamilienMode","article_modified_time":"2023-04-08T22:32:34+00:00","og_image":[{"width":500,"height":500,"url":"https:\/\/images-na.ssl-images-amazon.com\/images\/I\/41PCXySe8lL.jpg","type":"image\/jpeg"}],"twitter_card":"summary_large_image","schema":{"@context":"https:\/\/schema.org","@graph":[{"@type":"WebPage","@id":"https:\/\/bekleidungscenter.com\/?product=kamik-unisex-kinder-muddy-kinderhose","url":"https:\/\/bekleidungscenter.com\/?product=kamik-unisex-kinder-muddy-kinderhose","name":"Kamik Unisex Kinder Kinderhose Muddy - FamilienMode","isPartOf":{"@id":"https:\/\/bekleidungscenter.com\/#website"},"datePublished":"2021-01-04T08:42:13+00:00","dateModified":"2023-04-08T22:32:34+00:00","breadcrumb":{"@id":"https:\/\/bekleidungscenter.com\/?product=kamik-unisex-kinder-muddy-kinderhose#breadcrumb"},"inLanguage":"de","potentialAction":[{"@type":"ReadAction","target":["https:\/\/bekleidungscenter.com\/?product=kamik-unisex-kinder-muddy-kinderhose"]}]},{"@type":"BreadcrumbList","@id":"https:\/\/bekleidungscenter.com\/?product=kamik-unisex-kinder-muddy-kinderhose#breadcrumb","itemListElement":[{"@type":"ListItem","position":1,"name":"Home","item":"https:\/\/bekleidungscenter.com\/"},{"@type":"ListItem","position":2,"name":"Shop","item":"https:\/\/bekleidungscenter.com\/?page_id=7"},{"@type":"ListItem","position":3,"name":"Kamik Unisex Kinder Kinderhose Muddy"}]},{"@type":"WebSite","@id":"https:\/\/bekleidungscenter.com\/#website","url":"https:\/\/bekleidungscenter.com\/","name":"FamilienMode","description":"Alles f\u00fcr die ganze Familie","potentialAction":[{"@type":"SearchAction","target":{"@type":"EntryPoint","urlTemplate":"https:\/\/bekleidungscenter.com\/?s={search_term_string}"},"query-input":"required name=search_term_string"}],"inLanguage":"de"}]}},"_links":{"self":[{"href":"https:\/\/bekleidungscenter.com\/index.php?rest_route=\/wp\/v2\/product\/14329"}],"collection":[{"href":"https:\/\/bekleidungscenter.com\/index.php?rest_route=\/wp\/v2\/product"}],"about":[{"href":"https:\/\/bekleidungscenter.com\/index.php?rest_route=\/wp\/v2\/types\/product"}],"replies":[{"embeddable":true,"href":"https:\/\/bekleidungscenter.com\/index.php?rest_route=%2Fwp%2Fv2%2Fcomments&post=14329"}],"wp:featuredmedia":[{"embeddable":true,"href":"https:\/\/bekleidungscenter.com\/index.php?rest_route=\/wp\/v2\/media\/14333"}],"wp:attachment":[{"href":"https:\/\/bekleidungscenter.com\/index.php?rest_route=%2Fwp%2Fv2%2Fmedia&parent=14329"}],"wp:term":[{"taxonomy":"product_cat","embeddable":true,"href":"https:\/\/bekleidungscenter.com\/index.php?rest_route=%2Fwp%2Fv2%2Fproduct_cat&post=14329"},{"taxonomy":"product_tag","embeddable":true,"href":"https:\/\/bekleidungscenter.com\/index.php?rest_route=%2Fwp%2Fv2%2Fproduct_tag&post=14329"}],"curies":[{"name":"wp","href":"https:\/\/api.w.org\/{rel}","templated":true}]}}