{"id":14342,"date":"2021-01-04T08:42:20","date_gmt":"2021-01-04T08:42:20","guid":{"rendered":"http:\/\/bekleidungscenter.com\/?product=icepeak-maedchen-kinderhosen-kinsley-jr"},"modified":"2023-04-08T22:32:34","modified_gmt":"2023-04-08T22:32:34","slug":"icepeak-maedchen-kinderhosen-kinsley-jr","status":"publish","type":"product","link":"https:\/\/bekleidungscenter.com\/?product=icepeak-maedchen-kinderhosen-kinsley-jr","title":{"rendered":"ICEPEAK M\u00e4dchen Kinderhosen Kinsley Jr"},"content":{"rendered":"<p><!-- show up to 2 reviews by default --> <\/p>\n<p>Die Outdoor-Hose von Icepeak angetan mit ihrem Material. Neben den schnelltrocknenden Eigenschaften sorgt der 4-Wege-Stretch sondern eine dauerhafte Formbest\u00e4ndigkeit. Er kann sich au\u00dferordentlich ausdehnen, so dass man beim Sport die n\u00f6tige Bewegungsfreiheit genie\u00dfen kann, und kehrt wieder und wieder zur\u00fcck in die Ursprungsform. Ob bei einem Spaziergang dank Wald und Wiesen oder auf dem Schulhof, diese Hose bietet jedwederlei funktionale Details und hohen Tragekomfort. <\/p>\n<p>Icepeak hose sondern m\u00e4dchen<br \/>\nSchmaler Schnitt., Rei\u00dfverschlusstaschen., Pakt ist regulierbar in Gr\u00f6\u00dfen 128-140., Formgen\u00e4hte Knie., Hosenabschl\u00fcsse sind regulierbar.<br \/>\n93% Polyester, 7% Elasthan<br \/>\nKinsley Jr<br \/>\nPflegehinweis: Keinen Weichsp\u03cbler verwenden., Auf ansonsten drehen und abgesperrt abwaschen.<br \/>\nModellnummer: 251008511I<br \/>\nDie Outdoor-Hose von Icepeak angetan mit ihrem Material. Neben den schnelltrocknenden Eigenschaften sorgt der 4-Wege-Stretch sondern eine dauerhafte Formbest\u00e4ndigkeit.<br \/>\n<div class=\"main-cross-sell\" data-asin=\"B07DLW3WPG\">\n\n\t<div class=\"WooZone-cross-sell-loader\">\n\t\t<div>\n\t\t\t<div id=\"floatingBarsG\">\n\t\t\t\t<div class=\"blockG\" id=\"rotateG_01\"><\/div>\n\t\t\t\t<div class=\"blockG\" id=\"rotateG_02\"><\/div>\n\t\t\t\t<div class=\"blockG\" id=\"rotateG_03\"><\/div>\n\t\t\t\t<div class=\"blockG\" id=\"rotateG_04\"><\/div>\n\t\t\t\t<div class=\"blockG\" id=\"rotateG_05\"><\/div>\n\t\t\t\t<div class=\"blockG\" id=\"rotateG_06\"><\/div>\n\t\t\t\t<div class=\"blockG\" id=\"rotateG_07\"><\/div>\n\t\t\t\t<div class=\"blockG\" id=\"rotateG_08\"><\/div>\n\t\t\t<\/div>\n\t\t\t<div class=\"WooZone-cross-sell-loader-text\"><\/div>\n\t\t<\/div>\n\t<\/div>\n\n\t\t\n<\/div>\n<div style=\"clear:both;\"><\/div><\/p>\n","protected":false},"excerpt":{"rendered":"<p>Icepeak hose f\u00fcr m\u00e4dchen<br \/>\nSchmaler Schnitt., Rei\u00dfverschlusstaschen., Bund ist regulierbar in Gr\u00f6\u00dfen 128-140., Formgen\u00e4hte Knie., Hosenabschl\u00fcsse sind regulierbar.<br \/>\n93% Polyester, 7% Elasthan<\/p>\n","protected":false},"featured_media":14343,"comment_status":"open","ping_status":"closed","template":"","meta":[],"product_cat":[124],"product_tag":[],"yoast_head":"<!-- This site is optimized with the Yoast SEO plugin v20.6 - https:\/\/yoast.com\/wordpress\/plugins\/seo\/ -->\n<title>ICEPEAK M\u00e4dchen Kinderhosen Kinsley Jr - FamilienMode<\/title>\n<meta name=\"robots\" content=\"index, follow, max-snippet:-1, max-image-preview:large, max-video-preview:-1\" \/>\n<link rel=\"canonical\" href=\"https:\/\/bekleidungscenter.com\/?product=icepeak-maedchen-kinderhosen-kinsley-jr\" \/>\n<meta property=\"og:locale\" content=\"de_DE\" \/>\n<meta property=\"og:type\" content=\"article\" \/>\n<meta property=\"og:title\" content=\"ICEPEAK M\u00e4dchen Kinderhosen Kinsley Jr - FamilienMode\" \/>\n<meta property=\"og:description\" content=\"Icepeak hose f\u00fcr m\u00e4dchen Schmaler Schnitt., Rei\u00dfverschlusstaschen., Bund ist regulierbar in Gr\u00f6\u00dfen 128-140., Formgen\u00e4hte Knie., Hosenabschl\u00fcsse sind regulierbar. 93% Polyester, 7% Elasthan\" \/>\n<meta property=\"og:url\" content=\"https:\/\/bekleidungscenter.com\/?product=icepeak-maedchen-kinderhosen-kinsley-jr\" \/>\n<meta property=\"og:site_name\" content=\"FamilienMode\" \/>\n<meta property=\"article:modified_time\" content=\"2023-04-08T22:32:34+00:00\" \/>\n<meta property=\"og:image\" content=\"https:\/\/images-na.ssl-images-amazon.com\/images\/I\/31XSFVF4jDL.jpg\" \/>\n\t<meta property=\"og:image:width\" content=\"500\" \/>\n\t<meta property=\"og:image:height\" content=\"500\" \/>\n\t<meta property=\"og:image:type\" content=\"image\/jpeg\" \/>\n<meta name=\"twitter:card\" content=\"summary_large_image\" \/>\n<meta name=\"twitter:label1\" content=\"Gesch\u00e4tzte Lesezeit\" \/>\n\t<meta name=\"twitter:data1\" content=\"1\u00a0Minute\" \/>\n<script type=\"application\/ld+json\" class=\"yoast-schema-graph\">{\"@context\":\"https:\/\/schema.org\",\"@graph\":[{\"@type\":\"WebPage\",\"@id\":\"https:\/\/bekleidungscenter.com\/?product=icepeak-maedchen-kinderhosen-kinsley-jr\",\"url\":\"https:\/\/bekleidungscenter.com\/?product=icepeak-maedchen-kinderhosen-kinsley-jr\",\"name\":\"ICEPEAK M\u00e4dchen Kinderhosen Kinsley Jr - FamilienMode\",\"isPartOf\":{\"@id\":\"https:\/\/bekleidungscenter.com\/#website\"},\"datePublished\":\"2021-01-04T08:42:20+00:00\",\"dateModified\":\"2023-04-08T22:32:34+00:00\",\"breadcrumb\":{\"@id\":\"https:\/\/bekleidungscenter.com\/?product=icepeak-maedchen-kinderhosen-kinsley-jr#breadcrumb\"},\"inLanguage\":\"de\",\"potentialAction\":[{\"@type\":\"ReadAction\",\"target\":[\"https:\/\/bekleidungscenter.com\/?product=icepeak-maedchen-kinderhosen-kinsley-jr\"]}]},{\"@type\":\"BreadcrumbList\",\"@id\":\"https:\/\/bekleidungscenter.com\/?product=icepeak-maedchen-kinderhosen-kinsley-jr#breadcrumb\",\"itemListElement\":[{\"@type\":\"ListItem\",\"position\":1,\"name\":\"Home\",\"item\":\"https:\/\/bekleidungscenter.com\/\"},{\"@type\":\"ListItem\",\"position\":2,\"name\":\"Shop\",\"item\":\"https:\/\/bekleidungscenter.com\/?page_id=7\"},{\"@type\":\"ListItem\",\"position\":3,\"name\":\"ICEPEAK M\u00e4dchen Kinderhosen Kinsley Jr\"}]},{\"@type\":\"WebSite\",\"@id\":\"https:\/\/bekleidungscenter.com\/#website\",\"url\":\"https:\/\/bekleidungscenter.com\/\",\"name\":\"FamilienMode\",\"description\":\"Alles f\u00fcr die ganze Familie\",\"potentialAction\":[{\"@type\":\"SearchAction\",\"target\":{\"@type\":\"EntryPoint\",\"urlTemplate\":\"https:\/\/bekleidungscenter.com\/?s={search_term_string}\"},\"query-input\":\"required name=search_term_string\"}],\"inLanguage\":\"de\"}]}<\/script>\n<!-- \/ Yoast SEO plugin. -->","yoast_head_json":{"title":"ICEPEAK M\u00e4dchen Kinderhosen Kinsley Jr - FamilienMode","robots":{"index":"index","follow":"follow","max-snippet":"max-snippet:-1","max-image-preview":"max-image-preview:large","max-video-preview":"max-video-preview:-1"},"canonical":"https:\/\/bekleidungscenter.com\/?product=icepeak-maedchen-kinderhosen-kinsley-jr","og_locale":"de_DE","og_type":"article","og_title":"ICEPEAK M\u00e4dchen Kinderhosen Kinsley Jr - FamilienMode","og_description":"Icepeak hose f\u00fcr m\u00e4dchen Schmaler Schnitt., Rei\u00dfverschlusstaschen., Bund ist regulierbar in Gr\u00f6\u00dfen 128-140., Formgen\u00e4hte Knie., Hosenabschl\u00fcsse sind regulierbar. 93% Polyester, 7% Elasthan","og_url":"https:\/\/bekleidungscenter.com\/?product=icepeak-maedchen-kinderhosen-kinsley-jr","og_site_name":"FamilienMode","article_modified_time":"2023-04-08T22:32:34+00:00","og_image":[{"width":500,"height":500,"url":"https:\/\/images-na.ssl-images-amazon.com\/images\/I\/31XSFVF4jDL.jpg","type":"image\/jpeg"}],"twitter_card":"summary_large_image","twitter_misc":{"Gesch\u00e4tzte Lesezeit":"1\u00a0Minute"},"schema":{"@context":"https:\/\/schema.org","@graph":[{"@type":"WebPage","@id":"https:\/\/bekleidungscenter.com\/?product=icepeak-maedchen-kinderhosen-kinsley-jr","url":"https:\/\/bekleidungscenter.com\/?product=icepeak-maedchen-kinderhosen-kinsley-jr","name":"ICEPEAK M\u00e4dchen Kinderhosen Kinsley Jr - FamilienMode","isPartOf":{"@id":"https:\/\/bekleidungscenter.com\/#website"},"datePublished":"2021-01-04T08:42:20+00:00","dateModified":"2023-04-08T22:32:34+00:00","breadcrumb":{"@id":"https:\/\/bekleidungscenter.com\/?product=icepeak-maedchen-kinderhosen-kinsley-jr#breadcrumb"},"inLanguage":"de","potentialAction":[{"@type":"ReadAction","target":["https:\/\/bekleidungscenter.com\/?product=icepeak-maedchen-kinderhosen-kinsley-jr"]}]},{"@type":"BreadcrumbList","@id":"https:\/\/bekleidungscenter.com\/?product=icepeak-maedchen-kinderhosen-kinsley-jr#breadcrumb","itemListElement":[{"@type":"ListItem","position":1,"name":"Home","item":"https:\/\/bekleidungscenter.com\/"},{"@type":"ListItem","position":2,"name":"Shop","item":"https:\/\/bekleidungscenter.com\/?page_id=7"},{"@type":"ListItem","position":3,"name":"ICEPEAK M\u00e4dchen Kinderhosen Kinsley Jr"}]},{"@type":"WebSite","@id":"https:\/\/bekleidungscenter.com\/#website","url":"https:\/\/bekleidungscenter.com\/","name":"FamilienMode","description":"Alles f\u00fcr die ganze Familie","potentialAction":[{"@type":"SearchAction","target":{"@type":"EntryPoint","urlTemplate":"https:\/\/bekleidungscenter.com\/?s={search_term_string}"},"query-input":"required name=search_term_string"}],"inLanguage":"de"}]}},"_links":{"self":[{"href":"https:\/\/bekleidungscenter.com\/index.php?rest_route=\/wp\/v2\/product\/14342"}],"collection":[{"href":"https:\/\/bekleidungscenter.com\/index.php?rest_route=\/wp\/v2\/product"}],"about":[{"href":"https:\/\/bekleidungscenter.com\/index.php?rest_route=\/wp\/v2\/types\/product"}],"replies":[{"embeddable":true,"href":"https:\/\/bekleidungscenter.com\/index.php?rest_route=%2Fwp%2Fv2%2Fcomments&post=14342"}],"wp:featuredmedia":[{"embeddable":true,"href":"https:\/\/bekleidungscenter.com\/index.php?rest_route=\/wp\/v2\/media\/14343"}],"wp:attachment":[{"href":"https:\/\/bekleidungscenter.com\/index.php?rest_route=%2Fwp%2Fv2%2Fmedia&parent=14342"}],"wp:term":[{"taxonomy":"product_cat","embeddable":true,"href":"https:\/\/bekleidungscenter.com\/index.php?rest_route=%2Fwp%2Fv2%2Fproduct_cat&post=14342"},{"taxonomy":"product_tag","embeddable":true,"href":"https:\/\/bekleidungscenter.com\/index.php?rest_route=%2Fwp%2Fv2%2Fproduct_tag&post=14342"}],"curies":[{"name":"wp","href":"https:\/\/api.w.org\/{rel}","templated":true}]}}