{"id":14353,"date":"2021-01-04T08:42:26","date_gmt":"2021-01-04T08:42:26","guid":{"rendered":"http:\/\/bekleidungscenter.com\/?product=columbia"},"modified":"2023-04-08T22:32:34","modified_gmt":"2023-04-08T22:32:34","slug":"columbia","status":"publish","type":"product","link":"https:\/\/bekleidungscenter.com\/?product=columbia","title":{"rendered":"Columbia Jungen Bugaboo II Hose Bugaboo Ii Pant"},"content":{"rendered":"<p><!-- show up to 2 reviews by default --> <\/p>\n<p>Holen Sie sich den wasserdichten, atmungsaktiven Abschirmung des Bugaboo II vor der n\u00e4chsten Skission Ihres Kindes oder dem Schlittenfest. Omni-TECH&#x2122;-Technologie und abstandslos versiegelte N\u00e4hte abwenden, dass ein Tropfen Feuchtigkeit durchdringt, indessen leichte Vereinsamung die perfekte Summe an W\u00e4rme bietet. <\/p>\n<p>Komfortable, wasserdichte Kinderhose: Die Columbia Bugaboo II Hose f\u00fcr Kinder ist bequem, wasserdicht, atmungsaktiv und mit wachsam versiegelten N\u00e4hten. Sie sind perfekt f\u00fcr aktive Kinder, die in kaltem Wetter leben oder f\u00fcr den Wintersport.<br \/>\nSystem f\u00fcr Wachstumsf\u00f6rderung: Um Wachstumsschub zu abst\u00fctzen, sind diese Columbia Winterhosen f\u00fcr Kinder mit unserem einzigartigen Outgrown Wachstumssystem konstruiert, das es Ihnen erm\u00f6glicht, die Lebensdauer der Columbia Oberbekleidung Ihres Kindes zu verl\u00e4ngern, so dass sie \u00fcber mehrere Jahreszeiten h\u00e4lt.<br \/>\nPflegehinweis: Maschinenw\u00e4sche<br \/>\nModellnummer: 180671<br \/>\nHergestellt f\u00fcr extreme Elemente: Unsere wasserdichten Winterhosen sind die Gesamtheit fortschrittlichen Technologie-Materialien hergestellt, einschlie\u00dflich 100 % Dobby-Nylon, 3K 100 % Polyester-Oxford, und reflektierendes Microtex Light 100 % Polyester.<br \/>\nMehrere praktische Funktionen: Diese Kinder-Winterhose ist mit mehreren praktischen Funktionen ausgestattet, darunter verstellbare Taillentaschen, verst\u00e4rkte und vorgeformte Knie, Eingrifftaschen mit Rei\u00dfverschluss und Cargotaschen.<br \/>\nOmni-Tech: Diese propriet\u00e4re Technologie bietet luftdurchl\u00e4ssigen Abschirmung, der wasserdicht und atmungsaktiv ist, h\u00e4lt die Elemente der Mutter Natur fern, und erm\u00f6glicht gleichzeitig das Innere zu atmen, h\u00e4lt Sie trocken und bequem, losgel\u00f6st von den Bedingungen.<br \/>\n<div class=\"main-cross-sell\" data-asin=\"B07JCDZQ63\">\n\n\t<div class=\"WooZone-cross-sell-loader\">\n\t\t<div>\n\t\t\t<div id=\"floatingBarsG\">\n\t\t\t\t<div class=\"blockG\" id=\"rotateG_01\"><\/div>\n\t\t\t\t<div class=\"blockG\" id=\"rotateG_02\"><\/div>\n\t\t\t\t<div class=\"blockG\" id=\"rotateG_03\"><\/div>\n\t\t\t\t<div class=\"blockG\" id=\"rotateG_04\"><\/div>\n\t\t\t\t<div class=\"blockG\" id=\"rotateG_05\"><\/div>\n\t\t\t\t<div class=\"blockG\" id=\"rotateG_06\"><\/div>\n\t\t\t\t<div class=\"blockG\" id=\"rotateG_07\"><\/div>\n\t\t\t\t<div class=\"blockG\" id=\"rotateG_08\"><\/div>\n\t\t\t<\/div>\n\t\t\t<div class=\"WooZone-cross-sell-loader-text\"><\/div>\n\t\t<\/div>\n\t<\/div>\n\n\t\t\n<\/div>\n<div style=\"clear:both;\"><\/div><\/p>\n","protected":false},"excerpt":{"rendered":"<p>Komfortable, wasserdichte Kinderhose: Die Columbia Bugaboo II Hose f\u00fcr Kinder ist bequem, wasserdicht, atmungsaktiv und mit kritisch versiegelten N\u00e4hten. Sie sind perfekt f\u00fcr aktive Kinder, die in kaltem Wetter leben oder f\u00fcr den Wintersport.<br \/>\nSystem f\u00fcr Wachstumsf\u00f6rderung: Um Wachstumsschub zu unterst\u00fctzen, sind diese Columbia Winterhosen f\u00fcr Kinder mit unserem einzigartigen Outgrown Wachstumssystem konstruiert, das es Ihnen erm\u00f6glicht, die Lebensdauer der Columbia Oberbekleidung Ihres Kindes zu verl\u00e4ngern, so dass sie \u00fcber mehrere Jahreszeiten h\u00e4lt.<br \/>\nPflegehinweis: Maschinenw\u00e4sche<\/p>\n","protected":false},"featured_media":14354,"comment_status":"open","ping_status":"closed","template":"","meta":[],"product_cat":[124],"product_tag":[],"yoast_head":"<!-- This site is optimized with the Yoast SEO plugin v20.6 - https:\/\/yoast.com\/wordpress\/plugins\/seo\/ -->\n<title>Columbia Jungen Bugaboo II Hose Bugaboo Ii Pant - FamilienMode<\/title>\n<meta name=\"robots\" content=\"index, follow, max-snippet:-1, max-image-preview:large, max-video-preview:-1\" \/>\n<link rel=\"canonical\" href=\"https:\/\/bekleidungscenter.com\/?product=columbia\" \/>\n<meta property=\"og:locale\" content=\"de_DE\" \/>\n<meta property=\"og:type\" content=\"article\" \/>\n<meta property=\"og:title\" content=\"Columbia Jungen Bugaboo II Hose Bugaboo Ii Pant - FamilienMode\" \/>\n<meta property=\"og:description\" content=\"Komfortable, wasserdichte Kinderhose: Die Columbia Bugaboo II Hose f\u00fcr Kinder ist bequem, wasserdicht, atmungsaktiv und mit kritisch versiegelten N\u00e4hten. Sie sind perfekt f\u00fcr aktive Kinder, die in kaltem Wetter leben oder f\u00fcr den Wintersport. System f\u00fcr Wachstumsf\u00f6rderung: Um Wachstumsschub zu unterst\u00fctzen, sind diese Columbia Winterhosen f\u00fcr Kinder mit unserem einzigartigen Outgrown Wachstumssystem konstruiert, das es Ihnen erm\u00f6glicht, die Lebensdauer der Columbia Oberbekleidung Ihres Kindes zu verl\u00e4ngern, so dass sie \u00fcber mehrere Jahreszeiten h\u00e4lt. Pflegehinweis: Maschinenw\u00e4sche\" \/>\n<meta property=\"og:url\" content=\"https:\/\/bekleidungscenter.com\/?product=columbia\" \/>\n<meta property=\"og:site_name\" content=\"FamilienMode\" \/>\n<meta property=\"article:modified_time\" content=\"2023-04-08T22:32:34+00:00\" \/>\n<meta property=\"og:image\" content=\"https:\/\/images-na.ssl-images-amazon.com\/images\/I\/415mH%2BJedvL.jpg\" \/>\n\t<meta property=\"og:image:width\" content=\"500\" \/>\n\t<meta property=\"og:image:height\" content=\"500\" \/>\n\t<meta property=\"og:image:type\" content=\"image\/jpeg\" \/>\n<meta name=\"twitter:card\" content=\"summary_large_image\" \/>\n<meta name=\"twitter:label1\" content=\"Gesch\u00e4tzte Lesezeit\" \/>\n\t<meta name=\"twitter:data1\" content=\"1\u00a0Minute\" \/>\n<script type=\"application\/ld+json\" class=\"yoast-schema-graph\">{\"@context\":\"https:\/\/schema.org\",\"@graph\":[{\"@type\":\"WebPage\",\"@id\":\"https:\/\/bekleidungscenter.com\/?product=columbia\",\"url\":\"https:\/\/bekleidungscenter.com\/?product=columbia\",\"name\":\"Columbia Jungen Bugaboo II Hose Bugaboo Ii Pant - FamilienMode\",\"isPartOf\":{\"@id\":\"https:\/\/bekleidungscenter.com\/#website\"},\"datePublished\":\"2021-01-04T08:42:26+00:00\",\"dateModified\":\"2023-04-08T22:32:34+00:00\",\"breadcrumb\":{\"@id\":\"https:\/\/bekleidungscenter.com\/?product=columbia#breadcrumb\"},\"inLanguage\":\"de\",\"potentialAction\":[{\"@type\":\"ReadAction\",\"target\":[\"https:\/\/bekleidungscenter.com\/?product=columbia\"]}]},{\"@type\":\"BreadcrumbList\",\"@id\":\"https:\/\/bekleidungscenter.com\/?product=columbia#breadcrumb\",\"itemListElement\":[{\"@type\":\"ListItem\",\"position\":1,\"name\":\"Home\",\"item\":\"https:\/\/bekleidungscenter.com\/\"},{\"@type\":\"ListItem\",\"position\":2,\"name\":\"Shop\",\"item\":\"https:\/\/bekleidungscenter.com\/?page_id=7\"},{\"@type\":\"ListItem\",\"position\":3,\"name\":\"Columbia Jungen Bugaboo II Hose Bugaboo Ii Pant\"}]},{\"@type\":\"WebSite\",\"@id\":\"https:\/\/bekleidungscenter.com\/#website\",\"url\":\"https:\/\/bekleidungscenter.com\/\",\"name\":\"FamilienMode\",\"description\":\"Alles f\u00fcr die ganze Familie\",\"potentialAction\":[{\"@type\":\"SearchAction\",\"target\":{\"@type\":\"EntryPoint\",\"urlTemplate\":\"https:\/\/bekleidungscenter.com\/?s={search_term_string}\"},\"query-input\":\"required name=search_term_string\"}],\"inLanguage\":\"de\"}]}<\/script>\n<!-- \/ Yoast SEO plugin. -->","yoast_head_json":{"title":"Columbia Jungen Bugaboo II Hose Bugaboo Ii Pant - FamilienMode","robots":{"index":"index","follow":"follow","max-snippet":"max-snippet:-1","max-image-preview":"max-image-preview:large","max-video-preview":"max-video-preview:-1"},"canonical":"https:\/\/bekleidungscenter.com\/?product=columbia","og_locale":"de_DE","og_type":"article","og_title":"Columbia Jungen Bugaboo II Hose Bugaboo Ii Pant - FamilienMode","og_description":"Komfortable, wasserdichte Kinderhose: Die Columbia Bugaboo II Hose f\u00fcr Kinder ist bequem, wasserdicht, atmungsaktiv und mit kritisch versiegelten N\u00e4hten. Sie sind perfekt f\u00fcr aktive Kinder, die in kaltem Wetter leben oder f\u00fcr den Wintersport. System f\u00fcr Wachstumsf\u00f6rderung: Um Wachstumsschub zu unterst\u00fctzen, sind diese Columbia Winterhosen f\u00fcr Kinder mit unserem einzigartigen Outgrown Wachstumssystem konstruiert, das es Ihnen erm\u00f6glicht, die Lebensdauer der Columbia Oberbekleidung Ihres Kindes zu verl\u00e4ngern, so dass sie \u00fcber mehrere Jahreszeiten h\u00e4lt. Pflegehinweis: Maschinenw\u00e4sche","og_url":"https:\/\/bekleidungscenter.com\/?product=columbia","og_site_name":"FamilienMode","article_modified_time":"2023-04-08T22:32:34+00:00","og_image":[{"width":500,"height":500,"url":"https:\/\/images-na.ssl-images-amazon.com\/images\/I\/415mH%2BJedvL.jpg","type":"image\/jpeg"}],"twitter_card":"summary_large_image","twitter_misc":{"Gesch\u00e4tzte Lesezeit":"1\u00a0Minute"},"schema":{"@context":"https:\/\/schema.org","@graph":[{"@type":"WebPage","@id":"https:\/\/bekleidungscenter.com\/?product=columbia","url":"https:\/\/bekleidungscenter.com\/?product=columbia","name":"Columbia Jungen Bugaboo II Hose Bugaboo Ii Pant - FamilienMode","isPartOf":{"@id":"https:\/\/bekleidungscenter.com\/#website"},"datePublished":"2021-01-04T08:42:26+00:00","dateModified":"2023-04-08T22:32:34+00:00","breadcrumb":{"@id":"https:\/\/bekleidungscenter.com\/?product=columbia#breadcrumb"},"inLanguage":"de","potentialAction":[{"@type":"ReadAction","target":["https:\/\/bekleidungscenter.com\/?product=columbia"]}]},{"@type":"BreadcrumbList","@id":"https:\/\/bekleidungscenter.com\/?product=columbia#breadcrumb","itemListElement":[{"@type":"ListItem","position":1,"name":"Home","item":"https:\/\/bekleidungscenter.com\/"},{"@type":"ListItem","position":2,"name":"Shop","item":"https:\/\/bekleidungscenter.com\/?page_id=7"},{"@type":"ListItem","position":3,"name":"Columbia Jungen Bugaboo II Hose Bugaboo Ii Pant"}]},{"@type":"WebSite","@id":"https:\/\/bekleidungscenter.com\/#website","url":"https:\/\/bekleidungscenter.com\/","name":"FamilienMode","description":"Alles f\u00fcr die ganze Familie","potentialAction":[{"@type":"SearchAction","target":{"@type":"EntryPoint","urlTemplate":"https:\/\/bekleidungscenter.com\/?s={search_term_string}"},"query-input":"required name=search_term_string"}],"inLanguage":"de"}]}},"_links":{"self":[{"href":"https:\/\/bekleidungscenter.com\/index.php?rest_route=\/wp\/v2\/product\/14353"}],"collection":[{"href":"https:\/\/bekleidungscenter.com\/index.php?rest_route=\/wp\/v2\/product"}],"about":[{"href":"https:\/\/bekleidungscenter.com\/index.php?rest_route=\/wp\/v2\/types\/product"}],"replies":[{"embeddable":true,"href":"https:\/\/bekleidungscenter.com\/index.php?rest_route=%2Fwp%2Fv2%2Fcomments&post=14353"}],"wp:featuredmedia":[{"embeddable":true,"href":"https:\/\/bekleidungscenter.com\/index.php?rest_route=\/wp\/v2\/media\/14354"}],"wp:attachment":[{"href":"https:\/\/bekleidungscenter.com\/index.php?rest_route=%2Fwp%2Fv2%2Fmedia&parent=14353"}],"wp:term":[{"taxonomy":"product_cat","embeddable":true,"href":"https:\/\/bekleidungscenter.com\/index.php?rest_route=%2Fwp%2Fv2%2Fproduct_cat&post=14353"},{"taxonomy":"product_tag","embeddable":true,"href":"https:\/\/bekleidungscenter.com\/index.php?rest_route=%2Fwp%2Fv2%2Fproduct_tag&post=14353"}],"curies":[{"name":"wp","href":"https:\/\/api.w.org\/{rel}","templated":true}]}}