{"id":14365,"date":"2021-01-04T08:42:34","date_gmt":"2021-01-04T08:42:34","guid":{"rendered":"http:\/\/bekleidungscenter.com\/?product=name-it-jungen-nkmsweat-pant-bru-noos-hose"},"modified":"2023-04-08T22:32:34","modified_gmt":"2023-04-08T22:32:34","slug":"name-it-jungen-nkmsweat-pant-bru-noos-hose","status":"publish","type":"product","link":"https:\/\/bekleidungscenter.com\/?product=name-it-jungen-nkmsweat-pant-bru-noos-hose","title":{"rendered":"NAME IT Jungen Nkmsweat Pant Bru Noos Hose"},"content":{"rendered":"<p><!-- show up to 2 reviews by default --> <\/p>\n<p>L\u00e4ssige Jogginghose von NAME IT via elastischem Taillenbund (unter Zuhilfenahme von Knopflochgummi verstellbar) via Kordelzug unter anderem zwei seitlichen Taschen. Strickb\u00fcndchen an den Kn\u00f6cheln, jeder auf lange Sicht produzierter, \u00e4u\u00dferst weicher Rauschmittel-Formation: 80% geb\u00fcrstete Bio-Baumwollle unter anderem 20% Polyester. <\/p>\n<p>Jogginghose<br \/>\nSchr\u00e4gtaschen vorn<br \/>\nVerschluss: Pull On<br \/>\n80% Baumwolle, 20% Polyester<br \/>\nB\u00fcx<br \/>\nPflegehinweis: Maschinenw\u00e4sche, via \u00e4hnlichen Farben Geschirr sp\u00fclen<br \/>\nModellnummer: 13153665<br \/>\nelatisches Taillenbund via Kordelzug<br \/>\nStrickb\u00fcndchen am Kn\u00f6chel<br \/>\nvia 80% geb\u00fcrsteter Bio-Baumwolle<br \/>\n<div class=\"main-cross-sell\" data-asin=\"B075N6LWB9\">\n\n\t<div class=\"WooZone-cross-sell-loader\">\n\t\t<div>\n\t\t\t<div id=\"floatingBarsG\">\n\t\t\t\t<div class=\"blockG\" id=\"rotateG_01\"><\/div>\n\t\t\t\t<div class=\"blockG\" id=\"rotateG_02\"><\/div>\n\t\t\t\t<div class=\"blockG\" id=\"rotateG_03\"><\/div>\n\t\t\t\t<div class=\"blockG\" id=\"rotateG_04\"><\/div>\n\t\t\t\t<div class=\"blockG\" id=\"rotateG_05\"><\/div>\n\t\t\t\t<div class=\"blockG\" id=\"rotateG_06\"><\/div>\n\t\t\t\t<div class=\"blockG\" id=\"rotateG_07\"><\/div>\n\t\t\t\t<div class=\"blockG\" id=\"rotateG_08\"><\/div>\n\t\t\t<\/div>\n\t\t\t<div class=\"WooZone-cross-sell-loader-text\"><\/div>\n\t\t<\/div>\n\t<\/div>\n\n\t\t\n<\/div>\n<div style=\"clear:both;\"><\/div><\/p>\n","protected":false},"excerpt":{"rendered":"<p>Jogginghose<br \/>\nSchr\u00e4gtaschen vorn<br \/>\nVerschluss: Pull On<\/p>\n","protected":false},"featured_media":14367,"comment_status":"open","ping_status":"closed","template":"","meta":[],"product_cat":[124],"product_tag":[],"yoast_head":"<!-- This site is optimized with the Yoast SEO plugin v20.6 - https:\/\/yoast.com\/wordpress\/plugins\/seo\/ -->\n<title>NAME IT Jungen Nkmsweat Pant Bru Noos Hose - FamilienMode<\/title>\n<meta name=\"robots\" content=\"index, follow, max-snippet:-1, max-image-preview:large, max-video-preview:-1\" \/>\n<link rel=\"canonical\" href=\"https:\/\/bekleidungscenter.com\/?product=name-it-jungen-nkmsweat-pant-bru-noos-hose\" \/>\n<meta property=\"og:locale\" content=\"de_DE\" \/>\n<meta property=\"og:type\" content=\"article\" \/>\n<meta property=\"og:title\" content=\"NAME IT Jungen Nkmsweat Pant Bru Noos Hose - FamilienMode\" \/>\n<meta property=\"og:description\" content=\"Jogginghose Schr\u00e4gtaschen vorn Verschluss: Pull On\" \/>\n<meta property=\"og:url\" content=\"https:\/\/bekleidungscenter.com\/?product=name-it-jungen-nkmsweat-pant-bru-noos-hose\" \/>\n<meta property=\"og:site_name\" content=\"FamilienMode\" \/>\n<meta property=\"article:modified_time\" content=\"2023-04-08T22:32:34+00:00\" \/>\n<meta property=\"og:image\" content=\"https:\/\/images-na.ssl-images-amazon.com\/images\/I\/31Va9im%2B13L.jpg\" \/>\n\t<meta property=\"og:image:width\" content=\"500\" \/>\n\t<meta property=\"og:image:height\" content=\"500\" \/>\n\t<meta property=\"og:image:type\" content=\"image\/jpeg\" \/>\n<meta name=\"twitter:card\" content=\"summary_large_image\" \/>\n<script type=\"application\/ld+json\" class=\"yoast-schema-graph\">{\"@context\":\"https:\/\/schema.org\",\"@graph\":[{\"@type\":\"WebPage\",\"@id\":\"https:\/\/bekleidungscenter.com\/?product=name-it-jungen-nkmsweat-pant-bru-noos-hose\",\"url\":\"https:\/\/bekleidungscenter.com\/?product=name-it-jungen-nkmsweat-pant-bru-noos-hose\",\"name\":\"NAME IT Jungen Nkmsweat Pant Bru Noos Hose - FamilienMode\",\"isPartOf\":{\"@id\":\"https:\/\/bekleidungscenter.com\/#website\"},\"datePublished\":\"2021-01-04T08:42:34+00:00\",\"dateModified\":\"2023-04-08T22:32:34+00:00\",\"breadcrumb\":{\"@id\":\"https:\/\/bekleidungscenter.com\/?product=name-it-jungen-nkmsweat-pant-bru-noos-hose#breadcrumb\"},\"inLanguage\":\"de\",\"potentialAction\":[{\"@type\":\"ReadAction\",\"target\":[\"https:\/\/bekleidungscenter.com\/?product=name-it-jungen-nkmsweat-pant-bru-noos-hose\"]}]},{\"@type\":\"BreadcrumbList\",\"@id\":\"https:\/\/bekleidungscenter.com\/?product=name-it-jungen-nkmsweat-pant-bru-noos-hose#breadcrumb\",\"itemListElement\":[{\"@type\":\"ListItem\",\"position\":1,\"name\":\"Home\",\"item\":\"https:\/\/bekleidungscenter.com\/\"},{\"@type\":\"ListItem\",\"position\":2,\"name\":\"Shop\",\"item\":\"https:\/\/bekleidungscenter.com\/?page_id=7\"},{\"@type\":\"ListItem\",\"position\":3,\"name\":\"NAME IT Jungen Nkmsweat Pant Bru Noos Hose\"}]},{\"@type\":\"WebSite\",\"@id\":\"https:\/\/bekleidungscenter.com\/#website\",\"url\":\"https:\/\/bekleidungscenter.com\/\",\"name\":\"FamilienMode\",\"description\":\"Alles f\u00fcr die ganze Familie\",\"potentialAction\":[{\"@type\":\"SearchAction\",\"target\":{\"@type\":\"EntryPoint\",\"urlTemplate\":\"https:\/\/bekleidungscenter.com\/?s={search_term_string}\"},\"query-input\":\"required name=search_term_string\"}],\"inLanguage\":\"de\"}]}<\/script>\n<!-- \/ Yoast SEO plugin. -->","yoast_head_json":{"title":"NAME IT Jungen Nkmsweat Pant Bru Noos Hose - FamilienMode","robots":{"index":"index","follow":"follow","max-snippet":"max-snippet:-1","max-image-preview":"max-image-preview:large","max-video-preview":"max-video-preview:-1"},"canonical":"https:\/\/bekleidungscenter.com\/?product=name-it-jungen-nkmsweat-pant-bru-noos-hose","og_locale":"de_DE","og_type":"article","og_title":"NAME IT Jungen Nkmsweat Pant Bru Noos Hose - FamilienMode","og_description":"Jogginghose Schr\u00e4gtaschen vorn Verschluss: Pull On","og_url":"https:\/\/bekleidungscenter.com\/?product=name-it-jungen-nkmsweat-pant-bru-noos-hose","og_site_name":"FamilienMode","article_modified_time":"2023-04-08T22:32:34+00:00","og_image":[{"width":500,"height":500,"url":"https:\/\/images-na.ssl-images-amazon.com\/images\/I\/31Va9im%2B13L.jpg","type":"image\/jpeg"}],"twitter_card":"summary_large_image","schema":{"@context":"https:\/\/schema.org","@graph":[{"@type":"WebPage","@id":"https:\/\/bekleidungscenter.com\/?product=name-it-jungen-nkmsweat-pant-bru-noos-hose","url":"https:\/\/bekleidungscenter.com\/?product=name-it-jungen-nkmsweat-pant-bru-noos-hose","name":"NAME IT Jungen Nkmsweat Pant Bru Noos Hose - FamilienMode","isPartOf":{"@id":"https:\/\/bekleidungscenter.com\/#website"},"datePublished":"2021-01-04T08:42:34+00:00","dateModified":"2023-04-08T22:32:34+00:00","breadcrumb":{"@id":"https:\/\/bekleidungscenter.com\/?product=name-it-jungen-nkmsweat-pant-bru-noos-hose#breadcrumb"},"inLanguage":"de","potentialAction":[{"@type":"ReadAction","target":["https:\/\/bekleidungscenter.com\/?product=name-it-jungen-nkmsweat-pant-bru-noos-hose"]}]},{"@type":"BreadcrumbList","@id":"https:\/\/bekleidungscenter.com\/?product=name-it-jungen-nkmsweat-pant-bru-noos-hose#breadcrumb","itemListElement":[{"@type":"ListItem","position":1,"name":"Home","item":"https:\/\/bekleidungscenter.com\/"},{"@type":"ListItem","position":2,"name":"Shop","item":"https:\/\/bekleidungscenter.com\/?page_id=7"},{"@type":"ListItem","position":3,"name":"NAME IT Jungen Nkmsweat Pant Bru Noos Hose"}]},{"@type":"WebSite","@id":"https:\/\/bekleidungscenter.com\/#website","url":"https:\/\/bekleidungscenter.com\/","name":"FamilienMode","description":"Alles f\u00fcr die ganze Familie","potentialAction":[{"@type":"SearchAction","target":{"@type":"EntryPoint","urlTemplate":"https:\/\/bekleidungscenter.com\/?s={search_term_string}"},"query-input":"required name=search_term_string"}],"inLanguage":"de"}]}},"_links":{"self":[{"href":"https:\/\/bekleidungscenter.com\/index.php?rest_route=\/wp\/v2\/product\/14365"}],"collection":[{"href":"https:\/\/bekleidungscenter.com\/index.php?rest_route=\/wp\/v2\/product"}],"about":[{"href":"https:\/\/bekleidungscenter.com\/index.php?rest_route=\/wp\/v2\/types\/product"}],"replies":[{"embeddable":true,"href":"https:\/\/bekleidungscenter.com\/index.php?rest_route=%2Fwp%2Fv2%2Fcomments&post=14365"}],"wp:featuredmedia":[{"embeddable":true,"href":"https:\/\/bekleidungscenter.com\/index.php?rest_route=\/wp\/v2\/media\/14367"}],"wp:attachment":[{"href":"https:\/\/bekleidungscenter.com\/index.php?rest_route=%2Fwp%2Fv2%2Fmedia&parent=14365"}],"wp:term":[{"taxonomy":"product_cat","embeddable":true,"href":"https:\/\/bekleidungscenter.com\/index.php?rest_route=%2Fwp%2Fv2%2Fproduct_cat&post=14365"},{"taxonomy":"product_tag","embeddable":true,"href":"https:\/\/bekleidungscenter.com\/index.php?rest_route=%2Fwp%2Fv2%2Fproduct_tag&post=14365"}],"curies":[{"name":"wp","href":"https:\/\/api.w.org\/{rel}","templated":true}]}}