{"id":14413,"date":"2021-01-04T08:43:04","date_gmt":"2021-01-04T08:43:04","guid":{"rendered":"http:\/\/bekleidungscenter.com\/?product=vaude-unisex-kinder-hose-kids-caprea-warmlined-pants-ii"},"modified":"2023-04-08T22:32:35","modified_gmt":"2023-04-08T22:32:35","slug":"vaude-unisex-kinder-hose-kids-caprea-warmlined-pants-ii","status":"publish","type":"product","link":"https:\/\/bekleidungscenter.com\/?product=vaude-unisex-kinder-hose-kids-caprea-warmlined-pants-ii","title":{"rendered":"VAUDE Unisex Kinder Hose Kids Caprea Warmlined Pants Ii"},"content":{"rendered":"<p><!-- show up to 2 reviews by default --> <\/p>\n<p>Harte Schale, weicher Kern: robuste und zugleich bequeme Outdoor-Kinderhose mit innen weich aufgerautem Futter. Wasserabweisend, mit abriebfesten Bes\u00e4tzen, Eingrifftaschen und verstellbarem Innenbund. Der modische Schnitt der warmen Kinderhose bietet abseits Massenweise Bewegungsfreiheit beim Spielen und Verr\u00fcckt spielen. Die Beinl\u00e4nge kann durch die &#8222;Mitwachsfunktion&#8220; verl\u00e4ngert werden, also bekannt als schnellwachsende Kinder \u00fcber einen gr\u00f6\u00dferen Zeitraum brauchbar ausger\u00fcstet sind. Die funktionelle VAUDE Kinderbekleidung zeichnet sich durch hochwertige Materialien, kindgerechte Passformen und Farben sowie eine umweltfreundliche Herstellung leer. Wir entwickeln durchdachte Kinder-Outdoorbekleidung, die sich durch ihre Alterungsbest\u00e4ndigkeit bekannt als von Abk\u00f6mmling zu Abk\u00f6mmling weitervererben l\u00e4sst. Green Shape ist Deine VAUDE Garantie f\u00fcr umweltfreundliche Produkte &#8211; leer nachhaltigen Materialien, ressourcenschonender Herstellung und fairer Produktion. <\/p>\n<p>Kinder Winterhose: warm und mit Mitwachsfunktion<br \/>\nHarte Schale, weicher Kern: robuste und zugleich bequeme Outdoor-Kinderhose mit innen weich aufgerautem Futter<br \/>\nVerschluss: Knopfleiste<br \/>\n100% Polyamid; Verst\u00e4rkung: 100% Polyester; Futter Oben: 100% Polyester; Futter Runter: 100% Polyamid<br \/>\nKids Caprea warmlined Pants II<br \/>\nModellnummer: 40661<br \/>\nMassenweise Bewegungsfreiheit: Der modische Schnitt der warmen Kinderhose bietet abseits Massenweise Bewegungsfreiheit beim Spielen und Verr\u00fcckt spielen<br \/>\nMit Mitwachsfunktion: Die Beinl\u00e4nge kann durch die &#8222;Mitwachsfunktion&#8220; verl\u00e4ngert werden, also bekannt als schnellwachsende Kinder \u00fcber einen gr\u00f6\u00dferen Zeitraum brauchbar ausger\u00fcstet sind<br \/>\nAlterungsbest\u00e4ndigkeit: Wir entwickeln durchdachte Kinder-Outdoorbekleidung, die sich durch ihre Alterungsbest\u00e4ndigkeit bekannt als von Abk\u00f6mmling zu Abk\u00f6mmling weitervererben l\u00e4sst<br \/>\n<div class=\"main-cross-sell\" data-asin=\"B072J8LWKK\">\n\n\t<div class=\"WooZone-cross-sell-loader\">\n\t\t<div>\n\t\t\t<div id=\"floatingBarsG\">\n\t\t\t\t<div class=\"blockG\" id=\"rotateG_01\"><\/div>\n\t\t\t\t<div class=\"blockG\" id=\"rotateG_02\"><\/div>\n\t\t\t\t<div class=\"blockG\" id=\"rotateG_03\"><\/div>\n\t\t\t\t<div class=\"blockG\" id=\"rotateG_04\"><\/div>\n\t\t\t\t<div class=\"blockG\" id=\"rotateG_05\"><\/div>\n\t\t\t\t<div class=\"blockG\" id=\"rotateG_06\"><\/div>\n\t\t\t\t<div class=\"blockG\" id=\"rotateG_07\"><\/div>\n\t\t\t\t<div class=\"blockG\" id=\"rotateG_08\"><\/div>\n\t\t\t<\/div>\n\t\t\t<div class=\"WooZone-cross-sell-loader-text\"><\/div>\n\t\t<\/div>\n\t<\/div>\n\n\t\t\n<\/div>\n<div style=\"clear:both;\"><\/div><\/p>\n","protected":false},"excerpt":{"rendered":"<p>Kinder Winterhose: warm und mit Mitwachsfunktion<br \/>\nHarte Schale, weicher Kern: robuste und zugleich bequeme Outdoor-Kinderhose mit innen weich aufgerautem Futter<br \/>\nVerschluss: Knopfleiste<\/p>\n","protected":false},"featured_media":14414,"comment_status":"open","ping_status":"closed","template":"","meta":[],"product_cat":[124],"product_tag":[],"yoast_head":"<!-- This site is optimized with the Yoast SEO plugin v20.6 - https:\/\/yoast.com\/wordpress\/plugins\/seo\/ -->\n<title>VAUDE Unisex Kinder Hose Kids Caprea Warmlined Pants Ii - FamilienMode<\/title>\n<meta name=\"robots\" content=\"index, follow, max-snippet:-1, max-image-preview:large, max-video-preview:-1\" \/>\n<link rel=\"canonical\" href=\"https:\/\/bekleidungscenter.com\/?product=vaude-unisex-kinder-hose-kids-caprea-warmlined-pants-ii\" \/>\n<meta property=\"og:locale\" content=\"de_DE\" \/>\n<meta property=\"og:type\" content=\"article\" \/>\n<meta property=\"og:title\" content=\"VAUDE Unisex Kinder Hose Kids Caprea Warmlined Pants Ii - FamilienMode\" \/>\n<meta property=\"og:description\" content=\"Kinder Winterhose: warm und mit Mitwachsfunktion Harte Schale, weicher Kern: robuste und zugleich bequeme Outdoor-Kinderhose mit innen weich aufgerautem Futter Verschluss: Knopfleiste\" \/>\n<meta property=\"og:url\" content=\"https:\/\/bekleidungscenter.com\/?product=vaude-unisex-kinder-hose-kids-caprea-warmlined-pants-ii\" \/>\n<meta property=\"og:site_name\" content=\"FamilienMode\" \/>\n<meta property=\"article:modified_time\" content=\"2023-04-08T22:32:35+00:00\" \/>\n<meta property=\"og:image\" content=\"https:\/\/images-na.ssl-images-amazon.com\/images\/I\/41%2BJMn2fGzL.jpg\" \/>\n\t<meta property=\"og:image:width\" content=\"500\" \/>\n\t<meta property=\"og:image:height\" content=\"500\" \/>\n\t<meta property=\"og:image:type\" content=\"image\/jpeg\" \/>\n<meta name=\"twitter:card\" content=\"summary_large_image\" \/>\n<meta name=\"twitter:label1\" content=\"Gesch\u00e4tzte Lesezeit\" \/>\n\t<meta name=\"twitter:data1\" content=\"1\u00a0Minute\" \/>\n<script type=\"application\/ld+json\" class=\"yoast-schema-graph\">{\"@context\":\"https:\/\/schema.org\",\"@graph\":[{\"@type\":\"WebPage\",\"@id\":\"https:\/\/bekleidungscenter.com\/?product=vaude-unisex-kinder-hose-kids-caprea-warmlined-pants-ii\",\"url\":\"https:\/\/bekleidungscenter.com\/?product=vaude-unisex-kinder-hose-kids-caprea-warmlined-pants-ii\",\"name\":\"VAUDE Unisex Kinder Hose Kids Caprea Warmlined Pants Ii - FamilienMode\",\"isPartOf\":{\"@id\":\"https:\/\/bekleidungscenter.com\/#website\"},\"datePublished\":\"2021-01-04T08:43:04+00:00\",\"dateModified\":\"2023-04-08T22:32:35+00:00\",\"breadcrumb\":{\"@id\":\"https:\/\/bekleidungscenter.com\/?product=vaude-unisex-kinder-hose-kids-caprea-warmlined-pants-ii#breadcrumb\"},\"inLanguage\":\"de\",\"potentialAction\":[{\"@type\":\"ReadAction\",\"target\":[\"https:\/\/bekleidungscenter.com\/?product=vaude-unisex-kinder-hose-kids-caprea-warmlined-pants-ii\"]}]},{\"@type\":\"BreadcrumbList\",\"@id\":\"https:\/\/bekleidungscenter.com\/?product=vaude-unisex-kinder-hose-kids-caprea-warmlined-pants-ii#breadcrumb\",\"itemListElement\":[{\"@type\":\"ListItem\",\"position\":1,\"name\":\"Home\",\"item\":\"https:\/\/bekleidungscenter.com\/\"},{\"@type\":\"ListItem\",\"position\":2,\"name\":\"Shop\",\"item\":\"https:\/\/bekleidungscenter.com\/?page_id=7\"},{\"@type\":\"ListItem\",\"position\":3,\"name\":\"VAUDE Unisex Kinder Hose Kids Caprea Warmlined Pants Ii\"}]},{\"@type\":\"WebSite\",\"@id\":\"https:\/\/bekleidungscenter.com\/#website\",\"url\":\"https:\/\/bekleidungscenter.com\/\",\"name\":\"FamilienMode\",\"description\":\"Alles f\u00fcr die ganze Familie\",\"potentialAction\":[{\"@type\":\"SearchAction\",\"target\":{\"@type\":\"EntryPoint\",\"urlTemplate\":\"https:\/\/bekleidungscenter.com\/?s={search_term_string}\"},\"query-input\":\"required name=search_term_string\"}],\"inLanguage\":\"de\"}]}<\/script>\n<!-- \/ Yoast SEO plugin. -->","yoast_head_json":{"title":"VAUDE Unisex Kinder Hose Kids Caprea Warmlined Pants Ii - FamilienMode","robots":{"index":"index","follow":"follow","max-snippet":"max-snippet:-1","max-image-preview":"max-image-preview:large","max-video-preview":"max-video-preview:-1"},"canonical":"https:\/\/bekleidungscenter.com\/?product=vaude-unisex-kinder-hose-kids-caprea-warmlined-pants-ii","og_locale":"de_DE","og_type":"article","og_title":"VAUDE Unisex Kinder Hose Kids Caprea Warmlined Pants Ii - FamilienMode","og_description":"Kinder Winterhose: warm und mit Mitwachsfunktion Harte Schale, weicher Kern: robuste und zugleich bequeme Outdoor-Kinderhose mit innen weich aufgerautem Futter Verschluss: Knopfleiste","og_url":"https:\/\/bekleidungscenter.com\/?product=vaude-unisex-kinder-hose-kids-caprea-warmlined-pants-ii","og_site_name":"FamilienMode","article_modified_time":"2023-04-08T22:32:35+00:00","og_image":[{"width":500,"height":500,"url":"https:\/\/images-na.ssl-images-amazon.com\/images\/I\/41%2BJMn2fGzL.jpg","type":"image\/jpeg"}],"twitter_card":"summary_large_image","twitter_misc":{"Gesch\u00e4tzte Lesezeit":"1\u00a0Minute"},"schema":{"@context":"https:\/\/schema.org","@graph":[{"@type":"WebPage","@id":"https:\/\/bekleidungscenter.com\/?product=vaude-unisex-kinder-hose-kids-caprea-warmlined-pants-ii","url":"https:\/\/bekleidungscenter.com\/?product=vaude-unisex-kinder-hose-kids-caprea-warmlined-pants-ii","name":"VAUDE Unisex Kinder Hose Kids Caprea Warmlined Pants Ii - FamilienMode","isPartOf":{"@id":"https:\/\/bekleidungscenter.com\/#website"},"datePublished":"2021-01-04T08:43:04+00:00","dateModified":"2023-04-08T22:32:35+00:00","breadcrumb":{"@id":"https:\/\/bekleidungscenter.com\/?product=vaude-unisex-kinder-hose-kids-caprea-warmlined-pants-ii#breadcrumb"},"inLanguage":"de","potentialAction":[{"@type":"ReadAction","target":["https:\/\/bekleidungscenter.com\/?product=vaude-unisex-kinder-hose-kids-caprea-warmlined-pants-ii"]}]},{"@type":"BreadcrumbList","@id":"https:\/\/bekleidungscenter.com\/?product=vaude-unisex-kinder-hose-kids-caprea-warmlined-pants-ii#breadcrumb","itemListElement":[{"@type":"ListItem","position":1,"name":"Home","item":"https:\/\/bekleidungscenter.com\/"},{"@type":"ListItem","position":2,"name":"Shop","item":"https:\/\/bekleidungscenter.com\/?page_id=7"},{"@type":"ListItem","position":3,"name":"VAUDE Unisex Kinder Hose Kids Caprea Warmlined Pants Ii"}]},{"@type":"WebSite","@id":"https:\/\/bekleidungscenter.com\/#website","url":"https:\/\/bekleidungscenter.com\/","name":"FamilienMode","description":"Alles f\u00fcr die ganze Familie","potentialAction":[{"@type":"SearchAction","target":{"@type":"EntryPoint","urlTemplate":"https:\/\/bekleidungscenter.com\/?s={search_term_string}"},"query-input":"required name=search_term_string"}],"inLanguage":"de"}]}},"_links":{"self":[{"href":"https:\/\/bekleidungscenter.com\/index.php?rest_route=\/wp\/v2\/product\/14413"}],"collection":[{"href":"https:\/\/bekleidungscenter.com\/index.php?rest_route=\/wp\/v2\/product"}],"about":[{"href":"https:\/\/bekleidungscenter.com\/index.php?rest_route=\/wp\/v2\/types\/product"}],"replies":[{"embeddable":true,"href":"https:\/\/bekleidungscenter.com\/index.php?rest_route=%2Fwp%2Fv2%2Fcomments&post=14413"}],"wp:featuredmedia":[{"embeddable":true,"href":"https:\/\/bekleidungscenter.com\/index.php?rest_route=\/wp\/v2\/media\/14414"}],"wp:attachment":[{"href":"https:\/\/bekleidungscenter.com\/index.php?rest_route=%2Fwp%2Fv2%2Fmedia&parent=14413"}],"wp:term":[{"taxonomy":"product_cat","embeddable":true,"href":"https:\/\/bekleidungscenter.com\/index.php?rest_route=%2Fwp%2Fv2%2Fproduct_cat&post=14413"},{"taxonomy":"product_tag","embeddable":true,"href":"https:\/\/bekleidungscenter.com\/index.php?rest_route=%2Fwp%2Fv2%2Fproduct_tag&post=14413"}],"curies":[{"name":"wp","href":"https:\/\/api.w.org\/{rel}","templated":true}]}}