{"id":14452,"date":"2021-01-04T08:43:30","date_gmt":"2021-01-04T08:43:30","guid":{"rendered":"http:\/\/bekleidungscenter.com\/?product=jack-wolfskin-jungen-schnelltrocknende-kinder-wanderhose-treasure-hunter-pants-kids"},"modified":"2023-04-08T22:32:36","modified_gmt":"2023-04-08T22:32:36","slug":"jack-wolfskin-jungen-schnelltrocknende-kinder-wanderhose-treasure-hunter-pants-kids","status":"publish","type":"product","link":"https:\/\/bekleidungscenter.com\/?product=jack-wolfskin-jungen-schnelltrocknende-kinder-wanderhose-treasure-hunter-pants-kids","title":{"rendered":"Jack Wolfskin Jungen Schnelltrocknende Kinder Wanderhose Treasure Hunter Pants Kids"},"content":{"rendered":"<p><!-- show up to 2 reviews by default --> <\/p>\n<p>Wo geht die n\u00e4chste Abenteuerreise hin? Bergwiese? Kanada? Spanien? Wohin bekannt als die ganze Zeit euch euer Fernweh treibt &#8211; eins steht fest: Stattdessen die Kids muss die TREASURE HUNTER PANTS unbedingt mit Hilfe von.Die leichte und robuste Hose hat einen UV-Abschirmung von 40+ und f\u00fchlt sich mit Hilfe von ihrem baumwollartigen Anfasser super auf der Haut an. In den gro\u00dfen aufgesetzten Beintaschen findet ein M\u00fcsliriegel oder der Schl\u00fcsselbund Platz.Und kommt beim Erkunden eures Urlaubsziels mal ein kleiner Regenschauer auf, ist die TREASURE HUNTER PANTS hernach schnell wie gehabt n\u00fcchtern. <\/p>\n<p>UV-Abschirmung<br \/>\nLeicht<br \/>\nOberstoff: 95% Polyamid, 5% Elasthan<br \/>\nTREASURE HUNTER PANTS KIDS<br \/>\nModellnummer: 1608381-1010092<br \/>\nHose Stattdessen Reisen und Freizeit<br \/>\n<div class=\"main-cross-sell\" data-asin=\"B07ZWQBLHR\">\n\n\t<div class=\"WooZone-cross-sell-loader\">\n\t\t<div>\n\t\t\t<div id=\"floatingBarsG\">\n\t\t\t\t<div class=\"blockG\" id=\"rotateG_01\"><\/div>\n\t\t\t\t<div class=\"blockG\" id=\"rotateG_02\"><\/div>\n\t\t\t\t<div class=\"blockG\" id=\"rotateG_03\"><\/div>\n\t\t\t\t<div class=\"blockG\" id=\"rotateG_04\"><\/div>\n\t\t\t\t<div class=\"blockG\" id=\"rotateG_05\"><\/div>\n\t\t\t\t<div class=\"blockG\" id=\"rotateG_06\"><\/div>\n\t\t\t\t<div class=\"blockG\" id=\"rotateG_07\"><\/div>\n\t\t\t\t<div class=\"blockG\" id=\"rotateG_08\"><\/div>\n\t\t\t<\/div>\n\t\t\t<div class=\"WooZone-cross-sell-loader-text\"><\/div>\n\t\t<\/div>\n\t<\/div>\n\n\t\t\n<\/div>\n<div style=\"clear:both;\"><\/div><\/p>\n","protected":false},"excerpt":{"rendered":"<p>UV-Schutz<br \/>\nLeicht<br \/>\nOberstoff: 95% Polyamid, 5% Elasthan<\/p>\n","protected":false},"featured_media":14454,"comment_status":"open","ping_status":"closed","template":"","meta":[],"product_cat":[124],"product_tag":[],"yoast_head":"<!-- This site is optimized with the Yoast SEO plugin v20.6 - https:\/\/yoast.com\/wordpress\/plugins\/seo\/ -->\n<title>Jack Wolfskin Jungen Schnelltrocknende Kinder Wanderhose Treasure Hunter Pants Kids - FamilienMode<\/title>\n<meta name=\"robots\" content=\"index, follow, max-snippet:-1, max-image-preview:large, max-video-preview:-1\" \/>\n<link rel=\"canonical\" href=\"https:\/\/bekleidungscenter.com\/?product=jack-wolfskin-jungen-schnelltrocknende-kinder-wanderhose-treasure-hunter-pants-kids\" \/>\n<meta property=\"og:locale\" content=\"de_DE\" \/>\n<meta property=\"og:type\" content=\"article\" \/>\n<meta property=\"og:title\" content=\"Jack Wolfskin Jungen Schnelltrocknende Kinder Wanderhose Treasure Hunter Pants Kids - FamilienMode\" \/>\n<meta property=\"og:description\" content=\"UV-Schutz Leicht Oberstoff: 95% Polyamid, 5% Elasthan\" \/>\n<meta property=\"og:url\" content=\"https:\/\/bekleidungscenter.com\/?product=jack-wolfskin-jungen-schnelltrocknende-kinder-wanderhose-treasure-hunter-pants-kids\" \/>\n<meta property=\"og:site_name\" content=\"FamilienMode\" \/>\n<meta property=\"article:modified_time\" content=\"2023-04-08T22:32:36+00:00\" \/>\n<meta property=\"og:image\" content=\"https:\/\/images-na.ssl-images-amazon.com\/images\/I\/31rbx-83MkL.jpg\" \/>\n\t<meta property=\"og:image:width\" content=\"500\" \/>\n\t<meta property=\"og:image:height\" content=\"500\" \/>\n\t<meta property=\"og:image:type\" content=\"image\/jpeg\" \/>\n<meta name=\"twitter:card\" content=\"summary_large_image\" \/>\n<meta name=\"twitter:label1\" content=\"Gesch\u00e4tzte Lesezeit\" \/>\n\t<meta name=\"twitter:data1\" content=\"1\u00a0Minute\" \/>\n<script type=\"application\/ld+json\" class=\"yoast-schema-graph\">{\"@context\":\"https:\/\/schema.org\",\"@graph\":[{\"@type\":\"WebPage\",\"@id\":\"https:\/\/bekleidungscenter.com\/?product=jack-wolfskin-jungen-schnelltrocknende-kinder-wanderhose-treasure-hunter-pants-kids\",\"url\":\"https:\/\/bekleidungscenter.com\/?product=jack-wolfskin-jungen-schnelltrocknende-kinder-wanderhose-treasure-hunter-pants-kids\",\"name\":\"Jack Wolfskin Jungen Schnelltrocknende Kinder Wanderhose Treasure Hunter Pants Kids - FamilienMode\",\"isPartOf\":{\"@id\":\"https:\/\/bekleidungscenter.com\/#website\"},\"datePublished\":\"2021-01-04T08:43:30+00:00\",\"dateModified\":\"2023-04-08T22:32:36+00:00\",\"breadcrumb\":{\"@id\":\"https:\/\/bekleidungscenter.com\/?product=jack-wolfskin-jungen-schnelltrocknende-kinder-wanderhose-treasure-hunter-pants-kids#breadcrumb\"},\"inLanguage\":\"de\",\"potentialAction\":[{\"@type\":\"ReadAction\",\"target\":[\"https:\/\/bekleidungscenter.com\/?product=jack-wolfskin-jungen-schnelltrocknende-kinder-wanderhose-treasure-hunter-pants-kids\"]}]},{\"@type\":\"BreadcrumbList\",\"@id\":\"https:\/\/bekleidungscenter.com\/?product=jack-wolfskin-jungen-schnelltrocknende-kinder-wanderhose-treasure-hunter-pants-kids#breadcrumb\",\"itemListElement\":[{\"@type\":\"ListItem\",\"position\":1,\"name\":\"Home\",\"item\":\"https:\/\/bekleidungscenter.com\/\"},{\"@type\":\"ListItem\",\"position\":2,\"name\":\"Shop\",\"item\":\"https:\/\/bekleidungscenter.com\/?page_id=7\"},{\"@type\":\"ListItem\",\"position\":3,\"name\":\"Jack Wolfskin Jungen Schnelltrocknende Kinder Wanderhose Treasure Hunter Pants Kids\"}]},{\"@type\":\"WebSite\",\"@id\":\"https:\/\/bekleidungscenter.com\/#website\",\"url\":\"https:\/\/bekleidungscenter.com\/\",\"name\":\"FamilienMode\",\"description\":\"Alles f\u00fcr die ganze Familie\",\"potentialAction\":[{\"@type\":\"SearchAction\",\"target\":{\"@type\":\"EntryPoint\",\"urlTemplate\":\"https:\/\/bekleidungscenter.com\/?s={search_term_string}\"},\"query-input\":\"required name=search_term_string\"}],\"inLanguage\":\"de\"}]}<\/script>\n<!-- \/ Yoast SEO plugin. -->","yoast_head_json":{"title":"Jack Wolfskin Jungen Schnelltrocknende Kinder Wanderhose Treasure Hunter Pants Kids - FamilienMode","robots":{"index":"index","follow":"follow","max-snippet":"max-snippet:-1","max-image-preview":"max-image-preview:large","max-video-preview":"max-video-preview:-1"},"canonical":"https:\/\/bekleidungscenter.com\/?product=jack-wolfskin-jungen-schnelltrocknende-kinder-wanderhose-treasure-hunter-pants-kids","og_locale":"de_DE","og_type":"article","og_title":"Jack Wolfskin Jungen Schnelltrocknende Kinder Wanderhose Treasure Hunter Pants Kids - FamilienMode","og_description":"UV-Schutz Leicht Oberstoff: 95% Polyamid, 5% Elasthan","og_url":"https:\/\/bekleidungscenter.com\/?product=jack-wolfskin-jungen-schnelltrocknende-kinder-wanderhose-treasure-hunter-pants-kids","og_site_name":"FamilienMode","article_modified_time":"2023-04-08T22:32:36+00:00","og_image":[{"width":500,"height":500,"url":"https:\/\/images-na.ssl-images-amazon.com\/images\/I\/31rbx-83MkL.jpg","type":"image\/jpeg"}],"twitter_card":"summary_large_image","twitter_misc":{"Gesch\u00e4tzte Lesezeit":"1\u00a0Minute"},"schema":{"@context":"https:\/\/schema.org","@graph":[{"@type":"WebPage","@id":"https:\/\/bekleidungscenter.com\/?product=jack-wolfskin-jungen-schnelltrocknende-kinder-wanderhose-treasure-hunter-pants-kids","url":"https:\/\/bekleidungscenter.com\/?product=jack-wolfskin-jungen-schnelltrocknende-kinder-wanderhose-treasure-hunter-pants-kids","name":"Jack Wolfskin Jungen Schnelltrocknende Kinder Wanderhose Treasure Hunter Pants Kids - FamilienMode","isPartOf":{"@id":"https:\/\/bekleidungscenter.com\/#website"},"datePublished":"2021-01-04T08:43:30+00:00","dateModified":"2023-04-08T22:32:36+00:00","breadcrumb":{"@id":"https:\/\/bekleidungscenter.com\/?product=jack-wolfskin-jungen-schnelltrocknende-kinder-wanderhose-treasure-hunter-pants-kids#breadcrumb"},"inLanguage":"de","potentialAction":[{"@type":"ReadAction","target":["https:\/\/bekleidungscenter.com\/?product=jack-wolfskin-jungen-schnelltrocknende-kinder-wanderhose-treasure-hunter-pants-kids"]}]},{"@type":"BreadcrumbList","@id":"https:\/\/bekleidungscenter.com\/?product=jack-wolfskin-jungen-schnelltrocknende-kinder-wanderhose-treasure-hunter-pants-kids#breadcrumb","itemListElement":[{"@type":"ListItem","position":1,"name":"Home","item":"https:\/\/bekleidungscenter.com\/"},{"@type":"ListItem","position":2,"name":"Shop","item":"https:\/\/bekleidungscenter.com\/?page_id=7"},{"@type":"ListItem","position":3,"name":"Jack Wolfskin Jungen Schnelltrocknende Kinder Wanderhose Treasure Hunter Pants Kids"}]},{"@type":"WebSite","@id":"https:\/\/bekleidungscenter.com\/#website","url":"https:\/\/bekleidungscenter.com\/","name":"FamilienMode","description":"Alles f\u00fcr die ganze Familie","potentialAction":[{"@type":"SearchAction","target":{"@type":"EntryPoint","urlTemplate":"https:\/\/bekleidungscenter.com\/?s={search_term_string}"},"query-input":"required name=search_term_string"}],"inLanguage":"de"}]}},"_links":{"self":[{"href":"https:\/\/bekleidungscenter.com\/index.php?rest_route=\/wp\/v2\/product\/14452"}],"collection":[{"href":"https:\/\/bekleidungscenter.com\/index.php?rest_route=\/wp\/v2\/product"}],"about":[{"href":"https:\/\/bekleidungscenter.com\/index.php?rest_route=\/wp\/v2\/types\/product"}],"replies":[{"embeddable":true,"href":"https:\/\/bekleidungscenter.com\/index.php?rest_route=%2Fwp%2Fv2%2Fcomments&post=14452"}],"wp:featuredmedia":[{"embeddable":true,"href":"https:\/\/bekleidungscenter.com\/index.php?rest_route=\/wp\/v2\/media\/14454"}],"wp:attachment":[{"href":"https:\/\/bekleidungscenter.com\/index.php?rest_route=%2Fwp%2Fv2%2Fmedia&parent=14452"}],"wp:term":[{"taxonomy":"product_cat","embeddable":true,"href":"https:\/\/bekleidungscenter.com\/index.php?rest_route=%2Fwp%2Fv2%2Fproduct_cat&post=14452"},{"taxonomy":"product_tag","embeddable":true,"href":"https:\/\/bekleidungscenter.com\/index.php?rest_route=%2Fwp%2Fv2%2Fproduct_tag&post=14452"}],"curies":[{"name":"wp","href":"https:\/\/api.w.org\/{rel}","templated":true}]}}