{"id":14458,"date":"2021-01-04T08:43:36","date_gmt":"2021-01-04T08:43:36","guid":{"rendered":"http:\/\/bekleidungscenter.com\/?product=name-it-girl-jeans-powerstretch-baggy-fit"},"modified":"2023-04-08T22:32:37","modified_gmt":"2023-04-08T22:32:37","slug":"name-it-girl-jeans-powerstretch-baggy-fit","status":"publish","type":"product","link":"https:\/\/bekleidungscenter.com\/?product=name-it-girl-jeans-powerstretch-baggy-fit","title":{"rendered":"NAME IT M\u00e4dchen Jeans"},"content":{"rendered":"<p><!-- show up to 2 reviews by default --> <\/p>\n<p>&#8211; Pull-on-Jeans<br \/> &#8211; Verstellbare Taillenweite<br \/> &#8211; Powerstretch-Denim<br \/> &#8211; H\u00fcfte: Baggy Fit &#8211; Beine: Rund<br \/> &#8211; Funktionstaschen<br \/> &#8211; Biegsam an den Kn\u00f6cheln<\/p>\n<p> BAGGY FIT<br \/> Lockere, l\u00e4ssige Passform Zugunsten B\u00e4lger, die einander in Bezug auf ihre Jeans in keiner Weise Kn\u00fcppel zwischen die Beine werfen lassen m\u00f6chten. Zugunsten verschmelzen coolen Look angrenzend allen m\u00f6glichen Anl\u00e4ssen ferner Aktivit\u00e4ten. <\/p>\n<p>Pull-on-Jeans<br \/>\nVerstellbare Taillenweite<br \/>\n57% Lyocell, 31% Polyester, 10% Viskose, 2% Elasthan<br \/>\nPowerstretch-Denim<br \/>\nMaterialzusammensetzung: 57% Lyocell, 31% Polyester, 10% Viskose, 2% Elasthan<br \/>\n<div class=\"main-cross-sell\" data-asin=\"B07Z5G7ZV2\">\n\n\t<div class=\"WooZone-cross-sell-loader\">\n\t\t<div>\n\t\t\t<div id=\"floatingBarsG\">\n\t\t\t\t<div class=\"blockG\" id=\"rotateG_01\"><\/div>\n\t\t\t\t<div class=\"blockG\" id=\"rotateG_02\"><\/div>\n\t\t\t\t<div class=\"blockG\" id=\"rotateG_03\"><\/div>\n\t\t\t\t<div class=\"blockG\" id=\"rotateG_04\"><\/div>\n\t\t\t\t<div class=\"blockG\" id=\"rotateG_05\"><\/div>\n\t\t\t\t<div class=\"blockG\" id=\"rotateG_06\"><\/div>\n\t\t\t\t<div class=\"blockG\" id=\"rotateG_07\"><\/div>\n\t\t\t\t<div class=\"blockG\" id=\"rotateG_08\"><\/div>\n\t\t\t<\/div>\n\t\t\t<div class=\"WooZone-cross-sell-loader-text\"><\/div>\n\t\t<\/div>\n\t<\/div>\n\n\t\t\n<\/div>\n<div style=\"clear:both;\"><\/div><\/p>\n","protected":false},"excerpt":{"rendered":"<p>Pull-on-Jeans<br \/>\nVerstellbare Taillenweite<br \/>\n57% Lyocell, 31% Polyester, 10% Viskose, 2% Elasthan<\/p>\n","protected":false},"featured_media":14459,"comment_status":"open","ping_status":"closed","template":"","meta":[],"product_cat":[124],"product_tag":[],"yoast_head":"<!-- This site is optimized with the Yoast SEO plugin v20.6 - https:\/\/yoast.com\/wordpress\/plugins\/seo\/ -->\n<title>NAME IT M\u00e4dchen Jeans - FamilienMode<\/title>\n<meta name=\"robots\" content=\"index, follow, max-snippet:-1, max-image-preview:large, max-video-preview:-1\" \/>\n<link rel=\"canonical\" href=\"https:\/\/bekleidungscenter.com\/?product=name-it-girl-jeans-powerstretch-baggy-fit\" \/>\n<meta property=\"og:locale\" content=\"de_DE\" \/>\n<meta property=\"og:type\" content=\"article\" \/>\n<meta property=\"og:title\" content=\"NAME IT M\u00e4dchen Jeans - FamilienMode\" \/>\n<meta property=\"og:description\" content=\"Pull-on-Jeans Verstellbare Taillenweite 57% Lyocell, 31% Polyester, 10% Viskose, 2% Elasthan\" \/>\n<meta property=\"og:url\" content=\"https:\/\/bekleidungscenter.com\/?product=name-it-girl-jeans-powerstretch-baggy-fit\" \/>\n<meta property=\"og:site_name\" content=\"FamilienMode\" \/>\n<meta property=\"article:modified_time\" content=\"2023-04-08T22:32:37+00:00\" \/>\n<meta property=\"og:image\" content=\"https:\/\/images-na.ssl-images-amazon.com\/images\/I\/41BNP-VsVqL.jpg\" \/>\n\t<meta property=\"og:image:width\" content=\"500\" \/>\n\t<meta property=\"og:image:height\" content=\"500\" \/>\n\t<meta property=\"og:image:type\" content=\"image\/jpeg\" \/>\n<meta name=\"twitter:card\" content=\"summary_large_image\" \/>\n<script type=\"application\/ld+json\" class=\"yoast-schema-graph\">{\"@context\":\"https:\/\/schema.org\",\"@graph\":[{\"@type\":\"WebPage\",\"@id\":\"https:\/\/bekleidungscenter.com\/?product=name-it-girl-jeans-powerstretch-baggy-fit\",\"url\":\"https:\/\/bekleidungscenter.com\/?product=name-it-girl-jeans-powerstretch-baggy-fit\",\"name\":\"NAME IT M\u00e4dchen Jeans - FamilienMode\",\"isPartOf\":{\"@id\":\"https:\/\/bekleidungscenter.com\/#website\"},\"datePublished\":\"2021-01-04T08:43:36+00:00\",\"dateModified\":\"2023-04-08T22:32:37+00:00\",\"breadcrumb\":{\"@id\":\"https:\/\/bekleidungscenter.com\/?product=name-it-girl-jeans-powerstretch-baggy-fit#breadcrumb\"},\"inLanguage\":\"de\",\"potentialAction\":[{\"@type\":\"ReadAction\",\"target\":[\"https:\/\/bekleidungscenter.com\/?product=name-it-girl-jeans-powerstretch-baggy-fit\"]}]},{\"@type\":\"BreadcrumbList\",\"@id\":\"https:\/\/bekleidungscenter.com\/?product=name-it-girl-jeans-powerstretch-baggy-fit#breadcrumb\",\"itemListElement\":[{\"@type\":\"ListItem\",\"position\":1,\"name\":\"Home\",\"item\":\"https:\/\/bekleidungscenter.com\/\"},{\"@type\":\"ListItem\",\"position\":2,\"name\":\"Shop\",\"item\":\"https:\/\/bekleidungscenter.com\/?page_id=7\"},{\"@type\":\"ListItem\",\"position\":3,\"name\":\"NAME IT M\u00e4dchen Jeans\"}]},{\"@type\":\"WebSite\",\"@id\":\"https:\/\/bekleidungscenter.com\/#website\",\"url\":\"https:\/\/bekleidungscenter.com\/\",\"name\":\"FamilienMode\",\"description\":\"Alles f\u00fcr die ganze Familie\",\"potentialAction\":[{\"@type\":\"SearchAction\",\"target\":{\"@type\":\"EntryPoint\",\"urlTemplate\":\"https:\/\/bekleidungscenter.com\/?s={search_term_string}\"},\"query-input\":\"required name=search_term_string\"}],\"inLanguage\":\"de\"}]}<\/script>\n<!-- \/ Yoast SEO plugin. -->","yoast_head_json":{"title":"NAME IT M\u00e4dchen Jeans - FamilienMode","robots":{"index":"index","follow":"follow","max-snippet":"max-snippet:-1","max-image-preview":"max-image-preview:large","max-video-preview":"max-video-preview:-1"},"canonical":"https:\/\/bekleidungscenter.com\/?product=name-it-girl-jeans-powerstretch-baggy-fit","og_locale":"de_DE","og_type":"article","og_title":"NAME IT M\u00e4dchen Jeans - FamilienMode","og_description":"Pull-on-Jeans Verstellbare Taillenweite 57% Lyocell, 31% Polyester, 10% Viskose, 2% Elasthan","og_url":"https:\/\/bekleidungscenter.com\/?product=name-it-girl-jeans-powerstretch-baggy-fit","og_site_name":"FamilienMode","article_modified_time":"2023-04-08T22:32:37+00:00","og_image":[{"width":500,"height":500,"url":"https:\/\/images-na.ssl-images-amazon.com\/images\/I\/41BNP-VsVqL.jpg","type":"image\/jpeg"}],"twitter_card":"summary_large_image","schema":{"@context":"https:\/\/schema.org","@graph":[{"@type":"WebPage","@id":"https:\/\/bekleidungscenter.com\/?product=name-it-girl-jeans-powerstretch-baggy-fit","url":"https:\/\/bekleidungscenter.com\/?product=name-it-girl-jeans-powerstretch-baggy-fit","name":"NAME IT M\u00e4dchen Jeans - FamilienMode","isPartOf":{"@id":"https:\/\/bekleidungscenter.com\/#website"},"datePublished":"2021-01-04T08:43:36+00:00","dateModified":"2023-04-08T22:32:37+00:00","breadcrumb":{"@id":"https:\/\/bekleidungscenter.com\/?product=name-it-girl-jeans-powerstretch-baggy-fit#breadcrumb"},"inLanguage":"de","potentialAction":[{"@type":"ReadAction","target":["https:\/\/bekleidungscenter.com\/?product=name-it-girl-jeans-powerstretch-baggy-fit"]}]},{"@type":"BreadcrumbList","@id":"https:\/\/bekleidungscenter.com\/?product=name-it-girl-jeans-powerstretch-baggy-fit#breadcrumb","itemListElement":[{"@type":"ListItem","position":1,"name":"Home","item":"https:\/\/bekleidungscenter.com\/"},{"@type":"ListItem","position":2,"name":"Shop","item":"https:\/\/bekleidungscenter.com\/?page_id=7"},{"@type":"ListItem","position":3,"name":"NAME IT M\u00e4dchen Jeans"}]},{"@type":"WebSite","@id":"https:\/\/bekleidungscenter.com\/#website","url":"https:\/\/bekleidungscenter.com\/","name":"FamilienMode","description":"Alles f\u00fcr die ganze Familie","potentialAction":[{"@type":"SearchAction","target":{"@type":"EntryPoint","urlTemplate":"https:\/\/bekleidungscenter.com\/?s={search_term_string}"},"query-input":"required name=search_term_string"}],"inLanguage":"de"}]}},"_links":{"self":[{"href":"https:\/\/bekleidungscenter.com\/index.php?rest_route=\/wp\/v2\/product\/14458"}],"collection":[{"href":"https:\/\/bekleidungscenter.com\/index.php?rest_route=\/wp\/v2\/product"}],"about":[{"href":"https:\/\/bekleidungscenter.com\/index.php?rest_route=\/wp\/v2\/types\/product"}],"replies":[{"embeddable":true,"href":"https:\/\/bekleidungscenter.com\/index.php?rest_route=%2Fwp%2Fv2%2Fcomments&post=14458"}],"wp:featuredmedia":[{"embeddable":true,"href":"https:\/\/bekleidungscenter.com\/index.php?rest_route=\/wp\/v2\/media\/14459"}],"wp:attachment":[{"href":"https:\/\/bekleidungscenter.com\/index.php?rest_route=%2Fwp%2Fv2%2Fmedia&parent=14458"}],"wp:term":[{"taxonomy":"product_cat","embeddable":true,"href":"https:\/\/bekleidungscenter.com\/index.php?rest_route=%2Fwp%2Fv2%2Fproduct_cat&post=14458"},{"taxonomy":"product_tag","embeddable":true,"href":"https:\/\/bekleidungscenter.com\/index.php?rest_route=%2Fwp%2Fv2%2Fproduct_tag&post=14458"}],"curies":[{"name":"wp","href":"https:\/\/api.w.org\/{rel}","templated":true}]}}