{"id":14553,"date":"2021-01-04T08:50:58","date_gmt":"2021-01-04T08:50:58","guid":{"rendered":"http:\/\/bekleidungscenter.com\/?product=reebok-jungen-hose-pantalon-lit-intl"},"modified":"2023-04-10T22:54:43","modified_gmt":"2023-04-10T22:54:43","slug":"reebok-jungen-hose-pantalon-lit-intl","status":"publish","type":"product","link":"https:\/\/bekleidungscenter.com\/?product=reebok-jungen-hose-pantalon-lit-intl","title":{"rendered":"Reebok Jungen Hose Pantalon Lit Intl"},"content":{"rendered":"<p><!-- show up to 2 reviews by default --> <\/p>\n<p>Die Reebok LIT lange Hose an Stelle Blagen wurde durch Sicht hinauf den Komfort gemacht, den Sie haben m\u00fcssen. Jedweder weichem Pl\u00fcsch im \u00dcbrigen eng anliegende Passform durch schmalen Beinabschl\u00fcssen an der Unterseite an Stelle einen modernen Look. <\/p>\n<p>Eng anliegende Passform<br \/>\nVereinigung durch Kordelzug an Stelle eine optimale Passform<br \/>\nModellnummer: 9077<br \/>\nReebok Logo am Bein<br \/>\nMaterial: 60 % Baumwolle, 40 % Polyester.<br \/>\nEine Hose an Stelle mehr Komfort im \u00dcbrigen einen l\u00e4ssigen Etikette.<br \/>\n<div class=\"main-cross-sell\" data-asin=\"B08C6BKFPV\">\n\n\t<div class=\"WooZone-cross-sell-loader\">\n\t\t<div>\n\t\t\t<div id=\"floatingBarsG\">\n\t\t\t\t<div class=\"blockG\" id=\"rotateG_01\"><\/div>\n\t\t\t\t<div class=\"blockG\" id=\"rotateG_02\"><\/div>\n\t\t\t\t<div class=\"blockG\" id=\"rotateG_03\"><\/div>\n\t\t\t\t<div class=\"blockG\" id=\"rotateG_04\"><\/div>\n\t\t\t\t<div class=\"blockG\" id=\"rotateG_05\"><\/div>\n\t\t\t\t<div class=\"blockG\" id=\"rotateG_06\"><\/div>\n\t\t\t\t<div class=\"blockG\" id=\"rotateG_07\"><\/div>\n\t\t\t\t<div class=\"blockG\" id=\"rotateG_08\"><\/div>\n\t\t\t<\/div>\n\t\t\t<div class=\"WooZone-cross-sell-loader-text\"><\/div>\n\t\t<\/div>\n\t<\/div>\n\n\t\t\n<\/div>\n<div style=\"clear:both;\"><\/div><\/p>\n","protected":false},"excerpt":{"rendered":"<p>Eng anliegende Passform<br \/>\nBund mit Kordelzug f\u00fcr eine optimale Passform<br \/>\nModellnummer: 9077<\/p>\n","protected":false},"featured_media":14554,"comment_status":"open","ping_status":"closed","template":"","meta":[],"product_cat":[124],"product_tag":[],"yoast_head":"<!-- This site is optimized with the Yoast SEO plugin v20.6 - https:\/\/yoast.com\/wordpress\/plugins\/seo\/ -->\n<title>Reebok Jungen Hose Pantalon Lit Intl - FamilienMode<\/title>\n<meta name=\"robots\" content=\"index, follow, max-snippet:-1, max-image-preview:large, max-video-preview:-1\" \/>\n<link rel=\"canonical\" href=\"https:\/\/bekleidungscenter.com\/?product=reebok-jungen-hose-pantalon-lit-intl\" \/>\n<meta property=\"og:locale\" content=\"de_DE\" \/>\n<meta property=\"og:type\" content=\"article\" \/>\n<meta property=\"og:title\" content=\"Reebok Jungen Hose Pantalon Lit Intl - FamilienMode\" \/>\n<meta property=\"og:description\" content=\"Eng anliegende Passform Bund mit Kordelzug f\u00fcr eine optimale Passform Modellnummer: 9077\" \/>\n<meta property=\"og:url\" content=\"https:\/\/bekleidungscenter.com\/?product=reebok-jungen-hose-pantalon-lit-intl\" \/>\n<meta property=\"og:site_name\" content=\"FamilienMode\" \/>\n<meta property=\"article:modified_time\" content=\"2023-04-10T22:54:43+00:00\" \/>\n<meta property=\"og:image\" content=\"https:\/\/images-na.ssl-images-amazon.com\/images\/I\/31n3i-9R-9L.jpg\" \/>\n\t<meta property=\"og:image:width\" content=\"500\" \/>\n\t<meta property=\"og:image:height\" content=\"500\" \/>\n\t<meta property=\"og:image:type\" content=\"image\/jpeg\" \/>\n<meta name=\"twitter:card\" content=\"summary_large_image\" \/>\n<script type=\"application\/ld+json\" class=\"yoast-schema-graph\">{\"@context\":\"https:\/\/schema.org\",\"@graph\":[{\"@type\":\"WebPage\",\"@id\":\"https:\/\/bekleidungscenter.com\/?product=reebok-jungen-hose-pantalon-lit-intl\",\"url\":\"https:\/\/bekleidungscenter.com\/?product=reebok-jungen-hose-pantalon-lit-intl\",\"name\":\"Reebok Jungen Hose Pantalon Lit Intl - FamilienMode\",\"isPartOf\":{\"@id\":\"https:\/\/bekleidungscenter.com\/#website\"},\"datePublished\":\"2021-01-04T08:50:58+00:00\",\"dateModified\":\"2023-04-10T22:54:43+00:00\",\"breadcrumb\":{\"@id\":\"https:\/\/bekleidungscenter.com\/?product=reebok-jungen-hose-pantalon-lit-intl#breadcrumb\"},\"inLanguage\":\"de\",\"potentialAction\":[{\"@type\":\"ReadAction\",\"target\":[\"https:\/\/bekleidungscenter.com\/?product=reebok-jungen-hose-pantalon-lit-intl\"]}]},{\"@type\":\"BreadcrumbList\",\"@id\":\"https:\/\/bekleidungscenter.com\/?product=reebok-jungen-hose-pantalon-lit-intl#breadcrumb\",\"itemListElement\":[{\"@type\":\"ListItem\",\"position\":1,\"name\":\"Home\",\"item\":\"https:\/\/bekleidungscenter.com\/\"},{\"@type\":\"ListItem\",\"position\":2,\"name\":\"Shop\",\"item\":\"https:\/\/bekleidungscenter.com\/?page_id=7\"},{\"@type\":\"ListItem\",\"position\":3,\"name\":\"Reebok Jungen Hose Pantalon Lit Intl\"}]},{\"@type\":\"WebSite\",\"@id\":\"https:\/\/bekleidungscenter.com\/#website\",\"url\":\"https:\/\/bekleidungscenter.com\/\",\"name\":\"FamilienMode\",\"description\":\"Alles f\u00fcr die ganze Familie\",\"potentialAction\":[{\"@type\":\"SearchAction\",\"target\":{\"@type\":\"EntryPoint\",\"urlTemplate\":\"https:\/\/bekleidungscenter.com\/?s={search_term_string}\"},\"query-input\":\"required name=search_term_string\"}],\"inLanguage\":\"de\"}]}<\/script>\n<!-- \/ Yoast SEO plugin. -->","yoast_head_json":{"title":"Reebok Jungen Hose Pantalon Lit Intl - FamilienMode","robots":{"index":"index","follow":"follow","max-snippet":"max-snippet:-1","max-image-preview":"max-image-preview:large","max-video-preview":"max-video-preview:-1"},"canonical":"https:\/\/bekleidungscenter.com\/?product=reebok-jungen-hose-pantalon-lit-intl","og_locale":"de_DE","og_type":"article","og_title":"Reebok Jungen Hose Pantalon Lit Intl - FamilienMode","og_description":"Eng anliegende Passform Bund mit Kordelzug f\u00fcr eine optimale Passform Modellnummer: 9077","og_url":"https:\/\/bekleidungscenter.com\/?product=reebok-jungen-hose-pantalon-lit-intl","og_site_name":"FamilienMode","article_modified_time":"2023-04-10T22:54:43+00:00","og_image":[{"width":500,"height":500,"url":"https:\/\/images-na.ssl-images-amazon.com\/images\/I\/31n3i-9R-9L.jpg","type":"image\/jpeg"}],"twitter_card":"summary_large_image","schema":{"@context":"https:\/\/schema.org","@graph":[{"@type":"WebPage","@id":"https:\/\/bekleidungscenter.com\/?product=reebok-jungen-hose-pantalon-lit-intl","url":"https:\/\/bekleidungscenter.com\/?product=reebok-jungen-hose-pantalon-lit-intl","name":"Reebok Jungen Hose Pantalon Lit Intl - FamilienMode","isPartOf":{"@id":"https:\/\/bekleidungscenter.com\/#website"},"datePublished":"2021-01-04T08:50:58+00:00","dateModified":"2023-04-10T22:54:43+00:00","breadcrumb":{"@id":"https:\/\/bekleidungscenter.com\/?product=reebok-jungen-hose-pantalon-lit-intl#breadcrumb"},"inLanguage":"de","potentialAction":[{"@type":"ReadAction","target":["https:\/\/bekleidungscenter.com\/?product=reebok-jungen-hose-pantalon-lit-intl"]}]},{"@type":"BreadcrumbList","@id":"https:\/\/bekleidungscenter.com\/?product=reebok-jungen-hose-pantalon-lit-intl#breadcrumb","itemListElement":[{"@type":"ListItem","position":1,"name":"Home","item":"https:\/\/bekleidungscenter.com\/"},{"@type":"ListItem","position":2,"name":"Shop","item":"https:\/\/bekleidungscenter.com\/?page_id=7"},{"@type":"ListItem","position":3,"name":"Reebok Jungen Hose Pantalon Lit Intl"}]},{"@type":"WebSite","@id":"https:\/\/bekleidungscenter.com\/#website","url":"https:\/\/bekleidungscenter.com\/","name":"FamilienMode","description":"Alles f\u00fcr die ganze Familie","potentialAction":[{"@type":"SearchAction","target":{"@type":"EntryPoint","urlTemplate":"https:\/\/bekleidungscenter.com\/?s={search_term_string}"},"query-input":"required name=search_term_string"}],"inLanguage":"de"}]}},"_links":{"self":[{"href":"https:\/\/bekleidungscenter.com\/index.php?rest_route=\/wp\/v2\/product\/14553"}],"collection":[{"href":"https:\/\/bekleidungscenter.com\/index.php?rest_route=\/wp\/v2\/product"}],"about":[{"href":"https:\/\/bekleidungscenter.com\/index.php?rest_route=\/wp\/v2\/types\/product"}],"replies":[{"embeddable":true,"href":"https:\/\/bekleidungscenter.com\/index.php?rest_route=%2Fwp%2Fv2%2Fcomments&post=14553"}],"wp:featuredmedia":[{"embeddable":true,"href":"https:\/\/bekleidungscenter.com\/index.php?rest_route=\/wp\/v2\/media\/14554"}],"wp:attachment":[{"href":"https:\/\/bekleidungscenter.com\/index.php?rest_route=%2Fwp%2Fv2%2Fmedia&parent=14553"}],"wp:term":[{"taxonomy":"product_cat","embeddable":true,"href":"https:\/\/bekleidungscenter.com\/index.php?rest_route=%2Fwp%2Fv2%2Fproduct_cat&post=14553"},{"taxonomy":"product_tag","embeddable":true,"href":"https:\/\/bekleidungscenter.com\/index.php?rest_route=%2Fwp%2Fv2%2Fproduct_tag&post=14553"}],"curies":[{"name":"wp","href":"https:\/\/api.w.org\/{rel}","templated":true}]}}