{"id":14582,"date":"2021-01-04T08:53:16","date_gmt":"2021-01-04T08:53:16","guid":{"rendered":"http:\/\/bekleidungscenter.com\/?product=tuptam-baby-unisex-hose-mit-fuss-bunte-5er-pack"},"modified":"2023-04-10T22:54:44","modified_gmt":"2023-04-10T22:54:44","slug":"tuptam-baby-unisex-hose-mit-fuss-bunte-5er-pack","status":"publish","type":"product","link":"https:\/\/bekleidungscenter.com\/?product=tuptam-baby-unisex-hose-mit-fuss-bunte-5er-pack","title":{"rendered":"TupTam Baby Unisex Hose mit Fu\u00df Bunte 5er Pack"},"content":{"rendered":"<p>Gemusterte Strampelhose mit elastischem Bund im 5er Vorteilspack &#8211; f\u00fcr Jungs und M\u00e4dchen. Tolle farblich abgestimmte Sets zur Auswahl<br \/>\nHautfreundliche reine Baumwolle f\u00fcr beste Atmungsaktivit\u00e4t<br \/>\n100% Baumwolle, Strickb\u00fcndchen: 97% Baumwolle, 3% Elasthan<br \/>\nMit extra breitem, dehnbarem Bund<br \/>\nWeit geschnittene Hosenbeine<br \/>\n5er Set f\u00fcr M\u00e4dchen: 2 x rosa mit buntem Blumenmuster und Zick-Zack-Muster, 1 x melange grau und 1 x koralle mit passendem Herzenmotiv, 1 x dunkelblau mit Blumenmuster<br \/>\n<div class=\"main-cross-sell\" data-asin=\"B07HX3KFLD\">\n\n\t<div class=\"WooZone-cross-sell-loader\">\n\t\t<div>\n\t\t\t<div id=\"floatingBarsG\">\n\t\t\t\t<div class=\"blockG\" id=\"rotateG_01\"><\/div>\n\t\t\t\t<div class=\"blockG\" id=\"rotateG_02\"><\/div>\n\t\t\t\t<div class=\"blockG\" id=\"rotateG_03\"><\/div>\n\t\t\t\t<div class=\"blockG\" id=\"rotateG_04\"><\/div>\n\t\t\t\t<div class=\"blockG\" id=\"rotateG_05\"><\/div>\n\t\t\t\t<div class=\"blockG\" id=\"rotateG_06\"><\/div>\n\t\t\t\t<div class=\"blockG\" id=\"rotateG_07\"><\/div>\n\t\t\t\t<div class=\"blockG\" id=\"rotateG_08\"><\/div>\n\t\t\t<\/div>\n\t\t\t<div class=\"WooZone-cross-sell-loader-text\"><\/div>\n\t\t<\/div>\n\t<\/div>\n\n\t\t\n<\/div>\n<div style=\"clear:both;\"><\/div><\/p>\n","protected":false},"excerpt":{"rendered":"<p>Gemusterte Strampelhose mit elastischem Bund im 5er Vorteilspack &#8211; f\u00fcr Jungs und M\u00e4dchen. Tolle farblich abgestimmte Sets zur Auswahl<br \/>\nHautfreundliche reine Baumwolle f\u00fcr beste Atmungsaktivit\u00e4t<br \/>\n100% Baumwolle, Strickb\u00fcndchen: 97% Baumwolle, 3% Elasthan<\/p>\n","protected":false},"featured_media":14583,"comment_status":"open","ping_status":"closed","template":"","meta":[],"product_cat":[120],"product_tag":[],"yoast_head":"<!-- This site is optimized with the Yoast SEO plugin v20.6 - https:\/\/yoast.com\/wordpress\/plugins\/seo\/ -->\n<title>TupTam Baby Unisex Hose mit Fu\u00df Bunte 5er Pack - FamilienMode<\/title>\n<meta name=\"robots\" content=\"index, follow, max-snippet:-1, max-image-preview:large, max-video-preview:-1\" \/>\n<link rel=\"canonical\" href=\"https:\/\/bekleidungscenter.com\/?product=tuptam-baby-unisex-hose-mit-fuss-bunte-5er-pack\" \/>\n<meta property=\"og:locale\" content=\"de_DE\" \/>\n<meta property=\"og:type\" content=\"article\" \/>\n<meta property=\"og:title\" content=\"TupTam Baby Unisex Hose mit Fu\u00df Bunte 5er Pack - FamilienMode\" \/>\n<meta property=\"og:description\" content=\"Gemusterte Strampelhose mit elastischem Bund im 5er Vorteilspack - f\u00fcr Jungs und M\u00e4dchen. Tolle farblich abgestimmte Sets zur Auswahl Hautfreundliche reine Baumwolle f\u00fcr beste Atmungsaktivit\u00e4t 100% Baumwolle, Strickb\u00fcndchen: 97% Baumwolle, 3% Elasthan\" \/>\n<meta property=\"og:url\" content=\"https:\/\/bekleidungscenter.com\/?product=tuptam-baby-unisex-hose-mit-fuss-bunte-5er-pack\" \/>\n<meta property=\"og:site_name\" content=\"FamilienMode\" \/>\n<meta property=\"article:modified_time\" content=\"2023-04-10T22:54:44+00:00\" \/>\n<meta property=\"og:image\" content=\"https:\/\/images-na.ssl-images-amazon.com\/images\/I\/41xKp0W0n2L.jpg\" \/>\n\t<meta property=\"og:image:width\" content=\"500\" \/>\n\t<meta property=\"og:image:height\" content=\"500\" \/>\n\t<meta property=\"og:image:type\" content=\"image\/jpeg\" \/>\n<meta name=\"twitter:card\" content=\"summary_large_image\" \/>\n<script type=\"application\/ld+json\" class=\"yoast-schema-graph\">{\"@context\":\"https:\/\/schema.org\",\"@graph\":[{\"@type\":\"WebPage\",\"@id\":\"https:\/\/bekleidungscenter.com\/?product=tuptam-baby-unisex-hose-mit-fuss-bunte-5er-pack\",\"url\":\"https:\/\/bekleidungscenter.com\/?product=tuptam-baby-unisex-hose-mit-fuss-bunte-5er-pack\",\"name\":\"TupTam Baby Unisex Hose mit Fu\u00df Bunte 5er Pack - FamilienMode\",\"isPartOf\":{\"@id\":\"https:\/\/bekleidungscenter.com\/#website\"},\"datePublished\":\"2021-01-04T08:53:16+00:00\",\"dateModified\":\"2023-04-10T22:54:44+00:00\",\"breadcrumb\":{\"@id\":\"https:\/\/bekleidungscenter.com\/?product=tuptam-baby-unisex-hose-mit-fuss-bunte-5er-pack#breadcrumb\"},\"inLanguage\":\"de\",\"potentialAction\":[{\"@type\":\"ReadAction\",\"target\":[\"https:\/\/bekleidungscenter.com\/?product=tuptam-baby-unisex-hose-mit-fuss-bunte-5er-pack\"]}]},{\"@type\":\"BreadcrumbList\",\"@id\":\"https:\/\/bekleidungscenter.com\/?product=tuptam-baby-unisex-hose-mit-fuss-bunte-5er-pack#breadcrumb\",\"itemListElement\":[{\"@type\":\"ListItem\",\"position\":1,\"name\":\"Home\",\"item\":\"https:\/\/bekleidungscenter.com\/\"},{\"@type\":\"ListItem\",\"position\":2,\"name\":\"Shop\",\"item\":\"https:\/\/bekleidungscenter.com\/?page_id=7\"},{\"@type\":\"ListItem\",\"position\":3,\"name\":\"TupTam Baby Unisex Hose mit Fu\u00df Bunte 5er Pack\"}]},{\"@type\":\"WebSite\",\"@id\":\"https:\/\/bekleidungscenter.com\/#website\",\"url\":\"https:\/\/bekleidungscenter.com\/\",\"name\":\"FamilienMode\",\"description\":\"Alles f\u00fcr die ganze Familie\",\"potentialAction\":[{\"@type\":\"SearchAction\",\"target\":{\"@type\":\"EntryPoint\",\"urlTemplate\":\"https:\/\/bekleidungscenter.com\/?s={search_term_string}\"},\"query-input\":\"required name=search_term_string\"}],\"inLanguage\":\"de\"}]}<\/script>\n<!-- \/ Yoast SEO plugin. -->","yoast_head_json":{"title":"TupTam Baby Unisex Hose mit Fu\u00df Bunte 5er Pack - FamilienMode","robots":{"index":"index","follow":"follow","max-snippet":"max-snippet:-1","max-image-preview":"max-image-preview:large","max-video-preview":"max-video-preview:-1"},"canonical":"https:\/\/bekleidungscenter.com\/?product=tuptam-baby-unisex-hose-mit-fuss-bunte-5er-pack","og_locale":"de_DE","og_type":"article","og_title":"TupTam Baby Unisex Hose mit Fu\u00df Bunte 5er Pack - FamilienMode","og_description":"Gemusterte Strampelhose mit elastischem Bund im 5er Vorteilspack - f\u00fcr Jungs und M\u00e4dchen. Tolle farblich abgestimmte Sets zur Auswahl Hautfreundliche reine Baumwolle f\u00fcr beste Atmungsaktivit\u00e4t 100% Baumwolle, Strickb\u00fcndchen: 97% Baumwolle, 3% Elasthan","og_url":"https:\/\/bekleidungscenter.com\/?product=tuptam-baby-unisex-hose-mit-fuss-bunte-5er-pack","og_site_name":"FamilienMode","article_modified_time":"2023-04-10T22:54:44+00:00","og_image":[{"width":500,"height":500,"url":"https:\/\/images-na.ssl-images-amazon.com\/images\/I\/41xKp0W0n2L.jpg","type":"image\/jpeg"}],"twitter_card":"summary_large_image","schema":{"@context":"https:\/\/schema.org","@graph":[{"@type":"WebPage","@id":"https:\/\/bekleidungscenter.com\/?product=tuptam-baby-unisex-hose-mit-fuss-bunte-5er-pack","url":"https:\/\/bekleidungscenter.com\/?product=tuptam-baby-unisex-hose-mit-fuss-bunte-5er-pack","name":"TupTam Baby Unisex Hose mit Fu\u00df Bunte 5er Pack - FamilienMode","isPartOf":{"@id":"https:\/\/bekleidungscenter.com\/#website"},"datePublished":"2021-01-04T08:53:16+00:00","dateModified":"2023-04-10T22:54:44+00:00","breadcrumb":{"@id":"https:\/\/bekleidungscenter.com\/?product=tuptam-baby-unisex-hose-mit-fuss-bunte-5er-pack#breadcrumb"},"inLanguage":"de","potentialAction":[{"@type":"ReadAction","target":["https:\/\/bekleidungscenter.com\/?product=tuptam-baby-unisex-hose-mit-fuss-bunte-5er-pack"]}]},{"@type":"BreadcrumbList","@id":"https:\/\/bekleidungscenter.com\/?product=tuptam-baby-unisex-hose-mit-fuss-bunte-5er-pack#breadcrumb","itemListElement":[{"@type":"ListItem","position":1,"name":"Home","item":"https:\/\/bekleidungscenter.com\/"},{"@type":"ListItem","position":2,"name":"Shop","item":"https:\/\/bekleidungscenter.com\/?page_id=7"},{"@type":"ListItem","position":3,"name":"TupTam Baby Unisex Hose mit Fu\u00df Bunte 5er Pack"}]},{"@type":"WebSite","@id":"https:\/\/bekleidungscenter.com\/#website","url":"https:\/\/bekleidungscenter.com\/","name":"FamilienMode","description":"Alles f\u00fcr die ganze Familie","potentialAction":[{"@type":"SearchAction","target":{"@type":"EntryPoint","urlTemplate":"https:\/\/bekleidungscenter.com\/?s={search_term_string}"},"query-input":"required name=search_term_string"}],"inLanguage":"de"}]}},"_links":{"self":[{"href":"https:\/\/bekleidungscenter.com\/index.php?rest_route=\/wp\/v2\/product\/14582"}],"collection":[{"href":"https:\/\/bekleidungscenter.com\/index.php?rest_route=\/wp\/v2\/product"}],"about":[{"href":"https:\/\/bekleidungscenter.com\/index.php?rest_route=\/wp\/v2\/types\/product"}],"replies":[{"embeddable":true,"href":"https:\/\/bekleidungscenter.com\/index.php?rest_route=%2Fwp%2Fv2%2Fcomments&post=14582"}],"wp:featuredmedia":[{"embeddable":true,"href":"https:\/\/bekleidungscenter.com\/index.php?rest_route=\/wp\/v2\/media\/14583"}],"wp:attachment":[{"href":"https:\/\/bekleidungscenter.com\/index.php?rest_route=%2Fwp%2Fv2%2Fmedia&parent=14582"}],"wp:term":[{"taxonomy":"product_cat","embeddable":true,"href":"https:\/\/bekleidungscenter.com\/index.php?rest_route=%2Fwp%2Fv2%2Fproduct_cat&post=14582"},{"taxonomy":"product_tag","embeddable":true,"href":"https:\/\/bekleidungscenter.com\/index.php?rest_route=%2Fwp%2Fv2%2Fproduct_tag&post=14582"}],"curies":[{"name":"wp","href":"https:\/\/api.w.org\/{rel}","templated":true}]}}