{"id":14590,"date":"2021-01-04T08:53:20","date_gmt":"2021-01-04T08:53:20","guid":{"rendered":"http:\/\/bekleidungscenter.com\/?product=sterntaler-baby-jungen-overall-strampler"},"modified":"2023-04-10T22:54:44","modified_gmt":"2023-04-10T22:54:44","slug":"sterntaler-baby-jungen-overall-strampler","status":"publish","type":"product","link":"https:\/\/bekleidungscenter.com\/?product=sterntaler-baby-jungen-overall-strampler","title":{"rendered":"Sterntaler &#8211; Baby Overall Jungen Fleece mit Rei\u00dfverschluss, Mittelblau &#8211; 5501800"},"content":{"rendered":"<p><!-- show up to 2 reviews by default --> <\/p>\n<p>Kuscheliger Einteiler f\u00fcr Jungen und M\u00e4dchen mit integrierter Kapuze und Rei\u00dfverschluss mit Glitzerstern, \u00c4rmel und F\u00fc\u00dfe zum Umschlagen, Ideal f\u00fcr Ausfl\u00fcge an kalten Tagen &#8211; Geeignet f\u00fcr Babys und Kleinkinder, Kapuze f\u00fcr zus\u00e4tzliche W\u00e4rme am Kopf, \u00c4rmel und Beine lassen sich zu Handschuhen und Socken umschlagen f\u00fcr besseren K\u00e4lteschutz der Extremit\u00e4ten &#8211; Von unten nach oben verlaufender Rei\u00dfverschluss mit Garage f\u00fcr einfaches und schnelles An- und Ausziehen &#8211; Hochwertige Verarbeitung: Komfortables Tragegef\u00fchl dank flacher N\u00e4hte und weichem, angenehmem Stoff, Formbest\u00e4ndig, Pflegeleicht: Maschinenw\u00e4sche bis 40\u00b0 &#8211; Lieferumfang: 1x Sterntaler Overall, Alter: 3-4 Monate, Gr\u00f6\u00dfe: 56, Material: 100 % Polyester, Farbe: Mittelblau <\/p>\n<p>Hand- und Fu\u00dfstulpen<br \/>\nFreizeit<br \/>\n100% Polyester<br \/>\nJumpsuit<br \/>\nPflegehinweis: Maschinenw\u00e4sche warm (40\u00b0 +)<br \/>\nModellnummer: 5501800<br \/>\nKapuze mit elastischer Einfassung<br \/>\ndurchgehender Frontrei\u00dfverschluss bis zum linken Fu\u00df mit Kinnschutz<br \/>\nmit praktischen Hand- und Fu\u00dfstulpen &#8211; der Schutz, den Baby nicht mehr verlieren kann<br \/>\n<div class=\"main-cross-sell\" data-asin=\"B07M8XQGC6\">\n\n\t<div class=\"WooZone-cross-sell-loader\">\n\t\t<div>\n\t\t\t<div id=\"floatingBarsG\">\n\t\t\t\t<div class=\"blockG\" id=\"rotateG_01\"><\/div>\n\t\t\t\t<div class=\"blockG\" id=\"rotateG_02\"><\/div>\n\t\t\t\t<div class=\"blockG\" id=\"rotateG_03\"><\/div>\n\t\t\t\t<div class=\"blockG\" id=\"rotateG_04\"><\/div>\n\t\t\t\t<div class=\"blockG\" id=\"rotateG_05\"><\/div>\n\t\t\t\t<div class=\"blockG\" id=\"rotateG_06\"><\/div>\n\t\t\t\t<div class=\"blockG\" id=\"rotateG_07\"><\/div>\n\t\t\t\t<div class=\"blockG\" id=\"rotateG_08\"><\/div>\n\t\t\t<\/div>\n\t\t\t<div class=\"WooZone-cross-sell-loader-text\"><\/div>\n\t\t<\/div>\n\t<\/div>\n\n\t\t\n<\/div>\n<div style=\"clear:both;\"><\/div><\/p>\n","protected":false},"excerpt":{"rendered":"<p>Hand- und Fu\u00dfstulpen<br \/>\nFreizeit<br \/>\n100% Polyester<\/p>\n","protected":false},"featured_media":14591,"comment_status":"open","ping_status":"closed","template":"","meta":[],"product_cat":[120],"product_tag":[],"yoast_head":"<!-- This site is optimized with the Yoast SEO plugin v20.6 - https:\/\/yoast.com\/wordpress\/plugins\/seo\/ -->\n<title>Sterntaler - Baby Overall Jungen Fleece mit Rei\u00dfverschluss, Mittelblau - 5501800 - FamilienMode<\/title>\n<meta name=\"robots\" content=\"index, follow, max-snippet:-1, max-image-preview:large, max-video-preview:-1\" \/>\n<link rel=\"canonical\" href=\"https:\/\/bekleidungscenter.com\/?product=sterntaler-baby-jungen-overall-strampler\" \/>\n<meta property=\"og:locale\" content=\"de_DE\" \/>\n<meta property=\"og:type\" content=\"article\" \/>\n<meta property=\"og:title\" content=\"Sterntaler - Baby Overall Jungen Fleece mit Rei\u00dfverschluss, Mittelblau - 5501800 - FamilienMode\" \/>\n<meta property=\"og:description\" content=\"Hand- und Fu\u00dfstulpen Freizeit 100% Polyester\" \/>\n<meta property=\"og:url\" content=\"https:\/\/bekleidungscenter.com\/?product=sterntaler-baby-jungen-overall-strampler\" \/>\n<meta property=\"og:site_name\" content=\"FamilienMode\" \/>\n<meta property=\"article:modified_time\" content=\"2023-04-10T22:54:44+00:00\" \/>\n<meta property=\"og:image\" content=\"https:\/\/images-na.ssl-images-amazon.com\/images\/I\/41MFeCf-Y0L.jpg\" \/>\n\t<meta property=\"og:image:width\" content=\"500\" \/>\n\t<meta property=\"og:image:height\" content=\"500\" \/>\n\t<meta property=\"og:image:type\" content=\"image\/jpeg\" \/>\n<meta name=\"twitter:card\" content=\"summary_large_image\" \/>\n<meta name=\"twitter:label1\" content=\"Gesch\u00e4tzte Lesezeit\" \/>\n\t<meta name=\"twitter:data1\" content=\"1\u00a0Minute\" \/>\n<script type=\"application\/ld+json\" class=\"yoast-schema-graph\">{\"@context\":\"https:\/\/schema.org\",\"@graph\":[{\"@type\":\"WebPage\",\"@id\":\"https:\/\/bekleidungscenter.com\/?product=sterntaler-baby-jungen-overall-strampler\",\"url\":\"https:\/\/bekleidungscenter.com\/?product=sterntaler-baby-jungen-overall-strampler\",\"name\":\"Sterntaler - Baby Overall Jungen Fleece mit Rei\u00dfverschluss, Mittelblau - 5501800 - FamilienMode\",\"isPartOf\":{\"@id\":\"https:\/\/bekleidungscenter.com\/#website\"},\"datePublished\":\"2021-01-04T08:53:20+00:00\",\"dateModified\":\"2023-04-10T22:54:44+00:00\",\"breadcrumb\":{\"@id\":\"https:\/\/bekleidungscenter.com\/?product=sterntaler-baby-jungen-overall-strampler#breadcrumb\"},\"inLanguage\":\"de\",\"potentialAction\":[{\"@type\":\"ReadAction\",\"target\":[\"https:\/\/bekleidungscenter.com\/?product=sterntaler-baby-jungen-overall-strampler\"]}]},{\"@type\":\"BreadcrumbList\",\"@id\":\"https:\/\/bekleidungscenter.com\/?product=sterntaler-baby-jungen-overall-strampler#breadcrumb\",\"itemListElement\":[{\"@type\":\"ListItem\",\"position\":1,\"name\":\"Home\",\"item\":\"https:\/\/bekleidungscenter.com\/\"},{\"@type\":\"ListItem\",\"position\":2,\"name\":\"Shop\",\"item\":\"https:\/\/bekleidungscenter.com\/?page_id=7\"},{\"@type\":\"ListItem\",\"position\":3,\"name\":\"Sterntaler &#8211; Baby Overall Jungen Fleece mit Rei\u00dfverschluss, Mittelblau &#8211; 5501800\"}]},{\"@type\":\"WebSite\",\"@id\":\"https:\/\/bekleidungscenter.com\/#website\",\"url\":\"https:\/\/bekleidungscenter.com\/\",\"name\":\"FamilienMode\",\"description\":\"Alles f\u00fcr die ganze Familie\",\"potentialAction\":[{\"@type\":\"SearchAction\",\"target\":{\"@type\":\"EntryPoint\",\"urlTemplate\":\"https:\/\/bekleidungscenter.com\/?s={search_term_string}\"},\"query-input\":\"required name=search_term_string\"}],\"inLanguage\":\"de\"}]}<\/script>\n<!-- \/ Yoast SEO plugin. -->","yoast_head_json":{"title":"Sterntaler - Baby Overall Jungen Fleece mit Rei\u00dfverschluss, Mittelblau - 5501800 - FamilienMode","robots":{"index":"index","follow":"follow","max-snippet":"max-snippet:-1","max-image-preview":"max-image-preview:large","max-video-preview":"max-video-preview:-1"},"canonical":"https:\/\/bekleidungscenter.com\/?product=sterntaler-baby-jungen-overall-strampler","og_locale":"de_DE","og_type":"article","og_title":"Sterntaler - Baby Overall Jungen Fleece mit Rei\u00dfverschluss, Mittelblau - 5501800 - FamilienMode","og_description":"Hand- und Fu\u00dfstulpen Freizeit 100% Polyester","og_url":"https:\/\/bekleidungscenter.com\/?product=sterntaler-baby-jungen-overall-strampler","og_site_name":"FamilienMode","article_modified_time":"2023-04-10T22:54:44+00:00","og_image":[{"width":500,"height":500,"url":"https:\/\/images-na.ssl-images-amazon.com\/images\/I\/41MFeCf-Y0L.jpg","type":"image\/jpeg"}],"twitter_card":"summary_large_image","twitter_misc":{"Gesch\u00e4tzte Lesezeit":"1\u00a0Minute"},"schema":{"@context":"https:\/\/schema.org","@graph":[{"@type":"WebPage","@id":"https:\/\/bekleidungscenter.com\/?product=sterntaler-baby-jungen-overall-strampler","url":"https:\/\/bekleidungscenter.com\/?product=sterntaler-baby-jungen-overall-strampler","name":"Sterntaler - Baby Overall Jungen Fleece mit Rei\u00dfverschluss, Mittelblau - 5501800 - FamilienMode","isPartOf":{"@id":"https:\/\/bekleidungscenter.com\/#website"},"datePublished":"2021-01-04T08:53:20+00:00","dateModified":"2023-04-10T22:54:44+00:00","breadcrumb":{"@id":"https:\/\/bekleidungscenter.com\/?product=sterntaler-baby-jungen-overall-strampler#breadcrumb"},"inLanguage":"de","potentialAction":[{"@type":"ReadAction","target":["https:\/\/bekleidungscenter.com\/?product=sterntaler-baby-jungen-overall-strampler"]}]},{"@type":"BreadcrumbList","@id":"https:\/\/bekleidungscenter.com\/?product=sterntaler-baby-jungen-overall-strampler#breadcrumb","itemListElement":[{"@type":"ListItem","position":1,"name":"Home","item":"https:\/\/bekleidungscenter.com\/"},{"@type":"ListItem","position":2,"name":"Shop","item":"https:\/\/bekleidungscenter.com\/?page_id=7"},{"@type":"ListItem","position":3,"name":"Sterntaler &#8211; Baby Overall Jungen Fleece mit Rei\u00dfverschluss, Mittelblau &#8211; 5501800"}]},{"@type":"WebSite","@id":"https:\/\/bekleidungscenter.com\/#website","url":"https:\/\/bekleidungscenter.com\/","name":"FamilienMode","description":"Alles f\u00fcr die ganze Familie","potentialAction":[{"@type":"SearchAction","target":{"@type":"EntryPoint","urlTemplate":"https:\/\/bekleidungscenter.com\/?s={search_term_string}"},"query-input":"required name=search_term_string"}],"inLanguage":"de"}]}},"_links":{"self":[{"href":"https:\/\/bekleidungscenter.com\/index.php?rest_route=\/wp\/v2\/product\/14590"}],"collection":[{"href":"https:\/\/bekleidungscenter.com\/index.php?rest_route=\/wp\/v2\/product"}],"about":[{"href":"https:\/\/bekleidungscenter.com\/index.php?rest_route=\/wp\/v2\/types\/product"}],"replies":[{"embeddable":true,"href":"https:\/\/bekleidungscenter.com\/index.php?rest_route=%2Fwp%2Fv2%2Fcomments&post=14590"}],"wp:featuredmedia":[{"embeddable":true,"href":"https:\/\/bekleidungscenter.com\/index.php?rest_route=\/wp\/v2\/media\/14591"}],"wp:attachment":[{"href":"https:\/\/bekleidungscenter.com\/index.php?rest_route=%2Fwp%2Fv2%2Fmedia&parent=14590"}],"wp:term":[{"taxonomy":"product_cat","embeddable":true,"href":"https:\/\/bekleidungscenter.com\/index.php?rest_route=%2Fwp%2Fv2%2Fproduct_cat&post=14590"},{"taxonomy":"product_tag","embeddable":true,"href":"https:\/\/bekleidungscenter.com\/index.php?rest_route=%2Fwp%2Fv2%2Fproduct_tag&post=14590"}],"curies":[{"name":"wp","href":"https:\/\/api.w.org\/{rel}","templated":true}]}}