{"id":14602,"date":"2021-01-04T08:53:27","date_gmt":"2021-01-04T08:53:27","guid":{"rendered":"http:\/\/bekleidungscenter.com\/?product=babybody-mit-aufdruck-papa-du-schaffst-das"},"modified":"2023-04-10T22:54:44","modified_gmt":"2023-04-10T22:54:44","slug":"babybody-mit-aufdruck-papa-du-schaffst-das","status":"publish","type":"product","link":"https:\/\/bekleidungscenter.com\/?product=babybody-mit-aufdruck-papa-du-schaffst-das","title":{"rendered":"Babybody mit Aufdruck: PAPA DU SCHAFFST DAS!"},"content":{"rendered":"<p><!-- show up to 2 reviews by default --> <\/p>\n<p><b> EIGENSCHAFTEN: <br \/> Babybody aus 100% zertifizierter Baumwolle aus \u00f6kologischem Anbau. <\/b> <br \/> Durch die \u00fcberlappenden Schulterpartien ist das An- und Ausziehen besonders einfach und kann problemlos \u00fcber den empfindlichen Kopf des Babys gezogen werden. <br \/> Die Druckkn\u00f6pfe zwischen den Beinen erm\u00f6glichen ein schnelles und einfaches Windeln. <br \/> organic Babybody aus 100 % zertifizierter Baumwolle <br \/> ohne chemische Zus\u00e4tze nach \u00d6kotex-Standard 100 <br \/> \u00fcberlappende Schulterpartie f\u00fcr leichtes An- und Ausziehen <br \/> Weiche und elastische Interlock-Verarbeitung, f\u00fcr problemloses Anziehen <br \/> drei Druckkn\u00f6pfe zwischen den Beinen (nickelfrei) <br \/> sehr hoher Tragekomfort <\/p>\n<p><b> AUFDRUCK: <br \/> Der hochwertige Aufdruck ist waschfest und bleibt auch nach vielen W\u00e4schen farbintensiv und brillant. <\/b> <br \/> Unser Aufdruck wird im Flexdruck-Verfahren hergestellt und ist frei von jeglichen Schadstoffen, Weichmachern oder anderen chemischen Zus\u00e4tzen <br \/> hochwertiger Flexdruck <br \/> frei von Schadstoffen und Weichmachern <br \/> auch nach vielen W\u00e4schen kein ausbleichen oder auswaschen <br \/> beste Farbbrillanz und h\u00f6chste Haltbarkeit <\/p>\n<p><b> GR\u00d6\u00dfEN: <\/b> <br \/> Gr. 50\/56: ca. 0-3 Monate <br \/> Gr. 62\/68: ca. 3-6 Monate <br \/> Gr. 74\/80: ca. 6-12 Monate <br \/> Die Gr\u00f6\u00dfen entsprechen der ungef\u00e4hren K\u00f6rpergr\u00f6\u00dfe des Kindes. <br \/> Beispielsweise ist die Gr\u00f6\u00dfe 50\/56 f\u00fcr Babys mit einer K\u00f6rperl\u00e4nge von ca. 50-56 cm geeignet. <\/p>\n<p><b> WASCHHINWEISE: <\/b> <br \/> waschbar bis 40 \u00b0C <br \/> Trockner geeignet <br \/> auf links b\u00fcgeln <br \/> nicht bleichen <br \/> nicht chemisch reinigen <\/p>\n<p>Organic Babybody aus 100% zertifizierter Baumwolle<br \/>\n\u00fcberlappende Schulterpartie f\u00fcr leichtes An- und Ausziehen<br \/>\n3 Druckkn\u00f6pfe im Schritt, nickelfrei<br \/>\nohne chemische Zus\u00e4tze nach \u00d6kotex-Standard 100<br \/>\nwaschbar bis 40 \u00b0C<br \/>\n<div class=\"main-cross-sell\" data-asin=\"B01M9AJKIW\">\n\n\t<div class=\"WooZone-cross-sell-loader\">\n\t\t<div>\n\t\t\t<div id=\"floatingBarsG\">\n\t\t\t\t<div class=\"blockG\" id=\"rotateG_01\"><\/div>\n\t\t\t\t<div class=\"blockG\" id=\"rotateG_02\"><\/div>\n\t\t\t\t<div class=\"blockG\" id=\"rotateG_03\"><\/div>\n\t\t\t\t<div class=\"blockG\" id=\"rotateG_04\"><\/div>\n\t\t\t\t<div class=\"blockG\" id=\"rotateG_05\"><\/div>\n\t\t\t\t<div class=\"blockG\" id=\"rotateG_06\"><\/div>\n\t\t\t\t<div class=\"blockG\" id=\"rotateG_07\"><\/div>\n\t\t\t\t<div class=\"blockG\" id=\"rotateG_08\"><\/div>\n\t\t\t<\/div>\n\t\t\t<div class=\"WooZone-cross-sell-loader-text\"><\/div>\n\t\t<\/div>\n\t<\/div>\n\n\t\t\n<\/div>\n<div style=\"clear:both;\"><\/div><\/p>\n","protected":false},"excerpt":{"rendered":"<p>Organic Babybody aus 100% zertifizierter Baumwolle<br \/>\n\u00fcberlappende Schulterpartie f\u00fcr leichtes An- und Ausziehen<br \/>\n3 Druckkn\u00f6pfe im Schritt, nickelfrei<\/p>\n","protected":false},"featured_media":14603,"comment_status":"open","ping_status":"closed","template":"","meta":[],"product_cat":[120],"product_tag":[],"yoast_head":"<!-- This site is optimized with the Yoast SEO plugin v20.6 - https:\/\/yoast.com\/wordpress\/plugins\/seo\/ -->\n<title>Babybody mit Aufdruck: PAPA DU SCHAFFST DAS! - FamilienMode<\/title>\n<meta name=\"robots\" content=\"index, follow, max-snippet:-1, max-image-preview:large, max-video-preview:-1\" \/>\n<link rel=\"canonical\" href=\"https:\/\/bekleidungscenter.com\/?product=babybody-mit-aufdruck-papa-du-schaffst-das\" \/>\n<meta property=\"og:locale\" content=\"de_DE\" \/>\n<meta property=\"og:type\" content=\"article\" \/>\n<meta property=\"og:title\" content=\"Babybody mit Aufdruck: PAPA DU SCHAFFST DAS! - FamilienMode\" \/>\n<meta property=\"og:description\" content=\"Organic Babybody aus 100% zertifizierter Baumwolle \u00fcberlappende Schulterpartie f\u00fcr leichtes An- und Ausziehen 3 Druckkn\u00f6pfe im Schritt, nickelfrei\" \/>\n<meta property=\"og:url\" content=\"https:\/\/bekleidungscenter.com\/?product=babybody-mit-aufdruck-papa-du-schaffst-das\" \/>\n<meta property=\"og:site_name\" content=\"FamilienMode\" \/>\n<meta property=\"article:modified_time\" content=\"2023-04-10T22:54:44+00:00\" \/>\n<meta property=\"og:image\" content=\"https:\/\/images-na.ssl-images-amazon.com\/images\/I\/41waOZEKoKL.jpg\" \/>\n\t<meta property=\"og:image:width\" content=\"500\" \/>\n\t<meta property=\"og:image:height\" content=\"500\" \/>\n\t<meta property=\"og:image:type\" content=\"image\/jpeg\" \/>\n<meta name=\"twitter:card\" content=\"summary_large_image\" \/>\n<meta name=\"twitter:label1\" content=\"Gesch\u00e4tzte Lesezeit\" \/>\n\t<meta name=\"twitter:data1\" content=\"1\u00a0Minute\" \/>\n<script type=\"application\/ld+json\" class=\"yoast-schema-graph\">{\"@context\":\"https:\/\/schema.org\",\"@graph\":[{\"@type\":\"WebPage\",\"@id\":\"https:\/\/bekleidungscenter.com\/?product=babybody-mit-aufdruck-papa-du-schaffst-das\",\"url\":\"https:\/\/bekleidungscenter.com\/?product=babybody-mit-aufdruck-papa-du-schaffst-das\",\"name\":\"Babybody mit Aufdruck: PAPA DU SCHAFFST DAS! - FamilienMode\",\"isPartOf\":{\"@id\":\"https:\/\/bekleidungscenter.com\/#website\"},\"datePublished\":\"2021-01-04T08:53:27+00:00\",\"dateModified\":\"2023-04-10T22:54:44+00:00\",\"breadcrumb\":{\"@id\":\"https:\/\/bekleidungscenter.com\/?product=babybody-mit-aufdruck-papa-du-schaffst-das#breadcrumb\"},\"inLanguage\":\"de\",\"potentialAction\":[{\"@type\":\"ReadAction\",\"target\":[\"https:\/\/bekleidungscenter.com\/?product=babybody-mit-aufdruck-papa-du-schaffst-das\"]}]},{\"@type\":\"BreadcrumbList\",\"@id\":\"https:\/\/bekleidungscenter.com\/?product=babybody-mit-aufdruck-papa-du-schaffst-das#breadcrumb\",\"itemListElement\":[{\"@type\":\"ListItem\",\"position\":1,\"name\":\"Home\",\"item\":\"https:\/\/bekleidungscenter.com\/\"},{\"@type\":\"ListItem\",\"position\":2,\"name\":\"Shop\",\"item\":\"https:\/\/bekleidungscenter.com\/?page_id=7\"},{\"@type\":\"ListItem\",\"position\":3,\"name\":\"Babybody mit Aufdruck: PAPA DU SCHAFFST DAS!\"}]},{\"@type\":\"WebSite\",\"@id\":\"https:\/\/bekleidungscenter.com\/#website\",\"url\":\"https:\/\/bekleidungscenter.com\/\",\"name\":\"FamilienMode\",\"description\":\"Alles f\u00fcr die ganze Familie\",\"potentialAction\":[{\"@type\":\"SearchAction\",\"target\":{\"@type\":\"EntryPoint\",\"urlTemplate\":\"https:\/\/bekleidungscenter.com\/?s={search_term_string}\"},\"query-input\":\"required name=search_term_string\"}],\"inLanguage\":\"de\"}]}<\/script>\n<!-- \/ Yoast SEO plugin. -->","yoast_head_json":{"title":"Babybody mit Aufdruck: PAPA DU SCHAFFST DAS! - FamilienMode","robots":{"index":"index","follow":"follow","max-snippet":"max-snippet:-1","max-image-preview":"max-image-preview:large","max-video-preview":"max-video-preview:-1"},"canonical":"https:\/\/bekleidungscenter.com\/?product=babybody-mit-aufdruck-papa-du-schaffst-das","og_locale":"de_DE","og_type":"article","og_title":"Babybody mit Aufdruck: PAPA DU SCHAFFST DAS! - FamilienMode","og_description":"Organic Babybody aus 100% zertifizierter Baumwolle \u00fcberlappende Schulterpartie f\u00fcr leichtes An- und Ausziehen 3 Druckkn\u00f6pfe im Schritt, nickelfrei","og_url":"https:\/\/bekleidungscenter.com\/?product=babybody-mit-aufdruck-papa-du-schaffst-das","og_site_name":"FamilienMode","article_modified_time":"2023-04-10T22:54:44+00:00","og_image":[{"width":500,"height":500,"url":"https:\/\/images-na.ssl-images-amazon.com\/images\/I\/41waOZEKoKL.jpg","type":"image\/jpeg"}],"twitter_card":"summary_large_image","twitter_misc":{"Gesch\u00e4tzte Lesezeit":"1\u00a0Minute"},"schema":{"@context":"https:\/\/schema.org","@graph":[{"@type":"WebPage","@id":"https:\/\/bekleidungscenter.com\/?product=babybody-mit-aufdruck-papa-du-schaffst-das","url":"https:\/\/bekleidungscenter.com\/?product=babybody-mit-aufdruck-papa-du-schaffst-das","name":"Babybody mit Aufdruck: PAPA DU SCHAFFST DAS! - FamilienMode","isPartOf":{"@id":"https:\/\/bekleidungscenter.com\/#website"},"datePublished":"2021-01-04T08:53:27+00:00","dateModified":"2023-04-10T22:54:44+00:00","breadcrumb":{"@id":"https:\/\/bekleidungscenter.com\/?product=babybody-mit-aufdruck-papa-du-schaffst-das#breadcrumb"},"inLanguage":"de","potentialAction":[{"@type":"ReadAction","target":["https:\/\/bekleidungscenter.com\/?product=babybody-mit-aufdruck-papa-du-schaffst-das"]}]},{"@type":"BreadcrumbList","@id":"https:\/\/bekleidungscenter.com\/?product=babybody-mit-aufdruck-papa-du-schaffst-das#breadcrumb","itemListElement":[{"@type":"ListItem","position":1,"name":"Home","item":"https:\/\/bekleidungscenter.com\/"},{"@type":"ListItem","position":2,"name":"Shop","item":"https:\/\/bekleidungscenter.com\/?page_id=7"},{"@type":"ListItem","position":3,"name":"Babybody mit Aufdruck: PAPA DU SCHAFFST DAS!"}]},{"@type":"WebSite","@id":"https:\/\/bekleidungscenter.com\/#website","url":"https:\/\/bekleidungscenter.com\/","name":"FamilienMode","description":"Alles f\u00fcr die ganze Familie","potentialAction":[{"@type":"SearchAction","target":{"@type":"EntryPoint","urlTemplate":"https:\/\/bekleidungscenter.com\/?s={search_term_string}"},"query-input":"required name=search_term_string"}],"inLanguage":"de"}]}},"_links":{"self":[{"href":"https:\/\/bekleidungscenter.com\/index.php?rest_route=\/wp\/v2\/product\/14602"}],"collection":[{"href":"https:\/\/bekleidungscenter.com\/index.php?rest_route=\/wp\/v2\/product"}],"about":[{"href":"https:\/\/bekleidungscenter.com\/index.php?rest_route=\/wp\/v2\/types\/product"}],"replies":[{"embeddable":true,"href":"https:\/\/bekleidungscenter.com\/index.php?rest_route=%2Fwp%2Fv2%2Fcomments&post=14602"}],"wp:featuredmedia":[{"embeddable":true,"href":"https:\/\/bekleidungscenter.com\/index.php?rest_route=\/wp\/v2\/media\/14603"}],"wp:attachment":[{"href":"https:\/\/bekleidungscenter.com\/index.php?rest_route=%2Fwp%2Fv2%2Fmedia&parent=14602"}],"wp:term":[{"taxonomy":"product_cat","embeddable":true,"href":"https:\/\/bekleidungscenter.com\/index.php?rest_route=%2Fwp%2Fv2%2Fproduct_cat&post=14602"},{"taxonomy":"product_tag","embeddable":true,"href":"https:\/\/bekleidungscenter.com\/index.php?rest_route=%2Fwp%2Fv2%2Fproduct_tag&post=14602"}],"curies":[{"name":"wp","href":"https:\/\/api.w.org\/{rel}","templated":true}]}}