{"id":14646,"date":"2021-01-04T08:54:00","date_gmt":"2021-01-04T08:54:00","guid":{"rendered":"http:\/\/bekleidungscenter.com\/?product=bebone-baby-strampler-jungen-maedchen-overall-stern-und-mond-babykleidung"},"modified":"2023-04-10T22:54:45","modified_gmt":"2023-04-10T22:54:45","slug":"bebone-baby-strampler-jungen-maedchen-overall-stern-und-mond-babykleidung","status":"publish","type":"product","link":"https:\/\/bekleidungscenter.com\/?product=bebone-baby-strampler-jungen-maedchen-overall-stern-und-mond-babykleidung","title":{"rendered":"Famuka Baby Strampler Jungen M\u00e4dchen Overall Stern und Mond Babykleidung"},"content":{"rendered":"<p><!-- show up to 2 reviews by default --> <\/p>\n<p>Bebone Baby Strampler Jungen M\u00e4dchen Overall Stern und Mond Babykleidung <\/p>\n<p>Kostenfreie R\u00fccksendung. Versand aus Amazon-Lager in Deutschland. Lieferzeit gew\u00f6hnlich 2-5 Werktagen.<br \/>\nAchtung: Verkauf durch FAMUKA HOME und Versand durch Amazon. Der St\u00fcckpreis deses Stramplers betr\u00e4gt 19,99 Euro. In letzter Zeit gab es eine Menge billiger Imitationen auf dem Markt. Schauen Sie Ihre Bestellung mal bitte, ob der Verk\u00e4ufer \u201cFAMUKA HOME\u201d ist. Wenn nicht, sind wir f\u00fcr Ihre Bestellung nicht verantwortlich. Wir k\u00f6nnen die Qualit\u00e4t der billigen Produkte aus anderem Verk\u00e4ufer nicht kontrollieren.<br \/>\nBaumwolle<br \/>\n<div class=\"main-cross-sell\" data-asin=\"B06XFP8SRT\">\n\n\t<div class=\"WooZone-cross-sell-loader\">\n\t\t<div>\n\t\t\t<div id=\"floatingBarsG\">\n\t\t\t\t<div class=\"blockG\" id=\"rotateG_01\"><\/div>\n\t\t\t\t<div class=\"blockG\" id=\"rotateG_02\"><\/div>\n\t\t\t\t<div class=\"blockG\" id=\"rotateG_03\"><\/div>\n\t\t\t\t<div class=\"blockG\" id=\"rotateG_04\"><\/div>\n\t\t\t\t<div class=\"blockG\" id=\"rotateG_05\"><\/div>\n\t\t\t\t<div class=\"blockG\" id=\"rotateG_06\"><\/div>\n\t\t\t\t<div class=\"blockG\" id=\"rotateG_07\"><\/div>\n\t\t\t\t<div class=\"blockG\" id=\"rotateG_08\"><\/div>\n\t\t\t<\/div>\n\t\t\t<div class=\"WooZone-cross-sell-loader-text\"><\/div>\n\t\t<\/div>\n\t<\/div>\n\n\t\t\n<\/div>\n<div style=\"clear:both;\"><\/div><\/p>\n","protected":false},"excerpt":{"rendered":"<p>Kostenfreie R\u00fccksendung. Versand aus Amazon-Lager in Deutschland. Lieferzeit gew\u00f6hnlich 2-5 Werktagen.<br \/>\nAchtung: Verkauf durch FAMUKA HOME und Versand durch Amazon. Der St\u00fcckpreis deses Stramplers betr\u00e4gt 19,99 Euro. In letzter Zeit gab es eine Menge billiger Imitationen auf dem Markt. Schauen Sie Ihre Bestellung mal bitte, ob der Verk\u00e4ufer \u201cFAMUKA HOME\u201d ist. Wenn nicht, sind wir f\u00fcr Ihre Bestellung nicht verantwortlich. Wir k\u00f6nnen die Qualit\u00e4t der billigen Produkte aus anderem Verk\u00e4ufer nicht kontrollieren.<br \/>\nBaumwolle<\/p>\n","protected":false},"featured_media":14648,"comment_status":"open","ping_status":"closed","template":"","meta":[],"product_cat":[120],"product_tag":[],"yoast_head":"<!-- This site is optimized with the Yoast SEO plugin v20.6 - https:\/\/yoast.com\/wordpress\/plugins\/seo\/ -->\n<title>Famuka Baby Strampler Jungen M\u00e4dchen Overall Stern und Mond Babykleidung - FamilienMode<\/title>\n<meta name=\"robots\" content=\"index, follow, max-snippet:-1, max-image-preview:large, max-video-preview:-1\" \/>\n<link rel=\"canonical\" href=\"https:\/\/bekleidungscenter.com\/?product=bebone-baby-strampler-jungen-maedchen-overall-stern-und-mond-babykleidung\" \/>\n<meta property=\"og:locale\" content=\"de_DE\" \/>\n<meta property=\"og:type\" content=\"article\" \/>\n<meta property=\"og:title\" content=\"Famuka Baby Strampler Jungen M\u00e4dchen Overall Stern und Mond Babykleidung - FamilienMode\" \/>\n<meta property=\"og:description\" content=\"Kostenfreie R\u00fccksendung. Versand aus Amazon-Lager in Deutschland. Lieferzeit gew\u00f6hnlich 2-5 Werktagen. Achtung: Verkauf durch FAMUKA HOME und Versand durch Amazon. Der St\u00fcckpreis deses Stramplers betr\u00e4gt 19,99 Euro. In letzter Zeit gab es eine Menge billiger Imitationen auf dem Markt. Schauen Sie Ihre Bestellung mal bitte, ob der Verk\u00e4ufer \u201cFAMUKA HOME\u201d ist. Wenn nicht, sind wir f\u00fcr Ihre Bestellung nicht verantwortlich. Wir k\u00f6nnen die Qualit\u00e4t der billigen Produkte aus anderem Verk\u00e4ufer nicht kontrollieren. Baumwolle\" \/>\n<meta property=\"og:url\" content=\"https:\/\/bekleidungscenter.com\/?product=bebone-baby-strampler-jungen-maedchen-overall-stern-und-mond-babykleidung\" \/>\n<meta property=\"og:site_name\" content=\"FamilienMode\" \/>\n<meta property=\"article:modified_time\" content=\"2023-04-10T22:54:45+00:00\" \/>\n<meta property=\"og:image\" content=\"https:\/\/images-na.ssl-images-amazon.com\/images\/I\/41qw15ZevZL.jpg\" \/>\n\t<meta property=\"og:image:width\" content=\"500\" \/>\n\t<meta property=\"og:image:height\" content=\"500\" \/>\n\t<meta property=\"og:image:type\" content=\"image\/jpeg\" \/>\n<meta name=\"twitter:card\" content=\"summary_large_image\" \/>\n<meta name=\"twitter:label1\" content=\"Gesch\u00e4tzte Lesezeit\" \/>\n\t<meta name=\"twitter:data1\" content=\"1\u00a0Minute\" \/>\n<script type=\"application\/ld+json\" class=\"yoast-schema-graph\">{\"@context\":\"https:\/\/schema.org\",\"@graph\":[{\"@type\":\"WebPage\",\"@id\":\"https:\/\/bekleidungscenter.com\/?product=bebone-baby-strampler-jungen-maedchen-overall-stern-und-mond-babykleidung\",\"url\":\"https:\/\/bekleidungscenter.com\/?product=bebone-baby-strampler-jungen-maedchen-overall-stern-und-mond-babykleidung\",\"name\":\"Famuka Baby Strampler Jungen M\u00e4dchen Overall Stern und Mond Babykleidung - FamilienMode\",\"isPartOf\":{\"@id\":\"https:\/\/bekleidungscenter.com\/#website\"},\"datePublished\":\"2021-01-04T08:54:00+00:00\",\"dateModified\":\"2023-04-10T22:54:45+00:00\",\"breadcrumb\":{\"@id\":\"https:\/\/bekleidungscenter.com\/?product=bebone-baby-strampler-jungen-maedchen-overall-stern-und-mond-babykleidung#breadcrumb\"},\"inLanguage\":\"de\",\"potentialAction\":[{\"@type\":\"ReadAction\",\"target\":[\"https:\/\/bekleidungscenter.com\/?product=bebone-baby-strampler-jungen-maedchen-overall-stern-und-mond-babykleidung\"]}]},{\"@type\":\"BreadcrumbList\",\"@id\":\"https:\/\/bekleidungscenter.com\/?product=bebone-baby-strampler-jungen-maedchen-overall-stern-und-mond-babykleidung#breadcrumb\",\"itemListElement\":[{\"@type\":\"ListItem\",\"position\":1,\"name\":\"Home\",\"item\":\"https:\/\/bekleidungscenter.com\/\"},{\"@type\":\"ListItem\",\"position\":2,\"name\":\"Shop\",\"item\":\"https:\/\/bekleidungscenter.com\/?page_id=7\"},{\"@type\":\"ListItem\",\"position\":3,\"name\":\"Famuka Baby Strampler Jungen M\u00e4dchen Overall Stern und Mond Babykleidung\"}]},{\"@type\":\"WebSite\",\"@id\":\"https:\/\/bekleidungscenter.com\/#website\",\"url\":\"https:\/\/bekleidungscenter.com\/\",\"name\":\"FamilienMode\",\"description\":\"Alles f\u00fcr die ganze Familie\",\"potentialAction\":[{\"@type\":\"SearchAction\",\"target\":{\"@type\":\"EntryPoint\",\"urlTemplate\":\"https:\/\/bekleidungscenter.com\/?s={search_term_string}\"},\"query-input\":\"required name=search_term_string\"}],\"inLanguage\":\"de\"}]}<\/script>\n<!-- \/ Yoast SEO plugin. -->","yoast_head_json":{"title":"Famuka Baby Strampler Jungen M\u00e4dchen Overall Stern und Mond Babykleidung - FamilienMode","robots":{"index":"index","follow":"follow","max-snippet":"max-snippet:-1","max-image-preview":"max-image-preview:large","max-video-preview":"max-video-preview:-1"},"canonical":"https:\/\/bekleidungscenter.com\/?product=bebone-baby-strampler-jungen-maedchen-overall-stern-und-mond-babykleidung","og_locale":"de_DE","og_type":"article","og_title":"Famuka Baby Strampler Jungen M\u00e4dchen Overall Stern und Mond Babykleidung - FamilienMode","og_description":"Kostenfreie R\u00fccksendung. Versand aus Amazon-Lager in Deutschland. Lieferzeit gew\u00f6hnlich 2-5 Werktagen. Achtung: Verkauf durch FAMUKA HOME und Versand durch Amazon. Der St\u00fcckpreis deses Stramplers betr\u00e4gt 19,99 Euro. In letzter Zeit gab es eine Menge billiger Imitationen auf dem Markt. Schauen Sie Ihre Bestellung mal bitte, ob der Verk\u00e4ufer \u201cFAMUKA HOME\u201d ist. Wenn nicht, sind wir f\u00fcr Ihre Bestellung nicht verantwortlich. Wir k\u00f6nnen die Qualit\u00e4t der billigen Produkte aus anderem Verk\u00e4ufer nicht kontrollieren. Baumwolle","og_url":"https:\/\/bekleidungscenter.com\/?product=bebone-baby-strampler-jungen-maedchen-overall-stern-und-mond-babykleidung","og_site_name":"FamilienMode","article_modified_time":"2023-04-10T22:54:45+00:00","og_image":[{"width":500,"height":500,"url":"https:\/\/images-na.ssl-images-amazon.com\/images\/I\/41qw15ZevZL.jpg","type":"image\/jpeg"}],"twitter_card":"summary_large_image","twitter_misc":{"Gesch\u00e4tzte Lesezeit":"1\u00a0Minute"},"schema":{"@context":"https:\/\/schema.org","@graph":[{"@type":"WebPage","@id":"https:\/\/bekleidungscenter.com\/?product=bebone-baby-strampler-jungen-maedchen-overall-stern-und-mond-babykleidung","url":"https:\/\/bekleidungscenter.com\/?product=bebone-baby-strampler-jungen-maedchen-overall-stern-und-mond-babykleidung","name":"Famuka Baby Strampler Jungen M\u00e4dchen Overall Stern und Mond Babykleidung - FamilienMode","isPartOf":{"@id":"https:\/\/bekleidungscenter.com\/#website"},"datePublished":"2021-01-04T08:54:00+00:00","dateModified":"2023-04-10T22:54:45+00:00","breadcrumb":{"@id":"https:\/\/bekleidungscenter.com\/?product=bebone-baby-strampler-jungen-maedchen-overall-stern-und-mond-babykleidung#breadcrumb"},"inLanguage":"de","potentialAction":[{"@type":"ReadAction","target":["https:\/\/bekleidungscenter.com\/?product=bebone-baby-strampler-jungen-maedchen-overall-stern-und-mond-babykleidung"]}]},{"@type":"BreadcrumbList","@id":"https:\/\/bekleidungscenter.com\/?product=bebone-baby-strampler-jungen-maedchen-overall-stern-und-mond-babykleidung#breadcrumb","itemListElement":[{"@type":"ListItem","position":1,"name":"Home","item":"https:\/\/bekleidungscenter.com\/"},{"@type":"ListItem","position":2,"name":"Shop","item":"https:\/\/bekleidungscenter.com\/?page_id=7"},{"@type":"ListItem","position":3,"name":"Famuka Baby Strampler Jungen M\u00e4dchen Overall Stern und Mond Babykleidung"}]},{"@type":"WebSite","@id":"https:\/\/bekleidungscenter.com\/#website","url":"https:\/\/bekleidungscenter.com\/","name":"FamilienMode","description":"Alles f\u00fcr die ganze Familie","potentialAction":[{"@type":"SearchAction","target":{"@type":"EntryPoint","urlTemplate":"https:\/\/bekleidungscenter.com\/?s={search_term_string}"},"query-input":"required name=search_term_string"}],"inLanguage":"de"}]}},"_links":{"self":[{"href":"https:\/\/bekleidungscenter.com\/index.php?rest_route=\/wp\/v2\/product\/14646"}],"collection":[{"href":"https:\/\/bekleidungscenter.com\/index.php?rest_route=\/wp\/v2\/product"}],"about":[{"href":"https:\/\/bekleidungscenter.com\/index.php?rest_route=\/wp\/v2\/types\/product"}],"replies":[{"embeddable":true,"href":"https:\/\/bekleidungscenter.com\/index.php?rest_route=%2Fwp%2Fv2%2Fcomments&post=14646"}],"wp:featuredmedia":[{"embeddable":true,"href":"https:\/\/bekleidungscenter.com\/index.php?rest_route=\/wp\/v2\/media\/14648"}],"wp:attachment":[{"href":"https:\/\/bekleidungscenter.com\/index.php?rest_route=%2Fwp%2Fv2%2Fmedia&parent=14646"}],"wp:term":[{"taxonomy":"product_cat","embeddable":true,"href":"https:\/\/bekleidungscenter.com\/index.php?rest_route=%2Fwp%2Fv2%2Fproduct_cat&post=14646"},{"taxonomy":"product_tag","embeddable":true,"href":"https:\/\/bekleidungscenter.com\/index.php?rest_route=%2Fwp%2Fv2%2Fproduct_tag&post=14646"}],"curies":[{"name":"wp","href":"https:\/\/api.w.org\/{rel}","templated":true}]}}