{"id":14767,"date":"2021-01-04T09:02:07","date_gmt":"2021-01-04T09:02:07","guid":{"rendered":"http:\/\/bekleidungscenter.com\/?product=sterntaler-unisex-baby-strampler-set-nicki-ben-strampelhose"},"modified":"2023-04-10T22:54:47","modified_gmt":"2023-04-10T22:54:47","slug":"sterntaler-unisex-baby-strampler-set-nicki-ben-strampelhose","status":"publish","type":"product","link":"https:\/\/bekleidungscenter.com\/?product=sterntaler-unisex-baby-strampler-set-nicki-ben-strampelhose","title":{"rendered":"Sterntaler Unisex Baby Strampler-set Nicki Ben Strampelhose"},"content":{"rendered":"<p><!-- show up to 2 reviews by default --> <\/p>\n<p>Strampler-Set an Stelle Babys bestehend jedweder Strampler auch Pullover, Lauter an Stelle jeden Tag, Kombinierbar qua anderen Kleidungsst\u00fccken Entsprechend an Stelle Jungen auch M\u00e4dchen, Druckkn\u00f6pfe an den Schultern auch im Bereich an Stelle einfaches An- auch Ausziehen sowie Windeln ver\u00e4ndern Strampler Oberstoff: 80 % Baumwolle, 20 % Polyester; Strampler Futter: 100 % Baumwolle; Pullover: 100 % BaumwolleLeichte Reinigung auch Pflege: Maschinenwaschbar neben 40\u00b0Lieferumfang: 1 x Sterntaler Unisex-Strampler-Set-Nicki, Gr\u00f6\u00dfe: 50, Farbe: Hellt\u00fcrkis, Wesen. Nr. 5602002.0 <\/p>\n<p>Strampler-Set an Stelle Babys bestehend jedweder Strampler auch Pullover, Lauter an Stelle jeden Tag, Kombinierbar qua anderen Kleidungsst\u00fccken<br \/>\nEntsprechend an Stelle Jungen auch M\u00e4dchen, Druckkn\u00f6pfe an den Schultern auch im Bereich an Stelle einfaches An- auch Ausziehen sowie Windeln ver\u00e4ndern<br \/>\nVerschluss: Druckknopf<br \/>\nStrampler Oberstoff: 80 % Baumwolle, 20 % Polyester; Strampler Futter: 100 % Baumwolle; Pullover: 10<br \/>\nStrampler Set<br \/>\nPflegehinweis: Maschinenw\u00e4sche<br \/>\nModellnummer: 5622003-056908<br \/>\nLieferumfang: 1 x Sterntaler Unisex-Strampler-Set-Nicki, Gr\u00f6\u00dfe: 50, Farbe: Hellt\u00fcrkis, Wesen. Nr. 5602002.0<br \/>\n<div class=\"main-cross-sell\" data-asin=\"B08M3DHSF9\">\n\n\t<div class=\"WooZone-cross-sell-loader\">\n\t\t<div>\n\t\t\t<div id=\"floatingBarsG\">\n\t\t\t\t<div class=\"blockG\" id=\"rotateG_01\"><\/div>\n\t\t\t\t<div class=\"blockG\" id=\"rotateG_02\"><\/div>\n\t\t\t\t<div class=\"blockG\" id=\"rotateG_03\"><\/div>\n\t\t\t\t<div class=\"blockG\" id=\"rotateG_04\"><\/div>\n\t\t\t\t<div class=\"blockG\" id=\"rotateG_05\"><\/div>\n\t\t\t\t<div class=\"blockG\" id=\"rotateG_06\"><\/div>\n\t\t\t\t<div class=\"blockG\" id=\"rotateG_07\"><\/div>\n\t\t\t\t<div class=\"blockG\" id=\"rotateG_08\"><\/div>\n\t\t\t<\/div>\n\t\t\t<div class=\"WooZone-cross-sell-loader-text\"><\/div>\n\t\t<\/div>\n\t<\/div>\n\n\t\t\n<\/div>\n<div style=\"clear:both;\"><\/div><\/p>\n","protected":false},"excerpt":{"rendered":"<p>Strampler-Set f\u00fcr Babys bestehend aus Strampler und Pullover, Ideal f\u00fcr jeden Tag, Kombinierbar mit anderen Kleidungsst\u00fccken<br \/>\nGeeignet f\u00fcr Jungen und M\u00e4dchen, Druckkn\u00f6pfe an den Schultern und im Schritt f\u00fcr einfaches An- und Ausziehen sowie Windeln wechseln<br \/>\nVerschluss: Druckknopf<\/p>\n","protected":false},"featured_media":14768,"comment_status":"open","ping_status":"closed","template":"","meta":[],"product_cat":[120],"product_tag":[],"yoast_head":"<!-- This site is optimized with the Yoast SEO plugin v20.6 - https:\/\/yoast.com\/wordpress\/plugins\/seo\/ -->\n<title>Sterntaler Unisex Baby Strampler-set Nicki Ben Strampelhose - FamilienMode<\/title>\n<meta name=\"robots\" content=\"index, follow, max-snippet:-1, max-image-preview:large, max-video-preview:-1\" \/>\n<link rel=\"canonical\" href=\"https:\/\/bekleidungscenter.com\/?product=sterntaler-unisex-baby-strampler-set-nicki-ben-strampelhose\" \/>\n<meta property=\"og:locale\" content=\"de_DE\" \/>\n<meta property=\"og:type\" content=\"article\" \/>\n<meta property=\"og:title\" content=\"Sterntaler Unisex Baby Strampler-set Nicki Ben Strampelhose - FamilienMode\" \/>\n<meta property=\"og:description\" content=\"Strampler-Set f\u00fcr Babys bestehend aus Strampler und Pullover, Ideal f\u00fcr jeden Tag, Kombinierbar mit anderen Kleidungsst\u00fccken Geeignet f\u00fcr Jungen und M\u00e4dchen, Druckkn\u00f6pfe an den Schultern und im Schritt f\u00fcr einfaches An- und Ausziehen sowie Windeln wechseln Verschluss: Druckknopf\" \/>\n<meta property=\"og:url\" content=\"https:\/\/bekleidungscenter.com\/?product=sterntaler-unisex-baby-strampler-set-nicki-ben-strampelhose\" \/>\n<meta property=\"og:site_name\" content=\"FamilienMode\" \/>\n<meta property=\"article:modified_time\" content=\"2023-04-10T22:54:47+00:00\" \/>\n<meta property=\"og:image\" content=\"https:\/\/images-na.ssl-images-amazon.com\/images\/I\/416uqj4xRXL.jpg\" \/>\n\t<meta property=\"og:image:width\" content=\"500\" \/>\n\t<meta property=\"og:image:height\" content=\"500\" \/>\n\t<meta property=\"og:image:type\" content=\"image\/jpeg\" \/>\n<meta name=\"twitter:card\" content=\"summary_large_image\" \/>\n<meta name=\"twitter:label1\" content=\"Gesch\u00e4tzte Lesezeit\" \/>\n\t<meta name=\"twitter:data1\" content=\"1\u00a0Minute\" \/>\n<script type=\"application\/ld+json\" class=\"yoast-schema-graph\">{\"@context\":\"https:\/\/schema.org\",\"@graph\":[{\"@type\":\"WebPage\",\"@id\":\"https:\/\/bekleidungscenter.com\/?product=sterntaler-unisex-baby-strampler-set-nicki-ben-strampelhose\",\"url\":\"https:\/\/bekleidungscenter.com\/?product=sterntaler-unisex-baby-strampler-set-nicki-ben-strampelhose\",\"name\":\"Sterntaler Unisex Baby Strampler-set Nicki Ben Strampelhose - FamilienMode\",\"isPartOf\":{\"@id\":\"https:\/\/bekleidungscenter.com\/#website\"},\"datePublished\":\"2021-01-04T09:02:07+00:00\",\"dateModified\":\"2023-04-10T22:54:47+00:00\",\"breadcrumb\":{\"@id\":\"https:\/\/bekleidungscenter.com\/?product=sterntaler-unisex-baby-strampler-set-nicki-ben-strampelhose#breadcrumb\"},\"inLanguage\":\"de\",\"potentialAction\":[{\"@type\":\"ReadAction\",\"target\":[\"https:\/\/bekleidungscenter.com\/?product=sterntaler-unisex-baby-strampler-set-nicki-ben-strampelhose\"]}]},{\"@type\":\"BreadcrumbList\",\"@id\":\"https:\/\/bekleidungscenter.com\/?product=sterntaler-unisex-baby-strampler-set-nicki-ben-strampelhose#breadcrumb\",\"itemListElement\":[{\"@type\":\"ListItem\",\"position\":1,\"name\":\"Home\",\"item\":\"https:\/\/bekleidungscenter.com\/\"},{\"@type\":\"ListItem\",\"position\":2,\"name\":\"Shop\",\"item\":\"https:\/\/bekleidungscenter.com\/?page_id=7\"},{\"@type\":\"ListItem\",\"position\":3,\"name\":\"Sterntaler Unisex Baby Strampler-set Nicki Ben Strampelhose\"}]},{\"@type\":\"WebSite\",\"@id\":\"https:\/\/bekleidungscenter.com\/#website\",\"url\":\"https:\/\/bekleidungscenter.com\/\",\"name\":\"FamilienMode\",\"description\":\"Alles f\u00fcr die ganze Familie\",\"potentialAction\":[{\"@type\":\"SearchAction\",\"target\":{\"@type\":\"EntryPoint\",\"urlTemplate\":\"https:\/\/bekleidungscenter.com\/?s={search_term_string}\"},\"query-input\":\"required name=search_term_string\"}],\"inLanguage\":\"de\"}]}<\/script>\n<!-- \/ Yoast SEO plugin. -->","yoast_head_json":{"title":"Sterntaler Unisex Baby Strampler-set Nicki Ben Strampelhose - FamilienMode","robots":{"index":"index","follow":"follow","max-snippet":"max-snippet:-1","max-image-preview":"max-image-preview:large","max-video-preview":"max-video-preview:-1"},"canonical":"https:\/\/bekleidungscenter.com\/?product=sterntaler-unisex-baby-strampler-set-nicki-ben-strampelhose","og_locale":"de_DE","og_type":"article","og_title":"Sterntaler Unisex Baby Strampler-set Nicki Ben Strampelhose - FamilienMode","og_description":"Strampler-Set f\u00fcr Babys bestehend aus Strampler und Pullover, Ideal f\u00fcr jeden Tag, Kombinierbar mit anderen Kleidungsst\u00fccken Geeignet f\u00fcr Jungen und M\u00e4dchen, Druckkn\u00f6pfe an den Schultern und im Schritt f\u00fcr einfaches An- und Ausziehen sowie Windeln wechseln Verschluss: Druckknopf","og_url":"https:\/\/bekleidungscenter.com\/?product=sterntaler-unisex-baby-strampler-set-nicki-ben-strampelhose","og_site_name":"FamilienMode","article_modified_time":"2023-04-10T22:54:47+00:00","og_image":[{"width":500,"height":500,"url":"https:\/\/images-na.ssl-images-amazon.com\/images\/I\/416uqj4xRXL.jpg","type":"image\/jpeg"}],"twitter_card":"summary_large_image","twitter_misc":{"Gesch\u00e4tzte Lesezeit":"1\u00a0Minute"},"schema":{"@context":"https:\/\/schema.org","@graph":[{"@type":"WebPage","@id":"https:\/\/bekleidungscenter.com\/?product=sterntaler-unisex-baby-strampler-set-nicki-ben-strampelhose","url":"https:\/\/bekleidungscenter.com\/?product=sterntaler-unisex-baby-strampler-set-nicki-ben-strampelhose","name":"Sterntaler Unisex Baby Strampler-set Nicki Ben Strampelhose - FamilienMode","isPartOf":{"@id":"https:\/\/bekleidungscenter.com\/#website"},"datePublished":"2021-01-04T09:02:07+00:00","dateModified":"2023-04-10T22:54:47+00:00","breadcrumb":{"@id":"https:\/\/bekleidungscenter.com\/?product=sterntaler-unisex-baby-strampler-set-nicki-ben-strampelhose#breadcrumb"},"inLanguage":"de","potentialAction":[{"@type":"ReadAction","target":["https:\/\/bekleidungscenter.com\/?product=sterntaler-unisex-baby-strampler-set-nicki-ben-strampelhose"]}]},{"@type":"BreadcrumbList","@id":"https:\/\/bekleidungscenter.com\/?product=sterntaler-unisex-baby-strampler-set-nicki-ben-strampelhose#breadcrumb","itemListElement":[{"@type":"ListItem","position":1,"name":"Home","item":"https:\/\/bekleidungscenter.com\/"},{"@type":"ListItem","position":2,"name":"Shop","item":"https:\/\/bekleidungscenter.com\/?page_id=7"},{"@type":"ListItem","position":3,"name":"Sterntaler Unisex Baby Strampler-set Nicki Ben Strampelhose"}]},{"@type":"WebSite","@id":"https:\/\/bekleidungscenter.com\/#website","url":"https:\/\/bekleidungscenter.com\/","name":"FamilienMode","description":"Alles f\u00fcr die ganze Familie","potentialAction":[{"@type":"SearchAction","target":{"@type":"EntryPoint","urlTemplate":"https:\/\/bekleidungscenter.com\/?s={search_term_string}"},"query-input":"required name=search_term_string"}],"inLanguage":"de"}]}},"_links":{"self":[{"href":"https:\/\/bekleidungscenter.com\/index.php?rest_route=\/wp\/v2\/product\/14767"}],"collection":[{"href":"https:\/\/bekleidungscenter.com\/index.php?rest_route=\/wp\/v2\/product"}],"about":[{"href":"https:\/\/bekleidungscenter.com\/index.php?rest_route=\/wp\/v2\/types\/product"}],"replies":[{"embeddable":true,"href":"https:\/\/bekleidungscenter.com\/index.php?rest_route=%2Fwp%2Fv2%2Fcomments&post=14767"}],"wp:featuredmedia":[{"embeddable":true,"href":"https:\/\/bekleidungscenter.com\/index.php?rest_route=\/wp\/v2\/media\/14768"}],"wp:attachment":[{"href":"https:\/\/bekleidungscenter.com\/index.php?rest_route=%2Fwp%2Fv2%2Fmedia&parent=14767"}],"wp:term":[{"taxonomy":"product_cat","embeddable":true,"href":"https:\/\/bekleidungscenter.com\/index.php?rest_route=%2Fwp%2Fv2%2Fproduct_cat&post=14767"},{"taxonomy":"product_tag","embeddable":true,"href":"https:\/\/bekleidungscenter.com\/index.php?rest_route=%2Fwp%2Fv2%2Fproduct_tag&post=14767"}],"curies":[{"name":"wp","href":"https:\/\/api.w.org\/{rel}","templated":true}]}}