{"id":14823,"date":"2021-01-04T09:02:44","date_gmt":"2021-01-04T09:02:44","guid":{"rendered":"http:\/\/bekleidungscenter.com\/?product=sanetta-unisex-baby-body-321860-2er-pack-einfarbig"},"modified":"2023-04-10T22:54:49","modified_gmt":"2023-04-10T22:54:49","slug":"sanetta-unisex-baby-body-321860-2er-pack-einfarbig","status":"publish","type":"product","link":"https:\/\/bekleidungscenter.com\/?product=sanetta-unisex-baby-body-321860-2er-pack-einfarbig","title":{"rendered":"Sanetta Unisex &#8211; Baby Body 321860, 2Er Pack, Einfarbig"},"content":{"rendered":"<p><!-- show up to 2 reviews by default --> <\/p>\n<p>Ein s\u00fcsser halbarm Putzerl-Body vonseiten Sanetta.<br \/>Material: 100% Baumwolle<br \/>Pflegehinweis: Maschinenw\u00e4sche <\/p>\n<p>Basic Body blo\u00df st\u00f6rende Seitenn\u00e4hte, anhand Feinripp B\u00f6rtchen ansonsten kleinem Folgerichtig-Flockprint gen dem Vorderteil.<br \/>\norganic cotton- trocknerbest\u00e4ndig &#8211; Larve in Europe &#8211; 2 Jahre Gew\u00e4hrleistung &#8211; nickelfreie Druckkn\u00f6pfe<br \/>\n100% Baumwolle<br \/>\nPflegehinweis: Maschinenw\u00e4sche schwul (40\u00b0 +)<br \/>\nModellnummer: 321860<br \/>\n<div class=\"main-cross-sell\" data-asin=\"B00JXGG80I\">\n\n\t<div class=\"WooZone-cross-sell-loader\">\n\t\t<div>\n\t\t\t<div id=\"floatingBarsG\">\n\t\t\t\t<div class=\"blockG\" id=\"rotateG_01\"><\/div>\n\t\t\t\t<div class=\"blockG\" id=\"rotateG_02\"><\/div>\n\t\t\t\t<div class=\"blockG\" id=\"rotateG_03\"><\/div>\n\t\t\t\t<div class=\"blockG\" id=\"rotateG_04\"><\/div>\n\t\t\t\t<div class=\"blockG\" id=\"rotateG_05\"><\/div>\n\t\t\t\t<div class=\"blockG\" id=\"rotateG_06\"><\/div>\n\t\t\t\t<div class=\"blockG\" id=\"rotateG_07\"><\/div>\n\t\t\t\t<div class=\"blockG\" id=\"rotateG_08\"><\/div>\n\t\t\t<\/div>\n\t\t\t<div class=\"WooZone-cross-sell-loader-text\"><\/div>\n\t\t<\/div>\n\t<\/div>\n\n\t\t\n<\/div>\n<div style=\"clear:both;\"><\/div><\/p>\n","protected":false},"excerpt":{"rendered":"<p>Basic Body ohne st\u00f6rende Seitenn\u00e4hte, mit Feinripp B\u00f6rtchen und kleinem Logo-Flockprint auf dem Vorderteil.<br \/>\norganic cotton- trocknerbest\u00e4ndig &#8211; Made in Europe &#8211; 2 Jahre Garantie &#8211; nickelfreie Druckkn\u00f6pfe<br \/>\n100% Baumwolle<\/p>\n","protected":false},"featured_media":14824,"comment_status":"open","ping_status":"closed","template":"","meta":[],"product_cat":[120],"product_tag":[],"yoast_head":"<!-- This site is optimized with the Yoast SEO plugin v20.6 - https:\/\/yoast.com\/wordpress\/plugins\/seo\/ -->\n<title>Sanetta Unisex - Baby Body 321860, 2Er Pack, Einfarbig - FamilienMode<\/title>\n<meta name=\"robots\" content=\"index, follow, max-snippet:-1, max-image-preview:large, max-video-preview:-1\" \/>\n<link rel=\"canonical\" href=\"https:\/\/bekleidungscenter.com\/?product=sanetta-unisex-baby-body-321860-2er-pack-einfarbig\" \/>\n<meta property=\"og:locale\" content=\"de_DE\" \/>\n<meta property=\"og:type\" content=\"article\" \/>\n<meta property=\"og:title\" content=\"Sanetta Unisex - Baby Body 321860, 2Er Pack, Einfarbig - FamilienMode\" \/>\n<meta property=\"og:description\" content=\"Basic Body ohne st\u00f6rende Seitenn\u00e4hte, mit Feinripp B\u00f6rtchen und kleinem Logo-Flockprint auf dem Vorderteil. organic cotton- trocknerbest\u00e4ndig - Made in Europe - 2 Jahre Garantie - nickelfreie Druckkn\u00f6pfe 100% Baumwolle\" \/>\n<meta property=\"og:url\" content=\"https:\/\/bekleidungscenter.com\/?product=sanetta-unisex-baby-body-321860-2er-pack-einfarbig\" \/>\n<meta property=\"og:site_name\" content=\"FamilienMode\" \/>\n<meta property=\"article:modified_time\" content=\"2023-04-10T22:54:49+00:00\" \/>\n<meta property=\"og:image\" content=\"https:\/\/images-na.ssl-images-amazon.com\/images\/I\/31NjY9EKCUL.jpg\" \/>\n\t<meta property=\"og:image:width\" content=\"500\" \/>\n\t<meta property=\"og:image:height\" content=\"500\" \/>\n\t<meta property=\"og:image:type\" content=\"image\/jpeg\" \/>\n<meta name=\"twitter:card\" content=\"summary_large_image\" \/>\n<script type=\"application\/ld+json\" class=\"yoast-schema-graph\">{\"@context\":\"https:\/\/schema.org\",\"@graph\":[{\"@type\":\"WebPage\",\"@id\":\"https:\/\/bekleidungscenter.com\/?product=sanetta-unisex-baby-body-321860-2er-pack-einfarbig\",\"url\":\"https:\/\/bekleidungscenter.com\/?product=sanetta-unisex-baby-body-321860-2er-pack-einfarbig\",\"name\":\"Sanetta Unisex - Baby Body 321860, 2Er Pack, Einfarbig - FamilienMode\",\"isPartOf\":{\"@id\":\"https:\/\/bekleidungscenter.com\/#website\"},\"datePublished\":\"2021-01-04T09:02:44+00:00\",\"dateModified\":\"2023-04-10T22:54:49+00:00\",\"breadcrumb\":{\"@id\":\"https:\/\/bekleidungscenter.com\/?product=sanetta-unisex-baby-body-321860-2er-pack-einfarbig#breadcrumb\"},\"inLanguage\":\"de\",\"potentialAction\":[{\"@type\":\"ReadAction\",\"target\":[\"https:\/\/bekleidungscenter.com\/?product=sanetta-unisex-baby-body-321860-2er-pack-einfarbig\"]}]},{\"@type\":\"BreadcrumbList\",\"@id\":\"https:\/\/bekleidungscenter.com\/?product=sanetta-unisex-baby-body-321860-2er-pack-einfarbig#breadcrumb\",\"itemListElement\":[{\"@type\":\"ListItem\",\"position\":1,\"name\":\"Home\",\"item\":\"https:\/\/bekleidungscenter.com\/\"},{\"@type\":\"ListItem\",\"position\":2,\"name\":\"Shop\",\"item\":\"https:\/\/bekleidungscenter.com\/?page_id=7\"},{\"@type\":\"ListItem\",\"position\":3,\"name\":\"Sanetta Unisex &#8211; Baby Body 321860, 2Er Pack, Einfarbig\"}]},{\"@type\":\"WebSite\",\"@id\":\"https:\/\/bekleidungscenter.com\/#website\",\"url\":\"https:\/\/bekleidungscenter.com\/\",\"name\":\"FamilienMode\",\"description\":\"Alles f\u00fcr die ganze Familie\",\"potentialAction\":[{\"@type\":\"SearchAction\",\"target\":{\"@type\":\"EntryPoint\",\"urlTemplate\":\"https:\/\/bekleidungscenter.com\/?s={search_term_string}\"},\"query-input\":\"required name=search_term_string\"}],\"inLanguage\":\"de\"}]}<\/script>\n<!-- \/ Yoast SEO plugin. -->","yoast_head_json":{"title":"Sanetta Unisex - Baby Body 321860, 2Er Pack, Einfarbig - FamilienMode","robots":{"index":"index","follow":"follow","max-snippet":"max-snippet:-1","max-image-preview":"max-image-preview:large","max-video-preview":"max-video-preview:-1"},"canonical":"https:\/\/bekleidungscenter.com\/?product=sanetta-unisex-baby-body-321860-2er-pack-einfarbig","og_locale":"de_DE","og_type":"article","og_title":"Sanetta Unisex - Baby Body 321860, 2Er Pack, Einfarbig - FamilienMode","og_description":"Basic Body ohne st\u00f6rende Seitenn\u00e4hte, mit Feinripp B\u00f6rtchen und kleinem Logo-Flockprint auf dem Vorderteil. organic cotton- trocknerbest\u00e4ndig - Made in Europe - 2 Jahre Garantie - nickelfreie Druckkn\u00f6pfe 100% Baumwolle","og_url":"https:\/\/bekleidungscenter.com\/?product=sanetta-unisex-baby-body-321860-2er-pack-einfarbig","og_site_name":"FamilienMode","article_modified_time":"2023-04-10T22:54:49+00:00","og_image":[{"width":500,"height":500,"url":"https:\/\/images-na.ssl-images-amazon.com\/images\/I\/31NjY9EKCUL.jpg","type":"image\/jpeg"}],"twitter_card":"summary_large_image","schema":{"@context":"https:\/\/schema.org","@graph":[{"@type":"WebPage","@id":"https:\/\/bekleidungscenter.com\/?product=sanetta-unisex-baby-body-321860-2er-pack-einfarbig","url":"https:\/\/bekleidungscenter.com\/?product=sanetta-unisex-baby-body-321860-2er-pack-einfarbig","name":"Sanetta Unisex - Baby Body 321860, 2Er Pack, Einfarbig - FamilienMode","isPartOf":{"@id":"https:\/\/bekleidungscenter.com\/#website"},"datePublished":"2021-01-04T09:02:44+00:00","dateModified":"2023-04-10T22:54:49+00:00","breadcrumb":{"@id":"https:\/\/bekleidungscenter.com\/?product=sanetta-unisex-baby-body-321860-2er-pack-einfarbig#breadcrumb"},"inLanguage":"de","potentialAction":[{"@type":"ReadAction","target":["https:\/\/bekleidungscenter.com\/?product=sanetta-unisex-baby-body-321860-2er-pack-einfarbig"]}]},{"@type":"BreadcrumbList","@id":"https:\/\/bekleidungscenter.com\/?product=sanetta-unisex-baby-body-321860-2er-pack-einfarbig#breadcrumb","itemListElement":[{"@type":"ListItem","position":1,"name":"Home","item":"https:\/\/bekleidungscenter.com\/"},{"@type":"ListItem","position":2,"name":"Shop","item":"https:\/\/bekleidungscenter.com\/?page_id=7"},{"@type":"ListItem","position":3,"name":"Sanetta Unisex &#8211; Baby Body 321860, 2Er Pack, Einfarbig"}]},{"@type":"WebSite","@id":"https:\/\/bekleidungscenter.com\/#website","url":"https:\/\/bekleidungscenter.com\/","name":"FamilienMode","description":"Alles f\u00fcr die ganze Familie","potentialAction":[{"@type":"SearchAction","target":{"@type":"EntryPoint","urlTemplate":"https:\/\/bekleidungscenter.com\/?s={search_term_string}"},"query-input":"required name=search_term_string"}],"inLanguage":"de"}]}},"_links":{"self":[{"href":"https:\/\/bekleidungscenter.com\/index.php?rest_route=\/wp\/v2\/product\/14823"}],"collection":[{"href":"https:\/\/bekleidungscenter.com\/index.php?rest_route=\/wp\/v2\/product"}],"about":[{"href":"https:\/\/bekleidungscenter.com\/index.php?rest_route=\/wp\/v2\/types\/product"}],"replies":[{"embeddable":true,"href":"https:\/\/bekleidungscenter.com\/index.php?rest_route=%2Fwp%2Fv2%2Fcomments&post=14823"}],"wp:featuredmedia":[{"embeddable":true,"href":"https:\/\/bekleidungscenter.com\/index.php?rest_route=\/wp\/v2\/media\/14824"}],"wp:attachment":[{"href":"https:\/\/bekleidungscenter.com\/index.php?rest_route=%2Fwp%2Fv2%2Fmedia&parent=14823"}],"wp:term":[{"taxonomy":"product_cat","embeddable":true,"href":"https:\/\/bekleidungscenter.com\/index.php?rest_route=%2Fwp%2Fv2%2Fproduct_cat&post=14823"},{"taxonomy":"product_tag","embeddable":true,"href":"https:\/\/bekleidungscenter.com\/index.php?rest_route=%2Fwp%2Fv2%2Fproduct_tag&post=14823"}],"curies":[{"name":"wp","href":"https:\/\/api.w.org\/{rel}","templated":true}]}}