{"id":14853,"date":"2021-01-04T09:03:06","date_gmt":"2021-01-04T09:03:06","guid":{"rendered":"http:\/\/bekleidungscenter.com\/?product=tuptam-unisex-baby-strampler-mit-spruch-mamas-papas-schatz"},"modified":"2023-04-10T22:54:49","modified_gmt":"2023-04-10T22:54:49","slug":"tuptam-unisex-baby-strampler-mit-spruch-mamas-papas-schatz","status":"publish","type":"product","link":"https:\/\/bekleidungscenter.com\/?product=tuptam-unisex-baby-strampler-mit-spruch-mamas-papas-schatz","title":{"rendered":"TupTam Unisex Baby Strampler mit Spruch I love Mum and Dad"},"content":{"rendered":"<p>Klassischer Kleinstkind Strampler mit Hilfe von Spruch, Leitgedanke u. a. Druckkn\u00f6pfen &#8211; statt M\u00e4dchen u. a. Jungen<br \/>\nAn den Schultern u. a. im Schrittbereich kn\u00f6pfbar<br \/>\nVerschluss: Druckknopf<br \/>\n100% Baumwolle<br \/>\nZur Wahl tolle Farben, Aufdr\u00fccke u. a. Spr\u00fcche<br \/>\nT\u00fcncher Strampler mit Hilfe von Spruch &#8222;Mamas &amp; Papas Schatz&#8220; u. a. Herzmotiv in schwarz\/rot<br \/>\nStrampler in wei\u00df, betrunken oder rosa mit Hilfe von Label &#8222;Kleinstkind 50% Schnee von gestern, 50% Papa&#8220; u. a. Kleinstkind- u. a. Fu\u00dfmotiv<br \/>\n<div class=\"main-cross-sell\" data-asin=\"B0196S6GHM\">\n\n\t<div class=\"WooZone-cross-sell-loader\">\n\t\t<div>\n\t\t\t<div id=\"floatingBarsG\">\n\t\t\t\t<div class=\"blockG\" id=\"rotateG_01\"><\/div>\n\t\t\t\t<div class=\"blockG\" id=\"rotateG_02\"><\/div>\n\t\t\t\t<div class=\"blockG\" id=\"rotateG_03\"><\/div>\n\t\t\t\t<div class=\"blockG\" id=\"rotateG_04\"><\/div>\n\t\t\t\t<div class=\"blockG\" id=\"rotateG_05\"><\/div>\n\t\t\t\t<div class=\"blockG\" id=\"rotateG_06\"><\/div>\n\t\t\t\t<div class=\"blockG\" id=\"rotateG_07\"><\/div>\n\t\t\t\t<div class=\"blockG\" id=\"rotateG_08\"><\/div>\n\t\t\t<\/div>\n\t\t\t<div class=\"WooZone-cross-sell-loader-text\"><\/div>\n\t\t<\/div>\n\t<\/div>\n\n\t\t\n<\/div>\n<div style=\"clear:both;\"><\/div><\/p>\n","protected":false},"excerpt":{"rendered":"<p>Klassischer Baby Strampler mit Spruch, Motiv und Druckkn\u00f6pfen &#8211; f\u00fcr M\u00e4dchen und Jungen<br \/>\nAn den Schultern und im Schrittbereich kn\u00f6pfbar<br \/>\nVerschluss: Druckknopf<\/p>\n","protected":false},"featured_media":14855,"comment_status":"open","ping_status":"closed","template":"","meta":[],"product_cat":[120],"product_tag":[],"yoast_head":"<!-- This site is optimized with the Yoast SEO plugin v20.6 - https:\/\/yoast.com\/wordpress\/plugins\/seo\/ -->\n<title>TupTam Unisex Baby Strampler mit Spruch I love Mum and Dad - FamilienMode<\/title>\n<meta name=\"robots\" content=\"index, follow, max-snippet:-1, max-image-preview:large, max-video-preview:-1\" \/>\n<link rel=\"canonical\" href=\"https:\/\/bekleidungscenter.com\/?product=tuptam-unisex-baby-strampler-mit-spruch-mamas-papas-schatz\" \/>\n<meta property=\"og:locale\" content=\"de_DE\" \/>\n<meta property=\"og:type\" content=\"article\" \/>\n<meta property=\"og:title\" content=\"TupTam Unisex Baby Strampler mit Spruch I love Mum and Dad - FamilienMode\" \/>\n<meta property=\"og:description\" content=\"Klassischer Baby Strampler mit Spruch, Motiv und Druckkn\u00f6pfen - f\u00fcr M\u00e4dchen und Jungen An den Schultern und im Schrittbereich kn\u00f6pfbar Verschluss: Druckknopf\" \/>\n<meta property=\"og:url\" content=\"https:\/\/bekleidungscenter.com\/?product=tuptam-unisex-baby-strampler-mit-spruch-mamas-papas-schatz\" \/>\n<meta property=\"og:site_name\" content=\"FamilienMode\" \/>\n<meta property=\"article:modified_time\" content=\"2023-04-10T22:54:49+00:00\" \/>\n<meta property=\"og:image\" content=\"https:\/\/images-na.ssl-images-amazon.com\/images\/I\/31OSINq05lL.jpg\" \/>\n\t<meta property=\"og:image:width\" content=\"500\" \/>\n\t<meta property=\"og:image:height\" content=\"500\" \/>\n\t<meta property=\"og:image:type\" content=\"image\/jpeg\" \/>\n<meta name=\"twitter:card\" content=\"summary_large_image\" \/>\n<script type=\"application\/ld+json\" class=\"yoast-schema-graph\">{\"@context\":\"https:\/\/schema.org\",\"@graph\":[{\"@type\":\"WebPage\",\"@id\":\"https:\/\/bekleidungscenter.com\/?product=tuptam-unisex-baby-strampler-mit-spruch-mamas-papas-schatz\",\"url\":\"https:\/\/bekleidungscenter.com\/?product=tuptam-unisex-baby-strampler-mit-spruch-mamas-papas-schatz\",\"name\":\"TupTam Unisex Baby Strampler mit Spruch I love Mum and Dad - FamilienMode\",\"isPartOf\":{\"@id\":\"https:\/\/bekleidungscenter.com\/#website\"},\"datePublished\":\"2021-01-04T09:03:06+00:00\",\"dateModified\":\"2023-04-10T22:54:49+00:00\",\"breadcrumb\":{\"@id\":\"https:\/\/bekleidungscenter.com\/?product=tuptam-unisex-baby-strampler-mit-spruch-mamas-papas-schatz#breadcrumb\"},\"inLanguage\":\"de\",\"potentialAction\":[{\"@type\":\"ReadAction\",\"target\":[\"https:\/\/bekleidungscenter.com\/?product=tuptam-unisex-baby-strampler-mit-spruch-mamas-papas-schatz\"]}]},{\"@type\":\"BreadcrumbList\",\"@id\":\"https:\/\/bekleidungscenter.com\/?product=tuptam-unisex-baby-strampler-mit-spruch-mamas-papas-schatz#breadcrumb\",\"itemListElement\":[{\"@type\":\"ListItem\",\"position\":1,\"name\":\"Home\",\"item\":\"https:\/\/bekleidungscenter.com\/\"},{\"@type\":\"ListItem\",\"position\":2,\"name\":\"Shop\",\"item\":\"https:\/\/bekleidungscenter.com\/?page_id=7\"},{\"@type\":\"ListItem\",\"position\":3,\"name\":\"TupTam Unisex Baby Strampler mit Spruch I love Mum and Dad\"}]},{\"@type\":\"WebSite\",\"@id\":\"https:\/\/bekleidungscenter.com\/#website\",\"url\":\"https:\/\/bekleidungscenter.com\/\",\"name\":\"FamilienMode\",\"description\":\"Alles f\u00fcr die ganze Familie\",\"potentialAction\":[{\"@type\":\"SearchAction\",\"target\":{\"@type\":\"EntryPoint\",\"urlTemplate\":\"https:\/\/bekleidungscenter.com\/?s={search_term_string}\"},\"query-input\":\"required name=search_term_string\"}],\"inLanguage\":\"de\"}]}<\/script>\n<!-- \/ Yoast SEO plugin. -->","yoast_head_json":{"title":"TupTam Unisex Baby Strampler mit Spruch I love Mum and Dad - FamilienMode","robots":{"index":"index","follow":"follow","max-snippet":"max-snippet:-1","max-image-preview":"max-image-preview:large","max-video-preview":"max-video-preview:-1"},"canonical":"https:\/\/bekleidungscenter.com\/?product=tuptam-unisex-baby-strampler-mit-spruch-mamas-papas-schatz","og_locale":"de_DE","og_type":"article","og_title":"TupTam Unisex Baby Strampler mit Spruch I love Mum and Dad - FamilienMode","og_description":"Klassischer Baby Strampler mit Spruch, Motiv und Druckkn\u00f6pfen - f\u00fcr M\u00e4dchen und Jungen An den Schultern und im Schrittbereich kn\u00f6pfbar Verschluss: Druckknopf","og_url":"https:\/\/bekleidungscenter.com\/?product=tuptam-unisex-baby-strampler-mit-spruch-mamas-papas-schatz","og_site_name":"FamilienMode","article_modified_time":"2023-04-10T22:54:49+00:00","og_image":[{"width":500,"height":500,"url":"https:\/\/images-na.ssl-images-amazon.com\/images\/I\/31OSINq05lL.jpg","type":"image\/jpeg"}],"twitter_card":"summary_large_image","schema":{"@context":"https:\/\/schema.org","@graph":[{"@type":"WebPage","@id":"https:\/\/bekleidungscenter.com\/?product=tuptam-unisex-baby-strampler-mit-spruch-mamas-papas-schatz","url":"https:\/\/bekleidungscenter.com\/?product=tuptam-unisex-baby-strampler-mit-spruch-mamas-papas-schatz","name":"TupTam Unisex Baby Strampler mit Spruch I love Mum and Dad - FamilienMode","isPartOf":{"@id":"https:\/\/bekleidungscenter.com\/#website"},"datePublished":"2021-01-04T09:03:06+00:00","dateModified":"2023-04-10T22:54:49+00:00","breadcrumb":{"@id":"https:\/\/bekleidungscenter.com\/?product=tuptam-unisex-baby-strampler-mit-spruch-mamas-papas-schatz#breadcrumb"},"inLanguage":"de","potentialAction":[{"@type":"ReadAction","target":["https:\/\/bekleidungscenter.com\/?product=tuptam-unisex-baby-strampler-mit-spruch-mamas-papas-schatz"]}]},{"@type":"BreadcrumbList","@id":"https:\/\/bekleidungscenter.com\/?product=tuptam-unisex-baby-strampler-mit-spruch-mamas-papas-schatz#breadcrumb","itemListElement":[{"@type":"ListItem","position":1,"name":"Home","item":"https:\/\/bekleidungscenter.com\/"},{"@type":"ListItem","position":2,"name":"Shop","item":"https:\/\/bekleidungscenter.com\/?page_id=7"},{"@type":"ListItem","position":3,"name":"TupTam Unisex Baby Strampler mit Spruch I love Mum and Dad"}]},{"@type":"WebSite","@id":"https:\/\/bekleidungscenter.com\/#website","url":"https:\/\/bekleidungscenter.com\/","name":"FamilienMode","description":"Alles f\u00fcr die ganze Familie","potentialAction":[{"@type":"SearchAction","target":{"@type":"EntryPoint","urlTemplate":"https:\/\/bekleidungscenter.com\/?s={search_term_string}"},"query-input":"required name=search_term_string"}],"inLanguage":"de"}]}},"_links":{"self":[{"href":"https:\/\/bekleidungscenter.com\/index.php?rest_route=\/wp\/v2\/product\/14853"}],"collection":[{"href":"https:\/\/bekleidungscenter.com\/index.php?rest_route=\/wp\/v2\/product"}],"about":[{"href":"https:\/\/bekleidungscenter.com\/index.php?rest_route=\/wp\/v2\/types\/product"}],"replies":[{"embeddable":true,"href":"https:\/\/bekleidungscenter.com\/index.php?rest_route=%2Fwp%2Fv2%2Fcomments&post=14853"}],"wp:featuredmedia":[{"embeddable":true,"href":"https:\/\/bekleidungscenter.com\/index.php?rest_route=\/wp\/v2\/media\/14855"}],"wp:attachment":[{"href":"https:\/\/bekleidungscenter.com\/index.php?rest_route=%2Fwp%2Fv2%2Fmedia&parent=14853"}],"wp:term":[{"taxonomy":"product_cat","embeddable":true,"href":"https:\/\/bekleidungscenter.com\/index.php?rest_route=%2Fwp%2Fv2%2Fproduct_cat&post=14853"},{"taxonomy":"product_tag","embeddable":true,"href":"https:\/\/bekleidungscenter.com\/index.php?rest_route=%2Fwp%2Fv2%2Fproduct_tag&post=14853"}],"curies":[{"name":"wp","href":"https:\/\/api.w.org\/{rel}","templated":true}]}}