{"id":14865,"date":"2021-01-04T09:03:13","date_gmt":"2021-01-04T09:03:13","guid":{"rendered":"http:\/\/bekleidungscenter.com\/?product=noppies-baby-und-kinder-maedchen-kleid-nevada"},"modified":"2023-04-09T22:56:41","modified_gmt":"2023-04-09T22:56:41","slug":"noppies-baby-und-kinder-maedchen-kleid-nevada","status":"publish","type":"product","link":"https:\/\/bekleidungscenter.com\/?product=noppies-baby-und-kinder-maedchen-kleid-nevada","title":{"rendered":"Noppies Kleid Mattie &#8211; Farbe: &#8211; Gr\u00f6\u00dfe:"},"content":{"rendered":"<p><!-- show up to 2 reviews by default --> <\/p>\n<p>Die M\u00e4dchen kleiden Kirsten van Noppies hat eine feine auch subtile Herzdruck uff das gesamte Gewebe auch Falten von der Taille. Auf Basis von der Pensum, best\u00fccken durch praktischen Druckkn\u00f6pfen , das Kleid bescheiden zu setzen auch auszuziehen. Hergestellt s\u00e4mtliche den weichsten Materialien. <\/p>\n<p>M\u00e4dchenkleid Kirsten von Noppies<br \/>\nAusgestattet durch einem subtilen Herzen Auflage<br \/>\nVerschluss: Druckknopf<br \/>\n95% Baumwolle, 5% Elasthan<br \/>\nEtui<br \/>\nPflegehinweis: Maschinenw\u00e4sche<br \/>\nModellnummer: 67364<br \/>\nKomfortable Klappe durch Druckknopf<br \/>\nPlissee von der Taille<br \/>\nBehaglich auch weich<br \/>\n<div class=\"main-cross-sell\" data-asin=\"B01M1IE56E\">\n\n\t<div class=\"WooZone-cross-sell-loader\">\n\t\t<div>\n\t\t\t<div id=\"floatingBarsG\">\n\t\t\t\t<div class=\"blockG\" id=\"rotateG_01\"><\/div>\n\t\t\t\t<div class=\"blockG\" id=\"rotateG_02\"><\/div>\n\t\t\t\t<div class=\"blockG\" id=\"rotateG_03\"><\/div>\n\t\t\t\t<div class=\"blockG\" id=\"rotateG_04\"><\/div>\n\t\t\t\t<div class=\"blockG\" id=\"rotateG_05\"><\/div>\n\t\t\t\t<div class=\"blockG\" id=\"rotateG_06\"><\/div>\n\t\t\t\t<div class=\"blockG\" id=\"rotateG_07\"><\/div>\n\t\t\t\t<div class=\"blockG\" id=\"rotateG_08\"><\/div>\n\t\t\t<\/div>\n\t\t\t<div class=\"WooZone-cross-sell-loader-text\"><\/div>\n\t\t<\/div>\n\t<\/div>\n\n\t\t\n<\/div>\n<div style=\"clear:both;\"><\/div><\/p>\n","protected":false},"excerpt":{"rendered":"<p>M\u00e4dchenkleid Kirsten von Noppies<br \/>\nAusgestattet mit einem subtilen Herzen Druck<br \/>\nVerschluss: Druckknopf<\/p>\n","protected":false},"featured_media":14866,"comment_status":"open","ping_status":"closed","template":"","meta":[],"product_cat":[120],"product_tag":[],"yoast_head":"<!-- This site is optimized with the Yoast SEO plugin v20.6 - https:\/\/yoast.com\/wordpress\/plugins\/seo\/ -->\n<title>Noppies Kleid Mattie - Farbe: - Gr\u00f6\u00dfe: - FamilienMode<\/title>\n<meta name=\"robots\" content=\"index, follow, max-snippet:-1, max-image-preview:large, max-video-preview:-1\" \/>\n<link rel=\"canonical\" href=\"https:\/\/bekleidungscenter.com\/?product=noppies-baby-und-kinder-maedchen-kleid-nevada\" \/>\n<meta property=\"og:locale\" content=\"de_DE\" \/>\n<meta property=\"og:type\" content=\"article\" \/>\n<meta property=\"og:title\" content=\"Noppies Kleid Mattie - Farbe: - Gr\u00f6\u00dfe: - FamilienMode\" \/>\n<meta property=\"og:description\" content=\"M\u00e4dchenkleid Kirsten von Noppies Ausgestattet mit einem subtilen Herzen Druck Verschluss: Druckknopf\" \/>\n<meta property=\"og:url\" content=\"https:\/\/bekleidungscenter.com\/?product=noppies-baby-und-kinder-maedchen-kleid-nevada\" \/>\n<meta property=\"og:site_name\" content=\"FamilienMode\" \/>\n<meta property=\"article:modified_time\" content=\"2023-04-09T22:56:41+00:00\" \/>\n<meta property=\"og:image\" content=\"https:\/\/images-na.ssl-images-amazon.com\/images\/I\/41nRQQEMAbL.jpg\" \/>\n\t<meta property=\"og:image:width\" content=\"500\" \/>\n\t<meta property=\"og:image:height\" content=\"500\" \/>\n\t<meta property=\"og:image:type\" content=\"image\/jpeg\" \/>\n<meta name=\"twitter:card\" content=\"summary_large_image\" \/>\n<script type=\"application\/ld+json\" class=\"yoast-schema-graph\">{\"@context\":\"https:\/\/schema.org\",\"@graph\":[{\"@type\":\"WebPage\",\"@id\":\"https:\/\/bekleidungscenter.com\/?product=noppies-baby-und-kinder-maedchen-kleid-nevada\",\"url\":\"https:\/\/bekleidungscenter.com\/?product=noppies-baby-und-kinder-maedchen-kleid-nevada\",\"name\":\"Noppies Kleid Mattie - Farbe: - Gr\u00f6\u00dfe: - FamilienMode\",\"isPartOf\":{\"@id\":\"https:\/\/bekleidungscenter.com\/#website\"},\"datePublished\":\"2021-01-04T09:03:13+00:00\",\"dateModified\":\"2023-04-09T22:56:41+00:00\",\"breadcrumb\":{\"@id\":\"https:\/\/bekleidungscenter.com\/?product=noppies-baby-und-kinder-maedchen-kleid-nevada#breadcrumb\"},\"inLanguage\":\"de\",\"potentialAction\":[{\"@type\":\"ReadAction\",\"target\":[\"https:\/\/bekleidungscenter.com\/?product=noppies-baby-und-kinder-maedchen-kleid-nevada\"]}]},{\"@type\":\"BreadcrumbList\",\"@id\":\"https:\/\/bekleidungscenter.com\/?product=noppies-baby-und-kinder-maedchen-kleid-nevada#breadcrumb\",\"itemListElement\":[{\"@type\":\"ListItem\",\"position\":1,\"name\":\"Home\",\"item\":\"https:\/\/bekleidungscenter.com\/\"},{\"@type\":\"ListItem\",\"position\":2,\"name\":\"Shop\",\"item\":\"https:\/\/bekleidungscenter.com\/?page_id=7\"},{\"@type\":\"ListItem\",\"position\":3,\"name\":\"Noppies Kleid Mattie &#8211; Farbe: &#8211; Gr\u00f6\u00dfe:\"}]},{\"@type\":\"WebSite\",\"@id\":\"https:\/\/bekleidungscenter.com\/#website\",\"url\":\"https:\/\/bekleidungscenter.com\/\",\"name\":\"FamilienMode\",\"description\":\"Alles f\u00fcr die ganze Familie\",\"potentialAction\":[{\"@type\":\"SearchAction\",\"target\":{\"@type\":\"EntryPoint\",\"urlTemplate\":\"https:\/\/bekleidungscenter.com\/?s={search_term_string}\"},\"query-input\":\"required name=search_term_string\"}],\"inLanguage\":\"de\"}]}<\/script>\n<!-- \/ Yoast SEO plugin. -->","yoast_head_json":{"title":"Noppies Kleid Mattie - Farbe: - Gr\u00f6\u00dfe: - FamilienMode","robots":{"index":"index","follow":"follow","max-snippet":"max-snippet:-1","max-image-preview":"max-image-preview:large","max-video-preview":"max-video-preview:-1"},"canonical":"https:\/\/bekleidungscenter.com\/?product=noppies-baby-und-kinder-maedchen-kleid-nevada","og_locale":"de_DE","og_type":"article","og_title":"Noppies Kleid Mattie - Farbe: - Gr\u00f6\u00dfe: - FamilienMode","og_description":"M\u00e4dchenkleid Kirsten von Noppies Ausgestattet mit einem subtilen Herzen Druck Verschluss: Druckknopf","og_url":"https:\/\/bekleidungscenter.com\/?product=noppies-baby-und-kinder-maedchen-kleid-nevada","og_site_name":"FamilienMode","article_modified_time":"2023-04-09T22:56:41+00:00","og_image":[{"width":500,"height":500,"url":"https:\/\/images-na.ssl-images-amazon.com\/images\/I\/41nRQQEMAbL.jpg","type":"image\/jpeg"}],"twitter_card":"summary_large_image","schema":{"@context":"https:\/\/schema.org","@graph":[{"@type":"WebPage","@id":"https:\/\/bekleidungscenter.com\/?product=noppies-baby-und-kinder-maedchen-kleid-nevada","url":"https:\/\/bekleidungscenter.com\/?product=noppies-baby-und-kinder-maedchen-kleid-nevada","name":"Noppies Kleid Mattie - Farbe: - Gr\u00f6\u00dfe: - FamilienMode","isPartOf":{"@id":"https:\/\/bekleidungscenter.com\/#website"},"datePublished":"2021-01-04T09:03:13+00:00","dateModified":"2023-04-09T22:56:41+00:00","breadcrumb":{"@id":"https:\/\/bekleidungscenter.com\/?product=noppies-baby-und-kinder-maedchen-kleid-nevada#breadcrumb"},"inLanguage":"de","potentialAction":[{"@type":"ReadAction","target":["https:\/\/bekleidungscenter.com\/?product=noppies-baby-und-kinder-maedchen-kleid-nevada"]}]},{"@type":"BreadcrumbList","@id":"https:\/\/bekleidungscenter.com\/?product=noppies-baby-und-kinder-maedchen-kleid-nevada#breadcrumb","itemListElement":[{"@type":"ListItem","position":1,"name":"Home","item":"https:\/\/bekleidungscenter.com\/"},{"@type":"ListItem","position":2,"name":"Shop","item":"https:\/\/bekleidungscenter.com\/?page_id=7"},{"@type":"ListItem","position":3,"name":"Noppies Kleid Mattie &#8211; Farbe: &#8211; Gr\u00f6\u00dfe:"}]},{"@type":"WebSite","@id":"https:\/\/bekleidungscenter.com\/#website","url":"https:\/\/bekleidungscenter.com\/","name":"FamilienMode","description":"Alles f\u00fcr die ganze Familie","potentialAction":[{"@type":"SearchAction","target":{"@type":"EntryPoint","urlTemplate":"https:\/\/bekleidungscenter.com\/?s={search_term_string}"},"query-input":"required name=search_term_string"}],"inLanguage":"de"}]}},"_links":{"self":[{"href":"https:\/\/bekleidungscenter.com\/index.php?rest_route=\/wp\/v2\/product\/14865"}],"collection":[{"href":"https:\/\/bekleidungscenter.com\/index.php?rest_route=\/wp\/v2\/product"}],"about":[{"href":"https:\/\/bekleidungscenter.com\/index.php?rest_route=\/wp\/v2\/types\/product"}],"replies":[{"embeddable":true,"href":"https:\/\/bekleidungscenter.com\/index.php?rest_route=%2Fwp%2Fv2%2Fcomments&post=14865"}],"wp:featuredmedia":[{"embeddable":true,"href":"https:\/\/bekleidungscenter.com\/index.php?rest_route=\/wp\/v2\/media\/14866"}],"wp:attachment":[{"href":"https:\/\/bekleidungscenter.com\/index.php?rest_route=%2Fwp%2Fv2%2Fmedia&parent=14865"}],"wp:term":[{"taxonomy":"product_cat","embeddable":true,"href":"https:\/\/bekleidungscenter.com\/index.php?rest_route=%2Fwp%2Fv2%2Fproduct_cat&post=14865"},{"taxonomy":"product_tag","embeddable":true,"href":"https:\/\/bekleidungscenter.com\/index.php?rest_route=%2Fwp%2Fv2%2Fproduct_tag&post=14865"}],"curies":[{"name":"wp","href":"https:\/\/api.w.org\/{rel}","templated":true}]}}