{"id":14995,"date":"2021-01-04T09:04:42","date_gmt":"2021-01-04T09:04:42","guid":{"rendered":"http:\/\/bekleidungscenter.com\/?product=baby-maedchen-tuetue-strampler-spielanzug-langarm-footies-overalls-saeugling-schlafanzug"},"modified":"2023-04-09T22:56:43","modified_gmt":"2023-04-09T22:56:43","slug":"baby-maedchen-tuetue-strampler-spielanzug-langarm-footies-overalls-saeugling-schlafanzug","status":"publish","type":"product","link":"https:\/\/bekleidungscenter.com\/?product=baby-maedchen-tuetue-strampler-spielanzug-langarm-footies-overalls-saeugling-schlafanzug","title":{"rendered":"Baby M\u00e4dchen Spielanzug, Flamingo T\u00fct\u00fc Strampler mit Fu\u00df Langarm Overalls Schlafanzug Baumwolle Jumpsuit Outfits"},"content":{"rendered":"<p><!-- show up to 2 reviews by default --> <\/p>\n<p><b> Eigenschaften: <\/b> <br \/> Material: 100% Baumwolle. <br \/> Jahreszeit: Fr\u00fchling, Sommer, Herbst, Winter. <\/p>\n<p><b> Gr\u00f6\u00dfe: <\/b> <br \/> 0-3 Monate \/ L\u00e4nge 52cm \/ B\u00fcste 51cm \/ \u00c4rmel 23cm \/ Weiche 37cm \/ H\u00f6he 56-62cm \/ <b> Footed <\/b> <br \/> 3-6 Monate \/ L\u00e4nge 56cm \/ B\u00fcste 54cm \/ \u00c4rmel 25cm \/ Weiche 40cm \/ H\u00f6he 62-68cm \/ <b> Footed <\/b> <br \/> 6-9 Monate \/ L\u00e4nge 62cm \/ B\u00fcste 56cm \/ \u00c4rmel 27cm \/ Weiche 42cm \/ H\u00f6he 68-74cm \/ <b> Footed <\/b> <br \/> 9-12 Monate \/ L\u00e4nge 66cm \/ B\u00fcste 57cm \/ \u00c4rmel 30cm \/ Weiche 46cm \/ H\u00f6he 74-80cm <br \/> 12-18 Monate \/ L\u00e4nge 70cm \/ B\u00fcste 58cm \/ \u00c4rmel 31cm \/ Weiche 50cm \/ H\u00f6he 80-86cm <br \/> 18-24 Monate \/ L\u00e4nge 75cm \/ B\u00fcste 62cm \/ \u00c4rmel 32cm \/ Weiche 51cm \/ H\u00f6he 86-92cm <\/p>\n<p><b> Freundliche Tipps: <\/b> <br \/> Die Gr\u00f6\u00dfe wird von den H\u00e4nden gemessen, eine leichte Aberration (1-3cm) wird aufgrund unterschiedlicher Ma\u00dfmethode exsit sein. <br \/> Funktion Farbe k\u00f6nnte ein wenig originell qua das tats\u00e4chliche Produkt aufgrund Farbdisplay von verschiedenen Monitoren. <\/p>\n<p>Baby M\u00e4dchen Einteiliger Baumwoll-Tutu-Spielanzug.<br \/>\nLap Schulter Design. Erweiterbar f\u00fcr einfaches Verstreben.<br \/>\nBaumwolle, Polyester<br \/>\nSchnappt am Stufe f\u00fcr einfache Windeln bessern.<br \/>\nEmpfohlen f\u00fcr t\u00e4gliche Kleidung, Schlafanz\u00fcge, Indoor-Aktivit\u00e4ten, etc.<br \/>\nPassend f\u00fcr Baby M\u00e4dchen von 0-24 Monaten. Bitte \u00fcberpr\u00fcfen Sie die Gr\u00f6\u00dfenangaben, um die beste Passform zu stimmen.<br \/>\n<div class=\"main-cross-sell\" data-asin=\"B07331GWPF\">\n\n\t<div class=\"WooZone-cross-sell-loader\">\n\t\t<div>\n\t\t\t<div id=\"floatingBarsG\">\n\t\t\t\t<div class=\"blockG\" id=\"rotateG_01\"><\/div>\n\t\t\t\t<div class=\"blockG\" id=\"rotateG_02\"><\/div>\n\t\t\t\t<div class=\"blockG\" id=\"rotateG_03\"><\/div>\n\t\t\t\t<div class=\"blockG\" id=\"rotateG_04\"><\/div>\n\t\t\t\t<div class=\"blockG\" id=\"rotateG_05\"><\/div>\n\t\t\t\t<div class=\"blockG\" id=\"rotateG_06\"><\/div>\n\t\t\t\t<div class=\"blockG\" id=\"rotateG_07\"><\/div>\n\t\t\t\t<div class=\"blockG\" id=\"rotateG_08\"><\/div>\n\t\t\t<\/div>\n\t\t\t<div class=\"WooZone-cross-sell-loader-text\"><\/div>\n\t\t<\/div>\n\t<\/div>\n\n\t\t\n<\/div>\n<div style=\"clear:both;\"><\/div><\/p>\n","protected":false},"excerpt":{"rendered":"<p>Baby M\u00e4dchen Einteiliger Baumwoll-Tutu-Spielanzug.<br \/>\nLap Schulter Design. Erweiterbar f\u00fcr einfaches Tragen.<br \/>\nBaumwolle, Polyester<\/p>\n","protected":false},"featured_media":14997,"comment_status":"open","ping_status":"closed","template":"","meta":[],"product_cat":[120],"product_tag":[],"yoast_head":"<!-- This site is optimized with the Yoast SEO plugin v20.6 - https:\/\/yoast.com\/wordpress\/plugins\/seo\/ -->\n<title>Baby M\u00e4dchen Spielanzug, Flamingo T\u00fct\u00fc Strampler mit Fu\u00df Langarm Overalls Schlafanzug Baumwolle Jumpsuit Outfits - FamilienMode<\/title>\n<meta name=\"robots\" content=\"index, follow, max-snippet:-1, max-image-preview:large, max-video-preview:-1\" \/>\n<link rel=\"canonical\" href=\"https:\/\/bekleidungscenter.com\/?product=baby-maedchen-tuetue-strampler-spielanzug-langarm-footies-overalls-saeugling-schlafanzug\" \/>\n<meta property=\"og:locale\" content=\"de_DE\" \/>\n<meta property=\"og:type\" content=\"article\" \/>\n<meta property=\"og:title\" content=\"Baby M\u00e4dchen Spielanzug, Flamingo T\u00fct\u00fc Strampler mit Fu\u00df Langarm Overalls Schlafanzug Baumwolle Jumpsuit Outfits - FamilienMode\" \/>\n<meta property=\"og:description\" content=\"Baby M\u00e4dchen Einteiliger Baumwoll-Tutu-Spielanzug. Lap Schulter Design. Erweiterbar f\u00fcr einfaches Tragen. Baumwolle, Polyester\" \/>\n<meta property=\"og:url\" content=\"https:\/\/bekleidungscenter.com\/?product=baby-maedchen-tuetue-strampler-spielanzug-langarm-footies-overalls-saeugling-schlafanzug\" \/>\n<meta property=\"og:site_name\" content=\"FamilienMode\" \/>\n<meta property=\"article:modified_time\" content=\"2023-04-09T22:56:43+00:00\" \/>\n<meta property=\"og:image\" content=\"https:\/\/images-na.ssl-images-amazon.com\/images\/I\/41z8ubdhz2L.jpg\" \/>\n\t<meta property=\"og:image:width\" content=\"500\" \/>\n\t<meta property=\"og:image:height\" content=\"500\" \/>\n\t<meta property=\"og:image:type\" content=\"image\/jpeg\" \/>\n<meta name=\"twitter:card\" content=\"summary_large_image\" \/>\n<meta name=\"twitter:label1\" content=\"Gesch\u00e4tzte Lesezeit\" \/>\n\t<meta name=\"twitter:data1\" content=\"1\u00a0Minute\" \/>\n<script type=\"application\/ld+json\" class=\"yoast-schema-graph\">{\"@context\":\"https:\/\/schema.org\",\"@graph\":[{\"@type\":\"WebPage\",\"@id\":\"https:\/\/bekleidungscenter.com\/?product=baby-maedchen-tuetue-strampler-spielanzug-langarm-footies-overalls-saeugling-schlafanzug\",\"url\":\"https:\/\/bekleidungscenter.com\/?product=baby-maedchen-tuetue-strampler-spielanzug-langarm-footies-overalls-saeugling-schlafanzug\",\"name\":\"Baby M\u00e4dchen Spielanzug, Flamingo T\u00fct\u00fc Strampler mit Fu\u00df Langarm Overalls Schlafanzug Baumwolle Jumpsuit Outfits - FamilienMode\",\"isPartOf\":{\"@id\":\"https:\/\/bekleidungscenter.com\/#website\"},\"datePublished\":\"2021-01-04T09:04:42+00:00\",\"dateModified\":\"2023-04-09T22:56:43+00:00\",\"breadcrumb\":{\"@id\":\"https:\/\/bekleidungscenter.com\/?product=baby-maedchen-tuetue-strampler-spielanzug-langarm-footies-overalls-saeugling-schlafanzug#breadcrumb\"},\"inLanguage\":\"de\",\"potentialAction\":[{\"@type\":\"ReadAction\",\"target\":[\"https:\/\/bekleidungscenter.com\/?product=baby-maedchen-tuetue-strampler-spielanzug-langarm-footies-overalls-saeugling-schlafanzug\"]}]},{\"@type\":\"BreadcrumbList\",\"@id\":\"https:\/\/bekleidungscenter.com\/?product=baby-maedchen-tuetue-strampler-spielanzug-langarm-footies-overalls-saeugling-schlafanzug#breadcrumb\",\"itemListElement\":[{\"@type\":\"ListItem\",\"position\":1,\"name\":\"Home\",\"item\":\"https:\/\/bekleidungscenter.com\/\"},{\"@type\":\"ListItem\",\"position\":2,\"name\":\"Shop\",\"item\":\"https:\/\/bekleidungscenter.com\/?page_id=7\"},{\"@type\":\"ListItem\",\"position\":3,\"name\":\"Baby M\u00e4dchen Spielanzug, Flamingo T\u00fct\u00fc Strampler mit Fu\u00df Langarm Overalls Schlafanzug Baumwolle Jumpsuit Outfits\"}]},{\"@type\":\"WebSite\",\"@id\":\"https:\/\/bekleidungscenter.com\/#website\",\"url\":\"https:\/\/bekleidungscenter.com\/\",\"name\":\"FamilienMode\",\"description\":\"Alles f\u00fcr die ganze Familie\",\"potentialAction\":[{\"@type\":\"SearchAction\",\"target\":{\"@type\":\"EntryPoint\",\"urlTemplate\":\"https:\/\/bekleidungscenter.com\/?s={search_term_string}\"},\"query-input\":\"required name=search_term_string\"}],\"inLanguage\":\"de\"}]}<\/script>\n<!-- \/ Yoast SEO plugin. -->","yoast_head_json":{"title":"Baby M\u00e4dchen Spielanzug, Flamingo T\u00fct\u00fc Strampler mit Fu\u00df Langarm Overalls Schlafanzug Baumwolle Jumpsuit Outfits - FamilienMode","robots":{"index":"index","follow":"follow","max-snippet":"max-snippet:-1","max-image-preview":"max-image-preview:large","max-video-preview":"max-video-preview:-1"},"canonical":"https:\/\/bekleidungscenter.com\/?product=baby-maedchen-tuetue-strampler-spielanzug-langarm-footies-overalls-saeugling-schlafanzug","og_locale":"de_DE","og_type":"article","og_title":"Baby M\u00e4dchen Spielanzug, Flamingo T\u00fct\u00fc Strampler mit Fu\u00df Langarm Overalls Schlafanzug Baumwolle Jumpsuit Outfits - FamilienMode","og_description":"Baby M\u00e4dchen Einteiliger Baumwoll-Tutu-Spielanzug. Lap Schulter Design. Erweiterbar f\u00fcr einfaches Tragen. Baumwolle, Polyester","og_url":"https:\/\/bekleidungscenter.com\/?product=baby-maedchen-tuetue-strampler-spielanzug-langarm-footies-overalls-saeugling-schlafanzug","og_site_name":"FamilienMode","article_modified_time":"2023-04-09T22:56:43+00:00","og_image":[{"width":500,"height":500,"url":"https:\/\/images-na.ssl-images-amazon.com\/images\/I\/41z8ubdhz2L.jpg","type":"image\/jpeg"}],"twitter_card":"summary_large_image","twitter_misc":{"Gesch\u00e4tzte Lesezeit":"1\u00a0Minute"},"schema":{"@context":"https:\/\/schema.org","@graph":[{"@type":"WebPage","@id":"https:\/\/bekleidungscenter.com\/?product=baby-maedchen-tuetue-strampler-spielanzug-langarm-footies-overalls-saeugling-schlafanzug","url":"https:\/\/bekleidungscenter.com\/?product=baby-maedchen-tuetue-strampler-spielanzug-langarm-footies-overalls-saeugling-schlafanzug","name":"Baby M\u00e4dchen Spielanzug, Flamingo T\u00fct\u00fc Strampler mit Fu\u00df Langarm Overalls Schlafanzug Baumwolle Jumpsuit Outfits - FamilienMode","isPartOf":{"@id":"https:\/\/bekleidungscenter.com\/#website"},"datePublished":"2021-01-04T09:04:42+00:00","dateModified":"2023-04-09T22:56:43+00:00","breadcrumb":{"@id":"https:\/\/bekleidungscenter.com\/?product=baby-maedchen-tuetue-strampler-spielanzug-langarm-footies-overalls-saeugling-schlafanzug#breadcrumb"},"inLanguage":"de","potentialAction":[{"@type":"ReadAction","target":["https:\/\/bekleidungscenter.com\/?product=baby-maedchen-tuetue-strampler-spielanzug-langarm-footies-overalls-saeugling-schlafanzug"]}]},{"@type":"BreadcrumbList","@id":"https:\/\/bekleidungscenter.com\/?product=baby-maedchen-tuetue-strampler-spielanzug-langarm-footies-overalls-saeugling-schlafanzug#breadcrumb","itemListElement":[{"@type":"ListItem","position":1,"name":"Home","item":"https:\/\/bekleidungscenter.com\/"},{"@type":"ListItem","position":2,"name":"Shop","item":"https:\/\/bekleidungscenter.com\/?page_id=7"},{"@type":"ListItem","position":3,"name":"Baby M\u00e4dchen Spielanzug, Flamingo T\u00fct\u00fc Strampler mit Fu\u00df Langarm Overalls Schlafanzug Baumwolle Jumpsuit Outfits"}]},{"@type":"WebSite","@id":"https:\/\/bekleidungscenter.com\/#website","url":"https:\/\/bekleidungscenter.com\/","name":"FamilienMode","description":"Alles f\u00fcr die ganze Familie","potentialAction":[{"@type":"SearchAction","target":{"@type":"EntryPoint","urlTemplate":"https:\/\/bekleidungscenter.com\/?s={search_term_string}"},"query-input":"required name=search_term_string"}],"inLanguage":"de"}]}},"_links":{"self":[{"href":"https:\/\/bekleidungscenter.com\/index.php?rest_route=\/wp\/v2\/product\/14995"}],"collection":[{"href":"https:\/\/bekleidungscenter.com\/index.php?rest_route=\/wp\/v2\/product"}],"about":[{"href":"https:\/\/bekleidungscenter.com\/index.php?rest_route=\/wp\/v2\/types\/product"}],"replies":[{"embeddable":true,"href":"https:\/\/bekleidungscenter.com\/index.php?rest_route=%2Fwp%2Fv2%2Fcomments&post=14995"}],"wp:featuredmedia":[{"embeddable":true,"href":"https:\/\/bekleidungscenter.com\/index.php?rest_route=\/wp\/v2\/media\/14997"}],"wp:attachment":[{"href":"https:\/\/bekleidungscenter.com\/index.php?rest_route=%2Fwp%2Fv2%2Fmedia&parent=14995"}],"wp:term":[{"taxonomy":"product_cat","embeddable":true,"href":"https:\/\/bekleidungscenter.com\/index.php?rest_route=%2Fwp%2Fv2%2Fproduct_cat&post=14995"},{"taxonomy":"product_tag","embeddable":true,"href":"https:\/\/bekleidungscenter.com\/index.php?rest_route=%2Fwp%2Fv2%2Fproduct_tag&post=14995"}],"curies":[{"name":"wp","href":"https:\/\/api.w.org\/{rel}","templated":true}]}}