{"id":15004,"date":"2021-01-04T09:04:48","date_gmt":"2021-01-04T09:04:48","guid":{"rendered":"http:\/\/bekleidungscenter.com\/?product=puseky-strampleroverall-des-neugeborenen-babymaedchens-mit-kapuze-einteilige-bodysuitoberbekleidung"},"modified":"2023-04-09T22:56:43","modified_gmt":"2023-04-09T22:56:43","slug":"puseky-strampleroverall-des-neugeborenen-babymaedchens-mit-kapuze-einteilige-bodysuitoberbekleidung","status":"publish","type":"product","link":"https:\/\/bekleidungscenter.com\/?product=puseky-strampleroverall-des-neugeborenen-babymaedchens-mit-kapuze-einteilige-bodysuitoberbekleidung","title":{"rendered":"puseky Strampleroverall des neugeborenen Babym\u00e4dchens mit Kapuze Einteilige Bodysuitoberbekleidung"},"content":{"rendered":"<p><!-- show up to 2 reviews by default --> <\/p>\n<p>Eigenschaften: <br \/> S\u00fc\u00dfe einteilige Strampler-Jumpsuit-Kleidung mit Kapuze f\u00fcr Neugeborene <br \/> Aufgebraucht hochwertiger Acrylfaser gestrickt, weich, atmungsaktiv und warm zu befestigen <br \/> Mit Kapuze und zwei Bommeln macht Ihr Baby mehr entz\u00fcckender <br \/> Knopfverschluss vorne, leicht an- und auszuziehen <br \/> Nach Ma\u00df f\u00fcr Party, Routine, Freizeit usw. <br \/> Aber Overall, sonstiges Zubeh\u00f6r nicht enthalten <\/p>\n<p> Spezifikation: <br \/> Material: Acrylfasern <br \/> Farbe: Hellrosa \/Hellblau \/Beigewei\u00df \/Grau (optional) <br \/> Gr\u00f6\u00dfe: 66\/73\/80\/90 (optional) <\/p>\n<p> Hinweis: <br \/> 1. Die gr\u00f6\u00dfe ist Aber als referenz. Bitte \u00fcberpr\u00fcfen Sie die Ma\u00dfe, um die richtige Gr\u00f6\u00dfe f\u00fcr Ihr Baby zu Entscheidung! <br \/> Bitte Entscheidung Sie in der Zwischenzeit die gr\u00f6\u00dfere Gr\u00f6\u00dfe, da Babys im gleichen Alter vielleicht eine andere Gr\u00f6\u00dfe haben. <br \/> 2. Bitte erlauben Sie 1-3cm (0.4-1.18 &#8222;) Abweichung dieweil des manuellen Ma\u00dfes und der geringf\u00fcgigen Farbver\u00e4nderung f\u00fcr unterschiedliche Anzeigeneinstellungen. <br \/> Vielen Dank f\u00fcr Ihr Verst\u00e4ndnis, sch\u00f6nen Tag! <\/p>\n<p> Paket Beinhaltet: <br \/> 1 x Overall <\/p>\n<p>Material: Der Strampler besteht Aufgebraucht hochwertigen Baumwollstrickmaterialien, ist weich, atmungsaktiv und bequem und schadet der Haut Ihres Babys nicht.<br \/>\nStil: Strickmaterial und Kapuze mit Pom Poms, die Baby-Outfit-Sets sauber und sch\u00f6n machen, besonders sch\u00f6n! Dieser Babyspielanzug ist f\u00fcr die t\u00e4gliche Kleidung Ihres Babys, besondere Anl\u00e4sse, Geburtstage und Fotos Nach Ma\u00df.<br \/>\nKnit<br \/>\nGeschenk: Dieses Baby-Outfit-Set ist das beste Geschenk f\u00fcr Ihren s\u00fc\u00dfen Kleinkind-Baby-Geburtstag, Cousin-Baby, Nichten-Baby, Enkelin &#8230; Speziell f\u00fcr Ihr kleines Baby. Erschwinglich und langlebig.<br \/>\nGr\u00f6\u00dfe: Baby stricken kapuze strampler fit f\u00fcr neugeborene kleinkind baby 0-6 monate, 6-12 monate, 12-18 monate, 18-24 monate, 0-2 jahre alt.<br \/>\nPaket: 1 x Hoodie Strampler, Nach Ma\u00df f\u00fcr Fr\u00fchling, Herbst und Winter, und kalte Tage.<br \/>\n<div class=\"main-cross-sell\" data-asin=\"B07W69FTCL\">\n\n\t<div class=\"WooZone-cross-sell-loader\">\n\t\t<div>\n\t\t\t<div id=\"floatingBarsG\">\n\t\t\t\t<div class=\"blockG\" id=\"rotateG_01\"><\/div>\n\t\t\t\t<div class=\"blockG\" id=\"rotateG_02\"><\/div>\n\t\t\t\t<div class=\"blockG\" id=\"rotateG_03\"><\/div>\n\t\t\t\t<div class=\"blockG\" id=\"rotateG_04\"><\/div>\n\t\t\t\t<div class=\"blockG\" id=\"rotateG_05\"><\/div>\n\t\t\t\t<div class=\"blockG\" id=\"rotateG_06\"><\/div>\n\t\t\t\t<div class=\"blockG\" id=\"rotateG_07\"><\/div>\n\t\t\t\t<div class=\"blockG\" id=\"rotateG_08\"><\/div>\n\t\t\t<\/div>\n\t\t\t<div class=\"WooZone-cross-sell-loader-text\"><\/div>\n\t\t<\/div>\n\t<\/div>\n\n\t\t\n<\/div>\n<div style=\"clear:both;\"><\/div><\/p>\n","protected":false},"excerpt":{"rendered":"<p>Material: Der Strampler besteht aus hochwertigen Baumwollstrickmaterialien, ist weich, atmungsaktiv und bequem und schadet der Haut Ihres Babys nicht.<br \/>\nStil: Strickmaterial und Kapuze mit Pom Poms, die Baby-Outfit-Sets sauber und sch\u00f6n machen, sehr sch\u00f6n! Dieser Babyspielanzug ist f\u00fcr die t\u00e4gliche Kleidung Ihres Babys, besondere Anl\u00e4sse, Geburtstage und Fotos geeignet.<br \/>\nKnit<\/p>\n","protected":false},"featured_media":15008,"comment_status":"open","ping_status":"closed","template":"","meta":[],"product_cat":[120],"product_tag":[],"yoast_head":"<!-- This site is optimized with the Yoast SEO plugin v20.6 - https:\/\/yoast.com\/wordpress\/plugins\/seo\/ -->\n<title>puseky Strampleroverall des neugeborenen Babym\u00e4dchens mit Kapuze Einteilige Bodysuitoberbekleidung - FamilienMode<\/title>\n<meta name=\"robots\" content=\"index, follow, max-snippet:-1, max-image-preview:large, max-video-preview:-1\" \/>\n<link rel=\"canonical\" href=\"https:\/\/bekleidungscenter.com\/?product=puseky-strampleroverall-des-neugeborenen-babymaedchens-mit-kapuze-einteilige-bodysuitoberbekleidung\" \/>\n<meta property=\"og:locale\" content=\"de_DE\" \/>\n<meta property=\"og:type\" content=\"article\" \/>\n<meta property=\"og:title\" content=\"puseky Strampleroverall des neugeborenen Babym\u00e4dchens mit Kapuze Einteilige Bodysuitoberbekleidung - FamilienMode\" \/>\n<meta property=\"og:description\" content=\"Material: Der Strampler besteht aus hochwertigen Baumwollstrickmaterialien, ist weich, atmungsaktiv und bequem und schadet der Haut Ihres Babys nicht. Stil: Strickmaterial und Kapuze mit Pom Poms, die Baby-Outfit-Sets sauber und sch\u00f6n machen, sehr sch\u00f6n! Dieser Babyspielanzug ist f\u00fcr die t\u00e4gliche Kleidung Ihres Babys, besondere Anl\u00e4sse, Geburtstage und Fotos geeignet. Knit\" \/>\n<meta property=\"og:url\" content=\"https:\/\/bekleidungscenter.com\/?product=puseky-strampleroverall-des-neugeborenen-babymaedchens-mit-kapuze-einteilige-bodysuitoberbekleidung\" \/>\n<meta property=\"og:site_name\" content=\"FamilienMode\" \/>\n<meta property=\"article:modified_time\" content=\"2023-04-09T22:56:43+00:00\" \/>\n<meta property=\"og:image\" content=\"https:\/\/images-na.ssl-images-amazon.com\/images\/I\/51KAGEFiRtL.jpg\" \/>\n\t<meta property=\"og:image:width\" content=\"500\" \/>\n\t<meta property=\"og:image:height\" content=\"500\" \/>\n\t<meta property=\"og:image:type\" content=\"image\/jpeg\" \/>\n<meta name=\"twitter:card\" content=\"summary_large_image\" \/>\n<meta name=\"twitter:label1\" content=\"Gesch\u00e4tzte Lesezeit\" \/>\n\t<meta name=\"twitter:data1\" content=\"1\u00a0Minute\" \/>\n<script type=\"application\/ld+json\" class=\"yoast-schema-graph\">{\"@context\":\"https:\/\/schema.org\",\"@graph\":[{\"@type\":\"WebPage\",\"@id\":\"https:\/\/bekleidungscenter.com\/?product=puseky-strampleroverall-des-neugeborenen-babymaedchens-mit-kapuze-einteilige-bodysuitoberbekleidung\",\"url\":\"https:\/\/bekleidungscenter.com\/?product=puseky-strampleroverall-des-neugeborenen-babymaedchens-mit-kapuze-einteilige-bodysuitoberbekleidung\",\"name\":\"puseky Strampleroverall des neugeborenen Babym\u00e4dchens mit Kapuze Einteilige Bodysuitoberbekleidung - FamilienMode\",\"isPartOf\":{\"@id\":\"https:\/\/bekleidungscenter.com\/#website\"},\"datePublished\":\"2021-01-04T09:04:48+00:00\",\"dateModified\":\"2023-04-09T22:56:43+00:00\",\"breadcrumb\":{\"@id\":\"https:\/\/bekleidungscenter.com\/?product=puseky-strampleroverall-des-neugeborenen-babymaedchens-mit-kapuze-einteilige-bodysuitoberbekleidung#breadcrumb\"},\"inLanguage\":\"de\",\"potentialAction\":[{\"@type\":\"ReadAction\",\"target\":[\"https:\/\/bekleidungscenter.com\/?product=puseky-strampleroverall-des-neugeborenen-babymaedchens-mit-kapuze-einteilige-bodysuitoberbekleidung\"]}]},{\"@type\":\"BreadcrumbList\",\"@id\":\"https:\/\/bekleidungscenter.com\/?product=puseky-strampleroverall-des-neugeborenen-babymaedchens-mit-kapuze-einteilige-bodysuitoberbekleidung#breadcrumb\",\"itemListElement\":[{\"@type\":\"ListItem\",\"position\":1,\"name\":\"Home\",\"item\":\"https:\/\/bekleidungscenter.com\/\"},{\"@type\":\"ListItem\",\"position\":2,\"name\":\"Shop\",\"item\":\"https:\/\/bekleidungscenter.com\/?page_id=7\"},{\"@type\":\"ListItem\",\"position\":3,\"name\":\"puseky Strampleroverall des neugeborenen Babym\u00e4dchens mit Kapuze Einteilige Bodysuitoberbekleidung\"}]},{\"@type\":\"WebSite\",\"@id\":\"https:\/\/bekleidungscenter.com\/#website\",\"url\":\"https:\/\/bekleidungscenter.com\/\",\"name\":\"FamilienMode\",\"description\":\"Alles f\u00fcr die ganze Familie\",\"potentialAction\":[{\"@type\":\"SearchAction\",\"target\":{\"@type\":\"EntryPoint\",\"urlTemplate\":\"https:\/\/bekleidungscenter.com\/?s={search_term_string}\"},\"query-input\":\"required name=search_term_string\"}],\"inLanguage\":\"de\"}]}<\/script>\n<!-- \/ Yoast SEO plugin. -->","yoast_head_json":{"title":"puseky Strampleroverall des neugeborenen Babym\u00e4dchens mit Kapuze Einteilige Bodysuitoberbekleidung - FamilienMode","robots":{"index":"index","follow":"follow","max-snippet":"max-snippet:-1","max-image-preview":"max-image-preview:large","max-video-preview":"max-video-preview:-1"},"canonical":"https:\/\/bekleidungscenter.com\/?product=puseky-strampleroverall-des-neugeborenen-babymaedchens-mit-kapuze-einteilige-bodysuitoberbekleidung","og_locale":"de_DE","og_type":"article","og_title":"puseky Strampleroverall des neugeborenen Babym\u00e4dchens mit Kapuze Einteilige Bodysuitoberbekleidung - FamilienMode","og_description":"Material: Der Strampler besteht aus hochwertigen Baumwollstrickmaterialien, ist weich, atmungsaktiv und bequem und schadet der Haut Ihres Babys nicht. Stil: Strickmaterial und Kapuze mit Pom Poms, die Baby-Outfit-Sets sauber und sch\u00f6n machen, sehr sch\u00f6n! Dieser Babyspielanzug ist f\u00fcr die t\u00e4gliche Kleidung Ihres Babys, besondere Anl\u00e4sse, Geburtstage und Fotos geeignet. Knit","og_url":"https:\/\/bekleidungscenter.com\/?product=puseky-strampleroverall-des-neugeborenen-babymaedchens-mit-kapuze-einteilige-bodysuitoberbekleidung","og_site_name":"FamilienMode","article_modified_time":"2023-04-09T22:56:43+00:00","og_image":[{"width":500,"height":500,"url":"https:\/\/images-na.ssl-images-amazon.com\/images\/I\/51KAGEFiRtL.jpg","type":"image\/jpeg"}],"twitter_card":"summary_large_image","twitter_misc":{"Gesch\u00e4tzte Lesezeit":"1\u00a0Minute"},"schema":{"@context":"https:\/\/schema.org","@graph":[{"@type":"WebPage","@id":"https:\/\/bekleidungscenter.com\/?product=puseky-strampleroverall-des-neugeborenen-babymaedchens-mit-kapuze-einteilige-bodysuitoberbekleidung","url":"https:\/\/bekleidungscenter.com\/?product=puseky-strampleroverall-des-neugeborenen-babymaedchens-mit-kapuze-einteilige-bodysuitoberbekleidung","name":"puseky Strampleroverall des neugeborenen Babym\u00e4dchens mit Kapuze Einteilige Bodysuitoberbekleidung - FamilienMode","isPartOf":{"@id":"https:\/\/bekleidungscenter.com\/#website"},"datePublished":"2021-01-04T09:04:48+00:00","dateModified":"2023-04-09T22:56:43+00:00","breadcrumb":{"@id":"https:\/\/bekleidungscenter.com\/?product=puseky-strampleroverall-des-neugeborenen-babymaedchens-mit-kapuze-einteilige-bodysuitoberbekleidung#breadcrumb"},"inLanguage":"de","potentialAction":[{"@type":"ReadAction","target":["https:\/\/bekleidungscenter.com\/?product=puseky-strampleroverall-des-neugeborenen-babymaedchens-mit-kapuze-einteilige-bodysuitoberbekleidung"]}]},{"@type":"BreadcrumbList","@id":"https:\/\/bekleidungscenter.com\/?product=puseky-strampleroverall-des-neugeborenen-babymaedchens-mit-kapuze-einteilige-bodysuitoberbekleidung#breadcrumb","itemListElement":[{"@type":"ListItem","position":1,"name":"Home","item":"https:\/\/bekleidungscenter.com\/"},{"@type":"ListItem","position":2,"name":"Shop","item":"https:\/\/bekleidungscenter.com\/?page_id=7"},{"@type":"ListItem","position":3,"name":"puseky Strampleroverall des neugeborenen Babym\u00e4dchens mit Kapuze Einteilige Bodysuitoberbekleidung"}]},{"@type":"WebSite","@id":"https:\/\/bekleidungscenter.com\/#website","url":"https:\/\/bekleidungscenter.com\/","name":"FamilienMode","description":"Alles f\u00fcr die ganze Familie","potentialAction":[{"@type":"SearchAction","target":{"@type":"EntryPoint","urlTemplate":"https:\/\/bekleidungscenter.com\/?s={search_term_string}"},"query-input":"required name=search_term_string"}],"inLanguage":"de"}]}},"_links":{"self":[{"href":"https:\/\/bekleidungscenter.com\/index.php?rest_route=\/wp\/v2\/product\/15004"}],"collection":[{"href":"https:\/\/bekleidungscenter.com\/index.php?rest_route=\/wp\/v2\/product"}],"about":[{"href":"https:\/\/bekleidungscenter.com\/index.php?rest_route=\/wp\/v2\/types\/product"}],"replies":[{"embeddable":true,"href":"https:\/\/bekleidungscenter.com\/index.php?rest_route=%2Fwp%2Fv2%2Fcomments&post=15004"}],"wp:featuredmedia":[{"embeddable":true,"href":"https:\/\/bekleidungscenter.com\/index.php?rest_route=\/wp\/v2\/media\/15008"}],"wp:attachment":[{"href":"https:\/\/bekleidungscenter.com\/index.php?rest_route=%2Fwp%2Fv2%2Fmedia&parent=15004"}],"wp:term":[{"taxonomy":"product_cat","embeddable":true,"href":"https:\/\/bekleidungscenter.com\/index.php?rest_route=%2Fwp%2Fv2%2Fproduct_cat&post=15004"},{"taxonomy":"product_tag","embeddable":true,"href":"https:\/\/bekleidungscenter.com\/index.php?rest_route=%2Fwp%2Fv2%2Fproduct_tag&post=15004"}],"curies":[{"name":"wp","href":"https:\/\/api.w.org\/{rel}","templated":true}]}}