{"id":15011,"date":"2021-01-04T09:04:54","date_gmt":"2021-01-04T09:04:54","guid":{"rendered":"http:\/\/bekleidungscenter.com\/?product=sterntaler-baby-maedchen-strampler-5601838-weiss"},"modified":"2023-04-09T22:56:43","modified_gmt":"2023-04-09T22:56:43","slug":"sterntaler-baby-maedchen-strampler-5601838-weiss","status":"publish","type":"product","link":"https:\/\/bekleidungscenter.com\/?product=sterntaler-baby-maedchen-strampler-5601838-weiss","title":{"rendered":"Sterntaler Baby &#8211; M\u00e4dchen Strampler-set Nicki Emmi Girl Strampler"},"content":{"rendered":"<p><!-- show up to 2 reviews by default --> <\/p>\n<p>Sterntaler Strampler-Set Nicki Emmi Girl, Kamerad: 0-2 Monate, Gr\u00f6\u00dfe: 50, Wei\u00df &#8211; Strampler-Set Nicki Emmi Girl anstatt Babys ab der Herkunft, Set bestehend jedweder Strampler des Weiteren Pullover, Ideal anstatt jeden Tag, Kombinierbar \u00fcber anderen Kleidungsst\u00fccken &#8211; Entsprechend anstatt M\u00e4dchen, Druckkn\u00f6pfe an den Schultern anstatt einfaches An- des Weiteren Ausziehen &#8211; Hochwertige Abhaltung des Weiteren Materialien, Oberstoff: 76% Baumwolle, 24% Polyester, Futter: 95% Baumwolle, 5% Elasthan, Pullover: 95% Baumwolle, 5% Elasthan &#8211; Leichte Reinigung des Weiteren Pflege: Maschinenwaschbar angrenzend 40\u00b0 &#8211; Lieferumfang: 1 Sterntaler Strampler-Set Nicki Emmi Girl, Gr\u00f6\u00dfe: 50, Material: Oberstoff: 76% Baumwolle, 24% Polyester, Futter: 95% Baumwolle, 5% Elasthan, Pullover: 95% Baumwolle, 5% Elasthan, Farbe: Wei\u00df <\/p>\n<p>Strampler-Set Nicki Emmi Girl anstatt Babys ab der Herkunft, Set bestehend jedweder Strampler des Weiteren Pullover, Ideal anstatt jeden Tag, Kombinierbar \u00fcber anderen Kleidungsst\u00fccken<br \/>\nEntsprechend anstatt M\u00e4dchen, Druckkn\u00f6pfe an den Schultern anstatt einfaches An- des Weiteren Ausziehen<br \/>\n76% Baumwolle, 24% Polyester; 95% Baumwolle, 5% Elasthan<br \/>\nStrampelanzug<br \/>\nPflegehinweis: Abwaschen 40\u00b0, nicht chemisch Reinigen, nicht Trommeltrocknen, B\u00fcgeln \u00fcber niedriger Temperatur, nicht Bleichen<br \/>\nModellnummer: 5601838<br \/>\nHochwertige Abhaltung des Weiteren Materialien, Oberstoff: 76% Baumwolle, 24% Polyester, Futter: 95% Baumwolle, 5% Elasthan, Pullover: 95% Baumwolle, 5% Elasthan<br \/>\nLeichte Reinigung des Weiteren Pflege: Maschinenwaschbar angrenzend 40\u00b0<br \/>\nLieferumfang: 1 Sterntaler Strampler-Set Nicki Emmi Girl, Gr\u00f6\u00dfe: 50, Material: Oberstoff: 76% Baumwolle, 24% Polyester, Futter: 95% Baumwolle, 5% Elasthan, Pullover: 95% Baumwolle, 5% Elasthan, Farbe: Wei\u00df<br \/>\n<div class=\"main-cross-sell\" data-asin=\"B079KQTZ5W\">\n\n\t<div class=\"WooZone-cross-sell-loader\">\n\t\t<div>\n\t\t\t<div id=\"floatingBarsG\">\n\t\t\t\t<div class=\"blockG\" id=\"rotateG_01\"><\/div>\n\t\t\t\t<div class=\"blockG\" id=\"rotateG_02\"><\/div>\n\t\t\t\t<div class=\"blockG\" id=\"rotateG_03\"><\/div>\n\t\t\t\t<div class=\"blockG\" id=\"rotateG_04\"><\/div>\n\t\t\t\t<div class=\"blockG\" id=\"rotateG_05\"><\/div>\n\t\t\t\t<div class=\"blockG\" id=\"rotateG_06\"><\/div>\n\t\t\t\t<div class=\"blockG\" id=\"rotateG_07\"><\/div>\n\t\t\t\t<div class=\"blockG\" id=\"rotateG_08\"><\/div>\n\t\t\t<\/div>\n\t\t\t<div class=\"WooZone-cross-sell-loader-text\"><\/div>\n\t\t<\/div>\n\t<\/div>\n\n\t\t\n<\/div>\n<div style=\"clear:both;\"><\/div><\/p>\n","protected":false},"excerpt":{"rendered":"<p>Strampler-Set Nicki Emmi Girl f\u00fcr Babys ab der Geburt, Set bestehend aus Strampler und Pullover, Ideal f\u00fcr jeden Tag, Kombinierbar mit anderen Kleidungsst\u00fccken<br \/>\nGeeignet f\u00fcr M\u00e4dchen, Druckkn\u00f6pfe an den Schultern f\u00fcr einfaches An- und Ausziehen<br \/>\n76% Baumwolle, 24% Polyester; 95% Baumwolle, 5% Elasthan<\/p>\n","protected":false},"featured_media":15014,"comment_status":"open","ping_status":"closed","template":"","meta":[],"product_cat":[120],"product_tag":[],"yoast_head":"<!-- This site is optimized with the Yoast SEO plugin v20.6 - https:\/\/yoast.com\/wordpress\/plugins\/seo\/ -->\n<title>Sterntaler Baby - M\u00e4dchen Strampler-set Nicki Emmi Girl Strampler - FamilienMode<\/title>\n<meta name=\"robots\" content=\"index, follow, max-snippet:-1, max-image-preview:large, max-video-preview:-1\" \/>\n<link rel=\"canonical\" href=\"https:\/\/bekleidungscenter.com\/?product=sterntaler-baby-maedchen-strampler-5601838-weiss\" \/>\n<meta property=\"og:locale\" content=\"de_DE\" \/>\n<meta property=\"og:type\" content=\"article\" \/>\n<meta property=\"og:title\" content=\"Sterntaler Baby - M\u00e4dchen Strampler-set Nicki Emmi Girl Strampler - FamilienMode\" \/>\n<meta property=\"og:description\" content=\"Strampler-Set Nicki Emmi Girl f\u00fcr Babys ab der Geburt, Set bestehend aus Strampler und Pullover, Ideal f\u00fcr jeden Tag, Kombinierbar mit anderen Kleidungsst\u00fccken Geeignet f\u00fcr M\u00e4dchen, Druckkn\u00f6pfe an den Schultern f\u00fcr einfaches An- und Ausziehen 76% Baumwolle, 24% Polyester; 95% Baumwolle, 5% Elasthan\" \/>\n<meta property=\"og:url\" content=\"https:\/\/bekleidungscenter.com\/?product=sterntaler-baby-maedchen-strampler-5601838-weiss\" \/>\n<meta property=\"og:site_name\" content=\"FamilienMode\" \/>\n<meta property=\"article:modified_time\" content=\"2023-04-09T22:56:43+00:00\" \/>\n<meta property=\"og:image\" content=\"https:\/\/images-na.ssl-images-amazon.com\/images\/I\/31VOWlCgT0L.jpg\" \/>\n\t<meta property=\"og:image:width\" content=\"500\" \/>\n\t<meta property=\"og:image:height\" content=\"500\" \/>\n\t<meta property=\"og:image:type\" content=\"image\/jpeg\" \/>\n<meta name=\"twitter:card\" content=\"summary_large_image\" \/>\n<meta name=\"twitter:label1\" content=\"Gesch\u00e4tzte Lesezeit\" \/>\n\t<meta name=\"twitter:data1\" content=\"1\u00a0Minute\" \/>\n<script type=\"application\/ld+json\" class=\"yoast-schema-graph\">{\"@context\":\"https:\/\/schema.org\",\"@graph\":[{\"@type\":\"WebPage\",\"@id\":\"https:\/\/bekleidungscenter.com\/?product=sterntaler-baby-maedchen-strampler-5601838-weiss\",\"url\":\"https:\/\/bekleidungscenter.com\/?product=sterntaler-baby-maedchen-strampler-5601838-weiss\",\"name\":\"Sterntaler Baby - M\u00e4dchen Strampler-set Nicki Emmi Girl Strampler - FamilienMode\",\"isPartOf\":{\"@id\":\"https:\/\/bekleidungscenter.com\/#website\"},\"datePublished\":\"2021-01-04T09:04:54+00:00\",\"dateModified\":\"2023-04-09T22:56:43+00:00\",\"breadcrumb\":{\"@id\":\"https:\/\/bekleidungscenter.com\/?product=sterntaler-baby-maedchen-strampler-5601838-weiss#breadcrumb\"},\"inLanguage\":\"de\",\"potentialAction\":[{\"@type\":\"ReadAction\",\"target\":[\"https:\/\/bekleidungscenter.com\/?product=sterntaler-baby-maedchen-strampler-5601838-weiss\"]}]},{\"@type\":\"BreadcrumbList\",\"@id\":\"https:\/\/bekleidungscenter.com\/?product=sterntaler-baby-maedchen-strampler-5601838-weiss#breadcrumb\",\"itemListElement\":[{\"@type\":\"ListItem\",\"position\":1,\"name\":\"Home\",\"item\":\"https:\/\/bekleidungscenter.com\/\"},{\"@type\":\"ListItem\",\"position\":2,\"name\":\"Shop\",\"item\":\"https:\/\/bekleidungscenter.com\/?page_id=7\"},{\"@type\":\"ListItem\",\"position\":3,\"name\":\"Sterntaler Baby &#8211; M\u00e4dchen Strampler-set Nicki Emmi Girl Strampler\"}]},{\"@type\":\"WebSite\",\"@id\":\"https:\/\/bekleidungscenter.com\/#website\",\"url\":\"https:\/\/bekleidungscenter.com\/\",\"name\":\"FamilienMode\",\"description\":\"Alles f\u00fcr die ganze Familie\",\"potentialAction\":[{\"@type\":\"SearchAction\",\"target\":{\"@type\":\"EntryPoint\",\"urlTemplate\":\"https:\/\/bekleidungscenter.com\/?s={search_term_string}\"},\"query-input\":\"required name=search_term_string\"}],\"inLanguage\":\"de\"}]}<\/script>\n<!-- \/ Yoast SEO plugin. -->","yoast_head_json":{"title":"Sterntaler Baby - M\u00e4dchen Strampler-set Nicki Emmi Girl Strampler - FamilienMode","robots":{"index":"index","follow":"follow","max-snippet":"max-snippet:-1","max-image-preview":"max-image-preview:large","max-video-preview":"max-video-preview:-1"},"canonical":"https:\/\/bekleidungscenter.com\/?product=sterntaler-baby-maedchen-strampler-5601838-weiss","og_locale":"de_DE","og_type":"article","og_title":"Sterntaler Baby - M\u00e4dchen Strampler-set Nicki Emmi Girl Strampler - FamilienMode","og_description":"Strampler-Set Nicki Emmi Girl f\u00fcr Babys ab der Geburt, Set bestehend aus Strampler und Pullover, Ideal f\u00fcr jeden Tag, Kombinierbar mit anderen Kleidungsst\u00fccken Geeignet f\u00fcr M\u00e4dchen, Druckkn\u00f6pfe an den Schultern f\u00fcr einfaches An- und Ausziehen 76% Baumwolle, 24% Polyester; 95% Baumwolle, 5% Elasthan","og_url":"https:\/\/bekleidungscenter.com\/?product=sterntaler-baby-maedchen-strampler-5601838-weiss","og_site_name":"FamilienMode","article_modified_time":"2023-04-09T22:56:43+00:00","og_image":[{"width":500,"height":500,"url":"https:\/\/images-na.ssl-images-amazon.com\/images\/I\/31VOWlCgT0L.jpg","type":"image\/jpeg"}],"twitter_card":"summary_large_image","twitter_misc":{"Gesch\u00e4tzte Lesezeit":"1\u00a0Minute"},"schema":{"@context":"https:\/\/schema.org","@graph":[{"@type":"WebPage","@id":"https:\/\/bekleidungscenter.com\/?product=sterntaler-baby-maedchen-strampler-5601838-weiss","url":"https:\/\/bekleidungscenter.com\/?product=sterntaler-baby-maedchen-strampler-5601838-weiss","name":"Sterntaler Baby - M\u00e4dchen Strampler-set Nicki Emmi Girl Strampler - FamilienMode","isPartOf":{"@id":"https:\/\/bekleidungscenter.com\/#website"},"datePublished":"2021-01-04T09:04:54+00:00","dateModified":"2023-04-09T22:56:43+00:00","breadcrumb":{"@id":"https:\/\/bekleidungscenter.com\/?product=sterntaler-baby-maedchen-strampler-5601838-weiss#breadcrumb"},"inLanguage":"de","potentialAction":[{"@type":"ReadAction","target":["https:\/\/bekleidungscenter.com\/?product=sterntaler-baby-maedchen-strampler-5601838-weiss"]}]},{"@type":"BreadcrumbList","@id":"https:\/\/bekleidungscenter.com\/?product=sterntaler-baby-maedchen-strampler-5601838-weiss#breadcrumb","itemListElement":[{"@type":"ListItem","position":1,"name":"Home","item":"https:\/\/bekleidungscenter.com\/"},{"@type":"ListItem","position":2,"name":"Shop","item":"https:\/\/bekleidungscenter.com\/?page_id=7"},{"@type":"ListItem","position":3,"name":"Sterntaler Baby &#8211; M\u00e4dchen Strampler-set Nicki Emmi Girl Strampler"}]},{"@type":"WebSite","@id":"https:\/\/bekleidungscenter.com\/#website","url":"https:\/\/bekleidungscenter.com\/","name":"FamilienMode","description":"Alles f\u00fcr die ganze Familie","potentialAction":[{"@type":"SearchAction","target":{"@type":"EntryPoint","urlTemplate":"https:\/\/bekleidungscenter.com\/?s={search_term_string}"},"query-input":"required name=search_term_string"}],"inLanguage":"de"}]}},"_links":{"self":[{"href":"https:\/\/bekleidungscenter.com\/index.php?rest_route=\/wp\/v2\/product\/15011"}],"collection":[{"href":"https:\/\/bekleidungscenter.com\/index.php?rest_route=\/wp\/v2\/product"}],"about":[{"href":"https:\/\/bekleidungscenter.com\/index.php?rest_route=\/wp\/v2\/types\/product"}],"replies":[{"embeddable":true,"href":"https:\/\/bekleidungscenter.com\/index.php?rest_route=%2Fwp%2Fv2%2Fcomments&post=15011"}],"wp:featuredmedia":[{"embeddable":true,"href":"https:\/\/bekleidungscenter.com\/index.php?rest_route=\/wp\/v2\/media\/15014"}],"wp:attachment":[{"href":"https:\/\/bekleidungscenter.com\/index.php?rest_route=%2Fwp%2Fv2%2Fmedia&parent=15011"}],"wp:term":[{"taxonomy":"product_cat","embeddable":true,"href":"https:\/\/bekleidungscenter.com\/index.php?rest_route=%2Fwp%2Fv2%2Fproduct_cat&post=15011"},{"taxonomy":"product_tag","embeddable":true,"href":"https:\/\/bekleidungscenter.com\/index.php?rest_route=%2Fwp%2Fv2%2Fproduct_tag&post=15011"}],"curies":[{"name":"wp","href":"https:\/\/api.w.org\/{rel}","templated":true}]}}