{"id":15037,"date":"2021-01-04T09:05:13","date_gmt":"2021-01-04T09:05:13","guid":{"rendered":"http:\/\/bekleidungscenter.com\/?product=kiddiezoom-baby-jungen-maedchen-schlafstrampler-3er-pack"},"modified":"2023-04-09T22:56:44","modified_gmt":"2023-04-09T22:56:44","slug":"kiddiezoom-baby-jungen-maedchen-schlafstrampler-3er-pack","status":"publish","type":"product","link":"https:\/\/bekleidungscenter.com\/?product=kiddiezoom-baby-jungen-maedchen-schlafstrampler-3er-pack","title":{"rendered":"Kiddiezoom Baby-Jungen M\u00e4dchen Schlafstrampler, 3er Pack"},"content":{"rendered":"<p><!-- show up to 2 reviews by default --> <\/p>\n<p>Unisex Baby Schlafstrampler <\/p>\n<p> Der Babystrampler von Kiddiezoom kommt im vorteilhaften Doppelpack und verzaubert \u00fcber seinem s\u00fc\u00dfen Print. Die durchgehende Knopfleiste macht das An- und Ausziehen leicht und wohlig und den Einteiler zum Essential in der Babygarderobe. <br \/> In diesen Schlafanz\u00fcgen im praktischen 3er-Mob von Kiddiezoomschlummern jeder Babys g\u00fctlich und geborgen. Die verschiedenartig bedruckten Strampler besitzen eine Knopfleiste vom Stufe bis zum Fu\u00df. \u00fcber diesem Modell ist ein friedlicher und erholsamer Schlaf neben Kindern und Eltern garantiert. <\/p>\n<p>Material: 100% Baumwolle,Hautfreundliche reine Baumwolle zugunsten beste Atmungsaktivit\u00e4t.<br \/>\nNiedliche Schlafstrampler im,waschbest\u00e4ndiger Interlock Qualit\u00e4t ,Baby Strampler Jungen M\u00e4dchen Baumwolle Baby-Nachtw\u00e4sche Strampler \u00fcber Cartoon Tiermotiv.<br \/>\n100% Baumwolle<br \/>\n\u00fcber diesem Body alle 100 % weicher Baumwolle \u00fcber Rundhalsausschnitt und Druckkn\u00f6pfen an der Innennaht zugunsten einfaches Anziehen und Windeln<br \/>\nPflegehinweis: Maschinenw\u00e4sche<br \/>\nSchlafstrampler im 3er Mob<br \/>\n<div class=\"main-cross-sell\" data-asin=\"B084S9X5HK\">\n\n\t<div class=\"WooZone-cross-sell-loader\">\n\t\t<div>\n\t\t\t<div id=\"floatingBarsG\">\n\t\t\t\t<div class=\"blockG\" id=\"rotateG_01\"><\/div>\n\t\t\t\t<div class=\"blockG\" id=\"rotateG_02\"><\/div>\n\t\t\t\t<div class=\"blockG\" id=\"rotateG_03\"><\/div>\n\t\t\t\t<div class=\"blockG\" id=\"rotateG_04\"><\/div>\n\t\t\t\t<div class=\"blockG\" id=\"rotateG_05\"><\/div>\n\t\t\t\t<div class=\"blockG\" id=\"rotateG_06\"><\/div>\n\t\t\t\t<div class=\"blockG\" id=\"rotateG_07\"><\/div>\n\t\t\t\t<div class=\"blockG\" id=\"rotateG_08\"><\/div>\n\t\t\t<\/div>\n\t\t\t<div class=\"WooZone-cross-sell-loader-text\"><\/div>\n\t\t<\/div>\n\t<\/div>\n\n\t\t\n<\/div>\n<div style=\"clear:both;\"><\/div><\/p>\n","protected":false},"excerpt":{"rendered":"<p>Material: 100% Baumwolle,Hautfreundliche reine Baumwolle f\u00fcr beste Atmungsaktivit\u00e4t.<br \/>\nNiedliche Schlafstrampler im,waschbest\u00e4ndiger Interlock Qualit\u00e4t ,Baby Strampler Jungen M\u00e4dchen Baumwolle Baby-Nachtw\u00e4sche Strampler mit Cartoon Tiermotiv.<br \/>\n100% Baumwolle<\/p>\n","protected":false},"featured_media":15039,"comment_status":"open","ping_status":"closed","template":"","meta":[],"product_cat":[120],"product_tag":[],"yoast_head":"<!-- This site is optimized with the Yoast SEO plugin v20.6 - https:\/\/yoast.com\/wordpress\/plugins\/seo\/ -->\n<title>Kiddiezoom Baby-Jungen M\u00e4dchen Schlafstrampler, 3er Pack - FamilienMode<\/title>\n<meta name=\"robots\" content=\"index, follow, max-snippet:-1, max-image-preview:large, max-video-preview:-1\" \/>\n<link rel=\"canonical\" href=\"https:\/\/bekleidungscenter.com\/?product=kiddiezoom-baby-jungen-maedchen-schlafstrampler-3er-pack\" \/>\n<meta property=\"og:locale\" content=\"de_DE\" \/>\n<meta property=\"og:type\" content=\"article\" \/>\n<meta property=\"og:title\" content=\"Kiddiezoom Baby-Jungen M\u00e4dchen Schlafstrampler, 3er Pack - FamilienMode\" \/>\n<meta property=\"og:description\" content=\"Material: 100% Baumwolle,Hautfreundliche reine Baumwolle f\u00fcr beste Atmungsaktivit\u00e4t. Niedliche Schlafstrampler im,waschbest\u00e4ndiger Interlock Qualit\u00e4t ,Baby Strampler Jungen M\u00e4dchen Baumwolle Baby-Nachtw\u00e4sche Strampler mit Cartoon Tiermotiv. 100% Baumwolle\" \/>\n<meta property=\"og:url\" content=\"https:\/\/bekleidungscenter.com\/?product=kiddiezoom-baby-jungen-maedchen-schlafstrampler-3er-pack\" \/>\n<meta property=\"og:site_name\" content=\"FamilienMode\" \/>\n<meta property=\"article:modified_time\" content=\"2023-04-09T22:56:44+00:00\" \/>\n<meta property=\"og:image\" content=\"https:\/\/images-na.ssl-images-amazon.com\/images\/I\/51G0sNK0KkL.jpg\" \/>\n\t<meta property=\"og:image:width\" content=\"500\" \/>\n\t<meta property=\"og:image:height\" content=\"500\" \/>\n\t<meta property=\"og:image:type\" content=\"image\/jpeg\" \/>\n<meta name=\"twitter:card\" content=\"summary_large_image\" \/>\n<meta name=\"twitter:label1\" content=\"Gesch\u00e4tzte Lesezeit\" \/>\n\t<meta name=\"twitter:data1\" content=\"1\u00a0Minute\" \/>\n<script type=\"application\/ld+json\" class=\"yoast-schema-graph\">{\"@context\":\"https:\/\/schema.org\",\"@graph\":[{\"@type\":\"WebPage\",\"@id\":\"https:\/\/bekleidungscenter.com\/?product=kiddiezoom-baby-jungen-maedchen-schlafstrampler-3er-pack\",\"url\":\"https:\/\/bekleidungscenter.com\/?product=kiddiezoom-baby-jungen-maedchen-schlafstrampler-3er-pack\",\"name\":\"Kiddiezoom Baby-Jungen M\u00e4dchen Schlafstrampler, 3er Pack - FamilienMode\",\"isPartOf\":{\"@id\":\"https:\/\/bekleidungscenter.com\/#website\"},\"datePublished\":\"2021-01-04T09:05:13+00:00\",\"dateModified\":\"2023-04-09T22:56:44+00:00\",\"breadcrumb\":{\"@id\":\"https:\/\/bekleidungscenter.com\/?product=kiddiezoom-baby-jungen-maedchen-schlafstrampler-3er-pack#breadcrumb\"},\"inLanguage\":\"de\",\"potentialAction\":[{\"@type\":\"ReadAction\",\"target\":[\"https:\/\/bekleidungscenter.com\/?product=kiddiezoom-baby-jungen-maedchen-schlafstrampler-3er-pack\"]}]},{\"@type\":\"BreadcrumbList\",\"@id\":\"https:\/\/bekleidungscenter.com\/?product=kiddiezoom-baby-jungen-maedchen-schlafstrampler-3er-pack#breadcrumb\",\"itemListElement\":[{\"@type\":\"ListItem\",\"position\":1,\"name\":\"Home\",\"item\":\"https:\/\/bekleidungscenter.com\/\"},{\"@type\":\"ListItem\",\"position\":2,\"name\":\"Shop\",\"item\":\"https:\/\/bekleidungscenter.com\/?page_id=7\"},{\"@type\":\"ListItem\",\"position\":3,\"name\":\"Kiddiezoom Baby-Jungen M\u00e4dchen Schlafstrampler, 3er Pack\"}]},{\"@type\":\"WebSite\",\"@id\":\"https:\/\/bekleidungscenter.com\/#website\",\"url\":\"https:\/\/bekleidungscenter.com\/\",\"name\":\"FamilienMode\",\"description\":\"Alles f\u00fcr die ganze Familie\",\"potentialAction\":[{\"@type\":\"SearchAction\",\"target\":{\"@type\":\"EntryPoint\",\"urlTemplate\":\"https:\/\/bekleidungscenter.com\/?s={search_term_string}\"},\"query-input\":\"required name=search_term_string\"}],\"inLanguage\":\"de\"}]}<\/script>\n<!-- \/ Yoast SEO plugin. -->","yoast_head_json":{"title":"Kiddiezoom Baby-Jungen M\u00e4dchen Schlafstrampler, 3er Pack - FamilienMode","robots":{"index":"index","follow":"follow","max-snippet":"max-snippet:-1","max-image-preview":"max-image-preview:large","max-video-preview":"max-video-preview:-1"},"canonical":"https:\/\/bekleidungscenter.com\/?product=kiddiezoom-baby-jungen-maedchen-schlafstrampler-3er-pack","og_locale":"de_DE","og_type":"article","og_title":"Kiddiezoom Baby-Jungen M\u00e4dchen Schlafstrampler, 3er Pack - FamilienMode","og_description":"Material: 100% Baumwolle,Hautfreundliche reine Baumwolle f\u00fcr beste Atmungsaktivit\u00e4t. Niedliche Schlafstrampler im,waschbest\u00e4ndiger Interlock Qualit\u00e4t ,Baby Strampler Jungen M\u00e4dchen Baumwolle Baby-Nachtw\u00e4sche Strampler mit Cartoon Tiermotiv. 100% Baumwolle","og_url":"https:\/\/bekleidungscenter.com\/?product=kiddiezoom-baby-jungen-maedchen-schlafstrampler-3er-pack","og_site_name":"FamilienMode","article_modified_time":"2023-04-09T22:56:44+00:00","og_image":[{"width":500,"height":500,"url":"https:\/\/images-na.ssl-images-amazon.com\/images\/I\/51G0sNK0KkL.jpg","type":"image\/jpeg"}],"twitter_card":"summary_large_image","twitter_misc":{"Gesch\u00e4tzte Lesezeit":"1\u00a0Minute"},"schema":{"@context":"https:\/\/schema.org","@graph":[{"@type":"WebPage","@id":"https:\/\/bekleidungscenter.com\/?product=kiddiezoom-baby-jungen-maedchen-schlafstrampler-3er-pack","url":"https:\/\/bekleidungscenter.com\/?product=kiddiezoom-baby-jungen-maedchen-schlafstrampler-3er-pack","name":"Kiddiezoom Baby-Jungen M\u00e4dchen Schlafstrampler, 3er Pack - FamilienMode","isPartOf":{"@id":"https:\/\/bekleidungscenter.com\/#website"},"datePublished":"2021-01-04T09:05:13+00:00","dateModified":"2023-04-09T22:56:44+00:00","breadcrumb":{"@id":"https:\/\/bekleidungscenter.com\/?product=kiddiezoom-baby-jungen-maedchen-schlafstrampler-3er-pack#breadcrumb"},"inLanguage":"de","potentialAction":[{"@type":"ReadAction","target":["https:\/\/bekleidungscenter.com\/?product=kiddiezoom-baby-jungen-maedchen-schlafstrampler-3er-pack"]}]},{"@type":"BreadcrumbList","@id":"https:\/\/bekleidungscenter.com\/?product=kiddiezoom-baby-jungen-maedchen-schlafstrampler-3er-pack#breadcrumb","itemListElement":[{"@type":"ListItem","position":1,"name":"Home","item":"https:\/\/bekleidungscenter.com\/"},{"@type":"ListItem","position":2,"name":"Shop","item":"https:\/\/bekleidungscenter.com\/?page_id=7"},{"@type":"ListItem","position":3,"name":"Kiddiezoom Baby-Jungen M\u00e4dchen Schlafstrampler, 3er Pack"}]},{"@type":"WebSite","@id":"https:\/\/bekleidungscenter.com\/#website","url":"https:\/\/bekleidungscenter.com\/","name":"FamilienMode","description":"Alles f\u00fcr die ganze Familie","potentialAction":[{"@type":"SearchAction","target":{"@type":"EntryPoint","urlTemplate":"https:\/\/bekleidungscenter.com\/?s={search_term_string}"},"query-input":"required name=search_term_string"}],"inLanguage":"de"}]}},"_links":{"self":[{"href":"https:\/\/bekleidungscenter.com\/index.php?rest_route=\/wp\/v2\/product\/15037"}],"collection":[{"href":"https:\/\/bekleidungscenter.com\/index.php?rest_route=\/wp\/v2\/product"}],"about":[{"href":"https:\/\/bekleidungscenter.com\/index.php?rest_route=\/wp\/v2\/types\/product"}],"replies":[{"embeddable":true,"href":"https:\/\/bekleidungscenter.com\/index.php?rest_route=%2Fwp%2Fv2%2Fcomments&post=15037"}],"wp:featuredmedia":[{"embeddable":true,"href":"https:\/\/bekleidungscenter.com\/index.php?rest_route=\/wp\/v2\/media\/15039"}],"wp:attachment":[{"href":"https:\/\/bekleidungscenter.com\/index.php?rest_route=%2Fwp%2Fv2%2Fmedia&parent=15037"}],"wp:term":[{"taxonomy":"product_cat","embeddable":true,"href":"https:\/\/bekleidungscenter.com\/index.php?rest_route=%2Fwp%2Fv2%2Fproduct_cat&post=15037"},{"taxonomy":"product_tag","embeddable":true,"href":"https:\/\/bekleidungscenter.com\/index.php?rest_route=%2Fwp%2Fv2%2Fproduct_tag&post=15037"}],"curies":[{"name":"wp","href":"https:\/\/api.w.org\/{rel}","templated":true}]}}