{"id":15072,"date":"2021-01-04T09:11:04","date_gmt":"2021-01-04T09:11:04","guid":{"rendered":"http:\/\/bekleidungscenter.com\/?product=rieker-damen-stiefeletten-52590-frauen-chelsea-bootskurzstiefel"},"modified":"2023-04-09T22:56:45","modified_gmt":"2023-04-09T22:56:45","slug":"rieker-damen-stiefeletten-52590-frauen-chelsea-bootskurzstiefel","status":"publish","type":"product","link":"https:\/\/bekleidungscenter.com\/?product=rieker-damen-stiefeletten-52590-frauen-chelsea-bootskurzstiefel","title":{"rendered":"Rieker Damen Chelsea Boots 52590, Frauen Stiefeletten"},"content":{"rendered":"<p><!-- show up to 2 reviews by default --> <\/p>\n<\/p>\n<p><b>Rieker Damen Stiefeletten 52590, Frauen Chelsea Boots, Stiefel,Halbstiefel,Bootie,Schlupfstiefel,gef\u00fcttert,Winterstiefeletten<\/b><\/p>\n<p>Die hochwertigen Damen- und Herrenschuhe von Rieker stehen f\u00fcr erfrischende Leichtigkeit, ein H\u00f6chstma\u00df an Adaptivit\u00e4t, gen\u00fcgend Weltall f\u00fcr die F\u00fc\u00dfe beim An- und Abschwellen w\u00e4hrenddessen des Tagesverlaufs sowie eine optimale Schockabsorption auf unterschiedlichen Oberfl\u00e4chen. Diese Mannigfaltigkeit an Komforteigenschaften der Antistress-Schuhe kombiniert Rieker mit modischen Designs, die besonders durch ihre Liebe zum Detail \u00fcberzeugen. Bereits seit 1874 produziert das Unternehmen, das sich in f\u00fcnfter Generation im Familienbesitz befindet, Schuhmode und Accessoires von bew\u00e4hrter Qualit\u00e4t.<\/p>\n<p>Diese Stiefeletten sind die perfekten Begleiter und dessen ungeachtet das ganze Jahr \u00fcber. Warm gef\u00fcttert helfen Boots sowohl die k\u00fchleren Tage des Jahres gem\u00fctlich und warm \u00fcberstehen. Ungef\u00fcttert sind die Halbstiefel dennoch vulgo in den \u00fcbrigen Jahreszeiten komfortable und stilvolle Accessoires. Diese Booties sind richtige Kombinationstalente, denn sie verleihen jedem Outfit eine geschmackvolle, modische Schreiben. Diese \u00e4u\u00dferst vielseitigen Schuhe sollten allerdings in keinem Schuhschrank fehlen.<\/p>\n<p><b>Die Stiefeletten zeichnen sich durch folgende Merkmale aus:<\/b><\/p>\n<li>Modell: 52590, Ressort: Damenschuhe<\/li>\n<li>Obermaterial: Leder-S (Synthetik), Innenmaterial: Velourfutter (Synthetik), Laufsohle: RIRICON-Sohle (Synthetik), Decksohle: Filz<\/li>\n<li>Absatztyp: Flach, Absatzh\u00f6he: 3 cm, Schafttyp: Halbschaft, Schafth\u00f6he: 8 cm<\/li>\n<li>Weite: Normal (F 1\/2), Verschluss: Ohne Verschluss, Machart: seitl. Anflechter<\/li>\n<p>Obermaterial: Synthetik<br \/>\nInnenmaterial: Synthetik<br \/>\nSohle: Synthetik<br \/>\nVerschluss: Ohne Verschluss<br \/>\nAbsatzh\u00f6he: 3 cm<br \/>\nAbsatzform: Flach<br \/>\nMaterialzusammensetzung: gef\u00fcttert 100% Polyester<br \/>\nSchuhweite: Schmal<br \/>\nNicht wasserdicht<br \/>\nGummizug<br \/>\n<div class=\"main-cross-sell\" data-asin=\"B07PQKJ1NM\">\n\n\t<div class=\"WooZone-cross-sell-loader\">\n\t\t<div>\n\t\t\t<div id=\"floatingBarsG\">\n\t\t\t\t<div class=\"blockG\" id=\"rotateG_01\"><\/div>\n\t\t\t\t<div class=\"blockG\" id=\"rotateG_02\"><\/div>\n\t\t\t\t<div class=\"blockG\" id=\"rotateG_03\"><\/div>\n\t\t\t\t<div class=\"blockG\" id=\"rotateG_04\"><\/div>\n\t\t\t\t<div class=\"blockG\" id=\"rotateG_05\"><\/div>\n\t\t\t\t<div class=\"blockG\" id=\"rotateG_06\"><\/div>\n\t\t\t\t<div class=\"blockG\" id=\"rotateG_07\"><\/div>\n\t\t\t\t<div class=\"blockG\" id=\"rotateG_08\"><\/div>\n\t\t\t<\/div>\n\t\t\t<div class=\"WooZone-cross-sell-loader-text\"><\/div>\n\t\t<\/div>\n\t<\/div>\n\n\t\t\n<\/div>\n<div style=\"clear:both;\"><\/div><\/p>\n","protected":false},"excerpt":{"rendered":"<p>Obermaterial: Synthetik<br \/>\nInnenmaterial: Synthetik<br \/>\nSohle: Synthetik<\/p>\n","protected":false},"featured_media":15073,"comment_status":"open","ping_status":"closed","template":"","meta":[],"product_cat":[127,145],"product_tag":[],"yoast_head":"<!-- This site is optimized with the Yoast SEO plugin v20.6 - https:\/\/yoast.com\/wordpress\/plugins\/seo\/ -->\n<title>Rieker Damen Chelsea Boots 52590, Frauen Stiefeletten - FamilienMode<\/title>\n<meta name=\"robots\" content=\"index, follow, max-snippet:-1, max-image-preview:large, max-video-preview:-1\" \/>\n<link rel=\"canonical\" href=\"https:\/\/bekleidungscenter.com\/?product=rieker-damen-stiefeletten-52590-frauen-chelsea-bootskurzstiefel\" \/>\n<meta property=\"og:locale\" content=\"de_DE\" \/>\n<meta property=\"og:type\" content=\"article\" \/>\n<meta property=\"og:title\" content=\"Rieker Damen Chelsea Boots 52590, Frauen Stiefeletten - FamilienMode\" \/>\n<meta property=\"og:description\" content=\"Obermaterial: Synthetik Innenmaterial: Synthetik Sohle: Synthetik\" \/>\n<meta property=\"og:url\" content=\"https:\/\/bekleidungscenter.com\/?product=rieker-damen-stiefeletten-52590-frauen-chelsea-bootskurzstiefel\" \/>\n<meta property=\"og:site_name\" content=\"FamilienMode\" \/>\n<meta property=\"article:modified_time\" content=\"2023-04-09T22:56:45+00:00\" \/>\n<meta property=\"og:image\" content=\"https:\/\/images-na.ssl-images-amazon.com\/images\/I\/4170b81mq8L.jpg\" \/>\n\t<meta property=\"og:image:width\" content=\"500\" \/>\n\t<meta property=\"og:image:height\" content=\"500\" \/>\n\t<meta property=\"og:image:type\" content=\"image\/jpeg\" \/>\n<meta name=\"twitter:card\" content=\"summary_large_image\" \/>\n<meta name=\"twitter:label1\" content=\"Gesch\u00e4tzte Lesezeit\" \/>\n\t<meta name=\"twitter:data1\" content=\"1\u00a0Minute\" \/>\n<script type=\"application\/ld+json\" class=\"yoast-schema-graph\">{\"@context\":\"https:\/\/schema.org\",\"@graph\":[{\"@type\":\"WebPage\",\"@id\":\"https:\/\/bekleidungscenter.com\/?product=rieker-damen-stiefeletten-52590-frauen-chelsea-bootskurzstiefel\",\"url\":\"https:\/\/bekleidungscenter.com\/?product=rieker-damen-stiefeletten-52590-frauen-chelsea-bootskurzstiefel\",\"name\":\"Rieker Damen Chelsea Boots 52590, Frauen Stiefeletten - FamilienMode\",\"isPartOf\":{\"@id\":\"https:\/\/bekleidungscenter.com\/#website\"},\"datePublished\":\"2021-01-04T09:11:04+00:00\",\"dateModified\":\"2023-04-09T22:56:45+00:00\",\"breadcrumb\":{\"@id\":\"https:\/\/bekleidungscenter.com\/?product=rieker-damen-stiefeletten-52590-frauen-chelsea-bootskurzstiefel#breadcrumb\"},\"inLanguage\":\"de\",\"potentialAction\":[{\"@type\":\"ReadAction\",\"target\":[\"https:\/\/bekleidungscenter.com\/?product=rieker-damen-stiefeletten-52590-frauen-chelsea-bootskurzstiefel\"]}]},{\"@type\":\"BreadcrumbList\",\"@id\":\"https:\/\/bekleidungscenter.com\/?product=rieker-damen-stiefeletten-52590-frauen-chelsea-bootskurzstiefel#breadcrumb\",\"itemListElement\":[{\"@type\":\"ListItem\",\"position\":1,\"name\":\"Home\",\"item\":\"https:\/\/bekleidungscenter.com\/\"},{\"@type\":\"ListItem\",\"position\":2,\"name\":\"Shop\",\"item\":\"https:\/\/bekleidungscenter.com\/?page_id=7\"},{\"@type\":\"ListItem\",\"position\":3,\"name\":\"Rieker Damen Chelsea Boots 52590, Frauen Stiefeletten\"}]},{\"@type\":\"WebSite\",\"@id\":\"https:\/\/bekleidungscenter.com\/#website\",\"url\":\"https:\/\/bekleidungscenter.com\/\",\"name\":\"FamilienMode\",\"description\":\"Alles f\u00fcr die ganze Familie\",\"potentialAction\":[{\"@type\":\"SearchAction\",\"target\":{\"@type\":\"EntryPoint\",\"urlTemplate\":\"https:\/\/bekleidungscenter.com\/?s={search_term_string}\"},\"query-input\":\"required name=search_term_string\"}],\"inLanguage\":\"de\"}]}<\/script>\n<!-- \/ Yoast SEO plugin. -->","yoast_head_json":{"title":"Rieker Damen Chelsea Boots 52590, Frauen Stiefeletten - FamilienMode","robots":{"index":"index","follow":"follow","max-snippet":"max-snippet:-1","max-image-preview":"max-image-preview:large","max-video-preview":"max-video-preview:-1"},"canonical":"https:\/\/bekleidungscenter.com\/?product=rieker-damen-stiefeletten-52590-frauen-chelsea-bootskurzstiefel","og_locale":"de_DE","og_type":"article","og_title":"Rieker Damen Chelsea Boots 52590, Frauen Stiefeletten - FamilienMode","og_description":"Obermaterial: Synthetik Innenmaterial: Synthetik Sohle: Synthetik","og_url":"https:\/\/bekleidungscenter.com\/?product=rieker-damen-stiefeletten-52590-frauen-chelsea-bootskurzstiefel","og_site_name":"FamilienMode","article_modified_time":"2023-04-09T22:56:45+00:00","og_image":[{"width":500,"height":500,"url":"https:\/\/images-na.ssl-images-amazon.com\/images\/I\/4170b81mq8L.jpg","type":"image\/jpeg"}],"twitter_card":"summary_large_image","twitter_misc":{"Gesch\u00e4tzte Lesezeit":"1\u00a0Minute"},"schema":{"@context":"https:\/\/schema.org","@graph":[{"@type":"WebPage","@id":"https:\/\/bekleidungscenter.com\/?product=rieker-damen-stiefeletten-52590-frauen-chelsea-bootskurzstiefel","url":"https:\/\/bekleidungscenter.com\/?product=rieker-damen-stiefeletten-52590-frauen-chelsea-bootskurzstiefel","name":"Rieker Damen Chelsea Boots 52590, Frauen Stiefeletten - FamilienMode","isPartOf":{"@id":"https:\/\/bekleidungscenter.com\/#website"},"datePublished":"2021-01-04T09:11:04+00:00","dateModified":"2023-04-09T22:56:45+00:00","breadcrumb":{"@id":"https:\/\/bekleidungscenter.com\/?product=rieker-damen-stiefeletten-52590-frauen-chelsea-bootskurzstiefel#breadcrumb"},"inLanguage":"de","potentialAction":[{"@type":"ReadAction","target":["https:\/\/bekleidungscenter.com\/?product=rieker-damen-stiefeletten-52590-frauen-chelsea-bootskurzstiefel"]}]},{"@type":"BreadcrumbList","@id":"https:\/\/bekleidungscenter.com\/?product=rieker-damen-stiefeletten-52590-frauen-chelsea-bootskurzstiefel#breadcrumb","itemListElement":[{"@type":"ListItem","position":1,"name":"Home","item":"https:\/\/bekleidungscenter.com\/"},{"@type":"ListItem","position":2,"name":"Shop","item":"https:\/\/bekleidungscenter.com\/?page_id=7"},{"@type":"ListItem","position":3,"name":"Rieker Damen Chelsea Boots 52590, Frauen Stiefeletten"}]},{"@type":"WebSite","@id":"https:\/\/bekleidungscenter.com\/#website","url":"https:\/\/bekleidungscenter.com\/","name":"FamilienMode","description":"Alles f\u00fcr die ganze Familie","potentialAction":[{"@type":"SearchAction","target":{"@type":"EntryPoint","urlTemplate":"https:\/\/bekleidungscenter.com\/?s={search_term_string}"},"query-input":"required name=search_term_string"}],"inLanguage":"de"}]}},"_links":{"self":[{"href":"https:\/\/bekleidungscenter.com\/index.php?rest_route=\/wp\/v2\/product\/15072"}],"collection":[{"href":"https:\/\/bekleidungscenter.com\/index.php?rest_route=\/wp\/v2\/product"}],"about":[{"href":"https:\/\/bekleidungscenter.com\/index.php?rest_route=\/wp\/v2\/types\/product"}],"replies":[{"embeddable":true,"href":"https:\/\/bekleidungscenter.com\/index.php?rest_route=%2Fwp%2Fv2%2Fcomments&post=15072"}],"wp:featuredmedia":[{"embeddable":true,"href":"https:\/\/bekleidungscenter.com\/index.php?rest_route=\/wp\/v2\/media\/15073"}],"wp:attachment":[{"href":"https:\/\/bekleidungscenter.com\/index.php?rest_route=%2Fwp%2Fv2%2Fmedia&parent=15072"}],"wp:term":[{"taxonomy":"product_cat","embeddable":true,"href":"https:\/\/bekleidungscenter.com\/index.php?rest_route=%2Fwp%2Fv2%2Fproduct_cat&post=15072"},{"taxonomy":"product_tag","embeddable":true,"href":"https:\/\/bekleidungscenter.com\/index.php?rest_route=%2Fwp%2Fv2%2Fproduct_tag&post=15072"}],"curies":[{"name":"wp","href":"https:\/\/api.w.org\/{rel}","templated":true}]}}