{"id":15094,"date":"2021-01-04T09:11:15","date_gmt":"2021-01-04T09:11:15","guid":{"rendered":"http:\/\/bekleidungscenter.com\/?product=rieker-damen-y2513-stiefeletten"},"modified":"2023-04-09T22:56:45","modified_gmt":"2023-04-09T22:56:45","slug":"rieker-damen-y2513-stiefeletten","status":"publish","type":"product","link":"https:\/\/bekleidungscenter.com\/?product=rieker-damen-y2513-stiefeletten","title":{"rendered":"Rieker Damen Y2513 Stiefeletten"},"content":{"rendered":"<p><!-- show up to 2 reviews by default --> <\/p>\n<p>Mit einem Schuh alle der aktuellen Kollektion von Rieker l\u00e4sst sich jedes modische Outfit auf perfekte unter anderem angesagte Weise modifizieren. Nachdem sind die Schuhe von Rieker nicht nichtsdestotrotz dekorative, modische Produkte. Ihre besonderen Eigenschaften erzeugen sie zu mehr wie dem. Unsere speziellen Konstruktionen unter anderem die verwendeten leichten unter anderem elastischen Komponenten erzeugen jeden Schuh zu einem Antistress-Schuh. Unsere Besonderheiten sind ein Minimum an Gewicht, ein H\u00f6chstma\u00df an Anpassungsf\u00e4higkeit, eine Passform, die dort Weltall bietet, wo sich das Volumen der F\u00fc\u00dfe im Lauf des Tages vergr\u00f6\u00dfert unter anderem eine optimale Schockabsorption auf verschiedenen Oberfl\u00e4chen. Diese Eigenschaften erzeugen die Schuhe von Rieker zu perfekten Begleitern in allen Situationen des Alltags. <\/p>\n<p>Obermaterial: Synthetik<br \/>\nInnenmaterial: Synthetik<br \/>\nSohle: Synthetik<br \/>\nVerschluss: Rei\u00dfverschluss<br \/>\nAbsatzh\u00f6he: 5.1 cm<br \/>\nAbsatzform: Trichterabsatz<br \/>\nMaterialzusammensetzung: gef\u00fcttert 100% Polyester<br \/>\nSchaftweite: Mittelm\u00e4\u00dfig<br \/>\nSchuhweite: Schmal<br \/>\n<div class=\"main-cross-sell\" data-asin=\"B07PQKJ4PV\">\n\n\t<div class=\"WooZone-cross-sell-loader\">\n\t\t<div>\n\t\t\t<div id=\"floatingBarsG\">\n\t\t\t\t<div class=\"blockG\" id=\"rotateG_01\"><\/div>\n\t\t\t\t<div class=\"blockG\" id=\"rotateG_02\"><\/div>\n\t\t\t\t<div class=\"blockG\" id=\"rotateG_03\"><\/div>\n\t\t\t\t<div class=\"blockG\" id=\"rotateG_04\"><\/div>\n\t\t\t\t<div class=\"blockG\" id=\"rotateG_05\"><\/div>\n\t\t\t\t<div class=\"blockG\" id=\"rotateG_06\"><\/div>\n\t\t\t\t<div class=\"blockG\" id=\"rotateG_07\"><\/div>\n\t\t\t\t<div class=\"blockG\" id=\"rotateG_08\"><\/div>\n\t\t\t<\/div>\n\t\t\t<div class=\"WooZone-cross-sell-loader-text\"><\/div>\n\t\t<\/div>\n\t<\/div>\n\n\t\t\n<\/div>\n<div style=\"clear:both;\"><\/div><\/p>\n","protected":false},"excerpt":{"rendered":"<p>Obermaterial: Synthetik<br \/>\nInnenmaterial: Synthetik<br \/>\nSohle: Synthetik<\/p>\n","protected":false},"featured_media":15096,"comment_status":"open","ping_status":"closed","template":"","meta":[],"product_cat":[127,145],"product_tag":[],"yoast_head":"<!-- This site is optimized with the Yoast SEO plugin v20.6 - https:\/\/yoast.com\/wordpress\/plugins\/seo\/ -->\n<title>Rieker Damen Y2513 Stiefeletten - FamilienMode<\/title>\n<meta name=\"robots\" content=\"index, follow, max-snippet:-1, max-image-preview:large, max-video-preview:-1\" \/>\n<link rel=\"canonical\" href=\"https:\/\/bekleidungscenter.com\/?product=rieker-damen-y2513-stiefeletten\" \/>\n<meta property=\"og:locale\" content=\"de_DE\" \/>\n<meta property=\"og:type\" content=\"article\" \/>\n<meta property=\"og:title\" content=\"Rieker Damen Y2513 Stiefeletten - FamilienMode\" \/>\n<meta property=\"og:description\" content=\"Obermaterial: Synthetik Innenmaterial: Synthetik Sohle: Synthetik\" \/>\n<meta property=\"og:url\" content=\"https:\/\/bekleidungscenter.com\/?product=rieker-damen-y2513-stiefeletten\" \/>\n<meta property=\"og:site_name\" content=\"FamilienMode\" \/>\n<meta property=\"article:modified_time\" content=\"2023-04-09T22:56:45+00:00\" \/>\n<meta property=\"og:image\" content=\"https:\/\/images-na.ssl-images-amazon.com\/images\/I\/417sOWJtBzL.jpg\" \/>\n\t<meta property=\"og:image:width\" content=\"500\" \/>\n\t<meta property=\"og:image:height\" content=\"500\" \/>\n\t<meta property=\"og:image:type\" content=\"image\/jpeg\" \/>\n<meta name=\"twitter:card\" content=\"summary_large_image\" \/>\n<meta name=\"twitter:label1\" content=\"Gesch\u00e4tzte Lesezeit\" \/>\n\t<meta name=\"twitter:data1\" content=\"1\u00a0Minute\" \/>\n<script type=\"application\/ld+json\" class=\"yoast-schema-graph\">{\"@context\":\"https:\/\/schema.org\",\"@graph\":[{\"@type\":\"WebPage\",\"@id\":\"https:\/\/bekleidungscenter.com\/?product=rieker-damen-y2513-stiefeletten\",\"url\":\"https:\/\/bekleidungscenter.com\/?product=rieker-damen-y2513-stiefeletten\",\"name\":\"Rieker Damen Y2513 Stiefeletten - FamilienMode\",\"isPartOf\":{\"@id\":\"https:\/\/bekleidungscenter.com\/#website\"},\"datePublished\":\"2021-01-04T09:11:15+00:00\",\"dateModified\":\"2023-04-09T22:56:45+00:00\",\"breadcrumb\":{\"@id\":\"https:\/\/bekleidungscenter.com\/?product=rieker-damen-y2513-stiefeletten#breadcrumb\"},\"inLanguage\":\"de\",\"potentialAction\":[{\"@type\":\"ReadAction\",\"target\":[\"https:\/\/bekleidungscenter.com\/?product=rieker-damen-y2513-stiefeletten\"]}]},{\"@type\":\"BreadcrumbList\",\"@id\":\"https:\/\/bekleidungscenter.com\/?product=rieker-damen-y2513-stiefeletten#breadcrumb\",\"itemListElement\":[{\"@type\":\"ListItem\",\"position\":1,\"name\":\"Home\",\"item\":\"https:\/\/bekleidungscenter.com\/\"},{\"@type\":\"ListItem\",\"position\":2,\"name\":\"Shop\",\"item\":\"https:\/\/bekleidungscenter.com\/?page_id=7\"},{\"@type\":\"ListItem\",\"position\":3,\"name\":\"Rieker Damen Y2513 Stiefeletten\"}]},{\"@type\":\"WebSite\",\"@id\":\"https:\/\/bekleidungscenter.com\/#website\",\"url\":\"https:\/\/bekleidungscenter.com\/\",\"name\":\"FamilienMode\",\"description\":\"Alles f\u00fcr die ganze Familie\",\"potentialAction\":[{\"@type\":\"SearchAction\",\"target\":{\"@type\":\"EntryPoint\",\"urlTemplate\":\"https:\/\/bekleidungscenter.com\/?s={search_term_string}\"},\"query-input\":\"required name=search_term_string\"}],\"inLanguage\":\"de\"}]}<\/script>\n<!-- \/ Yoast SEO plugin. -->","yoast_head_json":{"title":"Rieker Damen Y2513 Stiefeletten - FamilienMode","robots":{"index":"index","follow":"follow","max-snippet":"max-snippet:-1","max-image-preview":"max-image-preview:large","max-video-preview":"max-video-preview:-1"},"canonical":"https:\/\/bekleidungscenter.com\/?product=rieker-damen-y2513-stiefeletten","og_locale":"de_DE","og_type":"article","og_title":"Rieker Damen Y2513 Stiefeletten - FamilienMode","og_description":"Obermaterial: Synthetik Innenmaterial: Synthetik Sohle: Synthetik","og_url":"https:\/\/bekleidungscenter.com\/?product=rieker-damen-y2513-stiefeletten","og_site_name":"FamilienMode","article_modified_time":"2023-04-09T22:56:45+00:00","og_image":[{"width":500,"height":500,"url":"https:\/\/images-na.ssl-images-amazon.com\/images\/I\/417sOWJtBzL.jpg","type":"image\/jpeg"}],"twitter_card":"summary_large_image","twitter_misc":{"Gesch\u00e4tzte Lesezeit":"1\u00a0Minute"},"schema":{"@context":"https:\/\/schema.org","@graph":[{"@type":"WebPage","@id":"https:\/\/bekleidungscenter.com\/?product=rieker-damen-y2513-stiefeletten","url":"https:\/\/bekleidungscenter.com\/?product=rieker-damen-y2513-stiefeletten","name":"Rieker Damen Y2513 Stiefeletten - FamilienMode","isPartOf":{"@id":"https:\/\/bekleidungscenter.com\/#website"},"datePublished":"2021-01-04T09:11:15+00:00","dateModified":"2023-04-09T22:56:45+00:00","breadcrumb":{"@id":"https:\/\/bekleidungscenter.com\/?product=rieker-damen-y2513-stiefeletten#breadcrumb"},"inLanguage":"de","potentialAction":[{"@type":"ReadAction","target":["https:\/\/bekleidungscenter.com\/?product=rieker-damen-y2513-stiefeletten"]}]},{"@type":"BreadcrumbList","@id":"https:\/\/bekleidungscenter.com\/?product=rieker-damen-y2513-stiefeletten#breadcrumb","itemListElement":[{"@type":"ListItem","position":1,"name":"Home","item":"https:\/\/bekleidungscenter.com\/"},{"@type":"ListItem","position":2,"name":"Shop","item":"https:\/\/bekleidungscenter.com\/?page_id=7"},{"@type":"ListItem","position":3,"name":"Rieker Damen Y2513 Stiefeletten"}]},{"@type":"WebSite","@id":"https:\/\/bekleidungscenter.com\/#website","url":"https:\/\/bekleidungscenter.com\/","name":"FamilienMode","description":"Alles f\u00fcr die ganze Familie","potentialAction":[{"@type":"SearchAction","target":{"@type":"EntryPoint","urlTemplate":"https:\/\/bekleidungscenter.com\/?s={search_term_string}"},"query-input":"required name=search_term_string"}],"inLanguage":"de"}]}},"_links":{"self":[{"href":"https:\/\/bekleidungscenter.com\/index.php?rest_route=\/wp\/v2\/product\/15094"}],"collection":[{"href":"https:\/\/bekleidungscenter.com\/index.php?rest_route=\/wp\/v2\/product"}],"about":[{"href":"https:\/\/bekleidungscenter.com\/index.php?rest_route=\/wp\/v2\/types\/product"}],"replies":[{"embeddable":true,"href":"https:\/\/bekleidungscenter.com\/index.php?rest_route=%2Fwp%2Fv2%2Fcomments&post=15094"}],"wp:featuredmedia":[{"embeddable":true,"href":"https:\/\/bekleidungscenter.com\/index.php?rest_route=\/wp\/v2\/media\/15096"}],"wp:attachment":[{"href":"https:\/\/bekleidungscenter.com\/index.php?rest_route=%2Fwp%2Fv2%2Fmedia&parent=15094"}],"wp:term":[{"taxonomy":"product_cat","embeddable":true,"href":"https:\/\/bekleidungscenter.com\/index.php?rest_route=%2Fwp%2Fv2%2Fproduct_cat&post=15094"},{"taxonomy":"product_tag","embeddable":true,"href":"https:\/\/bekleidungscenter.com\/index.php?rest_route=%2Fwp%2Fv2%2Fproduct_tag&post=15094"}],"curies":[{"name":"wp","href":"https:\/\/api.w.org\/{rel}","templated":true}]}}