{"id":15199,"date":"2021-01-04T09:12:01","date_gmt":"2021-01-04T09:12:01","guid":{"rendered":"http:\/\/bekleidungscenter.com\/?product=sorel-damen-newbie-kurzschaft-schlupfstiefel"},"modified":"2023-04-09T22:56:46","modified_gmt":"2023-04-09T22:56:46","slug":"sorel-damen-newbie-kurzschaft-schlupfstiefel","status":"publish","type":"product","link":"https:\/\/bekleidungscenter.com\/?product=sorel-damen-newbie-kurzschaft-schlupfstiefel","title":{"rendered":"Sorel Damen Newbie Kurzschaft Schlupfstiefel"},"content":{"rendered":"<p><!-- show up to 2 reviews by default --> <\/p>\n<p>Dieser bequeme Stiefel ohne Schn\u00fcrsenkel ist sonderlich leicht im \u00dcbrigen wird Ihre F\u00fc\u00dfe angrenzend jedem Wetter nicht \u00fcberlasten. Wasserdichtes Wildleder sch\u00fctzt Sie vor Feuchtigkeit, verst\u00e4rkt aufgrund der Tatsache eine warme Zwischenschicht. Auf Basis von der bequemen, herausnehmbaren Einlegesohle leer EVA-Schaumstoff durch Fersen- im \u00dcbrigen Fu\u00dfgew\u00f6lbest\u00fctzung sind Sie sondern jedes Ereignis ger\u00fcstet. Ausgestattet durch einer EVA-Schaumstoffsohle durch Gummistollen sondern hervorragende Traktion. <\/p>\n<p>Obermaterial: Leder<br \/>\nInnenmaterial: Synthetik<br \/>\nSohle: Synthetik<br \/>\nVerschluss: Ohne Verschluss<br \/>\nAbsatzh\u00f6he: 2.4 cm<br \/>\nAbsatzform: Flach<br \/>\nMaterialzusammensetzung: 70% Leder, 30% Textil, 0% Gummi<br \/>\nSchaftweite: Regular<br \/>\nSchuhweite: Mittelm\u00e4\u00dfig<br \/>\nWasserdicht<br \/>\n<div class=\"main-cross-sell\" data-asin=\"B01G7DMK2E\">\n\n\t<div class=\"WooZone-cross-sell-loader\">\n\t\t<div>\n\t\t\t<div id=\"floatingBarsG\">\n\t\t\t\t<div class=\"blockG\" id=\"rotateG_01\"><\/div>\n\t\t\t\t<div class=\"blockG\" id=\"rotateG_02\"><\/div>\n\t\t\t\t<div class=\"blockG\" id=\"rotateG_03\"><\/div>\n\t\t\t\t<div class=\"blockG\" id=\"rotateG_04\"><\/div>\n\t\t\t\t<div class=\"blockG\" id=\"rotateG_05\"><\/div>\n\t\t\t\t<div class=\"blockG\" id=\"rotateG_06\"><\/div>\n\t\t\t\t<div class=\"blockG\" id=\"rotateG_07\"><\/div>\n\t\t\t\t<div class=\"blockG\" id=\"rotateG_08\"><\/div>\n\t\t\t<\/div>\n\t\t\t<div class=\"WooZone-cross-sell-loader-text\"><\/div>\n\t\t<\/div>\n\t<\/div>\n\n\t\t\n<\/div>\n<div style=\"clear:both;\"><\/div><\/p>\n","protected":false},"excerpt":{"rendered":"<p>Obermaterial: Leder<br \/>\nInnenmaterial: Synthetik<br \/>\nSohle: Synthetik<\/p>\n","protected":false},"featured_media":15201,"comment_status":"open","ping_status":"closed","template":"","meta":[],"product_cat":[127,145],"product_tag":[],"yoast_head":"<!-- This site is optimized with the Yoast SEO plugin v20.6 - https:\/\/yoast.com\/wordpress\/plugins\/seo\/ -->\n<title>Sorel Damen Newbie Kurzschaft Schlupfstiefel - FamilienMode<\/title>\n<meta name=\"robots\" content=\"index, follow, max-snippet:-1, max-image-preview:large, max-video-preview:-1\" \/>\n<link rel=\"canonical\" href=\"https:\/\/bekleidungscenter.com\/?product=sorel-damen-newbie-kurzschaft-schlupfstiefel\" \/>\n<meta property=\"og:locale\" content=\"de_DE\" \/>\n<meta property=\"og:type\" content=\"article\" \/>\n<meta property=\"og:title\" content=\"Sorel Damen Newbie Kurzschaft Schlupfstiefel - FamilienMode\" \/>\n<meta property=\"og:description\" content=\"Obermaterial: Leder Innenmaterial: Synthetik Sohle: Synthetik\" \/>\n<meta property=\"og:url\" content=\"https:\/\/bekleidungscenter.com\/?product=sorel-damen-newbie-kurzschaft-schlupfstiefel\" \/>\n<meta property=\"og:site_name\" content=\"FamilienMode\" \/>\n<meta property=\"article:modified_time\" content=\"2023-04-09T22:56:46+00:00\" \/>\n<meta property=\"og:image\" content=\"https:\/\/images-na.ssl-images-amazon.com\/images\/I\/41ZCPuZLcVL.jpg\" \/>\n\t<meta property=\"og:image:width\" content=\"500\" \/>\n\t<meta property=\"og:image:height\" content=\"500\" \/>\n\t<meta property=\"og:image:type\" content=\"image\/jpeg\" \/>\n<meta name=\"twitter:card\" content=\"summary_large_image\" \/>\n<meta name=\"twitter:label1\" content=\"Gesch\u00e4tzte Lesezeit\" \/>\n\t<meta name=\"twitter:data1\" content=\"1\u00a0Minute\" \/>\n<script type=\"application\/ld+json\" class=\"yoast-schema-graph\">{\"@context\":\"https:\/\/schema.org\",\"@graph\":[{\"@type\":\"WebPage\",\"@id\":\"https:\/\/bekleidungscenter.com\/?product=sorel-damen-newbie-kurzschaft-schlupfstiefel\",\"url\":\"https:\/\/bekleidungscenter.com\/?product=sorel-damen-newbie-kurzschaft-schlupfstiefel\",\"name\":\"Sorel Damen Newbie Kurzschaft Schlupfstiefel - FamilienMode\",\"isPartOf\":{\"@id\":\"https:\/\/bekleidungscenter.com\/#website\"},\"datePublished\":\"2021-01-04T09:12:01+00:00\",\"dateModified\":\"2023-04-09T22:56:46+00:00\",\"breadcrumb\":{\"@id\":\"https:\/\/bekleidungscenter.com\/?product=sorel-damen-newbie-kurzschaft-schlupfstiefel#breadcrumb\"},\"inLanguage\":\"de\",\"potentialAction\":[{\"@type\":\"ReadAction\",\"target\":[\"https:\/\/bekleidungscenter.com\/?product=sorel-damen-newbie-kurzschaft-schlupfstiefel\"]}]},{\"@type\":\"BreadcrumbList\",\"@id\":\"https:\/\/bekleidungscenter.com\/?product=sorel-damen-newbie-kurzschaft-schlupfstiefel#breadcrumb\",\"itemListElement\":[{\"@type\":\"ListItem\",\"position\":1,\"name\":\"Home\",\"item\":\"https:\/\/bekleidungscenter.com\/\"},{\"@type\":\"ListItem\",\"position\":2,\"name\":\"Shop\",\"item\":\"https:\/\/bekleidungscenter.com\/?page_id=7\"},{\"@type\":\"ListItem\",\"position\":3,\"name\":\"Sorel Damen Newbie Kurzschaft Schlupfstiefel\"}]},{\"@type\":\"WebSite\",\"@id\":\"https:\/\/bekleidungscenter.com\/#website\",\"url\":\"https:\/\/bekleidungscenter.com\/\",\"name\":\"FamilienMode\",\"description\":\"Alles f\u00fcr die ganze Familie\",\"potentialAction\":[{\"@type\":\"SearchAction\",\"target\":{\"@type\":\"EntryPoint\",\"urlTemplate\":\"https:\/\/bekleidungscenter.com\/?s={search_term_string}\"},\"query-input\":\"required name=search_term_string\"}],\"inLanguage\":\"de\"}]}<\/script>\n<!-- \/ Yoast SEO plugin. -->","yoast_head_json":{"title":"Sorel Damen Newbie Kurzschaft Schlupfstiefel - FamilienMode","robots":{"index":"index","follow":"follow","max-snippet":"max-snippet:-1","max-image-preview":"max-image-preview:large","max-video-preview":"max-video-preview:-1"},"canonical":"https:\/\/bekleidungscenter.com\/?product=sorel-damen-newbie-kurzschaft-schlupfstiefel","og_locale":"de_DE","og_type":"article","og_title":"Sorel Damen Newbie Kurzschaft Schlupfstiefel - FamilienMode","og_description":"Obermaterial: Leder Innenmaterial: Synthetik Sohle: Synthetik","og_url":"https:\/\/bekleidungscenter.com\/?product=sorel-damen-newbie-kurzschaft-schlupfstiefel","og_site_name":"FamilienMode","article_modified_time":"2023-04-09T22:56:46+00:00","og_image":[{"width":500,"height":500,"url":"https:\/\/images-na.ssl-images-amazon.com\/images\/I\/41ZCPuZLcVL.jpg","type":"image\/jpeg"}],"twitter_card":"summary_large_image","twitter_misc":{"Gesch\u00e4tzte Lesezeit":"1\u00a0Minute"},"schema":{"@context":"https:\/\/schema.org","@graph":[{"@type":"WebPage","@id":"https:\/\/bekleidungscenter.com\/?product=sorel-damen-newbie-kurzschaft-schlupfstiefel","url":"https:\/\/bekleidungscenter.com\/?product=sorel-damen-newbie-kurzschaft-schlupfstiefel","name":"Sorel Damen Newbie Kurzschaft Schlupfstiefel - FamilienMode","isPartOf":{"@id":"https:\/\/bekleidungscenter.com\/#website"},"datePublished":"2021-01-04T09:12:01+00:00","dateModified":"2023-04-09T22:56:46+00:00","breadcrumb":{"@id":"https:\/\/bekleidungscenter.com\/?product=sorel-damen-newbie-kurzschaft-schlupfstiefel#breadcrumb"},"inLanguage":"de","potentialAction":[{"@type":"ReadAction","target":["https:\/\/bekleidungscenter.com\/?product=sorel-damen-newbie-kurzschaft-schlupfstiefel"]}]},{"@type":"BreadcrumbList","@id":"https:\/\/bekleidungscenter.com\/?product=sorel-damen-newbie-kurzschaft-schlupfstiefel#breadcrumb","itemListElement":[{"@type":"ListItem","position":1,"name":"Home","item":"https:\/\/bekleidungscenter.com\/"},{"@type":"ListItem","position":2,"name":"Shop","item":"https:\/\/bekleidungscenter.com\/?page_id=7"},{"@type":"ListItem","position":3,"name":"Sorel Damen Newbie Kurzschaft Schlupfstiefel"}]},{"@type":"WebSite","@id":"https:\/\/bekleidungscenter.com\/#website","url":"https:\/\/bekleidungscenter.com\/","name":"FamilienMode","description":"Alles f\u00fcr die ganze Familie","potentialAction":[{"@type":"SearchAction","target":{"@type":"EntryPoint","urlTemplate":"https:\/\/bekleidungscenter.com\/?s={search_term_string}"},"query-input":"required name=search_term_string"}],"inLanguage":"de"}]}},"_links":{"self":[{"href":"https:\/\/bekleidungscenter.com\/index.php?rest_route=\/wp\/v2\/product\/15199"}],"collection":[{"href":"https:\/\/bekleidungscenter.com\/index.php?rest_route=\/wp\/v2\/product"}],"about":[{"href":"https:\/\/bekleidungscenter.com\/index.php?rest_route=\/wp\/v2\/types\/product"}],"replies":[{"embeddable":true,"href":"https:\/\/bekleidungscenter.com\/index.php?rest_route=%2Fwp%2Fv2%2Fcomments&post=15199"}],"wp:featuredmedia":[{"embeddable":true,"href":"https:\/\/bekleidungscenter.com\/index.php?rest_route=\/wp\/v2\/media\/15201"}],"wp:attachment":[{"href":"https:\/\/bekleidungscenter.com\/index.php?rest_route=%2Fwp%2Fv2%2Fmedia&parent=15199"}],"wp:term":[{"taxonomy":"product_cat","embeddable":true,"href":"https:\/\/bekleidungscenter.com\/index.php?rest_route=%2Fwp%2Fv2%2Fproduct_cat&post=15199"},{"taxonomy":"product_tag","embeddable":true,"href":"https:\/\/bekleidungscenter.com\/index.php?rest_route=%2Fwp%2Fv2%2Fproduct_tag&post=15199"}],"curies":[{"name":"wp","href":"https:\/\/api.w.org\/{rel}","templated":true}]}}