{"id":15229,"date":"2021-01-04T09:12:13","date_gmt":"2021-01-04T09:12:13","guid":{"rendered":"http:\/\/bekleidungscenter.com\/?product=andrea-conti-damen-0346833-biker-boots"},"modified":"2023-04-09T22:56:47","modified_gmt":"2023-04-09T22:56:47","slug":"andrea-conti-damen-0346833-biker-boots","status":"publish","type":"product","link":"https:\/\/bekleidungscenter.com\/?product=andrea-conti-damen-0346833-biker-boots","title":{"rendered":"Andrea Conti Damen 0346833 Stiefelette"},"content":{"rendered":"<p><!-- show up to 2 reviews by default --> <\/p>\n<p>Andrea Conti \u2013 Diversit\u00e4t einer Marke. Die damen-schuhe von der Marke Andrea Conti steht vor allem f\u00fcr Diversit\u00e4t und das zeigt sich au\u00dferordentlich in den unterschiedlichen schuhmodellen. Von Pumps, Sandaletten und Sandalen zu Slingbacks, Stiefeletten wie Chelsea Boots oder ankle Boots, Stiefel, keile oder Bekannt als Wedges genannt, es gibt eine gro\u00dfe Bandbreite was Andrea Conti bietet. Egal ob peeptoe-s, Western Boots, Schn\u00fcrschuhe, Clogs, Schn\u00fcrhalbschuhe oder sneaker-s mit herausnehmbarer Innensohle, Bekannt als Slipper, Mokassins, flache ballerinen sowie Espadrilles finden sich im Sortiment der neuen bzw. Aktuellen Kollektion. Hingegen Bekannt als bei den Abs\u00e4tzen gibt es eine unz\u00e4hlige Diversit\u00e4t: von 2 cm, 3cm, 4 cm, 5 cm, 6 cm, 7 cm oder von flach bis zum high heel, vom wegde bzw. Keilabsatz. Bekannt als Styles mit Blockabsatz, Trichterabsatz, stiletto oder einem Pfennigabsatz finden sich in der Kollektion. Ein Westernabsatz oder Bekannt als Kitten-Heel darf w\u00e4hrend nat\u00fcrlich Bekannt als nicht fehlen. Andrea Conti steht Hingegen noch f\u00fcr reichhaltig reichhaltig mehr! Und nichtsdestotrotz au\u00dferordentlich f\u00fcr Farben: beige, alkoholisiert, braun, elfenbein, gelb, gold, grau, gr\u00fcn, rosa, mehrfarbig, orange, pink, rot, schwarz, silber, t\u00fcrkis, violett, mint, rosa, bordo oder weiss. Bekannt als gestalterisch lassen sich die Designer sowohl in Richtung Modegrad und Komfort einiges einfallen. Neben Glitzer, Strass und Schnallen f\u00fcr die f\u00fcr anlasse wie Hochzeit | Party | Events | oder zur Abendgarderobe kommen Bekannt als Stickereien, Perlen, Spitze oder Perforationen zum Einsatz. Fransen, Zierb\u00e4nder sowie Nieten und abriebfeste Gummisohlen Hingegen Bekannt als Stiefeletten mit Textabschnitt und Plateau. Selbst der Komfort kommt nicht zu kurz. Aufgrund der Verwendung von einer Schn\u00fcrung sind schn\u00fcr-stiefeletten und Schneestiefel gut regulierbar. Ebenfalls die Verwendung von Elastik, verstellbare Riemchen oder Klettverschluss versteifen zum Tragekomfort bei. Butter-weiche Leder, hochwertige Materialien sowie eine perfekte Passform bei allen schuhformen: von spitz bis rund. <\/p>\n<p>Obermaterial: Leder<br \/>\nInnenmaterial: Textil<br \/>\nSohle: Synthetik<br \/>\nVerschluss: Rei\u00dfverschluss<br \/>\nAbsatzform: Flach<br \/>\nSchaftweite: Verstellbar<br \/>\nSchuhweite: Normal<br \/>\n<div class=\"main-cross-sell\" data-asin=\"B07NSGZ5KR\">\n\n\t<div class=\"WooZone-cross-sell-loader\">\n\t\t<div>\n\t\t\t<div id=\"floatingBarsG\">\n\t\t\t\t<div class=\"blockG\" id=\"rotateG_01\"><\/div>\n\t\t\t\t<div class=\"blockG\" id=\"rotateG_02\"><\/div>\n\t\t\t\t<div class=\"blockG\" id=\"rotateG_03\"><\/div>\n\t\t\t\t<div class=\"blockG\" id=\"rotateG_04\"><\/div>\n\t\t\t\t<div class=\"blockG\" id=\"rotateG_05\"><\/div>\n\t\t\t\t<div class=\"blockG\" id=\"rotateG_06\"><\/div>\n\t\t\t\t<div class=\"blockG\" id=\"rotateG_07\"><\/div>\n\t\t\t\t<div class=\"blockG\" id=\"rotateG_08\"><\/div>\n\t\t\t<\/div>\n\t\t\t<div class=\"WooZone-cross-sell-loader-text\"><\/div>\n\t\t<\/div>\n\t<\/div>\n\n\t\t\n<\/div>\n<div style=\"clear:both;\"><\/div><\/p>\n","protected":false},"excerpt":{"rendered":"<p>Obermaterial: Leder<br \/>\nInnenmaterial: Textil<br \/>\nSohle: Synthetik<\/p>\n","protected":false},"featured_media":15230,"comment_status":"open","ping_status":"closed","template":"","meta":[],"product_cat":[127,145],"product_tag":[],"yoast_head":"<!-- This site is optimized with the Yoast SEO plugin v20.6 - https:\/\/yoast.com\/wordpress\/plugins\/seo\/ -->\n<title>Andrea Conti Damen 0346833 Stiefelette - FamilienMode<\/title>\n<meta name=\"robots\" content=\"index, follow, max-snippet:-1, max-image-preview:large, max-video-preview:-1\" \/>\n<link rel=\"canonical\" href=\"https:\/\/bekleidungscenter.com\/?product=andrea-conti-damen-0346833-biker-boots\" \/>\n<meta property=\"og:locale\" content=\"de_DE\" \/>\n<meta property=\"og:type\" content=\"article\" \/>\n<meta property=\"og:title\" content=\"Andrea Conti Damen 0346833 Stiefelette - FamilienMode\" \/>\n<meta property=\"og:description\" content=\"Obermaterial: Leder Innenmaterial: Textil Sohle: Synthetik\" \/>\n<meta property=\"og:url\" content=\"https:\/\/bekleidungscenter.com\/?product=andrea-conti-damen-0346833-biker-boots\" \/>\n<meta property=\"og:site_name\" content=\"FamilienMode\" \/>\n<meta property=\"article:modified_time\" content=\"2023-04-09T22:56:47+00:00\" \/>\n<meta property=\"og:image\" content=\"https:\/\/images-na.ssl-images-amazon.com\/images\/I\/51v9iz-Z0PL.jpg\" \/>\n\t<meta property=\"og:image:width\" content=\"500\" \/>\n\t<meta property=\"og:image:height\" content=\"500\" \/>\n\t<meta property=\"og:image:type\" content=\"image\/jpeg\" \/>\n<meta name=\"twitter:card\" content=\"summary_large_image\" \/>\n<meta name=\"twitter:label1\" content=\"Gesch\u00e4tzte Lesezeit\" \/>\n\t<meta name=\"twitter:data1\" content=\"2\u00a0Minuten\" \/>\n<script type=\"application\/ld+json\" class=\"yoast-schema-graph\">{\"@context\":\"https:\/\/schema.org\",\"@graph\":[{\"@type\":\"WebPage\",\"@id\":\"https:\/\/bekleidungscenter.com\/?product=andrea-conti-damen-0346833-biker-boots\",\"url\":\"https:\/\/bekleidungscenter.com\/?product=andrea-conti-damen-0346833-biker-boots\",\"name\":\"Andrea Conti Damen 0346833 Stiefelette - FamilienMode\",\"isPartOf\":{\"@id\":\"https:\/\/bekleidungscenter.com\/#website\"},\"datePublished\":\"2021-01-04T09:12:13+00:00\",\"dateModified\":\"2023-04-09T22:56:47+00:00\",\"breadcrumb\":{\"@id\":\"https:\/\/bekleidungscenter.com\/?product=andrea-conti-damen-0346833-biker-boots#breadcrumb\"},\"inLanguage\":\"de\",\"potentialAction\":[{\"@type\":\"ReadAction\",\"target\":[\"https:\/\/bekleidungscenter.com\/?product=andrea-conti-damen-0346833-biker-boots\"]}]},{\"@type\":\"BreadcrumbList\",\"@id\":\"https:\/\/bekleidungscenter.com\/?product=andrea-conti-damen-0346833-biker-boots#breadcrumb\",\"itemListElement\":[{\"@type\":\"ListItem\",\"position\":1,\"name\":\"Home\",\"item\":\"https:\/\/bekleidungscenter.com\/\"},{\"@type\":\"ListItem\",\"position\":2,\"name\":\"Shop\",\"item\":\"https:\/\/bekleidungscenter.com\/?page_id=7\"},{\"@type\":\"ListItem\",\"position\":3,\"name\":\"Andrea Conti Damen 0346833 Stiefelette\"}]},{\"@type\":\"WebSite\",\"@id\":\"https:\/\/bekleidungscenter.com\/#website\",\"url\":\"https:\/\/bekleidungscenter.com\/\",\"name\":\"FamilienMode\",\"description\":\"Alles f\u00fcr die ganze Familie\",\"potentialAction\":[{\"@type\":\"SearchAction\",\"target\":{\"@type\":\"EntryPoint\",\"urlTemplate\":\"https:\/\/bekleidungscenter.com\/?s={search_term_string}\"},\"query-input\":\"required name=search_term_string\"}],\"inLanguage\":\"de\"}]}<\/script>\n<!-- \/ Yoast SEO plugin. -->","yoast_head_json":{"title":"Andrea Conti Damen 0346833 Stiefelette - FamilienMode","robots":{"index":"index","follow":"follow","max-snippet":"max-snippet:-1","max-image-preview":"max-image-preview:large","max-video-preview":"max-video-preview:-1"},"canonical":"https:\/\/bekleidungscenter.com\/?product=andrea-conti-damen-0346833-biker-boots","og_locale":"de_DE","og_type":"article","og_title":"Andrea Conti Damen 0346833 Stiefelette - FamilienMode","og_description":"Obermaterial: Leder Innenmaterial: Textil Sohle: Synthetik","og_url":"https:\/\/bekleidungscenter.com\/?product=andrea-conti-damen-0346833-biker-boots","og_site_name":"FamilienMode","article_modified_time":"2023-04-09T22:56:47+00:00","og_image":[{"width":500,"height":500,"url":"https:\/\/images-na.ssl-images-amazon.com\/images\/I\/51v9iz-Z0PL.jpg","type":"image\/jpeg"}],"twitter_card":"summary_large_image","twitter_misc":{"Gesch\u00e4tzte Lesezeit":"2\u00a0Minuten"},"schema":{"@context":"https:\/\/schema.org","@graph":[{"@type":"WebPage","@id":"https:\/\/bekleidungscenter.com\/?product=andrea-conti-damen-0346833-biker-boots","url":"https:\/\/bekleidungscenter.com\/?product=andrea-conti-damen-0346833-biker-boots","name":"Andrea Conti Damen 0346833 Stiefelette - FamilienMode","isPartOf":{"@id":"https:\/\/bekleidungscenter.com\/#website"},"datePublished":"2021-01-04T09:12:13+00:00","dateModified":"2023-04-09T22:56:47+00:00","breadcrumb":{"@id":"https:\/\/bekleidungscenter.com\/?product=andrea-conti-damen-0346833-biker-boots#breadcrumb"},"inLanguage":"de","potentialAction":[{"@type":"ReadAction","target":["https:\/\/bekleidungscenter.com\/?product=andrea-conti-damen-0346833-biker-boots"]}]},{"@type":"BreadcrumbList","@id":"https:\/\/bekleidungscenter.com\/?product=andrea-conti-damen-0346833-biker-boots#breadcrumb","itemListElement":[{"@type":"ListItem","position":1,"name":"Home","item":"https:\/\/bekleidungscenter.com\/"},{"@type":"ListItem","position":2,"name":"Shop","item":"https:\/\/bekleidungscenter.com\/?page_id=7"},{"@type":"ListItem","position":3,"name":"Andrea Conti Damen 0346833 Stiefelette"}]},{"@type":"WebSite","@id":"https:\/\/bekleidungscenter.com\/#website","url":"https:\/\/bekleidungscenter.com\/","name":"FamilienMode","description":"Alles f\u00fcr die ganze Familie","potentialAction":[{"@type":"SearchAction","target":{"@type":"EntryPoint","urlTemplate":"https:\/\/bekleidungscenter.com\/?s={search_term_string}"},"query-input":"required name=search_term_string"}],"inLanguage":"de"}]}},"_links":{"self":[{"href":"https:\/\/bekleidungscenter.com\/index.php?rest_route=\/wp\/v2\/product\/15229"}],"collection":[{"href":"https:\/\/bekleidungscenter.com\/index.php?rest_route=\/wp\/v2\/product"}],"about":[{"href":"https:\/\/bekleidungscenter.com\/index.php?rest_route=\/wp\/v2\/types\/product"}],"replies":[{"embeddable":true,"href":"https:\/\/bekleidungscenter.com\/index.php?rest_route=%2Fwp%2Fv2%2Fcomments&post=15229"}],"wp:featuredmedia":[{"embeddable":true,"href":"https:\/\/bekleidungscenter.com\/index.php?rest_route=\/wp\/v2\/media\/15230"}],"wp:attachment":[{"href":"https:\/\/bekleidungscenter.com\/index.php?rest_route=%2Fwp%2Fv2%2Fmedia&parent=15229"}],"wp:term":[{"taxonomy":"product_cat","embeddable":true,"href":"https:\/\/bekleidungscenter.com\/index.php?rest_route=%2Fwp%2Fv2%2Fproduct_cat&post=15229"},{"taxonomy":"product_tag","embeddable":true,"href":"https:\/\/bekleidungscenter.com\/index.php?rest_route=%2Fwp%2Fv2%2Fproduct_tag&post=15229"}],"curies":[{"name":"wp","href":"https:\/\/api.w.org\/{rel}","templated":true}]}}