{"id":15286,"date":"2021-01-04T09:15:36","date_gmt":"2021-01-04T09:15:36","guid":{"rendered":"http:\/\/bekleidungscenter.com\/?product=remonte-damen-r7570-stiefelette"},"modified":"2023-04-09T22:56:48","modified_gmt":"2023-04-09T22:56:48","slug":"remonte-damen-r7570-stiefelette","status":"publish","type":"product","link":"https:\/\/bekleidungscenter.com\/?product=remonte-damen-r7570-stiefelette","title":{"rendered":"Remonte Damen R7570 Stiefelette"},"content":{"rendered":"<p><!-- show up to 2 reviews by default --> <\/p>\n<p><b>Remonte Damen Stiefeletten R7570, Frauen Schn\u00fcrstiefelette,Stiefel,Kurzstiefel,Schn\u00fcr-Boot,Rei\u00dfverschluss<\/b><\/p>\n<p>Remonte steht f\u00fcr modernes und junges Design zu einem ausgezeichneten Zins-Leistungs-Fremdgehen &#8211; und das ohne in punkto Qualit\u00e4t seine handwerkliche, \u00fcber 100-j\u00e4hrige Tradition ganz den Augen zu lassen: Ein angenehmes Ge(h)f\u00fchl ist f\u00fcr Remonte neben dem coolen modischen Look ein Muss. Damit das Laufen mit Haut und Haaren Spa\u00df macht und auf gar keinen Sturz M\u00fcdigkeit an den F\u00fc\u00dfen aufkommt, sind jeder Remonte Schuhe mit einem technisch ausgekl\u00fcgelten Innenleben ausgestattet: Leichte, flexible Sohlen und auswechselbare Fu\u00dfbetten (bei ausgew\u00e4hlten Modellen) mit schockabsorbierenden Eigenschaften garantieren entspanntes Laufen. Fashion meets Quality!<\/p>\n<p>Die roten Stiefeletten von Remonte sind ein modischer Blickfang. Das florale Muster erzeugt einen femininen, herbstlichen Look. Die smarte Kombination ganz Rei\u00dfverschluss und Schn\u00fcrung erm\u00f6glicht dir individuelle Spielart. Die besondere Sohle sichert dir Rutschfestigkeit und Minderung auf Unvollendetes und Tritt. Komfortweite G schafft den ganzen Tag ein angenehmes Tragegef\u00fchl.<\/p>\n<\/p>\n<p><b>Die Stiefeletten zeichnen sich durch folgende Merkmale ganz:<\/b><\/p>\n<ul>\n<li>Modell: R7570, Verband: Damenschuhe<\/li>\n<li>Obermaterial: Glattleder, Innenmaterial: Samtvelour-Futter, Laufsohle: TR-Sohle, Decksohle: Samtvelour<\/li>\n<li>Absatztyp: Trichterabsatz, Absatzh\u00f6he: 4 cm, Schafttyp: Halbschaft, Schafth\u00f6he: 12 cm<\/li>\n<li>Weite: Normal (G), Verschluss: Rei\u00dfverschluss\/Schn\u00fcrung, Machart: Ago\/Anflechter<\/li>\n<li>Wechselfu\u00dfbett, herausnehmbare Innensohle, lose Decksohle<\/li>\n<\/ul>\n<p>Obermaterial: Glattleder<br \/>\nInnenmaterial: Synthetik<br \/>\nSohle: Synthetik<br \/>\nVerschluss: Rei\u00dfverschluss<br \/>\nAbsatzh\u00f6he: 4 cm<br \/>\nAbsatzform: Trichterabsatz<br \/>\nSchaftweite: Normal<br \/>\nSchuhweite: Normal<br \/>\nNicht wasserdicht<br \/>\n<div class=\"main-cross-sell\" data-asin=\"B07CN6MN8M\">\n\n\t<div class=\"WooZone-cross-sell-loader\">\n\t\t<div>\n\t\t\t<div id=\"floatingBarsG\">\n\t\t\t\t<div class=\"blockG\" id=\"rotateG_01\"><\/div>\n\t\t\t\t<div class=\"blockG\" id=\"rotateG_02\"><\/div>\n\t\t\t\t<div class=\"blockG\" id=\"rotateG_03\"><\/div>\n\t\t\t\t<div class=\"blockG\" id=\"rotateG_04\"><\/div>\n\t\t\t\t<div class=\"blockG\" id=\"rotateG_05\"><\/div>\n\t\t\t\t<div class=\"blockG\" id=\"rotateG_06\"><\/div>\n\t\t\t\t<div class=\"blockG\" id=\"rotateG_07\"><\/div>\n\t\t\t\t<div class=\"blockG\" id=\"rotateG_08\"><\/div>\n\t\t\t<\/div>\n\t\t\t<div class=\"WooZone-cross-sell-loader-text\"><\/div>\n\t\t<\/div>\n\t<\/div>\n\n\t\t\n<\/div>\n<div style=\"clear:both;\"><\/div><\/p>\n","protected":false},"excerpt":{"rendered":"<p>Obermaterial: Glattleder<br \/>\nInnenmaterial: Synthetik<br \/>\nSohle: Synthetik<\/p>\n","protected":false},"featured_media":15287,"comment_status":"open","ping_status":"closed","template":"","meta":[],"product_cat":[127,145],"product_tag":[],"yoast_head":"<!-- This site is optimized with the Yoast SEO plugin v20.6 - https:\/\/yoast.com\/wordpress\/plugins\/seo\/ -->\n<title>Remonte Damen R7570 Stiefelette - FamilienMode<\/title>\n<meta name=\"robots\" content=\"index, follow, max-snippet:-1, max-image-preview:large, max-video-preview:-1\" \/>\n<link rel=\"canonical\" href=\"https:\/\/bekleidungscenter.com\/?product=remonte-damen-r7570-stiefelette\" \/>\n<meta property=\"og:locale\" content=\"de_DE\" \/>\n<meta property=\"og:type\" content=\"article\" \/>\n<meta property=\"og:title\" content=\"Remonte Damen R7570 Stiefelette - FamilienMode\" \/>\n<meta property=\"og:description\" content=\"Obermaterial: Glattleder Innenmaterial: Synthetik Sohle: Synthetik\" \/>\n<meta property=\"og:url\" content=\"https:\/\/bekleidungscenter.com\/?product=remonte-damen-r7570-stiefelette\" \/>\n<meta property=\"og:site_name\" content=\"FamilienMode\" \/>\n<meta property=\"article:modified_time\" content=\"2023-04-09T22:56:48+00:00\" \/>\n<meta property=\"og:image\" content=\"https:\/\/images-na.ssl-images-amazon.com\/images\/I\/411VVkksy%2BL.jpg\" \/>\n\t<meta property=\"og:image:width\" content=\"500\" \/>\n\t<meta property=\"og:image:height\" content=\"500\" \/>\n\t<meta property=\"og:image:type\" content=\"image\/jpeg\" \/>\n<meta name=\"twitter:card\" content=\"summary_large_image\" \/>\n<meta name=\"twitter:label1\" content=\"Gesch\u00e4tzte Lesezeit\" \/>\n\t<meta name=\"twitter:data1\" content=\"1\u00a0Minute\" \/>\n<script type=\"application\/ld+json\" class=\"yoast-schema-graph\">{\"@context\":\"https:\/\/schema.org\",\"@graph\":[{\"@type\":\"WebPage\",\"@id\":\"https:\/\/bekleidungscenter.com\/?product=remonte-damen-r7570-stiefelette\",\"url\":\"https:\/\/bekleidungscenter.com\/?product=remonte-damen-r7570-stiefelette\",\"name\":\"Remonte Damen R7570 Stiefelette - FamilienMode\",\"isPartOf\":{\"@id\":\"https:\/\/bekleidungscenter.com\/#website\"},\"datePublished\":\"2021-01-04T09:15:36+00:00\",\"dateModified\":\"2023-04-09T22:56:48+00:00\",\"breadcrumb\":{\"@id\":\"https:\/\/bekleidungscenter.com\/?product=remonte-damen-r7570-stiefelette#breadcrumb\"},\"inLanguage\":\"de\",\"potentialAction\":[{\"@type\":\"ReadAction\",\"target\":[\"https:\/\/bekleidungscenter.com\/?product=remonte-damen-r7570-stiefelette\"]}]},{\"@type\":\"BreadcrumbList\",\"@id\":\"https:\/\/bekleidungscenter.com\/?product=remonte-damen-r7570-stiefelette#breadcrumb\",\"itemListElement\":[{\"@type\":\"ListItem\",\"position\":1,\"name\":\"Home\",\"item\":\"https:\/\/bekleidungscenter.com\/\"},{\"@type\":\"ListItem\",\"position\":2,\"name\":\"Shop\",\"item\":\"https:\/\/bekleidungscenter.com\/?page_id=7\"},{\"@type\":\"ListItem\",\"position\":3,\"name\":\"Remonte Damen R7570 Stiefelette\"}]},{\"@type\":\"WebSite\",\"@id\":\"https:\/\/bekleidungscenter.com\/#website\",\"url\":\"https:\/\/bekleidungscenter.com\/\",\"name\":\"FamilienMode\",\"description\":\"Alles f\u00fcr die ganze Familie\",\"potentialAction\":[{\"@type\":\"SearchAction\",\"target\":{\"@type\":\"EntryPoint\",\"urlTemplate\":\"https:\/\/bekleidungscenter.com\/?s={search_term_string}\"},\"query-input\":\"required name=search_term_string\"}],\"inLanguage\":\"de\"}]}<\/script>\n<!-- \/ Yoast SEO plugin. -->","yoast_head_json":{"title":"Remonte Damen R7570 Stiefelette - FamilienMode","robots":{"index":"index","follow":"follow","max-snippet":"max-snippet:-1","max-image-preview":"max-image-preview:large","max-video-preview":"max-video-preview:-1"},"canonical":"https:\/\/bekleidungscenter.com\/?product=remonte-damen-r7570-stiefelette","og_locale":"de_DE","og_type":"article","og_title":"Remonte Damen R7570 Stiefelette - FamilienMode","og_description":"Obermaterial: Glattleder Innenmaterial: Synthetik Sohle: Synthetik","og_url":"https:\/\/bekleidungscenter.com\/?product=remonte-damen-r7570-stiefelette","og_site_name":"FamilienMode","article_modified_time":"2023-04-09T22:56:48+00:00","og_image":[{"width":500,"height":500,"url":"https:\/\/images-na.ssl-images-amazon.com\/images\/I\/411VVkksy%2BL.jpg","type":"image\/jpeg"}],"twitter_card":"summary_large_image","twitter_misc":{"Gesch\u00e4tzte Lesezeit":"1\u00a0Minute"},"schema":{"@context":"https:\/\/schema.org","@graph":[{"@type":"WebPage","@id":"https:\/\/bekleidungscenter.com\/?product=remonte-damen-r7570-stiefelette","url":"https:\/\/bekleidungscenter.com\/?product=remonte-damen-r7570-stiefelette","name":"Remonte Damen R7570 Stiefelette - FamilienMode","isPartOf":{"@id":"https:\/\/bekleidungscenter.com\/#website"},"datePublished":"2021-01-04T09:15:36+00:00","dateModified":"2023-04-09T22:56:48+00:00","breadcrumb":{"@id":"https:\/\/bekleidungscenter.com\/?product=remonte-damen-r7570-stiefelette#breadcrumb"},"inLanguage":"de","potentialAction":[{"@type":"ReadAction","target":["https:\/\/bekleidungscenter.com\/?product=remonte-damen-r7570-stiefelette"]}]},{"@type":"BreadcrumbList","@id":"https:\/\/bekleidungscenter.com\/?product=remonte-damen-r7570-stiefelette#breadcrumb","itemListElement":[{"@type":"ListItem","position":1,"name":"Home","item":"https:\/\/bekleidungscenter.com\/"},{"@type":"ListItem","position":2,"name":"Shop","item":"https:\/\/bekleidungscenter.com\/?page_id=7"},{"@type":"ListItem","position":3,"name":"Remonte Damen R7570 Stiefelette"}]},{"@type":"WebSite","@id":"https:\/\/bekleidungscenter.com\/#website","url":"https:\/\/bekleidungscenter.com\/","name":"FamilienMode","description":"Alles f\u00fcr die ganze Familie","potentialAction":[{"@type":"SearchAction","target":{"@type":"EntryPoint","urlTemplate":"https:\/\/bekleidungscenter.com\/?s={search_term_string}"},"query-input":"required name=search_term_string"}],"inLanguage":"de"}]}},"_links":{"self":[{"href":"https:\/\/bekleidungscenter.com\/index.php?rest_route=\/wp\/v2\/product\/15286"}],"collection":[{"href":"https:\/\/bekleidungscenter.com\/index.php?rest_route=\/wp\/v2\/product"}],"about":[{"href":"https:\/\/bekleidungscenter.com\/index.php?rest_route=\/wp\/v2\/types\/product"}],"replies":[{"embeddable":true,"href":"https:\/\/bekleidungscenter.com\/index.php?rest_route=%2Fwp%2Fv2%2Fcomments&post=15286"}],"wp:featuredmedia":[{"embeddable":true,"href":"https:\/\/bekleidungscenter.com\/index.php?rest_route=\/wp\/v2\/media\/15287"}],"wp:attachment":[{"href":"https:\/\/bekleidungscenter.com\/index.php?rest_route=%2Fwp%2Fv2%2Fmedia&parent=15286"}],"wp:term":[{"taxonomy":"product_cat","embeddable":true,"href":"https:\/\/bekleidungscenter.com\/index.php?rest_route=%2Fwp%2Fv2%2Fproduct_cat&post=15286"},{"taxonomy":"product_tag","embeddable":true,"href":"https:\/\/bekleidungscenter.com\/index.php?rest_route=%2Fwp%2Fv2%2Fproduct_tag&post=15286"}],"curies":[{"name":"wp","href":"https:\/\/api.w.org\/{rel}","templated":true}]}}