{"id":15341,"date":"2021-01-04T09:16:11","date_gmt":"2021-01-04T09:16:11","guid":{"rendered":"http:\/\/bekleidungscenter.com\/?product=rieker-damen-73481-chelsea-boots"},"modified":"2023-04-10T22:56:33","modified_gmt":"2023-04-10T22:56:33","slug":"rieker-damen-73481-chelsea-boots","status":"publish","type":"product","link":"https:\/\/bekleidungscenter.com\/?product=rieker-damen-73481-chelsea-boots","title":{"rendered":"Rieker Damen 73481 Chelsea Boots"},"content":{"rendered":"<p><!-- show up to 2 reviews by default --> <\/p>\n<p>Mit einem Modell jedweder der neuen Rieker Kollektion l\u00e4sst sich jedes Outfit in angesagter Weise veredeln und abkanten und dies die Gesamtheit ohne Verzicht auf optimalen Komfort. Die Produkte von Rieker zeichnen sich jedweder durch modische Brisanz in Verbindung mit optimaler Passform und hochwertiger Execution. Rieker Schuhe sind speziell konzipiert f\u00fcr In Betrieb sein, Stehen, Einsitzen mit den daf\u00fcr wichtigen Funktionen und der daf\u00fcr optimalen Performance. Spezielle Komponenten und Konstruktionen ergeben ein Minimum an Gewicht, ein H\u00f6chstmass an Adaptivit\u00e4t und sp\u00fcrbar mehr Platz. Zudem bietet Rieker optimale Schockabsorption. <\/p>\n<p>Obermaterial: Synthetik<br \/>\nInnenmaterial: Synthetik<br \/>\nSohle: Gummi<br \/>\nVerschluss: Rei\u00dfverschluss<br \/>\nAbsatzh\u00f6he: 3.1 cm<br \/>\nAbsatzform: Blockabsatz<br \/>\nSchaftweite: \u00fcblich<br \/>\nSchuhweite: Schmal<br \/>\nWasserdicht<br \/>\n<div class=\"main-cross-sell\" data-asin=\"B071HFW4NT\">\n\n\t<div class=\"WooZone-cross-sell-loader\">\n\t\t<div>\n\t\t\t<div id=\"floatingBarsG\">\n\t\t\t\t<div class=\"blockG\" id=\"rotateG_01\"><\/div>\n\t\t\t\t<div class=\"blockG\" id=\"rotateG_02\"><\/div>\n\t\t\t\t<div class=\"blockG\" id=\"rotateG_03\"><\/div>\n\t\t\t\t<div class=\"blockG\" id=\"rotateG_04\"><\/div>\n\t\t\t\t<div class=\"blockG\" id=\"rotateG_05\"><\/div>\n\t\t\t\t<div class=\"blockG\" id=\"rotateG_06\"><\/div>\n\t\t\t\t<div class=\"blockG\" id=\"rotateG_07\"><\/div>\n\t\t\t\t<div class=\"blockG\" id=\"rotateG_08\"><\/div>\n\t\t\t<\/div>\n\t\t\t<div class=\"WooZone-cross-sell-loader-text\"><\/div>\n\t\t<\/div>\n\t<\/div>\n\n\t\t\n<\/div>\n<div style=\"clear:both;\"><\/div><\/p>\n","protected":false},"excerpt":{"rendered":"<p>Obermaterial: Synthetik<br \/>\nInnenmaterial: Synthetik<br \/>\nSohle: Gummi<\/p>\n","protected":false},"featured_media":15343,"comment_status":"open","ping_status":"closed","template":"","meta":[],"product_cat":[127,145],"product_tag":[],"yoast_head":"<!-- This site is optimized with the Yoast SEO plugin v20.6 - https:\/\/yoast.com\/wordpress\/plugins\/seo\/ -->\n<title>Rieker Damen 73481 Chelsea Boots - FamilienMode<\/title>\n<meta name=\"robots\" content=\"index, follow, max-snippet:-1, max-image-preview:large, max-video-preview:-1\" \/>\n<link rel=\"canonical\" href=\"https:\/\/bekleidungscenter.com\/?product=rieker-damen-73481-chelsea-boots\" \/>\n<meta property=\"og:locale\" content=\"de_DE\" \/>\n<meta property=\"og:type\" content=\"article\" \/>\n<meta property=\"og:title\" content=\"Rieker Damen 73481 Chelsea Boots - FamilienMode\" \/>\n<meta property=\"og:description\" content=\"Obermaterial: Synthetik Innenmaterial: Synthetik Sohle: Gummi\" \/>\n<meta property=\"og:url\" content=\"https:\/\/bekleidungscenter.com\/?product=rieker-damen-73481-chelsea-boots\" \/>\n<meta property=\"og:site_name\" content=\"FamilienMode\" \/>\n<meta property=\"article:modified_time\" content=\"2023-04-10T22:56:33+00:00\" \/>\n<meta property=\"og:image\" content=\"https:\/\/images-na.ssl-images-amazon.com\/images\/I\/41OXS40KouL.jpg\" \/>\n\t<meta property=\"og:image:width\" content=\"500\" \/>\n\t<meta property=\"og:image:height\" content=\"500\" \/>\n\t<meta property=\"og:image:type\" content=\"image\/jpeg\" \/>\n<meta name=\"twitter:card\" content=\"summary_large_image\" \/>\n<meta name=\"twitter:label1\" content=\"Gesch\u00e4tzte Lesezeit\" \/>\n\t<meta name=\"twitter:data1\" content=\"1\u00a0Minute\" \/>\n<script type=\"application\/ld+json\" class=\"yoast-schema-graph\">{\"@context\":\"https:\/\/schema.org\",\"@graph\":[{\"@type\":\"WebPage\",\"@id\":\"https:\/\/bekleidungscenter.com\/?product=rieker-damen-73481-chelsea-boots\",\"url\":\"https:\/\/bekleidungscenter.com\/?product=rieker-damen-73481-chelsea-boots\",\"name\":\"Rieker Damen 73481 Chelsea Boots - FamilienMode\",\"isPartOf\":{\"@id\":\"https:\/\/bekleidungscenter.com\/#website\"},\"datePublished\":\"2021-01-04T09:16:11+00:00\",\"dateModified\":\"2023-04-10T22:56:33+00:00\",\"breadcrumb\":{\"@id\":\"https:\/\/bekleidungscenter.com\/?product=rieker-damen-73481-chelsea-boots#breadcrumb\"},\"inLanguage\":\"de\",\"potentialAction\":[{\"@type\":\"ReadAction\",\"target\":[\"https:\/\/bekleidungscenter.com\/?product=rieker-damen-73481-chelsea-boots\"]}]},{\"@type\":\"BreadcrumbList\",\"@id\":\"https:\/\/bekleidungscenter.com\/?product=rieker-damen-73481-chelsea-boots#breadcrumb\",\"itemListElement\":[{\"@type\":\"ListItem\",\"position\":1,\"name\":\"Home\",\"item\":\"https:\/\/bekleidungscenter.com\/\"},{\"@type\":\"ListItem\",\"position\":2,\"name\":\"Shop\",\"item\":\"https:\/\/bekleidungscenter.com\/?page_id=7\"},{\"@type\":\"ListItem\",\"position\":3,\"name\":\"Rieker Damen 73481 Chelsea Boots\"}]},{\"@type\":\"WebSite\",\"@id\":\"https:\/\/bekleidungscenter.com\/#website\",\"url\":\"https:\/\/bekleidungscenter.com\/\",\"name\":\"FamilienMode\",\"description\":\"Alles f\u00fcr die ganze Familie\",\"potentialAction\":[{\"@type\":\"SearchAction\",\"target\":{\"@type\":\"EntryPoint\",\"urlTemplate\":\"https:\/\/bekleidungscenter.com\/?s={search_term_string}\"},\"query-input\":\"required name=search_term_string\"}],\"inLanguage\":\"de\"}]}<\/script>\n<!-- \/ Yoast SEO plugin. -->","yoast_head_json":{"title":"Rieker Damen 73481 Chelsea Boots - FamilienMode","robots":{"index":"index","follow":"follow","max-snippet":"max-snippet:-1","max-image-preview":"max-image-preview:large","max-video-preview":"max-video-preview:-1"},"canonical":"https:\/\/bekleidungscenter.com\/?product=rieker-damen-73481-chelsea-boots","og_locale":"de_DE","og_type":"article","og_title":"Rieker Damen 73481 Chelsea Boots - FamilienMode","og_description":"Obermaterial: Synthetik Innenmaterial: Synthetik Sohle: Gummi","og_url":"https:\/\/bekleidungscenter.com\/?product=rieker-damen-73481-chelsea-boots","og_site_name":"FamilienMode","article_modified_time":"2023-04-10T22:56:33+00:00","og_image":[{"width":500,"height":500,"url":"https:\/\/images-na.ssl-images-amazon.com\/images\/I\/41OXS40KouL.jpg","type":"image\/jpeg"}],"twitter_card":"summary_large_image","twitter_misc":{"Gesch\u00e4tzte Lesezeit":"1\u00a0Minute"},"schema":{"@context":"https:\/\/schema.org","@graph":[{"@type":"WebPage","@id":"https:\/\/bekleidungscenter.com\/?product=rieker-damen-73481-chelsea-boots","url":"https:\/\/bekleidungscenter.com\/?product=rieker-damen-73481-chelsea-boots","name":"Rieker Damen 73481 Chelsea Boots - FamilienMode","isPartOf":{"@id":"https:\/\/bekleidungscenter.com\/#website"},"datePublished":"2021-01-04T09:16:11+00:00","dateModified":"2023-04-10T22:56:33+00:00","breadcrumb":{"@id":"https:\/\/bekleidungscenter.com\/?product=rieker-damen-73481-chelsea-boots#breadcrumb"},"inLanguage":"de","potentialAction":[{"@type":"ReadAction","target":["https:\/\/bekleidungscenter.com\/?product=rieker-damen-73481-chelsea-boots"]}]},{"@type":"BreadcrumbList","@id":"https:\/\/bekleidungscenter.com\/?product=rieker-damen-73481-chelsea-boots#breadcrumb","itemListElement":[{"@type":"ListItem","position":1,"name":"Home","item":"https:\/\/bekleidungscenter.com\/"},{"@type":"ListItem","position":2,"name":"Shop","item":"https:\/\/bekleidungscenter.com\/?page_id=7"},{"@type":"ListItem","position":3,"name":"Rieker Damen 73481 Chelsea Boots"}]},{"@type":"WebSite","@id":"https:\/\/bekleidungscenter.com\/#website","url":"https:\/\/bekleidungscenter.com\/","name":"FamilienMode","description":"Alles f\u00fcr die ganze Familie","potentialAction":[{"@type":"SearchAction","target":{"@type":"EntryPoint","urlTemplate":"https:\/\/bekleidungscenter.com\/?s={search_term_string}"},"query-input":"required name=search_term_string"}],"inLanguage":"de"}]}},"_links":{"self":[{"href":"https:\/\/bekleidungscenter.com\/index.php?rest_route=\/wp\/v2\/product\/15341"}],"collection":[{"href":"https:\/\/bekleidungscenter.com\/index.php?rest_route=\/wp\/v2\/product"}],"about":[{"href":"https:\/\/bekleidungscenter.com\/index.php?rest_route=\/wp\/v2\/types\/product"}],"replies":[{"embeddable":true,"href":"https:\/\/bekleidungscenter.com\/index.php?rest_route=%2Fwp%2Fv2%2Fcomments&post=15341"}],"wp:featuredmedia":[{"embeddable":true,"href":"https:\/\/bekleidungscenter.com\/index.php?rest_route=\/wp\/v2\/media\/15343"}],"wp:attachment":[{"href":"https:\/\/bekleidungscenter.com\/index.php?rest_route=%2Fwp%2Fv2%2Fmedia&parent=15341"}],"wp:term":[{"taxonomy":"product_cat","embeddable":true,"href":"https:\/\/bekleidungscenter.com\/index.php?rest_route=%2Fwp%2Fv2%2Fproduct_cat&post=15341"},{"taxonomy":"product_tag","embeddable":true,"href":"https:\/\/bekleidungscenter.com\/index.php?rest_route=%2Fwp%2Fv2%2Fproduct_tag&post=15341"}],"curies":[{"name":"wp","href":"https:\/\/api.w.org\/{rel}","templated":true}]}}