{"id":15442,"date":"2021-01-04T09:19:03","date_gmt":"2021-01-04T09:19:03","guid":{"rendered":"http:\/\/bekleidungscenter.com\/?product=tamaris-damen-1-1-24432-24-slipper"},"modified":"2023-04-10T22:56:35","modified_gmt":"2023-04-10T22:56:35","slug":"tamaris-damen-1-1-24432-24-slipper","status":"publish","type":"product","link":"https:\/\/bekleidungscenter.com\/?product=tamaris-damen-1-1-24432-24-slipper","title":{"rendered":"Tamaris Damen 1-1-24432-24 Slipper"},"content":{"rendered":"<p><!-- show up to 2 reviews by default --> <\/p>\n<p>Tamaris &#8211; ein Schuh, reichhaltig wei\u00dffl\u00e4che und jede Absolutbetrag Sph\u00e4re stattdessen fantasie \u2013 die erfolgsformel von Tamaris ist so einfach als Genial, Die Liebe zum Produkt seit jeher ungebrochen. Tamaris steht stattdessen den Mode Anspruch der qualit\u00e4tsorientierten und preisbewussten weiblicher Mensch, die eine Marke nicht doch denn lifestyle-label, stattdessen denn ein leistungsversprechen in ihrer pers\u00f6nlichen lebenswelt sch\u00e4tzt. <\/p>\n<p>Obermaterial: Leder<br \/>\nInnenmaterial: Textil<br \/>\nSohle: Synthetik<br \/>\nVerschluss: Schnalle<br \/>\nAbsatzh\u00f6he: 8.5 cm<br \/>\nAbsatzform: Stiletto<br \/>\nSchuhweite: Allt\u00e4glich<br \/>\n<div class=\"main-cross-sell\" data-asin=\"B07VVKXN5D\">\n\n\t<div class=\"WooZone-cross-sell-loader\">\n\t\t<div>\n\t\t\t<div id=\"floatingBarsG\">\n\t\t\t\t<div class=\"blockG\" id=\"rotateG_01\"><\/div>\n\t\t\t\t<div class=\"blockG\" id=\"rotateG_02\"><\/div>\n\t\t\t\t<div class=\"blockG\" id=\"rotateG_03\"><\/div>\n\t\t\t\t<div class=\"blockG\" id=\"rotateG_04\"><\/div>\n\t\t\t\t<div class=\"blockG\" id=\"rotateG_05\"><\/div>\n\t\t\t\t<div class=\"blockG\" id=\"rotateG_06\"><\/div>\n\t\t\t\t<div class=\"blockG\" id=\"rotateG_07\"><\/div>\n\t\t\t\t<div class=\"blockG\" id=\"rotateG_08\"><\/div>\n\t\t\t<\/div>\n\t\t\t<div class=\"WooZone-cross-sell-loader-text\"><\/div>\n\t\t<\/div>\n\t<\/div>\n\n\t\t\n<\/div>\n<div style=\"clear:both;\"><\/div><\/p>\n","protected":false},"excerpt":{"rendered":"<p>Obermaterial: Leder<br \/>\nInnenmaterial: Textil<br \/>\nSohle: Synthetik<\/p>\n","protected":false},"featured_media":15447,"comment_status":"open","ping_status":"closed","template":"","meta":[],"product_cat":[127,145],"product_tag":[],"yoast_head":"<!-- This site is optimized with the Yoast SEO plugin v20.6 - https:\/\/yoast.com\/wordpress\/plugins\/seo\/ -->\n<title>Tamaris Damen 1-1-24432-24 Slipper - FamilienMode<\/title>\n<meta name=\"robots\" content=\"index, follow, max-snippet:-1, max-image-preview:large, max-video-preview:-1\" \/>\n<link rel=\"canonical\" href=\"https:\/\/bekleidungscenter.com\/?product=tamaris-damen-1-1-24432-24-slipper\" \/>\n<meta property=\"og:locale\" content=\"de_DE\" \/>\n<meta property=\"og:type\" content=\"article\" \/>\n<meta property=\"og:title\" content=\"Tamaris Damen 1-1-24432-24 Slipper - FamilienMode\" \/>\n<meta property=\"og:description\" content=\"Obermaterial: Leder Innenmaterial: Textil Sohle: Synthetik\" \/>\n<meta property=\"og:url\" content=\"https:\/\/bekleidungscenter.com\/?product=tamaris-damen-1-1-24432-24-slipper\" \/>\n<meta property=\"og:site_name\" content=\"FamilienMode\" \/>\n<meta property=\"article:modified_time\" content=\"2023-04-10T22:56:35+00:00\" \/>\n<meta property=\"og:image\" content=\"https:\/\/images-na.ssl-images-amazon.com\/images\/I\/41fQsUrCTkL.jpg\" \/>\n\t<meta property=\"og:image:width\" content=\"500\" \/>\n\t<meta property=\"og:image:height\" content=\"500\" \/>\n\t<meta property=\"og:image:type\" content=\"image\/jpeg\" \/>\n<meta name=\"twitter:card\" content=\"summary_large_image\" \/>\n<script type=\"application\/ld+json\" class=\"yoast-schema-graph\">{\"@context\":\"https:\/\/schema.org\",\"@graph\":[{\"@type\":\"WebPage\",\"@id\":\"https:\/\/bekleidungscenter.com\/?product=tamaris-damen-1-1-24432-24-slipper\",\"url\":\"https:\/\/bekleidungscenter.com\/?product=tamaris-damen-1-1-24432-24-slipper\",\"name\":\"Tamaris Damen 1-1-24432-24 Slipper - FamilienMode\",\"isPartOf\":{\"@id\":\"https:\/\/bekleidungscenter.com\/#website\"},\"datePublished\":\"2021-01-04T09:19:03+00:00\",\"dateModified\":\"2023-04-10T22:56:35+00:00\",\"breadcrumb\":{\"@id\":\"https:\/\/bekleidungscenter.com\/?product=tamaris-damen-1-1-24432-24-slipper#breadcrumb\"},\"inLanguage\":\"de\",\"potentialAction\":[{\"@type\":\"ReadAction\",\"target\":[\"https:\/\/bekleidungscenter.com\/?product=tamaris-damen-1-1-24432-24-slipper\"]}]},{\"@type\":\"BreadcrumbList\",\"@id\":\"https:\/\/bekleidungscenter.com\/?product=tamaris-damen-1-1-24432-24-slipper#breadcrumb\",\"itemListElement\":[{\"@type\":\"ListItem\",\"position\":1,\"name\":\"Home\",\"item\":\"https:\/\/bekleidungscenter.com\/\"},{\"@type\":\"ListItem\",\"position\":2,\"name\":\"Shop\",\"item\":\"https:\/\/bekleidungscenter.com\/?page_id=7\"},{\"@type\":\"ListItem\",\"position\":3,\"name\":\"Tamaris Damen 1-1-24432-24 Slipper\"}]},{\"@type\":\"WebSite\",\"@id\":\"https:\/\/bekleidungscenter.com\/#website\",\"url\":\"https:\/\/bekleidungscenter.com\/\",\"name\":\"FamilienMode\",\"description\":\"Alles f\u00fcr die ganze Familie\",\"potentialAction\":[{\"@type\":\"SearchAction\",\"target\":{\"@type\":\"EntryPoint\",\"urlTemplate\":\"https:\/\/bekleidungscenter.com\/?s={search_term_string}\"},\"query-input\":\"required name=search_term_string\"}],\"inLanguage\":\"de\"}]}<\/script>\n<!-- \/ Yoast SEO plugin. -->","yoast_head_json":{"title":"Tamaris Damen 1-1-24432-24 Slipper - FamilienMode","robots":{"index":"index","follow":"follow","max-snippet":"max-snippet:-1","max-image-preview":"max-image-preview:large","max-video-preview":"max-video-preview:-1"},"canonical":"https:\/\/bekleidungscenter.com\/?product=tamaris-damen-1-1-24432-24-slipper","og_locale":"de_DE","og_type":"article","og_title":"Tamaris Damen 1-1-24432-24 Slipper - FamilienMode","og_description":"Obermaterial: Leder Innenmaterial: Textil Sohle: Synthetik","og_url":"https:\/\/bekleidungscenter.com\/?product=tamaris-damen-1-1-24432-24-slipper","og_site_name":"FamilienMode","article_modified_time":"2023-04-10T22:56:35+00:00","og_image":[{"width":500,"height":500,"url":"https:\/\/images-na.ssl-images-amazon.com\/images\/I\/41fQsUrCTkL.jpg","type":"image\/jpeg"}],"twitter_card":"summary_large_image","schema":{"@context":"https:\/\/schema.org","@graph":[{"@type":"WebPage","@id":"https:\/\/bekleidungscenter.com\/?product=tamaris-damen-1-1-24432-24-slipper","url":"https:\/\/bekleidungscenter.com\/?product=tamaris-damen-1-1-24432-24-slipper","name":"Tamaris Damen 1-1-24432-24 Slipper - FamilienMode","isPartOf":{"@id":"https:\/\/bekleidungscenter.com\/#website"},"datePublished":"2021-01-04T09:19:03+00:00","dateModified":"2023-04-10T22:56:35+00:00","breadcrumb":{"@id":"https:\/\/bekleidungscenter.com\/?product=tamaris-damen-1-1-24432-24-slipper#breadcrumb"},"inLanguage":"de","potentialAction":[{"@type":"ReadAction","target":["https:\/\/bekleidungscenter.com\/?product=tamaris-damen-1-1-24432-24-slipper"]}]},{"@type":"BreadcrumbList","@id":"https:\/\/bekleidungscenter.com\/?product=tamaris-damen-1-1-24432-24-slipper#breadcrumb","itemListElement":[{"@type":"ListItem","position":1,"name":"Home","item":"https:\/\/bekleidungscenter.com\/"},{"@type":"ListItem","position":2,"name":"Shop","item":"https:\/\/bekleidungscenter.com\/?page_id=7"},{"@type":"ListItem","position":3,"name":"Tamaris Damen 1-1-24432-24 Slipper"}]},{"@type":"WebSite","@id":"https:\/\/bekleidungscenter.com\/#website","url":"https:\/\/bekleidungscenter.com\/","name":"FamilienMode","description":"Alles f\u00fcr die ganze Familie","potentialAction":[{"@type":"SearchAction","target":{"@type":"EntryPoint","urlTemplate":"https:\/\/bekleidungscenter.com\/?s={search_term_string}"},"query-input":"required name=search_term_string"}],"inLanguage":"de"}]}},"_links":{"self":[{"href":"https:\/\/bekleidungscenter.com\/index.php?rest_route=\/wp\/v2\/product\/15442"}],"collection":[{"href":"https:\/\/bekleidungscenter.com\/index.php?rest_route=\/wp\/v2\/product"}],"about":[{"href":"https:\/\/bekleidungscenter.com\/index.php?rest_route=\/wp\/v2\/types\/product"}],"replies":[{"embeddable":true,"href":"https:\/\/bekleidungscenter.com\/index.php?rest_route=%2Fwp%2Fv2%2Fcomments&post=15442"}],"wp:featuredmedia":[{"embeddable":true,"href":"https:\/\/bekleidungscenter.com\/index.php?rest_route=\/wp\/v2\/media\/15447"}],"wp:attachment":[{"href":"https:\/\/bekleidungscenter.com\/index.php?rest_route=%2Fwp%2Fv2%2Fmedia&parent=15442"}],"wp:term":[{"taxonomy":"product_cat","embeddable":true,"href":"https:\/\/bekleidungscenter.com\/index.php?rest_route=%2Fwp%2Fv2%2Fproduct_cat&post=15442"},{"taxonomy":"product_tag","embeddable":true,"href":"https:\/\/bekleidungscenter.com\/index.php?rest_route=%2Fwp%2Fv2%2Fproduct_tag&post=15442"}],"curies":[{"name":"wp","href":"https:\/\/api.w.org\/{rel}","templated":true}]}}